{"id":4779,"date":"2025-07-22T17:54:09","date_gmt":"2025-07-22T09:54:09","guid":{"rendered":"https:\/\/theperfumebottles.com\/?post_type=product&#038;p=4779"},"modified":"2026-03-27T16:41:05","modified_gmt":"2026-03-27T08:41:05","slug":"amber-tincture-bottles-with-dropper-glass-bottles-supplier","status":"publish","type":"product","link":"https:\/\/theperfumebottles.com\/cs\/produkt\/amber-tincture-bottles-with-dropper-glass-bottles-supplier\/","title":{"rendered":"Lahvi\u010dky s jantarovou tinkturou s kap\u00e1tkem | Sklen\u011bn\u00e9 lahvi\u010dky 15 ml\u2013120 ml"},"content":{"rendered":"<p>S\u00e9rie lahvi\u010dek na jantarovou tinkturu m\u00e1 klasick\u00fd kulat\u00fd tvar s rovn\u00fdm t\u011blem a \u0161ikm\u00fdmi rameny, kter\u00e9 vytv\u00e1\u0159ej\u00ed hladk\u00fd obrys mezi t\u011blem a hrdlem a dod\u00e1vaj\u00ed j\u00ed \u010dist\u00fd a profesion\u00e1ln\u00ed vzhled. Tyto lahvi\u010dky z jantarov\u00e9ho skla jsou vyrobeny z vysoce kvalitn\u00edho jantarov\u00e9ho skla, kter\u00e9 poskytuje dobrou UV ochranu pro produkty citliv\u00e9 na sv\u011btlo. Z\u00e1vitov\u00e9 hrdlo je standardn\u00ed a je kompatibiln\u00ed s r\u016fzn\u00fdmi uz\u00e1v\u011bry, jako jsou kap\u00e1tka s hlin\u00edkovou, plastovou nebo bambusovou povrchovou \u00fapravou, rozpra\u0161ovac\u00ed hlavice a d\u00e1vkova\u010de s pumpi\u010dkou. Tato \u0159ada je k dispozici tak\u00e9 v objemech 15 ml, 30 ml, 60 ml, 100 ml a 120 ml, co\u017e usnad\u0148uje vytv\u00e1\u0159en\u00ed flexibiln\u00edch produktov\u00fdch \u0159ad a brandingu.<\/p>\n<h2><span class=\"highlights\" data-v-df95d256=\"\">Kl\u00ed\u010dov\u00e9 specifikace<\/span><\/h2>\n<table style=\"border-collapse: collapse; width: 879px; height: 272px; margin-left: 200px;\" border=\"0\" width=\"144\" cellspacing=\"0\" cellpadding=\"0\">\n<tbody>\n<tr style=\"height: 13.50pt;\">\n<td style=\"height: 13.50pt; width: 30%;\" width=\"72\" height=\"18\">Produkt<\/td>\n<td style=\"width: 54.00pt;\" width=\"72\">Jantarov\u00e1 sklen\u011bn\u00e1 lahvi\u010dka s kap\u00e1tkem<\/td>\n<\/tr>\n<tr style=\"height: 13.50pt;\">\n<td style=\"height: 13.50pt;\" height=\"18\">Kapacita<\/td>\n<td>15ml, 30ml, 60ml, 100ml, 120ml<\/td>\n<\/tr>\n<tr style=\"height: 13.50pt;\">\n<td style=\"height: 13.50pt;\" height=\"18\">Tvar<\/td>\n<td>Rovn\u00fd design pro modern\u00ed estetiku<\/td>\n<\/tr>\n<tr style=\"height: 13.50pt;\">\n<td style=\"height: 13.50pt;\" height=\"18\">Mo\u017enosti p\u0159\u00edslu\u0161enstv\u00ed<\/td>\n<td>Pumpa na ml\u00e9ko, rozpra\u0161ova\u010d mlhy, kap\u00e1tko, \u0161roubovac\u00ed uz\u00e1v\u011br<\/td>\n<\/tr>\n<tr style=\"height: 13.50pt;\">\n<td style=\"height: 13.50pt;\" height=\"18\">Materi\u00e1l<\/td>\n<td>Sodnov\u00e1penat\u00e9 sklo<\/td>\n<\/tr>\n<tr style=\"height: 13.50pt;\">\n<td style=\"height: 13.50pt;\" height=\"18\">Barva<\/td>\n<td>Jantarov\u00e1 (s UV ochranou)<\/td>\n<\/tr>\n<tr style=\"height: 13.50pt;\">\n<td style=\"height: 13.50pt;\" height=\"18\">Prim\u00e1rn\u00ed pou\u017eit\u00ed<\/td>\n<td>Ple\u0165ov\u00e9 mlhy, tonika, t\u011blov\u00e9 oleje a kosmetick\u00e9 obaly<\/td>\n<\/tr>\n<\/tbody>\n<\/table>\n<h2>Aplikace<\/h2>\n<p>Takov\u00e9 lahvi\u010dky na jantarov\u00e9 tinktury nach\u00e1zej\u00ed \u0161irok\u00e9 uplatn\u011bn\u00ed ve farmaceutick\u00e9m, kosmetick\u00e9m a wellness sektoru. Jsou ide\u00e1ln\u00ed pro balen\u00ed esenci\u00e1ln\u00edch olej\u016f, tinktur, s\u00e9r, bylinn\u00fdch extrakt\u016f a tekutin v p\u00e9\u010di o ple\u0165. Mohou b\u00fdt pou\u017eity v maloobchod\u011b, pro intern\u00ed prodej i pro velkoobchodn\u00ed dod\u00e1vky s n\u011bkolika metodami d\u00e1vkov\u00e1n\u00ed: p\u0159esn\u00e9 d\u00e1vkov\u00e1n\u00ed, rozpra\u0161ov\u00e1n\u00ed nebo pumpov\u00e1n\u00ed, aby byla zaji\u0161t\u011bna ochrana produktu a snadn\u00fd p\u0159\u00edstup pro koncov\u00e9ho u\u017eivatele.<\/p>\n<h2><span class=\"highlights\" data-v-df95d256=\"\">P\u0159\u00edb\u011bh \u00fasp\u011bchu: Zna\u010dka s d\u00e1vkova\u010di na m\u00edru <\/span><\/h2>\n<p><span class=\"highlights\" data-v-df95d256=\"\">Vznikaj\u00edc\u00ed startup v oblasti p\u00e9\u010de o ple\u0165 s n\u00e1mi spolupracoval na n\u00e1vrhu kosmetick\u00fdch d\u00e1vkova\u010d\u016f s pumpi\u010dkou pro sv\u00e9 nov\u00e9 s\u00e9rum s kyselinou hyaluronovou. Zvolili 100ml lahvi\u010dky z jantarov\u00e9ho skla s jemn\u00fdm rozpra\u0161ova\u010dem pro snadnou aplikaci. Velkoobchodn\u00ed objedn\u00e1vkou kosmetick\u00fdch rozpra\u0161ova\u010d\u016f sn\u00ed\u017eili n\u00e1klady o 25 % a spustili kampa\u0148 p\u0159ipravenou k odesl\u00e1n\u00ed, kter\u00e1 zv\u00fd\u0161ila viditelnost jejich domovsk\u00e9 str\u00e1nky na Amazonu. Prodej vzrostl o 40 % za pouh\u00e9 dva m\u011bs\u00edce!<\/span><\/p>\n<h2><span class=\"highlights\" data-v-df95d256=\"\">Tipy pro p\u0159izp\u016fsoben\u00ed pro v\u00e1s <\/span><\/h2>\n<ul>\n<li><span class=\"highlights\" data-v-df95d256=\"\"><strong>Konzistence barev:<\/strong> Jantarov\u00e9 sklo nen\u00ed jen stylov\u00e9 \u2013 chr\u00e1n\u00ed p\u0159ed degradac\u00ed sv\u011btlem. Dr\u017ete se ho pro citliv\u00e9 receptury. <\/span><\/li>\n<li><span class=\"highlights\" data-v-df95d256=\"\"><strong>L\u00e1ska k \u0161t\u00edtku:<\/strong> Pro pr\u00e9miov\u00fd vzhled p\u0159idejte na sv\u016fj obal reli\u00e9fn\u00ed loga nebo QR k\u00f3dy. <\/span><\/li>\n<li><span class=\"highlights\" data-v-df95d256=\"\"><strong>Fin\u00e1ln\u00ed finesa:<\/strong> Matn\u00fd vs. elegantn\u00ed? P\u0159izp\u016fsobte povrchovou \u00fapravu atmosf\u00e9\u0159e va\u0161\u00ed zna\u010dky \u2013 matn\u00fd pro minimalistick\u00e9 linie, elegantn\u00ed pro luxusn\u00ed.<\/span><\/li>\n<\/ul>","protected":false},"excerpt":{"rendered":"<p>Velkoobjemov\u00e9 lahvi\u010dky s jantarovou tinkturou s kap\u00e1tkem, rozpra\u0161ova\u010dem nebo pumpi\u010dkou. Ide\u00e1ln\u00ed pro priv\u00e1tn\u00ed zna\u010dky, velkoobchodn\u00ed a OEM balen\u00ed olej\u016f, s\u00e9r a extrakt\u016f.<\/p>","protected":false},"featured_media":7490,"comment_status":"open","ping_status":"closed","template":"","meta":{"_acf_changed":false,"site-sidebar-layout":"default","site-content-layout":"","ast-site-content-layout":"default","site-content-style":"default","site-sidebar-style":"default","ast-global-header-display":"","ast-banner-title-visibility":"","ast-main-header-display":"","ast-hfb-above-header-display":"","ast-hfb-below-header-display":"","ast-hfb-mobile-header-display":"","site-post-title":"","ast-breadcrumbs-content":"","ast-featured-img":"","footer-sml-layout":"","ast-disable-related-posts":"","theme-transparent-header-meta":"default","adv-header-id-meta":"","stick-header-meta":"","header-above-stick-meta":"","header-main-stick-meta":"","header-below-stick-meta":"","astra-migrate-meta-layouts":"set","ast-page-background-enabled":"default","ast-page-background-meta":{"desktop":{"background-color":"var(--ast-global-color-5)","background-image":"","background-repeat":"repeat","background-position":"center center","background-size":"auto","background-attachment":"scroll","background-type":"","background-media":"","overlay-type":"","overlay-color":"","overlay-opacity":"","overlay-gradient":""},"tablet":{"background-color":"","background-image":"","background-repeat":"repeat","background-position":"center center","background-size":"auto","background-attachment":"scroll","background-type":"","background-media":"","overlay-type":"","overlay-color":"","overlay-opacity":"","overlay-gradient":""},"mobile":{"background-color":"","background-image":"","background-repeat":"repeat","background-position":"center center","background-size":"auto","background-attachment":"scroll","background-type":"","background-media":"","overlay-type":"","overlay-color":"","overlay-opacity":"","overlay-gradient":""}},"ast-content-background-meta":{"desktop":{"background-color":"var(--ast-global-color-4)","background-image":"","background-repeat":"repeat","background-position":"center center","background-size":"auto","background-attachment":"scroll","background-type":"","background-media":"","overlay-type":"","overlay-color":"","overlay-opacity":"","overlay-gradient":""},"tablet":{"background-color":"var(--ast-global-color-4)","background-image":"","background-repeat":"repeat","background-position":"center center","background-size":"auto","background-attachment":"scroll","background-type":"","background-media":"","overlay-type":"","overlay-color":"","overlay-opacity":"","overlay-gradient":""},"mobile":{"background-color":"var(--ast-global-color-4)","background-image":"","background-repeat":"repeat","background-position":"center center","background-size":"auto","background-attachment":"scroll","background-type":"","background-media":"","overlay-type":"","overlay-color":"","overlay-opacity":"","overlay-gradient":""}}},"product_brand":[],"product_cat":[59,62,72,57],"product_tag":[165,166],"class_list":{"0":"post-4779","1":"product","2":"type-product","3":"status-publish","4":"has-post-thumbnail","6":"product_cat-glass-dropper-bottles","7":"product_cat-cosmetic-containers","8":"product_cat-cosmetic-packaging","9":"product_cat-essential-oil-bottles","10":"product_tag-cosmetic-pump-dispenser","11":"product_tag-cosmetic-spray-bottles-wholesale","12":"desktop-align-left","13":"tablet-align-left","14":"mobile-align-left","16":"first","17":"instock","18":"shipping-taxable","19":"product-type-simple"},"acf":[],"jetpack_sharing_enabled":true,"_links":{"self":[{"href":"https:\/\/theperfumebottles.com\/cs\/wp-json\/wp\/v2\/product\/4779","targetHints":{"allow":["GET"]}}],"collection":[{"href":"https:\/\/theperfumebottles.com\/cs\/wp-json\/wp\/v2\/product"}],"about":[{"href":"https:\/\/theperfumebottles.com\/cs\/wp-json\/wp\/v2\/types\/product"}],"replies":[{"embeddable":true,"href":"https:\/\/theperfumebottles.com\/cs\/wp-json\/wp\/v2\/comments?post=4779"}],"wp:featuredmedia":[{"embeddable":true,"href":"https:\/\/theperfumebottles.com\/cs\/wp-json\/wp\/v2\/media\/7490"}],"wp:attachment":[{"href":"https:\/\/theperfumebottles.com\/cs\/wp-json\/wp\/v2\/media?parent=4779"}],"wp:term":[{"taxonomy":"product_brand","embeddable":true,"href":"https:\/\/theperfumebottles.com\/cs\/wp-json\/wp\/v2\/product_brand?post=4779"},{"taxonomy":"product_cat","embeddable":true,"href":"https:\/\/theperfumebottles.com\/cs\/wp-json\/wp\/v2\/product_cat?post=4779"},{"taxonomy":"product_tag","embeddable":true,"href":"https:\/\/theperfumebottles.com\/cs\/wp-json\/wp\/v2\/product_tag?post=4779"}],"curies":[{"name":"wp","href":"https:\/\/api.w.org\/{rel}","templated":true}]}}