{"id":4824,"date":"2025-07-23T15:48:46","date_gmt":"2025-07-23T07:48:46","guid":{"rendered":"https:\/\/theperfumebottles.com\/?post_type=product&#038;p=4824"},"modified":"2025-07-23T15:49:28","modified_gmt":"2025-07-23T07:49:28","slug":"1-oz-cosmetic-glass-jars-with-lids-small-cosmetic-containers-for-skincare-bulk","status":"publish","type":"product","link":"https:\/\/theperfumebottles.com\/cs\/produkt\/1-oz-cosmetic-glass-jars-with-lids-small-cosmetic-containers-for-skincare-bulk\/","title":{"rendered":"1 oz kosmetick\u00e9 sklen\u011bn\u00e9 d\u00f3zy s v\u00ed\u010dky \u2013 mal\u00e9 kosmetick\u00e9 n\u00e1doby pro p\u00e9\u010di o ple\u0165 ve velk\u00e9m"},"content":{"rendered":"<p><span class=\"highlights\" data-v-df95d256=\"\">Pot\u0159ebujete hladk\u00fd, funk\u010dn\u00ed kontejner pro svou \u0159adu kosmetiky nebo kr\u00e1sy? Tyto 1 oz kosmetick\u00e9 sklen\u011bn\u00e9 s\u00e1\u010dky s v\u00ed\u010dkem jsou navr\u017eeny, aby v\u00e1s inspirovaly. <\/span><\/p>\n<h2><span class=\"highlights\" data-v-df95d256=\"\">Kl\u00ed\u010dov\u00e9 specifikace<\/span><\/h2>\n<table style=\"border-collapse: collapse; width: 588px; height: 159px; margin-left: 360px;\" border=\"0\" width=\"144\" cellspacing=\"0\" cellpadding=\"0\">\n<tbody>\n<tr style=\"height: 13.50pt;\">\n<td style=\"height: 13.50pt; width: 54.00pt;\" width=\"72\" height=\"18\">Funkce<\/td>\n<td style=\"width: 54.00pt;\" width=\"72\">Detail<\/td>\n<\/tr>\n<tr style=\"height: 13.50pt;\">\n<td style=\"height: 13.50pt;\" height=\"18\">Kapacita<\/td>\n<td>30ml (1 oz)<\/td>\n<\/tr>\n<tr style=\"height: 13.50pt;\">\n<td style=\"height: 13.50pt;\" height=\"18\">Tvar<\/td>\n<td>Rovn\u00e9 strany<\/td>\n<\/tr>\n<tr style=\"height: 13.50pt;\">\n<td style=\"height: 13.50pt;\" height=\"18\">T\u011bsn\u011bn\u00ed<\/td>\n<td>V\u00ed\u010dek s z\u00e1vitem + plastov\u00fd v\u00ed\u010dek (personalizovateln\u00e9)<\/td>\n<\/tr>\n<tr style=\"height: 13.50pt;\">\n<td style=\"height: 13.50pt;\" height=\"18\">Materi\u00e1l<\/td>\n<td>Tlust\u00e9 pr\u016fhledn\u00e9 krystalov\u00e9 sklo<\/td>\n<\/tr>\n<tr style=\"height: 13.50pt;\">\n<td style=\"height: 13.50pt;\" height=\"18\">Mo\u017enosti barev<\/td>\n<td>Transparentn\u00ed (k dispozici v personalizovan\u00fdch barv\u00e1ch)<\/td>\n<\/tr>\n<tr style=\"height: 13.50pt;\">\n<td style=\"height: 13.50pt;\" height=\"18\">P\u0159\u00edpady pou\u017eit\u00ed<\/td>\n<td>Balz\u00e1my na rty, ple\u0165ov\u00e9 vody, kr\u00e9my \u2013 balen\u00ed<\/td>\n<\/tr>\n<\/tbody>\n<\/table>\n<h2>P\u0159\u00edb\u011bh \u00fasp\u011bchu<\/h2>\n<p>St\u0159edn\u00ed velikost \u00fasp\u011b\u0161n\u00e9 spole\u010dnosti vybran\u00e9 n\u00e1\u0161 1 oz. Kosmetick\u00e9 sklen\u011bn\u00e9 s\u00e1\u010dky s v\u00ed\u010dkem p\u0159i spou\u0161t\u011bn\u00ed ekologick\u00e9 \u0159ady b\u00e1z\u00ed rtu\u0161ek. Jednoduch\u00fd design spolu s personalizovan\u00fdm matn\u00fdm etiketou jim pomohl vyniknout na konkuren\u010dn\u00edm trhu. \u201eP\u0159echod na sklen\u011bn\u00e9 kosmetick\u00e9 balen\u00ed nejen zlep\u0161il kvalitn\u00ed dojem na\u0161\u00ed zna\u010dky, ale tak\u00e9 sn\u00ed\u017eil n\u00e1\u0161 pod\u00edl na n\u00e1vratu o 30%,\u201c \u0159ekl jejich zakladatel.<\/p>\n<h2>Tipy pro p\u0159izp\u016fsoben\u00ed pro v\u00e1s<\/h2>\n<ul>\n<li><strong>Barvy:<\/strong> Nahra\u010fte pr\u016fhledn\u00e9 sklo pastelov\u00fdmi barvami, abyste vytvo\u0159ili harmonickou paletu kr\u00e1sn\u00e9ho balen\u00ed.<\/li>\n<li><strong>Magie etiket:<\/strong> Pou\u017eijte matn\u00fd nebo \u010dist\u00fd povrch k zd\u016frazn\u011bn\u00ed kl\u00ed\u010dov\u00fdch slo\u017eek.<\/li>\n<li><strong>Ekologick\u00e9 vylep\u0161en\u00ed:<\/strong>P\u0159idejte ekologick\u00fd n\u00e1dech na sv\u00e9 kr\u00e1sn\u00e9 balen\u00ed vyb\u00edraj\u00edc\u00edm biodegradabiln\u00ed etikety.<\/li>\n<\/ul>","protected":false},"excerpt":{"rendered":"<p>1 oz kosmetick\u00e9 sklen\u011bn\u00e9 s\u00e1\u010dky s v\u00ed\u010dkem jsou ide\u00e1ln\u00ed pro balen\u00ed kosmetiky, maloobchodn\u00ed kvalitn\u00ed mal\u00e9 kosmetick\u00e9 s\u00e1\u010dky s mo\u017enostmi personalizace. Na p\u0159epravu p\u0159ipraveno!<\/p>","protected":false},"featured_media":4828,"comment_status":"open","ping_status":"closed","template":"","meta":{"_acf_changed":false,"site-sidebar-layout":"default","site-content-layout":"","ast-site-content-layout":"default","site-content-style":"default","site-sidebar-style":"default","ast-global-header-display":"","ast-banner-title-visibility":"","ast-main-header-display":"","ast-hfb-above-header-display":"","ast-hfb-below-header-display":"","ast-hfb-mobile-header-display":"","site-post-title":"","ast-breadcrumbs-content":"","ast-featured-img":"","footer-sml-layout":"","ast-disable-related-posts":"","theme-transparent-header-meta":"default","adv-header-id-meta":"","stick-header-meta":"","header-above-stick-meta":"","header-main-stick-meta":"","header-below-stick-meta":"","astra-migrate-meta-layouts":"set","ast-page-background-enabled":"default","ast-page-background-meta":{"desktop":{"background-color":"var(--ast-global-color-5)","background-image":"","background-repeat":"repeat","background-position":"center center","background-size":"auto","background-attachment":"scroll","background-type":"","background-media":"","overlay-type":"","overlay-color":"","overlay-opacity":"","overlay-gradient":""},"tablet":{"background-color":"","background-image":"","background-repeat":"repeat","background-position":"center center","background-size":"auto","background-attachment":"scroll","background-type":"","background-media":"","overlay-type":"","overlay-color":"","overlay-opacity":"","overlay-gradient":""},"mobile":{"background-color":"","background-image":"","background-repeat":"repeat","background-position":"center center","background-size":"auto","background-attachment":"scroll","background-type":"","background-media":"","overlay-type":"","overlay-color":"","overlay-opacity":"","overlay-gradient":""}},"ast-content-background-meta":{"desktop":{"background-color":"var(--ast-global-color-4)","background-image":"","background-repeat":"repeat","background-position":"center center","background-size":"auto","background-attachment":"scroll","background-type":"","background-media":"","overlay-type":"","overlay-color":"","overlay-opacity":"","overlay-gradient":""},"tablet":{"background-color":"var(--ast-global-color-4)","background-image":"","background-repeat":"repeat","background-position":"center center","background-size":"auto","background-attachment":"scroll","background-type":"","background-media":"","overlay-type":"","overlay-color":"","overlay-opacity":"","overlay-gradient":""},"mobile":{"background-color":"var(--ast-global-color-4)","background-image":"","background-repeat":"repeat","background-position":"center center","background-size":"auto","background-attachment":"scroll","background-type":"","background-media":"","overlay-type":"","overlay-color":"","overlay-opacity":"","overlay-gradient":""}}},"product_brand":[],"product_cat":[72,62,56],"product_tag":[175,176],"class_list":{"0":"post-4824","1":"product","2":"type-product","3":"status-publish","4":"has-post-thumbnail","6":"product_cat-cosmetic-packaging","7":"product_cat-cosmetic-containers","8":"product_cat-cosmetic-jars","9":"product_tag-1-oz-cosmetic-glass-jars-with-lids","10":"product_tag-small-cosmetic-containers","11":"desktop-align-left","12":"tablet-align-left","13":"mobile-align-left","15":"first","16":"instock","17":"shipping-taxable","18":"product-type-simple"},"acf":[],"jetpack_sharing_enabled":true,"_links":{"self":[{"href":"https:\/\/theperfumebottles.com\/cs\/wp-json\/wp\/v2\/product\/4824","targetHints":{"allow":["GET"]}}],"collection":[{"href":"https:\/\/theperfumebottles.com\/cs\/wp-json\/wp\/v2\/product"}],"about":[{"href":"https:\/\/theperfumebottles.com\/cs\/wp-json\/wp\/v2\/types\/product"}],"replies":[{"embeddable":true,"href":"https:\/\/theperfumebottles.com\/cs\/wp-json\/wp\/v2\/comments?post=4824"}],"wp:featuredmedia":[{"embeddable":true,"href":"https:\/\/theperfumebottles.com\/cs\/wp-json\/wp\/v2\/media\/4828"}],"wp:attachment":[{"href":"https:\/\/theperfumebottles.com\/cs\/wp-json\/wp\/v2\/media?parent=4824"}],"wp:term":[{"taxonomy":"product_brand","embeddable":true,"href":"https:\/\/theperfumebottles.com\/cs\/wp-json\/wp\/v2\/product_brand?post=4824"},{"taxonomy":"product_cat","embeddable":true,"href":"https:\/\/theperfumebottles.com\/cs\/wp-json\/wp\/v2\/product_cat?post=4824"},{"taxonomy":"product_tag","embeddable":true,"href":"https:\/\/theperfumebottles.com\/cs\/wp-json\/wp\/v2\/product_tag?post=4824"}],"curies":[{"name":"wp","href":"https:\/\/api.w.org\/{rel}","templated":true}]}}