{"id":4829,"date":"2025-07-23T15:52:08","date_gmt":"2025-07-23T07:52:08","guid":{"rendered":"https:\/\/theperfumebottles.com\/?post_type=product&#038;p=4829"},"modified":"2026-03-27T14:56:33","modified_gmt":"2026-03-27T06:56:33","slug":"glass-cosmetic-packaging-containers-50ml-skincare-jars-wholesale","status":"publish","type":"product","link":"https:\/\/theperfumebottles.com\/cs\/produkt\/glass-cosmetic-packaging-containers-50ml-skincare-jars-wholesale\/","title":{"rendered":"Sklen\u011bn\u00e9 kosmetick\u00e9 obaly \u2013 velkoobchod s 50ml ple\u0165ov\u00fdmi d\u00f3zami"},"content":{"rendered":"<p>Tyto kosmetick\u00e9 obaly maj\u00ed sklen\u011bnou d\u00f3zu z matn\u00e9ho skla b\u00edl\u00e9 barvy s hladk\u00fdm kovov\u00fdm v\u00ed\u010dkem ze st\u0159\u00edbrn\u00e9ho kovu. Jejich okraje jsou velmi jemn\u011b zarolovan\u00e9, co\u017e je \u010din\u00ed ide\u00e1ln\u00edmi pro vystaven\u00ed kr\u00e9m\u016f, balz\u00e1m\u016f na rty i luxusn\u00ed kosmetiky.<\/p>\n<h2>Kl\u00ed\u010dov\u00e9 specifikace<\/h2>\n<table style=\"border-collapse: collapse; width: 580px; height: 135px; margin-left: 360px;\" border=\"0\" width=\"144\" cellspacing=\"0\" cellpadding=\"0\">\n<tbody>\n<tr style=\"height: 13.50pt;\">\n<td style=\"height: 13.50pt; width: 54.00pt;\" width=\"72\" height=\"18\">Funkce<\/td>\n<td style=\"width: 54.00pt;\" width=\"72\">Detail<\/td>\n<\/tr>\n<tr style=\"height: 13.50pt;\">\n<td style=\"height: 13.50pt;\" height=\"18\">Kapacita<\/td>\n<td>50ml<\/td>\n<\/tr>\n<tr style=\"height: 13.50pt;\">\n<td style=\"height: 13.50pt;\" height=\"18\">Tvar<\/td>\n<td>Kolo<\/td>\n<\/tr>\n<tr style=\"height: 13.50pt;\">\n<td style=\"height: 13.50pt;\" height=\"18\">T\u011bsn\u011bn\u00ed<\/td>\n<td>Z\u00e1vitov\u00e9 + hlin\u00edkov\u00e9 v\u00edko<\/td>\n<\/tr>\n<tr style=\"height: 13.50pt;\">\n<td style=\"height: 13.50pt;\" height=\"18\">Materi\u00e1l<\/td>\n<td>Sklo<\/td>\n<\/tr>\n<tr style=\"height: 13.50pt;\">\n<td style=\"height: 13.50pt;\" height=\"18\">Barvy<\/td>\n<td>Matn\u00e9 \u010dir\u00e9 (voliteln\u011b)<\/td>\n<\/tr>\n<tr style=\"height: 13.50pt;\">\n<td style=\"height: 13.50pt;\" height=\"18\">P\u0159\u00edpady pou\u017eit\u00ed<\/td>\n<td>O\u010dn\u00ed kr\u00e9m, balen\u00ed vzorku ple\u0165ov\u00e9ho ml\u00e9ka<\/td>\n<\/tr>\n<\/tbody>\n<\/table>\n<h2>P\u0159\u00edb\u011bh \u00fasp\u011bchu: Rebranding evropsk\u00e9 zna\u010dky p\u00e9\u010de o ple\u0165<\/h2>\n<p>N\u00e1\u0161 50ml matn\u00fd sklen\u011bn\u00fd kosmetick\u00fd obal byl vybr\u00e1n evropskou zna\u010dkou p\u00e9\u010de o ple\u0165 a st\u0159\u00edbrn\u00e9 v\u00ed\u010dko bylo kart\u00e1\u010dovan\u00e9 a opat\u0159eno reli\u00e9fn\u00edm logem zna\u010dky. Kryt\u00fd povrch minimalizoval vystaven\u00ed sv\u011btlu o 40 %. Hmatov\u00fd pocit z obalu se zlep\u0161il (o 60 bod\u016f) d\u00edky spokojenosti z\u00e1kazn\u00edk\u016f. Zna\u010dka byla velmi \u00fasp\u011b\u0161n\u00e1 a pozd\u011bji si objednala dal\u0161\u00ed v\u00e1rku 300 000 kel\u00edmk\u016f sv\u00e9 nov\u00e9 \u0159ady s\u00e9r a o\u010dn\u00edch kr\u00e9m\u016f.<\/p>\n<h2>Tipy pro p\u0159izp\u016fsoben\u00ed<\/h2>\n<ul>\n<li><strong>Mix a kombinace:<\/strong> Sp\u00e1rujte tyto sklenice s rozpra\u0161ova\u010di jemn\u00e9 mlhy pro soudr\u017en\u00fd svazek.<\/li>\n<li><strong>\u0160t\u00edtek jako profesion\u00e1l:<\/strong> Pou\u017eijte reli\u00e9fn\u00ed text nebo holografick\u00e9 akcenty, aby v\u00e1\u0161 kontejner vynikl na domovsk\u00e9 webov\u00e9 str\u00e1nce.<\/li>\n<li><strong>Jd\u011bte ekologicky:<\/strong>P\u0159idejte ekologick\u00fd n\u00e1dech pou\u017eit\u00edm pap\u00edrov\u00fdch etiket na semena na va\u0161e sklenice \u2013 klienti je mohou po pou\u017eit\u00ed zasadit a p\u011bstovat divok\u00e9 kv\u011btiny nebo bylinky.<\/li>\n<\/ul>","protected":false},"excerpt":{"rendered":"<p>Sklen\u011bn\u00fd kosmetick\u00fd obal o objemu 50 ml se st\u0159\u00edbrn\u00fdmi v\u00ed\u010dky pro pr\u00e9miov\u00e9 balen\u00ed kosmetiky. Ide\u00e1ln\u00ed pro o\u010dn\u00ed kr\u00e9my, vzorky a kosmetick\u00e9 obaly. P\u0159ipraveno k odesl\u00e1n\u00ed!<\/p>","protected":false},"featured_media":4830,"comment_status":"open","ping_status":"closed","template":"","meta":{"_acf_changed":false,"site-sidebar-layout":"default","site-content-layout":"","ast-site-content-layout":"default","site-content-style":"default","site-sidebar-style":"default","ast-global-header-display":"","ast-banner-title-visibility":"","ast-main-header-display":"","ast-hfb-above-header-display":"","ast-hfb-below-header-display":"","ast-hfb-mobile-header-display":"","site-post-title":"","ast-breadcrumbs-content":"","ast-featured-img":"","footer-sml-layout":"","ast-disable-related-posts":"","theme-transparent-header-meta":"default","adv-header-id-meta":"","stick-header-meta":"","header-above-stick-meta":"","header-main-stick-meta":"","header-below-stick-meta":"","astra-migrate-meta-layouts":"set","ast-page-background-enabled":"default","ast-page-background-meta":{"desktop":{"background-color":"var(--ast-global-color-5)","background-image":"","background-repeat":"repeat","background-position":"center center","background-size":"auto","background-attachment":"scroll","background-type":"","background-media":"","overlay-type":"","overlay-color":"","overlay-opacity":"","overlay-gradient":""},"tablet":{"background-color":"","background-image":"","background-repeat":"repeat","background-position":"center center","background-size":"auto","background-attachment":"scroll","background-type":"","background-media":"","overlay-type":"","overlay-color":"","overlay-opacity":"","overlay-gradient":""},"mobile":{"background-color":"","background-image":"","background-repeat":"repeat","background-position":"center center","background-size":"auto","background-attachment":"scroll","background-type":"","background-media":"","overlay-type":"","overlay-color":"","overlay-opacity":"","overlay-gradient":""}},"ast-content-background-meta":{"desktop":{"background-color":"var(--ast-global-color-4)","background-image":"","background-repeat":"repeat","background-position":"center center","background-size":"auto","background-attachment":"scroll","background-type":"","background-media":"","overlay-type":"","overlay-color":"","overlay-opacity":"","overlay-gradient":""},"tablet":{"background-color":"var(--ast-global-color-4)","background-image":"","background-repeat":"repeat","background-position":"center center","background-size":"auto","background-attachment":"scroll","background-type":"","background-media":"","overlay-type":"","overlay-color":"","overlay-opacity":"","overlay-gradient":""},"mobile":{"background-color":"var(--ast-global-color-4)","background-image":"","background-repeat":"repeat","background-position":"center center","background-size":"auto","background-attachment":"scroll","background-type":"","background-media":"","overlay-type":"","overlay-color":"","overlay-opacity":"","overlay-gradient":""}}},"product_brand":[],"product_cat":[56,62,72],"product_tag":[178,177],"class_list":{"0":"post-4829","1":"product","2":"type-product","3":"status-publish","4":"has-post-thumbnail","6":"product_cat-cosmetic-jars","7":"product_cat-cosmetic-containers","8":"product_cat-cosmetic-packaging","9":"product_tag-cosmetic-packaging-containers","10":"product_tag-glass-cosmetic-packaging","11":"desktop-align-left","12":"tablet-align-left","13":"mobile-align-left","15":"first","16":"instock","17":"shipping-taxable","18":"product-type-simple"},"acf":[],"jetpack_sharing_enabled":true,"_links":{"self":[{"href":"https:\/\/theperfumebottles.com\/cs\/wp-json\/wp\/v2\/product\/4829","targetHints":{"allow":["GET"]}}],"collection":[{"href":"https:\/\/theperfumebottles.com\/cs\/wp-json\/wp\/v2\/product"}],"about":[{"href":"https:\/\/theperfumebottles.com\/cs\/wp-json\/wp\/v2\/types\/product"}],"replies":[{"embeddable":true,"href":"https:\/\/theperfumebottles.com\/cs\/wp-json\/wp\/v2\/comments?post=4829"}],"wp:featuredmedia":[{"embeddable":true,"href":"https:\/\/theperfumebottles.com\/cs\/wp-json\/wp\/v2\/media\/4830"}],"wp:attachment":[{"href":"https:\/\/theperfumebottles.com\/cs\/wp-json\/wp\/v2\/media?parent=4829"}],"wp:term":[{"taxonomy":"product_brand","embeddable":true,"href":"https:\/\/theperfumebottles.com\/cs\/wp-json\/wp\/v2\/product_brand?post=4829"},{"taxonomy":"product_cat","embeddable":true,"href":"https:\/\/theperfumebottles.com\/cs\/wp-json\/wp\/v2\/product_cat?post=4829"},{"taxonomy":"product_tag","embeddable":true,"href":"https:\/\/theperfumebottles.com\/cs\/wp-json\/wp\/v2\/product_tag?post=4829"}],"curies":[{"name":"wp","href":"https:\/\/api.w.org\/{rel}","templated":true}]}}