{"id":4861,"date":"2025-07-24T17:38:18","date_gmt":"2025-07-24T09:38:18","guid":{"rendered":"https:\/\/theperfumebottles.com\/?post_type=product&#038;p=4861"},"modified":"2026-04-01T14:02:53","modified_gmt":"2026-04-01T06:02:53","slug":"cream-storage-jars-empty-skincare-containers-wholesale","status":"publish","type":"product","link":"https:\/\/theperfumebottles.com\/cs\/produkt\/cream-storage-jars-empty-skincare-containers-wholesale\/","title":{"rendered":"D\u00f3zy na kr\u00e9m o objemu 1 oz \u2013 Velkoobchod s pr\u00e1zdn\u00fdmi n\u00e1dobami na p\u00e9\u010di o ple\u0165"},"content":{"rendered":"<p>D\u00f3zy na kr\u00e9m maj\u00ed kompaktn\u00ed v\u00e1lcovit\u00fd design a dod\u00e1vaj\u00ed se ve dvou variant\u00e1ch skla: z m\u011bkk\u00e9ho matn\u00e9ho skla a z k\u0159i\u0161\u0165\u00e1lov\u011b \u010dir\u00e9ho skla. Matn\u00e1 d\u00f3za m\u00e1 st\u0159\u00edbrn\u00fd kovov\u00fd \u0161roubovac\u00ed uz\u00e1v\u011br, zat\u00edmco pr\u016fhledn\u00e1 d\u00f3za m\u00e1 zlat\u00fd kovov\u00fd uz\u00e1v\u011br.<\/p>\n<h2><span class=\"highlights\" data-v-df95d256=\"\">Kl\u00ed\u010dov\u00e9 specifikace <\/span><\/h2>\n<table style=\"border-collapse: collapse; width: 600px; height: 81px; margin-left: 320px;\" border=\"0\" width=\"144\" cellspacing=\"0\" cellpadding=\"0\">\n<tbody>\n<tr style=\"height: 13.50pt;\">\n<td style=\"height: 13.50pt; width: 54.00pt;\" width=\"72\" height=\"18\">Funkce<\/td>\n<td style=\"width: 54.00pt;\" width=\"72\">Detail<\/td>\n<\/tr>\n<tr style=\"height: 13.50pt;\">\n<td style=\"height: 13.50pt;\" height=\"18\">Kapacita<\/td>\n<td>30 ml (1 oz)<\/td>\n<\/tr>\n<tr style=\"height: 13.50pt;\">\n<td style=\"height: 13.50pt;\" height=\"18\">Tvar<\/td>\n<td>Rovn\u00e9 strany<\/td>\n<\/tr>\n<tr style=\"height: 13.50pt;\">\n<td style=\"height: 13.50pt;\" height=\"18\">T\u011bsnic\u00ed mechanismus<\/td>\n<td>Z\u00e1vitov\u00e9 kovov\u00e9 v\u00edko (p\u0159izp\u016fsobiteln\u00e9)<\/td>\n<\/tr>\n<tr style=\"height: 13.50pt;\">\n<td style=\"height: 13.50pt;\" height=\"18\">Materi\u00e1l<\/td>\n<td>K\u0159i\u0161\u0165\u00e1lov\u00e9 sklo<\/td>\n<\/tr>\n<tr style=\"height: 13.50pt;\">\n<td style=\"height: 13.50pt;\" height=\"18\">Barva<\/td>\n<td>Oj\u00edn\u011bn\u00fd<\/td>\n<\/tr>\n<tr style=\"height: 13.50pt;\">\n<td style=\"height: 13.50pt;\" height=\"18\">P\u0159\u00edpady pou\u017eit\u00ed<\/td>\n<td>Kr\u00e9m na obli\u010dej, t\u011blov\u00fd kr\u00e9m, o\u010dn\u00ed kr\u00e9m, kr\u00e9m na rty<\/td>\n<\/tr>\n<\/tbody>\n<\/table>\n<h2>P\u0159\u00edb\u011bh \u00fasp\u011bchu: Zak\u00e1zkov\u00e1 objedn\u00e1vka od \u0161pi\u010dkov\u00e9 zna\u010dky p\u00e9\u010de o ple\u0165 ze Spojen\u00fdch arabsk\u00fdch emir\u00e1t\u016f<\/h2>\n<p>Dubajsk\u00e1 zna\u010dka p\u00e9\u010de o ple\u0165 si vybrala na\u0161e pr\u00e1zdn\u00e9 50ml n\u00e1dobky na ple\u0165 a na m\u00edru z nich vytvo\u0159ila st\u0159\u00edbrn\u00e1 v\u00ed\u010dka pozlacen\u00e1 24kar\u00e1tov\u00fdm a r\u016f\u017eov\u00fdm zlatem. V\u00fdsledek byl ohromuj\u00edc\u00ed, proto\u017ee t\u00e9ma drah\u00fdch kov\u016f odpov\u00eddalo luxusn\u00edmu pozici zna\u010dky, co\u017e pomohlo zv\u00fd\u0161it prodej d\u00e1rkov\u00fdch krabi\u010dek b\u011bhem v\u00e1no\u010dn\u00ed sez\u00f3ny o 60 %. Vzduchot\u011bsn\u00e1 kovov\u00e1 v\u00ed\u010dka prodlou\u017eila trvanlivost jejich rostlinn\u00fdch kr\u00e9m\u016f o 30 %. Obrovsk\u00fd \u00fasp\u011bch zna\u010dky vedl k dal\u0161\u00ed objedn\u00e1vce 300 000 n\u00e1dobek na v\u00fdrobu nov\u00e9 \u0159ady ple\u0165ov\u00fdch olej\u016f a s\u00e9r.<\/p>\n<h2><span class=\"highlights\" data-v-df95d256=\"\"> Tip pro p\u0159izp\u016fsoben\u00ed<\/span><\/h2>\n<ul>\n<li><span class=\"highlights\" data-v-df95d256=\"\"><strong>Mo\u017enosti barev:<\/strong> Pro sez\u00f3nn\u00ed kolekce vym\u011b\u0148te matn\u00e9 sklo za \u010dir\u00e9 nebo jantarov\u00e9. <\/span><\/li>\n<li><span class=\"highlights\" data-v-df95d256=\"\"><strong>Vylep\u0161en\u00ed v\u00edka:<\/strong> P\u0159idejte magnetick\u00fd uz\u00e1v\u011br pro prvot\u0159\u00eddn\u00ed z\u00e1\u017eitek z lahve. <\/span><\/li>\n<li><span class=\"highlights\" data-v-df95d256=\"\"><strong>Ekologick\u00fd trik:<\/strong> Zkombinujte pr\u00e1zdn\u00e9 obaly od produkt\u016f p\u00e9\u010de o ple\u0165 s biologicky rozlo\u017eiteln\u00fdmi etiketami nebo inkousty na rostlinn\u00e9 b\u00e1zi, abyste byli v souladu s trendy v oblasti udr\u017eiteln\u00e9ho balen\u00ed kosmetick\u00fdch produkt\u016f.<\/span><\/li>\n<\/ul>","protected":false},"excerpt":{"rendered":"<p>Pr\u00e9miov\u00e9 d\u00f3zy na kr\u00e9my z matn\u00e9ho a \u010dir\u00e9ho skla. Pr\u00e1zdn\u00e9 n\u00e1dobky na p\u00e9\u010di o ple\u0165 se zlat\u00fdmi a st\u0159\u00edbrn\u00fdmi v\u00ed\u010dky, ide\u00e1ln\u00ed pro balen\u00ed luxusn\u00ed kosmetiky. Vzorky zdarma.<\/p>","protected":false},"featured_media":4862,"comment_status":"open","ping_status":"closed","template":"","meta":{"_acf_changed":false,"site-sidebar-layout":"default","site-content-layout":"","ast-site-content-layout":"default","site-content-style":"default","site-sidebar-style":"default","ast-global-header-display":"","ast-banner-title-visibility":"","ast-main-header-display":"","ast-hfb-above-header-display":"","ast-hfb-below-header-display":"","ast-hfb-mobile-header-display":"","site-post-title":"","ast-breadcrumbs-content":"","ast-featured-img":"","footer-sml-layout":"","ast-disable-related-posts":"","theme-transparent-header-meta":"default","adv-header-id-meta":"","stick-header-meta":"","header-above-stick-meta":"","header-main-stick-meta":"","header-below-stick-meta":"","astra-migrate-meta-layouts":"set","ast-page-background-enabled":"default","ast-page-background-meta":{"desktop":{"background-color":"var(--ast-global-color-5)","background-image":"","background-repeat":"repeat","background-position":"center center","background-size":"auto","background-attachment":"scroll","background-type":"","background-media":"","overlay-type":"","overlay-color":"","overlay-opacity":"","overlay-gradient":""},"tablet":{"background-color":"","background-image":"","background-repeat":"repeat","background-position":"center center","background-size":"auto","background-attachment":"scroll","background-type":"","background-media":"","overlay-type":"","overlay-color":"","overlay-opacity":"","overlay-gradient":""},"mobile":{"background-color":"","background-image":"","background-repeat":"repeat","background-position":"center center","background-size":"auto","background-attachment":"scroll","background-type":"","background-media":"","overlay-type":"","overlay-color":"","overlay-opacity":"","overlay-gradient":""}},"ast-content-background-meta":{"desktop":{"background-color":"var(--ast-global-color-4)","background-image":"","background-repeat":"repeat","background-position":"center center","background-size":"auto","background-attachment":"scroll","background-type":"","background-media":"","overlay-type":"","overlay-color":"","overlay-opacity":"","overlay-gradient":""},"tablet":{"background-color":"var(--ast-global-color-4)","background-image":"","background-repeat":"repeat","background-position":"center center","background-size":"auto","background-attachment":"scroll","background-type":"","background-media":"","overlay-type":"","overlay-color":"","overlay-opacity":"","overlay-gradient":""},"mobile":{"background-color":"var(--ast-global-color-4)","background-image":"","background-repeat":"repeat","background-position":"center center","background-size":"auto","background-attachment":"scroll","background-type":"","background-media":"","overlay-type":"","overlay-color":"","overlay-opacity":"","overlay-gradient":""}}},"product_brand":[],"product_cat":[56,62,72],"product_tag":[181,182],"class_list":{"0":"post-4861","1":"product","2":"type-product","3":"status-publish","4":"has-post-thumbnail","6":"product_cat-cosmetic-jars","7":"product_cat-cosmetic-containers","8":"product_cat-cosmetic-packaging","9":"product_tag-cream-storage-jars","10":"product_tag-empty-skincare-containers","11":"desktop-align-left","12":"tablet-align-left","13":"mobile-align-left","15":"first","16":"instock","17":"shipping-taxable","18":"product-type-simple"},"acf":[],"jetpack_sharing_enabled":true,"_links":{"self":[{"href":"https:\/\/theperfumebottles.com\/cs\/wp-json\/wp\/v2\/product\/4861","targetHints":{"allow":["GET"]}}],"collection":[{"href":"https:\/\/theperfumebottles.com\/cs\/wp-json\/wp\/v2\/product"}],"about":[{"href":"https:\/\/theperfumebottles.com\/cs\/wp-json\/wp\/v2\/types\/product"}],"replies":[{"embeddable":true,"href":"https:\/\/theperfumebottles.com\/cs\/wp-json\/wp\/v2\/comments?post=4861"}],"wp:featuredmedia":[{"embeddable":true,"href":"https:\/\/theperfumebottles.com\/cs\/wp-json\/wp\/v2\/media\/4862"}],"wp:attachment":[{"href":"https:\/\/theperfumebottles.com\/cs\/wp-json\/wp\/v2\/media?parent=4861"}],"wp:term":[{"taxonomy":"product_brand","embeddable":true,"href":"https:\/\/theperfumebottles.com\/cs\/wp-json\/wp\/v2\/product_brand?post=4861"},{"taxonomy":"product_cat","embeddable":true,"href":"https:\/\/theperfumebottles.com\/cs\/wp-json\/wp\/v2\/product_cat?post=4861"},{"taxonomy":"product_tag","embeddable":true,"href":"https:\/\/theperfumebottles.com\/cs\/wp-json\/wp\/v2\/product_tag?post=4861"}],"curies":[{"name":"wp","href":"https:\/\/api.w.org\/{rel}","templated":true}]}}