{"id":4911,"date":"2025-07-25T17:51:40","date_gmt":"2025-07-25T09:51:40","guid":{"rendered":"https:\/\/theperfumebottles.com\/?post_type=product&#038;p=4911"},"modified":"2026-05-05T13:15:47","modified_gmt":"2026-05-05T05:15:47","slug":"beauty-cream-jars-with-lids-for-cosmetic-wholesale","status":"publish","type":"product","link":"https:\/\/theperfumebottles.com\/cs\/produkt\/beauty-cream-jars-with-lids-for-cosmetic-wholesale\/","title":{"rendered":"5g \u2013 80g Beauty Cream Jars with Lids for Cosmetic Wholesale"},"content":{"rendered":"<p>Tyto d\u00f3zy na kosmetick\u00e9 kr\u00e9my maj\u00ed v\u00e1lcovit\u00fd design a jsou vyrobeny z bohat\u00e9ho jantarov\u00e9ho skla s \u010dern\u00fdm leskl\u00fdm v\u00ed\u010dkem. Jsou k dispozici v r\u016fzn\u00fdch velikostech, od mal\u00fdch d\u00f3z na vzorky a\u017e po velk\u00e9 a vysokokapacitn\u00ed n\u00e1doby.<\/p>\n<h2>Kl\u00ed\u010dov\u00e9 specifikace<\/h2>\n<p>&nbsp;<\/p>\n<table style=\"border-collapse: collapse; width: 80%; height: 131px; margin-left: auto; margin-right: auto;\" border=\"0\" width=\"144\" cellspacing=\"0\" cellpadding=\"0\">\n<tbody>\n<tr style=\"height: 13.50pt;\">\n<td style=\"height: 13.5pt; width: 54pt; text-align: center;\" width=\"72\" height=\"18\">Atribut<\/td>\n<td style=\"width: 54pt; text-align: center;\" width=\"72\">Podrobnosti<\/td>\n<\/tr>\n<tr style=\"height: 13.50pt;\">\n<td style=\"height: 13.5pt; text-align: center;\" height=\"18\">Capacity(g)<\/td>\n<td style=\"text-align: center;\">5, 8, 15, 30, 40, 50, 80<\/td>\n<\/tr>\n<tr style=\"height: 13.50pt;\">\n<td style=\"height: 13.5pt; text-align: center;\" height=\"18\">T\u011bsnic\u00ed mechanismus<\/td>\n<td style=\"text-align: center;\">Z\u00e1vitov\u00e9 hrdlo + kovov\u00e9 v\u00edko (p\u0159izp\u016fsobiteln\u00e9)<\/td>\n<\/tr>\n<tr style=\"height: 13.50pt;\">\n<td style=\"height: 13.5pt; text-align: center;\" height=\"18\">Tvar<\/td>\n<td style=\"text-align: center;\">Kolo<\/td>\n<\/tr>\n<tr style=\"height: 13.50pt;\">\n<td style=\"height: 13.5pt; text-align: center;\" height=\"18\">Materi\u00e1l<\/td>\n<td style=\"text-align: center;\">K\u0159i\u0161\u0165\u00e1lov\u00e9 sklo<\/td>\n<\/tr>\n<tr style=\"height: 13.50pt;\">\n<td style=\"height: 13.5pt; text-align: center;\" height=\"18\">Barva<\/td>\n<td style=\"text-align: center;\">Jantarov\u00e1 (k dispozici jsou vlastn\u00ed barvy)<\/td>\n<\/tr>\n<tr style=\"height: 13.50pt;\">\n<td style=\"height: 13.5pt; text-align: center;\" height=\"18\">P\u0159\u00edpad pou\u017eit\u00ed<\/td>\n<td style=\"text-align: center;\">Balen\u00ed o\u010dn\u00edho kr\u00e9mu, masky, masti<\/td>\n<\/tr>\n<\/tbody>\n<\/table>\n<h2>P\u0159\u00edb\u011bh \u00fasp\u011bchu<\/h2>\n<p>Spole\u010dnost zab\u00fdvaj\u00edc\u00ed se p\u00e9\u010d\u00ed o ple\u0165 si vybrala na\u0161e 15g, 30g, 50g a 80g kulat\u00e9 kosmetick\u00e9 kel\u00edmky jantarov\u00e9 barvy s v\u00ed\u010dky a nechala si na zak\u00e1zku s\u00edtotiskem popsat \u010d\u00edsla krok\u016f (1-4) a vyrobit bezpe\u010dnostn\u00ed pe\u010de\u0165. Z\u00e1sadn\u00ed UV ochrana prodlou\u017eila trvanlivost p\u0159\u00edpravku o 40 %. Tento komplexn\u00ed syst\u00e9m p\u00e9\u010de tak\u00e9 vedl k 30% n\u00e1r\u016fstu po\u010dtu lid\u00ed, kte\u0159\u00ed si koupili celou sadu, oproti koupi jednoho produktu. Tento \u00fasp\u011bch zna\u010dky vedl k tomu, \u017ee si zna\u010dka objednala dal\u0161\u00edch 1,5 milionu kel\u00edmk\u016f pro balen\u00ed sv\u00e9 nov\u00e9 \u0159ady produkt\u016f poopera\u010dn\u00ed p\u00e9\u010de a opalovac\u00edho kr\u00e9mu.<\/p>\n<h2>Tipy pro p\u0159izp\u016fsoben\u00ed<\/h2>\n<ul>\n<li><strong>Barevn\u00fd kontrast:<\/strong> Pro extravagantn\u00ed vzhled zkombinujte jantarov\u00e9 sklo se zlat\u00fdmi nebo b\u00edl\u00fdmi etiketami.<\/li>\n<li><strong>Kompatibilita s jemnou mlhou:<\/strong> P\u0159idejte pumpu nebo kap\u00e1tko pro konkr\u00e9tn\u00ed software.<\/li>\n<li><strong>Textura a hmatov\u00fd design:<\/strong> P\u0159idejte na sklen\u011bnou n\u00e1dobu reli\u00e9fn\u00ed vzory nebo vyv\u00fd\u0161en\u00e9 textury pro zkr\u00e1\u0161len\u00ed \u00fachopu a vizu\u00e1ln\u00ed okouzlen\u00ed.<\/li>\n<\/ul>","protected":false},"excerpt":{"rendered":"<p data-spm-anchor-id=\"5176.28103460.0.i4.29ab1db8t1fv9E\">D\u00f3zi\u010dky na kosmetick\u00e9 kr\u00e9my z jantarov\u00e9ho skla od 5 g do 80 g s elegantn\u00edmi \u010dern\u00fdmi v\u00ed\u010dky. Kosmetick\u00e9 kel\u00edmky s v\u00ed\u010dky zaji\u0161\u0165uj\u00ed UV ochranu a \u010derstvost. K dispozici jsou vzorky zdarma.<\/p>","protected":false},"featured_media":7784,"comment_status":"open","ping_status":"closed","template":"","meta":{"_acf_changed":false,"site-sidebar-layout":"default","site-content-layout":"","ast-site-content-layout":"default","site-content-style":"default","site-sidebar-style":"default","ast-global-header-display":"","ast-banner-title-visibility":"","ast-main-header-display":"","ast-hfb-above-header-display":"","ast-hfb-below-header-display":"","ast-hfb-mobile-header-display":"","site-post-title":"","ast-breadcrumbs-content":"","ast-featured-img":"","footer-sml-layout":"","ast-disable-related-posts":"","theme-transparent-header-meta":"default","adv-header-id-meta":"","stick-header-meta":"","header-above-stick-meta":"","header-main-stick-meta":"","header-below-stick-meta":"","astra-migrate-meta-layouts":"set","ast-page-background-enabled":"default","ast-page-background-meta":{"desktop":{"background-color":"var(--ast-global-color-5)","background-image":"","background-repeat":"repeat","background-position":"center center","background-size":"auto","background-attachment":"scroll","background-type":"","background-media":"","overlay-type":"","overlay-color":"","overlay-opacity":"","overlay-gradient":""},"tablet":{"background-color":"","background-image":"","background-repeat":"repeat","background-position":"center center","background-size":"auto","background-attachment":"scroll","background-type":"","background-media":"","overlay-type":"","overlay-color":"","overlay-opacity":"","overlay-gradient":""},"mobile":{"background-color":"","background-image":"","background-repeat":"repeat","background-position":"center center","background-size":"auto","background-attachment":"scroll","background-type":"","background-media":"","overlay-type":"","overlay-color":"","overlay-opacity":"","overlay-gradient":""}},"ast-content-background-meta":{"desktop":{"background-color":"var(--ast-global-color-4)","background-image":"","background-repeat":"repeat","background-position":"center center","background-size":"auto","background-attachment":"scroll","background-type":"","background-media":"","overlay-type":"","overlay-color":"","overlay-opacity":"","overlay-gradient":""},"tablet":{"background-color":"var(--ast-global-color-4)","background-image":"","background-repeat":"repeat","background-position":"center center","background-size":"auto","background-attachment":"scroll","background-type":"","background-media":"","overlay-type":"","overlay-color":"","overlay-opacity":"","overlay-gradient":""},"mobile":{"background-color":"var(--ast-global-color-4)","background-image":"","background-repeat":"repeat","background-position":"center center","background-size":"auto","background-attachment":"scroll","background-type":"","background-media":"","overlay-type":"","overlay-color":"","overlay-opacity":"","overlay-gradient":""}}},"product_brand":[],"product_cat":[56,62,72],"product_tag":[189,190],"class_list":{"0":"post-4911","1":"product","2":"type-product","3":"status-publish","4":"has-post-thumbnail","6":"product_cat-cosmetic-jars","7":"product_cat-cosmetic-containers","8":"product_cat-cosmetic-packaging","9":"product_tag-beauty-cream-jar","10":"product_tag-cosmetic-pots-with-lids","11":"desktop-align-left","12":"tablet-align-left","13":"mobile-align-left","15":"first","16":"instock","17":"shipping-taxable","18":"product-type-simple"},"acf":[],"jetpack_sharing_enabled":true,"_links":{"self":[{"href":"https:\/\/theperfumebottles.com\/cs\/wp-json\/wp\/v2\/product\/4911","targetHints":{"allow":["GET"]}}],"collection":[{"href":"https:\/\/theperfumebottles.com\/cs\/wp-json\/wp\/v2\/product"}],"about":[{"href":"https:\/\/theperfumebottles.com\/cs\/wp-json\/wp\/v2\/types\/product"}],"replies":[{"embeddable":true,"href":"https:\/\/theperfumebottles.com\/cs\/wp-json\/wp\/v2\/comments?post=4911"}],"wp:featuredmedia":[{"embeddable":true,"href":"https:\/\/theperfumebottles.com\/cs\/wp-json\/wp\/v2\/media\/7784"}],"wp:attachment":[{"href":"https:\/\/theperfumebottles.com\/cs\/wp-json\/wp\/v2\/media?parent=4911"}],"wp:term":[{"taxonomy":"product_brand","embeddable":true,"href":"https:\/\/theperfumebottles.com\/cs\/wp-json\/wp\/v2\/product_brand?post=4911"},{"taxonomy":"product_cat","embeddable":true,"href":"https:\/\/theperfumebottles.com\/cs\/wp-json\/wp\/v2\/product_cat?post=4911"},{"taxonomy":"product_tag","embeddable":true,"href":"https:\/\/theperfumebottles.com\/cs\/wp-json\/wp\/v2\/product_tag?post=4911"}],"curies":[{"name":"wp","href":"https:\/\/api.w.org\/{rel}","templated":true}]}}