{"id":4922,"date":"2025-07-25T17:56:06","date_gmt":"2025-07-25T09:56:06","guid":{"rendered":"https:\/\/theperfumebottles.com\/?post_type=product&#038;p=4922"},"modified":"2025-08-01T11:45:48","modified_gmt":"2025-08-01T03:45:48","slug":"empty-cosmetic-pots-custom-jar-packaging-for-skincare","status":"publish","type":"product","link":"https:\/\/theperfumebottles.com\/cs\/produkt\/empty-cosmetic-pots-custom-jar-packaging-for-skincare\/","title":{"rendered":"Pr\u00e1zdn\u00e9 kosmetick\u00e9 kel\u00edmky o objemu 2 oz, 250 ml a 8 oz \u2013 balen\u00ed do sklenic na m\u00edru pro p\u00e9\u010di o ple\u0165\u00a0"},"content":{"rendered":"<p>Pot\u0159ebujete zak\u00e1zkov\u00e9 balen\u00ed do d\u00f3z, kter\u00e9 spojuje odolnost a eleganci? Tyto pr\u00e1zdn\u00e9 kosmetick\u00e9 kel\u00edmky jsou ur\u010deny pro v\u00fdrobce produkt\u016f p\u00e9\u010de o ple\u0165 a poskytovatele kosmetick\u00fdch obal\u016f, kte\u0159\u00ed cht\u011bj\u00ed vytvo\u0159it dlouhodob\u00fd efekt.<\/p>\n<h2>Kl\u00ed\u010dov\u00e9 specifikace<\/h2>\n<table style=\"border-collapse: collapse;width: 80%;height: 17px;margin-left: auto;margin-right: auto\" border=\"0\" width=\"144\" cellspacing=\"0\" cellpadding=\"0\">\n<tbody>\n<tr style=\"height: 13.50pt\">\n<td style=\"height: 13.50pt;width: 54.00pt\" width=\"72\" height=\"18\">Atribut<\/td>\n<td style=\"width: 54.00pt\" width=\"72\">Podrobnosti<\/td>\n<\/tr>\n<tr style=\"height: 13.50pt\">\n<td style=\"height: 13.50pt\" height=\"18\">Kapacita<\/td>\n<td>2 oz, 250 ml, 8 oz<\/td>\n<\/tr>\n<tr style=\"height: 13.50pt\">\n<td style=\"height: 13.50pt\" height=\"18\">T\u011bsnic\u00ed mechanismus<\/td>\n<td>Z\u00e1vitov\u00e9 hrdlo + plastov\u00e9 v\u00edko (p\u0159izp\u016fsobiteln\u00e9)<\/td>\n<\/tr>\n<tr style=\"height: 13.50pt\">\n<td style=\"height: 13.50pt\" height=\"18\">Tvar<\/td>\n<td>Kolo<\/td>\n<\/tr>\n<tr style=\"height: 13.50pt\">\n<td style=\"height: 13.50pt\" height=\"18\">Materi\u00e1l<\/td>\n<td>K\u0159i\u0161\u0165\u00e1lov\u00e9 sklo<\/td>\n<\/tr>\n<tr style=\"height: 13.50pt\">\n<td style=\"height: 13.50pt\" height=\"18\">Barva<\/td>\n<td>Jantar<\/td>\n<\/tr>\n<tr style=\"height: 13.50pt\">\n<td style=\"height: 13.50pt\" height=\"18\">P\u0159\u00edpad pou\u017eit\u00ed<\/td>\n<td>Kr\u00e9my pro p\u00e9\u010di o ple\u0165<\/td>\n<\/tr>\n<\/tbody>\n<\/table>\n<h2>P\u0159\u00edb\u011bh \u00fasp\u011bchu: Prom\u011bna obal\u016f zna\u010dky p\u00e9\u010de o ple\u0165<\/h2>\n<p>Zna\u010dka p\u00e9\u010de o ple\u0165 cht\u011bla uv\u00e9st na trh \u0159adu s\u00e9r s vitam\u00ednem C. Zvolila tyto pr\u00e1zdn\u00e9 kosmetick\u00e9 kel\u00edmky s jantarov\u00fdm sklem a zak\u00e1zkov\u00fdmi zlat\u00fdmi etiketami. V\u00fdsledkem byl 45% n\u00e1r\u016fst prodeje, p\u0159i\u010dem\u017e z\u00e1kazn\u00edci chv\u00e1lili \u201ez\u00e1v\u011br, kter\u00fd p\u0159ipom\u00edn\u00e1 luxusn\u00ed l\u00e1ze\u0148sk\u00fd z\u00e1\u017eitek ve sklenici\u201c.<\/p>\n<h2>Tipy pro p\u0159izp\u016fsoben\u00ed<\/h2>\n<p>Pro prvot\u0159\u00eddn\u00ed vzhled zkombinujte jantarov\u00e9 sklo s b\u00edl\u00fdmi nebo kovov\u00fdmi etiketami a zva\u017ete matn\u00e9 nebo pr\u016fhledn\u00e9 etikety pro zd\u016frazn\u011bn\u00ed informac\u00ed o produktu. Vylep\u0161en\u00ed sklenice reli\u00e9fn\u00edmi nebo vyv\u00fd\u0161en\u00fdmi texturami dod\u00e1 sklenici vizu\u00e1ln\u00ed atraktivitu a lep\u0161\u00ed \u00fachop.<\/p>","protected":false},"excerpt":{"rendered":"<p>Odoln\u00e9 pr\u00e1zdn\u00e9 kosmetick\u00e9 kel\u00edmky z jantarov\u00e9ho skla. Balen\u00ed kosmetick\u00fdch d\u00f3z pro p\u00e9\u010di o ple\u0165, p\u0159izp\u016fsobiteln\u00e9, ihned k odesl\u00e1n\u00ed, ide\u00e1ln\u00ed pro hromadn\u00e9 objedn\u00e1vky.<\/p>","protected":false},"featured_media":4947,"comment_status":"open","ping_status":"closed","template":"","meta":{"_acf_changed":false,"site-sidebar-layout":"default","site-content-layout":"","ast-site-content-layout":"default","site-content-style":"default","site-sidebar-style":"default","ast-global-header-display":"","ast-banner-title-visibility":"","ast-main-header-display":"","ast-hfb-above-header-display":"","ast-hfb-below-header-display":"","ast-hfb-mobile-header-display":"","site-post-title":"","ast-breadcrumbs-content":"","ast-featured-img":"","footer-sml-layout":"","ast-disable-related-posts":"","theme-transparent-header-meta":"default","adv-header-id-meta":"","stick-header-meta":"","header-above-stick-meta":"","header-main-stick-meta":"","header-below-stick-meta":"","astra-migrate-meta-layouts":"set","ast-page-background-enabled":"default","ast-page-background-meta":{"desktop":{"background-color":"var(--ast-global-color-5)","background-image":"","background-repeat":"repeat","background-position":"center center","background-size":"auto","background-attachment":"scroll","background-type":"","background-media":"","overlay-type":"","overlay-color":"","overlay-opacity":"","overlay-gradient":""},"tablet":{"background-color":"","background-image":"","background-repeat":"repeat","background-position":"center center","background-size":"auto","background-attachment":"scroll","background-type":"","background-media":"","overlay-type":"","overlay-color":"","overlay-opacity":"","overlay-gradient":""},"mobile":{"background-color":"","background-image":"","background-repeat":"repeat","background-position":"center center","background-size":"auto","background-attachment":"scroll","background-type":"","background-media":"","overlay-type":"","overlay-color":"","overlay-opacity":"","overlay-gradient":""}},"ast-content-background-meta":{"desktop":{"background-color":"var(--ast-global-color-4)","background-image":"","background-repeat":"repeat","background-position":"center center","background-size":"auto","background-attachment":"scroll","background-type":"","background-media":"","overlay-type":"","overlay-color":"","overlay-opacity":"","overlay-gradient":""},"tablet":{"background-color":"var(--ast-global-color-4)","background-image":"","background-repeat":"repeat","background-position":"center center","background-size":"auto","background-attachment":"scroll","background-type":"","background-media":"","overlay-type":"","overlay-color":"","overlay-opacity":"","overlay-gradient":""},"mobile":{"background-color":"var(--ast-global-color-4)","background-image":"","background-repeat":"repeat","background-position":"center center","background-size":"auto","background-attachment":"scroll","background-type":"","background-media":"","overlay-type":"","overlay-color":"","overlay-opacity":"","overlay-gradient":""}}},"product_brand":[],"product_cat":[72,62,56],"product_tag":[194,193],"class_list":{"0":"post-4922","1":"product","2":"type-product","3":"status-publish","4":"has-post-thumbnail","6":"product_cat-cosmetic-packaging","7":"product_cat-cosmetic-containers","8":"product_cat-cosmetic-jars","9":"product_tag-cosmetic-jar-packaging","10":"product_tag-empty-cosmetic-pots","11":"desktop-align-left","12":"tablet-align-left","13":"mobile-align-left","15":"first","16":"instock","17":"shipping-taxable","18":"product-type-simple"},"acf":[],"jetpack_sharing_enabled":true,"_links":{"self":[{"href":"https:\/\/theperfumebottles.com\/cs\/wp-json\/wp\/v2\/product\/4922","targetHints":{"allow":["GET"]}}],"collection":[{"href":"https:\/\/theperfumebottles.com\/cs\/wp-json\/wp\/v2\/product"}],"about":[{"href":"https:\/\/theperfumebottles.com\/cs\/wp-json\/wp\/v2\/types\/product"}],"replies":[{"embeddable":true,"href":"https:\/\/theperfumebottles.com\/cs\/wp-json\/wp\/v2\/comments?post=4922"}],"wp:featuredmedia":[{"embeddable":true,"href":"https:\/\/theperfumebottles.com\/cs\/wp-json\/wp\/v2\/media\/4947"}],"wp:attachment":[{"href":"https:\/\/theperfumebottles.com\/cs\/wp-json\/wp\/v2\/media?parent=4922"}],"wp:term":[{"taxonomy":"product_brand","embeddable":true,"href":"https:\/\/theperfumebottles.com\/cs\/wp-json\/wp\/v2\/product_brand?post=4922"},{"taxonomy":"product_cat","embeddable":true,"href":"https:\/\/theperfumebottles.com\/cs\/wp-json\/wp\/v2\/product_cat?post=4922"},{"taxonomy":"product_tag","embeddable":true,"href":"https:\/\/theperfumebottles.com\/cs\/wp-json\/wp\/v2\/product_tag?post=4922"}],"curies":[{"name":"wp","href":"https:\/\/api.w.org\/{rel}","templated":true}]}}