{"id":4932,"date":"2025-07-25T17:57:13","date_gmt":"2025-07-25T09:57:13","guid":{"rendered":"https:\/\/theperfumebottles.com\/?post_type=product&#038;p=4932"},"modified":"2026-03-30T15:56:01","modified_gmt":"2026-03-30T07:56:01","slug":"clear-50ml-cosmetic-containers-with-gold-lids-wholesale","status":"publish","type":"product","link":"https:\/\/theperfumebottles.com\/cs\/produkt\/clear-50ml-cosmetic-containers-with-gold-lids-wholesale\/","title":{"rendered":"Velkoobchodn\u00ed prodej pr\u016fhledn\u00fdch kosmetick\u00fdch n\u00e1dob o objemu 50 ml se zlat\u00fdmi v\u00ed\u010dky"},"content":{"rendered":"<p>Tyto kosmetick\u00e9 n\u00e1dobky o objemu 50 ml maj\u00ed sofistikovan\u00fd, vrstevnat\u00fd design. Lahvi\u010dka je vyrobena z pr\u016fhledn\u00e9 v\u00e1lcov\u00e9 sklen\u011bn\u00e9 trubice s centr\u00e1ln\u00edm okrajem a vysoce leskl\u00fdm kovov\u00fdm zlat\u00fdm krou\u017ekem kolem n\u011bj. V\u00ed\u010dko je z \u010dir\u00e9ho akrylu s tenk\u00fdm kovov\u00fdm zlat\u00fdm r\u00e1me\u010dkem.<\/p>\n<h2><span class=\"highlights\" data-v-df95d256=\"\">Kl\u00ed\u010dov\u00e9 specifikace <\/span><\/h2>\n<table style=\"border-collapse: collapse; width: 80%; height: 5px; margin-left: auto; margin-right: auto;\" border=\"0\" width=\"144\" cellspacing=\"0\" cellpadding=\"0\">\n<tbody>\n<tr style=\"height: 13.50pt;\">\n<td style=\"height: 13.50pt; width: 54.00pt;\" width=\"72\" height=\"18\">Atribut<\/td>\n<td style=\"width: 54.00pt;\" width=\"72\">Podrobnosti<\/td>\n<\/tr>\n<tr style=\"height: 13.50pt;\">\n<td style=\"height: 13.50pt;\" height=\"18\">Kapacita<\/td>\n<td>50ml<\/td>\n<\/tr>\n<tr style=\"height: 13.50pt;\">\n<td style=\"height: 13.50pt;\" height=\"18\">T\u011bsnic\u00ed mechanismus<\/td>\n<td>Z\u00e1vitov\u00e9 hrdlo + plastov\u00e9 v\u00edko (p\u0159izp\u016fsobiteln\u00e9)<\/td>\n<\/tr>\n<tr style=\"height: 13.50pt;\">\n<td style=\"height: 13.50pt;\" height=\"18\">Tvar<\/td>\n<td>Kolo<\/td>\n<\/tr>\n<tr style=\"height: 13.50pt;\">\n<td style=\"height: 13.50pt;\" height=\"18\">Materi\u00e1l<\/td>\n<td>K\u0159i\u0161\u0165\u00e1lov\u00e9 sklo<\/td>\n<\/tr>\n<tr style=\"height: 13.50pt;\">\n<td style=\"height: 13.50pt;\" height=\"18\">Barva<\/td>\n<td>Vymazat (vlastn\u00ed)<\/td>\n<\/tr>\n<tr style=\"height: 13.50pt;\">\n<td style=\"height: 13.50pt;\" height=\"18\">P\u0159\u00edpad pou\u017eit\u00ed<\/td>\n<td>Balen\u00ed kr\u00e9m\u016f a ple\u0165ov\u00fdch ml\u00e9k<\/td>\n<\/tr>\n<\/tbody>\n<\/table>\n<h2>P\u0159\u00edb\u011bh \u00fasp\u011bchu: Luxusn\u00ed no\u010dn\u00ed kr\u00e9m z Bl\u00edzk\u00e9ho v\u00fdchodu<\/h2>\n<p>Na\u0161e 50ml \u010dir\u00e9 sklen\u011bn\u00e9 kosmetick\u00e9 d\u00f3zy byly upraveny luxusn\u00ed kosmetickou spole\u010dnost\u00ed se s\u00eddlem na Bl\u00edzk\u00e9m v\u00fdchod\u011b, kter\u00e1 p\u0159idala zlat\u00e9 krou\u017eky s povlakem z r\u016f\u017eov\u00e9ho zlata PVD a reli\u00e9fn\u00ed povrchovou \u00fapravou. Pr\u016fhledn\u00e9 d\u00f3zy byly perfektn\u00ed demonstrac\u00ed zlat\u00fdch list\u016f, co\u017e vedlo k 300% n\u00e1r\u016fstu sd\u00edlen\u00ed na soci\u00e1ln\u00edch s\u00edt\u00edch. Prvn\u00edch 50 000 kus\u016f se d\u00edky kr\u00e1sn\u00e9mu balen\u00ed prodalo b\u011bhem 72 hodin. Obrovsk\u00fd \u00fasp\u011bch zna\u010dky vedl k objedn\u00e1vce dal\u0161\u00edch 750 000 d\u00f3z, kter\u00e9 uvolnily dal\u0161\u00ed \u0159adu rozjas\u0148uj\u00edc\u00edch primer\u016f a ple\u0165ov\u00fdch olej\u016f.<\/p>\n<h2><span class=\"highlights\" data-v-df95d256=\"\">Tipy pro p\u0159izp\u016fsoben\u00ed <\/span><\/h2>\n<ul>\n<li><strong>Barevn\u00e1 harmonie:<\/strong> Zkombinujte \u010dist\u00e9 sklo s jemn\u00fdmi pastelov\u00fdmi nebo b\u00edl\u00fdmi etiketami a vytvo\u0159te tak sv\u011b\u017e\u00ed, modern\u00ed a m\u00f3dn\u00ed vzhled.<\/li>\n<li><strong>Design \u0161t\u00edtku:<\/strong> Pou\u017e\u00edvejte z\u0159eteln\u00e9 nebo ocelov\u00e9 etikety k zam\u011b\u0159en\u00ed se na kl\u00ed\u010dov\u00e9 slo\u017eky a v\u00fdhody produktu, \u010d\u00edm\u017e vylep\u0161\u00edte jak vzhled, tak i informace pro z\u00e1kazn\u00edky.<\/li>\n<li><strong>Texturovan\u00e9 prvky:<\/strong> Pro lep\u0161\u00ed \u00fachop a zv\u00fd\u0161en\u00ed vizu\u00e1ln\u00ed i hmatov\u00e9 p\u0159ita\u017elivosti pou\u017eijte na sklen\u011bn\u00e9 n\u00e1doby reli\u00e9fn\u00ed styly nebo vyv\u00fd\u0161en\u00e9 textury.<\/li>\n<\/ul>","protected":false},"excerpt":{"rendered":"<p>50ml kosmetick\u00e9 d\u00f3zy s \u010dir\u00fdm sklem a zlat\u00fdmi akcenty. Pr\u016fhledn\u00e9 sklen\u011bn\u00e9 d\u00f3zy na kosmetiku nab\u00edzej\u00ed luxusn\u00ed vzhled a vzduchot\u011bsn\u00e9 uzav\u0159en\u00ed. Vzorky zdarma k dispozici je\u0161t\u011b dnes.<\/p>","protected":false},"featured_media":4946,"comment_status":"open","ping_status":"closed","template":"","meta":{"_acf_changed":false,"site-sidebar-layout":"default","site-content-layout":"","ast-site-content-layout":"default","site-content-style":"default","site-sidebar-style":"default","ast-global-header-display":"","ast-banner-title-visibility":"","ast-main-header-display":"","ast-hfb-above-header-display":"","ast-hfb-below-header-display":"","ast-hfb-mobile-header-display":"","site-post-title":"","ast-breadcrumbs-content":"","ast-featured-img":"","footer-sml-layout":"","ast-disable-related-posts":"","theme-transparent-header-meta":"default","adv-header-id-meta":"","stick-header-meta":"","header-above-stick-meta":"","header-main-stick-meta":"","header-below-stick-meta":"","astra-migrate-meta-layouts":"set","ast-page-background-enabled":"default","ast-page-background-meta":{"desktop":{"background-color":"var(--ast-global-color-5)","background-image":"","background-repeat":"repeat","background-position":"center center","background-size":"auto","background-attachment":"scroll","background-type":"","background-media":"","overlay-type":"","overlay-color":"","overlay-opacity":"","overlay-gradient":""},"tablet":{"background-color":"","background-image":"","background-repeat":"repeat","background-position":"center center","background-size":"auto","background-attachment":"scroll","background-type":"","background-media":"","overlay-type":"","overlay-color":"","overlay-opacity":"","overlay-gradient":""},"mobile":{"background-color":"","background-image":"","background-repeat":"repeat","background-position":"center center","background-size":"auto","background-attachment":"scroll","background-type":"","background-media":"","overlay-type":"","overlay-color":"","overlay-opacity":"","overlay-gradient":""}},"ast-content-background-meta":{"desktop":{"background-color":"var(--ast-global-color-4)","background-image":"","background-repeat":"repeat","background-position":"center center","background-size":"auto","background-attachment":"scroll","background-type":"","background-media":"","overlay-type":"","overlay-color":"","overlay-opacity":"","overlay-gradient":""},"tablet":{"background-color":"var(--ast-global-color-4)","background-image":"","background-repeat":"repeat","background-position":"center center","background-size":"auto","background-attachment":"scroll","background-type":"","background-media":"","overlay-type":"","overlay-color":"","overlay-opacity":"","overlay-gradient":""},"mobile":{"background-color":"var(--ast-global-color-4)","background-image":"","background-repeat":"repeat","background-position":"center center","background-size":"auto","background-attachment":"scroll","background-type":"","background-media":"","overlay-type":"","overlay-color":"","overlay-opacity":"","overlay-gradient":""}}},"product_brand":[],"product_cat":[56,62,72],"product_tag":[197,198],"class_list":{"0":"post-4932","1":"product","2":"type-product","3":"status-publish","4":"has-post-thumbnail","6":"product_cat-cosmetic-jars","7":"product_cat-cosmetic-containers","8":"product_cat-cosmetic-packaging","9":"product_tag-50ml-cosmetic-containers","10":"product_tag-clear-glass-cosmetic-jars","11":"desktop-align-left","12":"tablet-align-left","13":"mobile-align-left","15":"first","16":"instock","17":"shipping-taxable","18":"product-type-simple"},"acf":[],"jetpack_sharing_enabled":true,"_links":{"self":[{"href":"https:\/\/theperfumebottles.com\/cs\/wp-json\/wp\/v2\/product\/4932","targetHints":{"allow":["GET"]}}],"collection":[{"href":"https:\/\/theperfumebottles.com\/cs\/wp-json\/wp\/v2\/product"}],"about":[{"href":"https:\/\/theperfumebottles.com\/cs\/wp-json\/wp\/v2\/types\/product"}],"replies":[{"embeddable":true,"href":"https:\/\/theperfumebottles.com\/cs\/wp-json\/wp\/v2\/comments?post=4932"}],"wp:featuredmedia":[{"embeddable":true,"href":"https:\/\/theperfumebottles.com\/cs\/wp-json\/wp\/v2\/media\/4946"}],"wp:attachment":[{"href":"https:\/\/theperfumebottles.com\/cs\/wp-json\/wp\/v2\/media?parent=4932"}],"wp:term":[{"taxonomy":"product_brand","embeddable":true,"href":"https:\/\/theperfumebottles.com\/cs\/wp-json\/wp\/v2\/product_brand?post=4932"},{"taxonomy":"product_cat","embeddable":true,"href":"https:\/\/theperfumebottles.com\/cs\/wp-json\/wp\/v2\/product_cat?post=4932"},{"taxonomy":"product_tag","embeddable":true,"href":"https:\/\/theperfumebottles.com\/cs\/wp-json\/wp\/v2\/product_tag?post=4932"}],"curies":[{"name":"wp","href":"https:\/\/api.w.org\/{rel}","templated":true}]}}