{"id":4985,"date":"2025-07-29T17:23:15","date_gmt":"2025-07-29T09:23:15","guid":{"rendered":"https:\/\/theperfumebottles.com\/?post_type=product&#038;p=4985"},"modified":"2026-04-28T15:56:07","modified_gmt":"2026-04-28T07:56:07","slug":"30ml-amber-cosmetic-jars-with-custom-options-in-bulk","status":"publish","type":"product","link":"https:\/\/theperfumebottles.com\/cs\/produkt\/30ml-amber-cosmetic-jars-with-custom-options-in-bulk\/","title":{"rendered":"30ml jantarov\u00e9 kosmetick\u00e9 d\u00f3zy s mo\u017enost\u00ed vlastn\u00edho v\u00fdb\u011bru ve velk\u00e9m"},"content":{"rendered":"<p>Pot\u0159ebujete kosmetick\u00e9 balen\u00ed, kter\u00e9 kombinuje funk\u010dnost a eleganci? Tyto 30ml hn\u011bd\u00e9 kosmetick\u00e9 v\u00e1\u010dky jsou navr\u017eeny pro kozmetick\u00e9 zna\u010dky a dodavatele balen\u00ed kr\u00e1sy, kte\u0159\u00ed cht\u011bj\u00ed ud\u011blat dopad.<\/p>\n<h2>Kl\u00ed\u010dov\u00e9 specifikace<\/h2>\n<table style=\"border-collapse: collapse; width: 986px; height: 5px; margin-left: 120px;\" border=\"0\" width=\"432\" cellspacing=\"0\" cellpadding=\"0\">\n<tbody>\n<tr style=\"height: 13.50pt;\">\n<td style=\"height: 13.5pt; width: 54pt; text-align: center;\" width=\"72\" height=\"18\">Kapacita<\/td>\n<td style=\"width: 54pt; text-align: center;\" width=\"72\">Metoda t\u011bsn\u011bn\u00ed<\/td>\n<td style=\"width: 54pt; text-align: center;\" width=\"72\">Tvar<\/td>\n<td style=\"width: 54pt; text-align: center;\" width=\"72\">Materi\u00e1l<\/td>\n<td style=\"width: 54pt; text-align: center;\" width=\"72\">Barva<\/td>\n<td style=\"width: 54pt; text-align: center;\" width=\"72\">P\u0159\u00edpad pou\u017eit\u00ed<\/td>\n<\/tr>\n<tr style=\"height: 13.50pt;\">\n<td style=\"height: 13.5pt; text-align: center;\" height=\"18\">30ml<\/td>\n<td style=\"text-align: center;\">Odtapnut\u00fd krk + plastov\u00e1 poklice<\/td>\n<td style=\"text-align: center;\">Kolo<\/td>\n<td style=\"text-align: center;\">K\u0159i\u0161\u0165\u00e1lov\u00e9 sklo<\/td>\n<td style=\"text-align: center;\">Hn\u011bd\u00e1 (p\u0159izp\u016fsobiteln\u00e1)<\/td>\n<td style=\"text-align: center;\">Bals\u00e1m na rty, kr\u00e9my, ple\u0165ov\u00e9 p\u0159\u00edpravky<\/td>\n<\/tr>\n<\/tbody>\n<\/table>\n<h2>\u00dasp\u011b\u0161n\u00e1 p\u0159\u00edb\u011bh: Revize balen\u00ed zna\u010dky p\u0159irozen\u00e9 kozmetiky<\/h2>\n<p>\u010cist\u00e1 kr\u00e1su startup pot\u0159ebovala 30ml hn\u011bd\u00e9 kosmetick\u00e9 v\u00e1\u010dky pro jejich vitamin C s\u00e9r\u00e1m. V\u00fdb\u011br na\u0161ich kosmetick\u00fdch n\u00e1doby s p\u0159izp\u016fsobiteln\u00fdmi matn\u00fdmi \u010dern\u00fdmi poklicemi a minimalistick\u00fdmi etiketami. V\u00fdsledek? Zv\u00fd\u0161en\u00ed d\u016fv\u011bry z\u00e1kazn\u00edk\u016f o 60%, s koment\u00e1\u0159i kupuj\u00edc\u00edch, \u201eHn\u011bd\u00e9 kosmetick\u00e9 v\u00e1\u010dky vypadaj\u00ed jako luxusn\u00ed spa ve m\u00e9 koupeln\u011b.\u201c<\/p>\n<h2>Tipy pro p\u0159izp\u016fsoben\u00ed<\/h2>\n<ul>\n<li><strong>Barevn\u00fd kontrast:<\/strong> P\u0159ipev\u0148te hn\u011bdou sklo s b\u00edlou nebo zlatou poklic\u00ed pro vynikaj\u00edc\u00ed vzhled.<\/li>\n<li><strong>Design \u0161t\u00edtku:<\/strong> Pou\u017eijte matn\u00e9 etikety s vyryt\u00fdmi ochrann\u00fdmi zn\u00e1mkami pro hmatov\u00fd z\u00e1\u017eitek.<\/li>\n<li><strong>Sm\u011bs materi\u00e1l\u016f:<\/strong> Kombinujte hn\u011bdou sklo s o\u0161etlen\u00fdm ocelov\u00fdm nebo matn\u00fdm plastov\u00fdm poklicemi k vytvo\u0159en\u00ed modern\u00edho vzhledu kosmetick\u00fdch bal\u00ed\u010dk\u016f.<\/li>\n<\/ul>","protected":false},"excerpt":{"rendered":"<p>30ml hn\u011bd\u00e9 kosmetick\u00e9 v\u00e1\u010dky pro kr\u00e9my a ple\u0165ov\u00e9 p\u0159\u00edpravky. Ekologick\u00e9, UV-ochrann\u00e9 a p\u0159ipraven\u00e9 k odesl\u00e1n\u00ed. Perfektn\u00ed pro masov\u00e9 balen\u00ed kr\u00e1sy.<\/p>","protected":false},"featured_media":4986,"comment_status":"open","ping_status":"closed","template":"","meta":{"_acf_changed":false,"site-sidebar-layout":"default","site-content-layout":"","ast-site-content-layout":"default","site-content-style":"default","site-sidebar-style":"default","ast-global-header-display":"","ast-banner-title-visibility":"","ast-main-header-display":"","ast-hfb-above-header-display":"","ast-hfb-below-header-display":"","ast-hfb-mobile-header-display":"","site-post-title":"","ast-breadcrumbs-content":"","ast-featured-img":"","footer-sml-layout":"","ast-disable-related-posts":"","theme-transparent-header-meta":"default","adv-header-id-meta":"","stick-header-meta":"","header-above-stick-meta":"","header-main-stick-meta":"","header-below-stick-meta":"","astra-migrate-meta-layouts":"set","ast-page-background-enabled":"default","ast-page-background-meta":{"desktop":{"background-color":"var(--ast-global-color-5)","background-image":"","background-repeat":"repeat","background-position":"center center","background-size":"auto","background-attachment":"scroll","background-type":"","background-media":"","overlay-type":"","overlay-color":"","overlay-opacity":"","overlay-gradient":""},"tablet":{"background-color":"","background-image":"","background-repeat":"repeat","background-position":"center center","background-size":"auto","background-attachment":"scroll","background-type":"","background-media":"","overlay-type":"","overlay-color":"","overlay-opacity":"","overlay-gradient":""},"mobile":{"background-color":"","background-image":"","background-repeat":"repeat","background-position":"center center","background-size":"auto","background-attachment":"scroll","background-type":"","background-media":"","overlay-type":"","overlay-color":"","overlay-opacity":"","overlay-gradient":""}},"ast-content-background-meta":{"desktop":{"background-color":"var(--ast-global-color-4)","background-image":"","background-repeat":"repeat","background-position":"center center","background-size":"auto","background-attachment":"scroll","background-type":"","background-media":"","overlay-type":"","overlay-color":"","overlay-opacity":"","overlay-gradient":""},"tablet":{"background-color":"var(--ast-global-color-4)","background-image":"","background-repeat":"repeat","background-position":"center center","background-size":"auto","background-attachment":"scroll","background-type":"","background-media":"","overlay-type":"","overlay-color":"","overlay-opacity":"","overlay-gradient":""},"mobile":{"background-color":"var(--ast-global-color-4)","background-image":"","background-repeat":"repeat","background-position":"center center","background-size":"auto","background-attachment":"scroll","background-type":"","background-media":"","overlay-type":"","overlay-color":"","overlay-opacity":"","overlay-gradient":""}}},"product_brand":[],"product_cat":[56,62,72],"product_tag":[201,200],"class_list":{"0":"post-4985","1":"product","2":"type-product","3":"status-publish","4":"has-post-thumbnail","6":"product_cat-cosmetic-jars","7":"product_cat-cosmetic-containers","8":"product_cat-cosmetic-packaging","9":"product_tag-30ml-cosmetic-jars","10":"product_tag-amber-cosmetic-jars","11":"desktop-align-left","12":"tablet-align-left","13":"mobile-align-left","15":"first","16":"instock","17":"shipping-taxable","18":"product-type-simple"},"acf":[],"jetpack_sharing_enabled":true,"_links":{"self":[{"href":"https:\/\/theperfumebottles.com\/cs\/wp-json\/wp\/v2\/product\/4985","targetHints":{"allow":["GET"]}}],"collection":[{"href":"https:\/\/theperfumebottles.com\/cs\/wp-json\/wp\/v2\/product"}],"about":[{"href":"https:\/\/theperfumebottles.com\/cs\/wp-json\/wp\/v2\/types\/product"}],"replies":[{"embeddable":true,"href":"https:\/\/theperfumebottles.com\/cs\/wp-json\/wp\/v2\/comments?post=4985"}],"wp:featuredmedia":[{"embeddable":true,"href":"https:\/\/theperfumebottles.com\/cs\/wp-json\/wp\/v2\/media\/4986"}],"wp:attachment":[{"href":"https:\/\/theperfumebottles.com\/cs\/wp-json\/wp\/v2\/media?parent=4985"}],"wp:term":[{"taxonomy":"product_brand","embeddable":true,"href":"https:\/\/theperfumebottles.com\/cs\/wp-json\/wp\/v2\/product_brand?post=4985"},{"taxonomy":"product_cat","embeddable":true,"href":"https:\/\/theperfumebottles.com\/cs\/wp-json\/wp\/v2\/product_cat?post=4985"},{"taxonomy":"product_tag","embeddable":true,"href":"https:\/\/theperfumebottles.com\/cs\/wp-json\/wp\/v2\/product_tag?post=4985"}],"curies":[{"name":"wp","href":"https:\/\/api.w.org\/{rel}","templated":true}]}}