{"id":4990,"date":"2025-07-29T17:27:28","date_gmt":"2025-07-29T09:27:28","guid":{"rendered":"https:\/\/theperfumebottles.com\/?post_type=product&#038;p=4990"},"modified":"2026-03-30T14:38:28","modified_gmt":"2026-03-30T06:38:28","slug":"custom-1-oz-cosmetic-jars-with-lids-wholesale","status":"publish","type":"product","link":"https:\/\/theperfumebottles.com\/cs\/produkt\/custom-1-oz-cosmetic-jars-with-lids-wholesale\/","title":{"rendered":"Velkoobchodn\u00ed prodej kosmetick\u00fdch d\u00f3z s v\u00ed\u010dky na m\u00edru o objemu 5 g \u2013 80 g"},"content":{"rendered":"<p>Jsou to kulat\u00e9 kosmetick\u00e9 d\u00f3zy o objemu 28 g, kter\u00e9 se vyr\u00e1b\u011bj\u00ed ze dvou typ\u016f: z m\u011bkk\u00e9ho matn\u00e9ho skla a z k\u0159i\u0161\u0165\u00e1lov\u011b \u010dir\u00e9ho skla, a jsou baleny ve sklen\u011bn\u00fdch v\u00e1lcov\u00fdch lahvi\u010dk\u00e1ch. D\u00f3zy maj\u00ed standardn\u00ed z\u00e1vitov\u00fd uz\u00e1v\u011br a mohou m\u00edt kovov\u00e9 \u0161roubovac\u00ed uz\u00e1v\u011bry v \u010dern\u00e9, st\u0159\u00edbrn\u00e9 nebo zlat\u00e9 barv\u011b.<\/p>\n<h2><strong data-spm-anchor-id=\"5176.28103460.0.i23.29ab1db81jJxsg\">Kl\u00ed\u010dov\u00e9 specifikace<\/strong><\/h2>\n<table style=\"border-collapse: collapse; width: 80%; margin-left: auto; margin-right: auto;\" border=\"0\" width=\"360\" cellspacing=\"0\" cellpadding=\"0\">\n<tbody>\n<tr style=\"height: 13.50pt;\">\n<td style=\"height: 13.50pt; width: 54.00pt;\" width=\"72\" height=\"18\">Kapacita<\/td>\n<td style=\"width: 54.00pt;\" width=\"72\">Metoda t\u011bsn\u011bn\u00ed<\/td>\n<td style=\"width: 54.00pt;\" width=\"72\">Materi\u00e1l<\/td>\n<td style=\"width: 54.00pt;\" width=\"72\">Mo\u017enosti barev<\/td>\n<td style=\"width: 54.00pt;\" width=\"72\">Pou\u017e\u00edv\u00e1n\u00ed<\/td>\n<\/tr>\n<tr style=\"height: 13.50pt;\">\n<td style=\"height: 13.50pt;\" height=\"18\">5 g<\/td>\n<td class=\"et2\" rowspan=\"7\">Z\u00e1vitov\u00e9 hrdlo + plastov\u00e9\/kovov\u00e9 v\u00edko<\/td>\n<td class=\"et2\" rowspan=\"7\">K\u0159i\u0161\u0165\u00e1lov\u00e9 sklo<\/td>\n<td class=\"et2\" rowspan=\"7\">Jantarov\u00e9, matn\u00e9 a zlat\u00e9 v\u00edko nebo dle va\u0161ich po\u017eadavk\u016f<\/td>\n<td class=\"et2\" rowspan=\"7\">Kr\u00e9m na obli\u010dej, t\u011blov\u00fd kr\u00e9m, o\u010dn\u00ed kr\u00e9m, kr\u00e9m na rty\u2026<\/td>\n<\/tr>\n<tr style=\"height: 13.50pt;\">\n<td style=\"height: 13.50pt;\" height=\"18\">10 g<\/td>\n<\/tr>\n<tr style=\"height: 13.50pt;\">\n<td style=\"height: 13.50pt;\" height=\"18\">15 g (0,5 oz)<\/td>\n<\/tr>\n<tr style=\"height: 13.50pt;\">\n<td style=\"height: 13.50pt;\" height=\"18\">20 g<\/td>\n<\/tr>\n<tr style=\"height: 13.50pt;\">\n<td style=\"height: 13.50pt;\" height=\"18\">30 g (1 unce)<\/td>\n<\/tr>\n<tr style=\"height: 13.50pt;\">\n<td style=\"height: 13.50pt;\" height=\"18\">50 g<\/td>\n<\/tr>\n<tr style=\"height: 13.50pt;\">\n<td style=\"height: 13.50pt;\" height=\"18\">80 g<\/td>\n<\/tr>\n<\/tbody>\n<\/table>\n<h2>P\u0159\u00edb\u011bh \u00fasp\u011bchu: Zak\u00e1zkov\u00e1 objedn\u00e1vka u americk\u00e9 zna\u010dky organick\u00e9 p\u00e9\u010de o ple\u0165<\/h2>\n<p>N\u00e1\u0161 syst\u00e9m zak\u00e1zkov\u00e9ho balen\u00ed kosmetiky si vybrala kalifornsk\u00e1 zna\u010dka organick\u00e9 p\u00e9\u010de o ple\u0165, kter\u00e1 pou\u017e\u00edvala pr\u016fhledn\u00e9 sklo se zlat\u00fdmi v\u00ed\u010dky. Personalizovan\u00e9 \u0159e\u0161en\u00ed balen\u00ed m\u011blo dramatick\u00e9 d\u016fsledky: online konverze se zlep\u0161ila o 20 procent a vysoce kvalitn\u00ed kovov\u00e9 v\u00ed\u010dka vytvo\u0159ila ide\u00e1ln\u00ed uz\u00e1v\u011br, kter\u00fd nejen prodlou\u017eil trvanlivost p\u0159\u00edrodn\u00edch esenci\u00e1ln\u00edch olej\u016f o 30 %, ale tak\u00e9 pomohl bezchybn\u011b vyniknout textu\u0159e s\u00e9ra ulo\u017een\u00e9ho v pr\u016fhledn\u00fdch lahvi\u010dk\u00e1ch. Na z\u00e1klad\u011b tohoto \u00fasp\u011bchu si tak\u00e9 objednali dal\u0161\u00edch 420 000 kel\u00edmk\u016f, aby uvedli na trh novou specializovanou \u0159adu p\u00e9\u010de o ple\u0165, a dohodli se o partnerstv\u00ed s p\u0159edplatn\u00fdm.<\/p>\n<h2>\u0158e\u0161en\u00ed pro zak\u00e1zkov\u00e9 balen\u00ed kosmetiky<\/h2>\n<ul>\n<li>Materi\u00e1l a povrchov\u00e1 \u00faprava v\u00edka: Krom\u011b standardn\u00edho kovu je k dispozici mnoho vlastn\u00edch barevn\u00fdch variant, nap\u0159\u00edklad bambus, korek nebo matn\u00fd plast.<\/li>\n<li>Vlastn\u00ed velikosti: Vytvo\u0159te si specializovan\u00e9 nestandardn\u00ed velikosti (nap\u0159. cestovn\u00ed velikost 1,7 oz).<\/li>\n<li>Vnit\u0159n\u00ed t\u011bsn\u011bn\u00ed: Pro v\u011bt\u0161\u00ed \u010derstvost p\u0159idejte pod v\u00ed\u010dko hlin\u00edkovou f\u00f3lii nebo senzorov\u00e9 t\u011bsn\u011bn\u00ed.<\/li>\n<\/ul>","protected":false},"excerpt":{"rendered":"<p>Kosmetick\u00e9 d\u00f3zy o objemu 28 g pro p\u00e9\u010di o ple\u0165 a kr\u00e1su. Zak\u00e1zkov\u00e9 kosmetick\u00e9 balen\u00ed s UV ochrann\u00fdm sklem, velkoobchodn\u00ed ceny a ihned k odesl\u00e1n\u00ed.<\/p>","protected":false},"featured_media":4994,"comment_status":"open","ping_status":"closed","template":"","meta":{"_acf_changed":false,"site-sidebar-layout":"default","site-content-layout":"","ast-site-content-layout":"default","site-content-style":"default","site-sidebar-style":"default","ast-global-header-display":"","ast-banner-title-visibility":"","ast-main-header-display":"","ast-hfb-above-header-display":"","ast-hfb-below-header-display":"","ast-hfb-mobile-header-display":"","site-post-title":"","ast-breadcrumbs-content":"","ast-featured-img":"","footer-sml-layout":"","ast-disable-related-posts":"","theme-transparent-header-meta":"default","adv-header-id-meta":"","stick-header-meta":"","header-above-stick-meta":"","header-main-stick-meta":"","header-below-stick-meta":"","astra-migrate-meta-layouts":"set","ast-page-background-enabled":"default","ast-page-background-meta":{"desktop":{"background-color":"var(--ast-global-color-5)","background-image":"","background-repeat":"repeat","background-position":"center center","background-size":"auto","background-attachment":"scroll","background-type":"","background-media":"","overlay-type":"","overlay-color":"","overlay-opacity":"","overlay-gradient":""},"tablet":{"background-color":"","background-image":"","background-repeat":"repeat","background-position":"center center","background-size":"auto","background-attachment":"scroll","background-type":"","background-media":"","overlay-type":"","overlay-color":"","overlay-opacity":"","overlay-gradient":""},"mobile":{"background-color":"","background-image":"","background-repeat":"repeat","background-position":"center center","background-size":"auto","background-attachment":"scroll","background-type":"","background-media":"","overlay-type":"","overlay-color":"","overlay-opacity":"","overlay-gradient":""}},"ast-content-background-meta":{"desktop":{"background-color":"var(--ast-global-color-4)","background-image":"","background-repeat":"repeat","background-position":"center center","background-size":"auto","background-attachment":"scroll","background-type":"","background-media":"","overlay-type":"","overlay-color":"","overlay-opacity":"","overlay-gradient":""},"tablet":{"background-color":"var(--ast-global-color-4)","background-image":"","background-repeat":"repeat","background-position":"center center","background-size":"auto","background-attachment":"scroll","background-type":"","background-media":"","overlay-type":"","overlay-color":"","overlay-opacity":"","overlay-gradient":""},"mobile":{"background-color":"var(--ast-global-color-4)","background-image":"","background-repeat":"repeat","background-position":"center center","background-size":"auto","background-attachment":"scroll","background-type":"","background-media":"","overlay-type":"","overlay-color":"","overlay-opacity":"","overlay-gradient":""}}},"product_brand":[],"product_cat":[56,62,72],"product_tag":[203,202],"class_list":{"0":"post-4990","1":"product","2":"type-product","3":"status-publish","4":"has-post-thumbnail","6":"product_cat-cosmetic-jars","7":"product_cat-cosmetic-containers","8":"product_cat-cosmetic-packaging","9":"product_tag-1-oz-cosmetic-jars","10":"product_tag-custom-cosmetic-packaging","11":"desktop-align-left","12":"tablet-align-left","13":"mobile-align-left","15":"first","16":"instock","17":"shipping-taxable","18":"product-type-simple"},"acf":[],"jetpack_sharing_enabled":true,"_links":{"self":[{"href":"https:\/\/theperfumebottles.com\/cs\/wp-json\/wp\/v2\/product\/4990","targetHints":{"allow":["GET"]}}],"collection":[{"href":"https:\/\/theperfumebottles.com\/cs\/wp-json\/wp\/v2\/product"}],"about":[{"href":"https:\/\/theperfumebottles.com\/cs\/wp-json\/wp\/v2\/types\/product"}],"replies":[{"embeddable":true,"href":"https:\/\/theperfumebottles.com\/cs\/wp-json\/wp\/v2\/comments?post=4990"}],"wp:featuredmedia":[{"embeddable":true,"href":"https:\/\/theperfumebottles.com\/cs\/wp-json\/wp\/v2\/media\/4994"}],"wp:attachment":[{"href":"https:\/\/theperfumebottles.com\/cs\/wp-json\/wp\/v2\/media?parent=4990"}],"wp:term":[{"taxonomy":"product_brand","embeddable":true,"href":"https:\/\/theperfumebottles.com\/cs\/wp-json\/wp\/v2\/product_brand?post=4990"},{"taxonomy":"product_cat","embeddable":true,"href":"https:\/\/theperfumebottles.com\/cs\/wp-json\/wp\/v2\/product_cat?post=4990"},{"taxonomy":"product_tag","embeddable":true,"href":"https:\/\/theperfumebottles.com\/cs\/wp-json\/wp\/v2\/product_tag?post=4990"}],"curies":[{"name":"wp","href":"https:\/\/api.w.org\/{rel}","templated":true}]}}