{"id":5173,"date":"2025-08-05T16:32:00","date_gmt":"2025-08-05T08:32:00","guid":{"rendered":"https:\/\/theperfumebottles.com\/?post_type=product&#038;p=5173"},"modified":"2025-08-05T09:28:45","modified_gmt":"2025-08-05T01:28:45","slug":"bulk-glass-pump-bottle-cosmetic-glass-bottle-solutions","status":"publish","type":"product","link":"https:\/\/theperfumebottles.com\/cs\/produkt\/bulk-glass-pump-bottle-cosmetic-glass-bottle-solutions\/","title":{"rendered":"Velkoobjemov\u00e1 sklen\u011bn\u00e1 l\u00e1hev s pumpi\u010dkou \u2013 \u0159e\u0161en\u00ed pro kosmetick\u00e9 sklen\u011bn\u00e9 lahve"},"content":{"rendered":"<p>Pod\u00edvejte se na tuto vynikaj\u00edc\u00ed sklen\u011bnou lahvi\u010dku s pumpi\u010dkou! Jednoduch\u00e1, sofistikovan\u00e1 a decentn\u00ed, p\u0159esto sofistikovan\u00e1. Nen\u00ed to jen tak oby\u010dejn\u00e1 lahvi\u010dka na kosmetiku; vylep\u0161\u00ed va\u0161i ka\u017edodenn\u00ed p\u00e9\u010di o ple\u0165. Je \u010dist\u00e1 a nelepiv\u00e1, bez lacin\u00e9ho, \u200b\u200bmlhav\u00e9ho dojmu plastov\u00fdch lahvi\u010dek. Matn\u00e9 sklo se p\u0159i ka\u017ed\u00e9m stisknut\u00ed zacvak\u00e1v\u00e1. Vytvo\u0159\u00edte logo? Ch\u00e1peme v\u00e1s! Pot\u0159eby sklen\u011bn\u00fdch kosmetick\u00fdch obal\u016f jsou specifick\u00e9. Nab\u00edz\u00edme flexibiln\u00ed \u0159e\u0161en\u00ed, kter\u00e1 se p\u0159izp\u016fsob\u00ed jak malos\u00e9riov\u00e9 v\u00fdrob\u011b, tak i velkov\u00fdrob\u011b a zajist\u00ed, \u017ee va\u0161e produkty vyniknou na z\u00e1klad\u011b samotn\u00e9ho obalu.<\/p>\n<h2>Kl\u00ed\u010dov\u00e9 specifikace<\/h2>\n<table style=\"border-collapse: collapse;margin-left: auto;margin-right: auto;width: 80%\" border=\"0\" width=\"555\" cellspacing=\"0\" cellpadding=\"0\">\n<tbody>\n<tr style=\"height: 13.50pt\">\n<td style=\"height: 13.50pt;width: 136.50pt\" width=\"182\" height=\"18\">Funkce<\/td>\n<td style=\"width: 279.75pt\" width=\"373\">Podrobnosti<\/td>\n<\/tr>\n<tr style=\"height: 13.50pt\">\n<td style=\"height: 13.50pt\" height=\"18\">Dostupn\u00e9 velikosti<\/td>\n<td>20 ml, 30 ml, 50 ml, 100 ml, 120 ml, 200 ml<\/td>\n<\/tr>\n<tr style=\"height: 13.50pt\">\n<td style=\"height: 13.50pt\" height=\"18\">Materi\u00e1l<\/td>\n<td>Pr\u00e9miov\u00e9 matn\u00e9 sklo<\/td>\n<\/tr>\n<tr style=\"height: 13.50pt\">\n<td style=\"height: 13.50pt\" height=\"18\">V\u00ed\u010dko<\/td>\n<td>Zlat\u00e9 \u0161roubovac\u00ed v\u00ed\u010dko + plastov\u00e1 hlava pumpi\u010dky<\/td>\n<\/tr>\n<tr style=\"height: 13.50pt\">\n<td style=\"height: 13.50pt\" height=\"18\">Dokon\u010dit<\/td>\n<td>M\u011bkk\u00fd matn\u00fd, protiskluzov\u00fd \u00fachop<\/td>\n<\/tr>\n<tr style=\"height: 13.50pt\">\n<td style=\"height: 13.50pt\" height=\"18\">P\u0159izp\u016fsoben\u00ed<\/td>\n<td>Mo\u017enosti plnobarevn\u00e9ho proveden\u00ed, \u0161t\u00edtk\u016f a povrchov\u00e9 \u00fapravy v\u00ed\u010dka<\/td>\n<\/tr>\n<tr style=\"height: 13.50pt\">\n<td style=\"height: 13.50pt\" height=\"18\">Nejlep\u0161\u00ed pro<\/td>\n<td style=\"text-align: left\">S\u00e9ra, ple\u0165ov\u00e9 vody, \u010distic\u00ed p\u0159\u00edpravky, ple\u0165ov\u00e9 oleje, d\u00e1rky<\/td>\n<\/tr>\n<\/tbody>\n<\/table>\n<h2>P\u0159\u00edb\u011bh \u00fasp\u011bchu<\/h2>\n<p>Zna\u010dka p\u0159\u00edrodn\u00edch ple\u0165ov\u00fdch olej\u016f d\u0159\u00edve pou\u017e\u00edvala pr\u016fhlednou plastovou lahvi\u010dku se standardn\u00ed pumpi\u010dkou. Samotn\u00fd produkt byl docela dobr\u00fd, ale z\u00e1kazn\u00edci si st\u00e1le st\u011b\u017eovali, \u017ee obal \u201evypadal lacin\u011b\u201c a \u201epr\u00e1zdn\u011b, zapomenut\u011b\u201c.<\/p>\n<p>Pozd\u011bji p\u0159e\u0161li na na\u0161i 50ml sklen\u011bnou kosmetickou lahvi\u010dku \u2013 matn\u011b b\u00edlou lahvi\u010dku se zlat\u00fdm uz\u00e1v\u011brem a jemnou \u010dernou etiketou. Zm\u011bna byla okam\u017eit\u00e1. Z\u00e1kaznice komentovaly: \u201eC\u00edt\u00edm se v n\u00ed mnohem l\u00e9pe\u201c a \u201eNedok\u00e1\u017eu ji po pou\u017eit\u00ed vyhodit.\u201c Jedna dokonce poznamenala: \u201eNejen\u017ee ji pou\u017e\u00edv\u00e1m, ale dokonce si ji nech\u00e1v\u00e1m na komod\u011b jako dekoraci.\u201c Tato zm\u011bna vedla k 45% n\u00e1r\u016fstu m\u00edry op\u011btovn\u00e9ho n\u00e1kupu. Jejich obal na ple\u0165ov\u00e9 ml\u00e9ko ve form\u011b sklen\u011bn\u00fdch lahvi\u010dek se stal d\u016fvodem, pro\u010d si lid\u00e9 vyb\u00edraj\u00ed pr\u00e1v\u011b jejich produkty p\u0159ed zaveden\u00fdmi zna\u010dkami.<\/p>\n<h2>Dobr\u00fd produkt je zdokonalen skv\u011bl\u00fdm balen\u00edm<\/h2>\n<p>P\u00e9\u010de o ple\u0165 se net\u00fdk\u00e1 jen toho, co je v lahvi\u010dce; stejn\u011b d\u016fle\u017eit\u00fd je pocit, kter\u00fd p\u0159i jej\u00edm pou\u017e\u00edv\u00e1n\u00ed z\u00edsk\u00e1te. Na\u0161e sklen\u011bn\u00e9 lahvi\u010dky s pumpi\u010dkou a lahvi\u010dky na kosmetiku jsou v\u00edc ne\u017e jen n\u00e1doby; z ka\u017edodenn\u00ed p\u00e9\u010de o ple\u0165 se stane ritu\u00e1l, zp\u016fsob, jak \u0159\u00edct: \u201eZaslou\u017e\u00edte si, aby se s v\u00e1mi zach\u00e1zelo dob\u0159e.\u201c Od sklen\u011bn\u00fdch lahvi\u010dek na ple\u0165ov\u00e9 ml\u00e9ko a\u017e po kompletn\u00ed obalov\u00e1 \u0159e\u0161en\u00ed pro sklen\u011bn\u00e9 lahvi\u010dky s pumpi\u010dkou v\u00e1m pom\u016f\u017eeme vytvo\u0159it skute\u010dn\u011b nezapomenuteln\u00fd produkt.<\/p>","protected":false},"excerpt":{"rendered":"<p>Vysoce kvalitn\u00ed sklen\u011bn\u00e1 lahvi\u010dka s pumpi\u010dkou a kosmetick\u00e1 sklen\u011bn\u00e1 lahvi\u010dka ide\u00e1ln\u00ed pro balen\u00ed produkt\u016f p\u00e9\u010de o ple\u0165 a kosmetick\u00fdch produkt\u016f. Ide\u00e1ln\u00ed pro velkoobchodn\u00ed i hromadn\u00e9 objedn\u00e1vky.<\/p>","protected":false},"featured_media":5174,"comment_status":"open","ping_status":"closed","template":"","meta":{"_acf_changed":false,"site-sidebar-layout":"default","site-content-layout":"","ast-site-content-layout":"default","site-content-style":"default","site-sidebar-style":"default","ast-global-header-display":"","ast-banner-title-visibility":"","ast-main-header-display":"","ast-hfb-above-header-display":"","ast-hfb-below-header-display":"","ast-hfb-mobile-header-display":"","site-post-title":"","ast-breadcrumbs-content":"","ast-featured-img":"","footer-sml-layout":"","ast-disable-related-posts":"","theme-transparent-header-meta":"default","adv-header-id-meta":"","stick-header-meta":"","header-above-stick-meta":"","header-main-stick-meta":"","header-below-stick-meta":"","astra-migrate-meta-layouts":"set","ast-page-background-enabled":"default","ast-page-background-meta":{"desktop":{"background-color":"var(--ast-global-color-5)","background-image":"","background-repeat":"repeat","background-position":"center center","background-size":"auto","background-attachment":"scroll","background-type":"","background-media":"","overlay-type":"","overlay-color":"","overlay-opacity":"","overlay-gradient":""},"tablet":{"background-color":"","background-image":"","background-repeat":"repeat","background-position":"center center","background-size":"auto","background-attachment":"scroll","background-type":"","background-media":"","overlay-type":"","overlay-color":"","overlay-opacity":"","overlay-gradient":""},"mobile":{"background-color":"","background-image":"","background-repeat":"repeat","background-position":"center center","background-size":"auto","background-attachment":"scroll","background-type":"","background-media":"","overlay-type":"","overlay-color":"","overlay-opacity":"","overlay-gradient":""}},"ast-content-background-meta":{"desktop":{"background-color":"var(--ast-global-color-4)","background-image":"","background-repeat":"repeat","background-position":"center center","background-size":"auto","background-attachment":"scroll","background-type":"","background-media":"","overlay-type":"","overlay-color":"","overlay-opacity":"","overlay-gradient":""},"tablet":{"background-color":"var(--ast-global-color-4)","background-image":"","background-repeat":"repeat","background-position":"center center","background-size":"auto","background-attachment":"scroll","background-type":"","background-media":"","overlay-type":"","overlay-color":"","overlay-opacity":"","overlay-gradient":""},"mobile":{"background-color":"var(--ast-global-color-4)","background-image":"","background-repeat":"repeat","background-position":"center center","background-size":"auto","background-attachment":"scroll","background-type":"","background-media":"","overlay-type":"","overlay-color":"","overlay-opacity":"","overlay-gradient":""}}},"product_brand":[],"product_cat":[62,72,71],"product_tag":[190,204],"class_list":{"0":"post-5173","1":"product","2":"type-product","3":"status-publish","4":"has-post-thumbnail","6":"product_cat-cosmetic-containers","7":"product_cat-cosmetic-packaging","8":"product_cat-glass-lotion-bottles","9":"product_tag-cosmetic-pots-with-lids","10":"product_tag-frosted-cosmetic-jars","11":"desktop-align-left","12":"tablet-align-left","13":"mobile-align-left","15":"first","16":"instock","17":"shipping-taxable","18":"product-type-simple"},"acf":[],"jetpack_sharing_enabled":true,"_links":{"self":[{"href":"https:\/\/theperfumebottles.com\/cs\/wp-json\/wp\/v2\/product\/5173","targetHints":{"allow":["GET"]}}],"collection":[{"href":"https:\/\/theperfumebottles.com\/cs\/wp-json\/wp\/v2\/product"}],"about":[{"href":"https:\/\/theperfumebottles.com\/cs\/wp-json\/wp\/v2\/types\/product"}],"replies":[{"embeddable":true,"href":"https:\/\/theperfumebottles.com\/cs\/wp-json\/wp\/v2\/comments?post=5173"}],"wp:featuredmedia":[{"embeddable":true,"href":"https:\/\/theperfumebottles.com\/cs\/wp-json\/wp\/v2\/media\/5174"}],"wp:attachment":[{"href":"https:\/\/theperfumebottles.com\/cs\/wp-json\/wp\/v2\/media?parent=5173"}],"wp:term":[{"taxonomy":"product_brand","embeddable":true,"href":"https:\/\/theperfumebottles.com\/cs\/wp-json\/wp\/v2\/product_brand?post=5173"},{"taxonomy":"product_cat","embeddable":true,"href":"https:\/\/theperfumebottles.com\/cs\/wp-json\/wp\/v2\/product_cat?post=5173"},{"taxonomy":"product_tag","embeddable":true,"href":"https:\/\/theperfumebottles.com\/cs\/wp-json\/wp\/v2\/product_tag?post=5173"}],"curies":[{"name":"wp","href":"https:\/\/api.w.org\/{rel}","templated":true}]}}