{"id":5185,"date":"2025-08-05T18:48:14","date_gmt":"2025-08-05T10:48:14","guid":{"rendered":"https:\/\/theperfumebottles.com\/?post_type=product&#038;p=5185"},"modified":"2025-08-05T17:03:32","modified_gmt":"2025-08-05T09:03:32","slug":"custom-frosted-glass-bottle-with-pump-wholesale","status":"publish","type":"product","link":"https:\/\/theperfumebottles.com\/cs\/produkt\/custom-frosted-glass-bottle-with-pump-wholesale\/","title":{"rendered":"100ml zak\u00e1zkov\u00e1 matn\u00e1 sklen\u011bn\u00e1 l\u00e1hev s pumpi\u010dkou velkoobchod"},"content":{"rendered":"<p>Pokud jste hledali \u0159e\u0161en\u00ed balen\u00ed pr\u00e1zdn\u00fdch sklen\u011bn\u00fdch lahvi\u010dek s \u010derpadlem, p\u0159esta\u0148te. M\u00e1te spr\u00e1vn\u00e9 m\u00edsto. A\u0165 jste samotn\u00fd tv\u016frce nebo pr\u00e1v\u011b spou\u0161t\u00edte malou \u0159adu kr\u00e9mov\u00e9 p\u00e9\u010de, tyto sklen\u011bn\u00e9 lahvi\u010dky s \u010derpadlem jsou postaveny pro v\u00fdkon a styl.<\/p>\n<p>Rozum\u00edme \u2013 va\u0161e pot\u0159eby balen\u00ed sklem jsou jedine\u010dn\u00e9. Tak\u017ee jsme vytvo\u0159ili n\u011bco, co sedne: elegantn\u00ed, funk\u010dn\u00ed a pln\u011b va\u0161e.<\/p>\n<h2>Kl\u00ed\u010dov\u00e9 specifikace<\/h2>\n<table style=\"border-collapse: collapse;margin-left: auto;margin-right: auto;width: 80%\" border=\"0\" width=\"489\" cellspacing=\"0\" cellpadding=\"0\">\n<tbody>\n<tr style=\"height: 13.50pt\">\n<td style=\"height: 13.50pt;width: 112.50pt\" width=\"150\" height=\"18\">Funkce<\/td>\n<td style=\"width: 254.25pt\" width=\"339\">Podrobnosti<\/td>\n<\/tr>\n<tr style=\"height: 13.50pt\">\n<td style=\"height: 13.50pt\" height=\"18\">Kapacita<\/td>\n<td>100ml<\/td>\n<\/tr>\n<tr style=\"height: 13.50pt\">\n<td style=\"height: 13.50pt\" height=\"18\">Materi\u00e1l lahve<\/td>\n<td>Pr\u00e9miov\u00e9 matn\u00e9 sklo<\/td>\n<\/tr>\n<tr style=\"height: 13.50pt\">\n<td style=\"height: 13.50pt\" height=\"18\">Typ \u010derpadla<\/td>\n<td>Bez vzduchu<\/td>\n<\/tr>\n<tr style=\"height: 13.50pt\">\n<td style=\"height: 13.50pt\" height=\"18\">Uzav\u0159en\u00ed<\/td>\n<td>P\u0159ep\u00ednac\u00ed poklice<\/td>\n<\/tr>\n<tr style=\"height: 13.50pt\">\n<td style=\"height: 13.50pt\" height=\"18\">Velikost balen\u00ed<\/td>\n<td>100mm \u00d7 100mm \u00d7 150mm (pro jednotlivou jednotku)<\/td>\n<\/tr>\n<tr style=\"height: 13.50pt\">\n<td style=\"height: 13.50pt\" height=\"18\">Dostupn\u00e9 barvy<\/td>\n<td>P\u0159izp\u016fsobiteln\u00e9 (\u010dern\u00e9, b\u00edl\u00e9, r\u016f\u017eov\u00e9 atd.)<\/td>\n<\/tr>\n<tr style=\"height: 13.50pt\">\n<td style=\"height: 13.50pt\" height=\"18\">Ide\u00e1ln\u00ed pro<\/td>\n<td>Esence, hydrata\u010dn\u00ed kr\u00e9m, tonik atd.<\/td>\n<\/tr>\n<\/tbody>\n<\/table>\n<h2>P\u0159\u00edb\u011bh \u00fasp\u011bchu<\/h2>\n<p>V pohodln\u00e9m mal\u00e9m kuchyni na okraji metropole Lily za\u010dala svou podnikatelskou cestu dom\u00e1c\u00ed v\u00fdroby p\u0159irozen\u00fdch hydrata\u010dn\u00edch olej\u016f. Vlila sv\u00e9 srdce a du\u0161i do ka\u017ed\u00e9 kapky, ale jej\u00ed skute\u010dn\u00e9 balen\u00ed se stalo p\u0159ek\u00e1\u017ekou \u2013 sklen\u011bn\u00e9 lahvi\u010dky snadno ut\u00e9kaly a vzhled byl chladn\u00fd, neslu\u0161n\u00fd pro pe\u010dliv\u011b sm\u00edchan\u00e9 oleje.<\/p>\n<p>Lily p\u0159e\u0161la na lehce \u010dervenou sklen\u011bnou vakuumovou lahvi\u010dku s jednoduch\u00fdm zlat\u00fdm \u010derpadlov\u00fdm hlavou a minimalistick\u00fdm logem vlastn\u00edho form\u00e1tu. Nov\u00e9 balen\u00ed se okam\u017eit\u011b stalo hitem na Instagramu! P\u0159i\u0161ly zpr\u00e1vy, \u017e\u00e1daj\u00edc\u00ed: \u201eKde jste si koupila tuto lahvi\u010dku? Je to tak \u00fa\u017easn\u00e1!\u201c a \u201ePou\u017e\u00edv\u00e1n\u00ed to d\u011bl\u00e1 m\u00e9 kr\u00e9mov\u00e9 p\u00e9\u010di je\u0161t\u011b v\u00edc ritu\u00e1lem.\u201c Za pouh\u00e9 m\u011bs\u00edce se tr\u017eby zdvojn\u00e1sobily a i kamenn\u00e9 obchody se na ni obr\u00e1tili ohledn\u011b partnerstv\u00ed.<\/p>\n<p>Kl\u00ed\u010d k Lilyin\u011b \u00fasp\u011bchu spo\u010d\u00edv\u00e1 nejen v prodeji esenci\u00ed, ale i v poskytov\u00e1n\u00ed vysokoklasn\u00ed, vzru\u0161uj\u00edc\u00ed zku\u0161enosti v kr\u00e9mov\u00e9 p\u00e9\u010di prost\u0159ednictv\u00edm jej\u00edho vynikaj\u00edc\u00edho sklen\u011bn\u00e9ho \u010derpadlov\u00e9ho balen\u00ed. Tato inovativn\u00ed transformace za\u010dala s v\u00fdb\u011brem spr\u00e1vn\u00e9ho balen\u00ed.<\/p>\n<h2>Z\u00e1v\u011bre\u010dn\u00e9 slovo<\/h2>\n<p>Skv\u011bl\u00e1 kr\u00e9mov\u00e1 p\u00e9\u010de si zaslou\u017e\u00ed skv\u011bl\u00e9 balen\u00ed. Nepou\u0161t\u011bjte svou pr\u00e1ci skr\u00fdt v zapomenuteln\u00e9 lahvi\u010dce. Na\u0161e sklen\u011bn\u00e9 lahvi\u010dky s \u010derpadlem chr\u00e1n\u00ed va\u0161i formuli, zd\u016fraz\u0148uj\u00ed va\u0161e zna\u010dku a \u010din\u00ed, aby si va\u0161i z\u00e1kazn\u00edci \u0159\u00edkali \u201eMiluju to.\u201c Tak\u017ee jd\u011bte dop\u0159edu \u2013 dejte sv\u00e9mu produktu domov, kter\u00fd si zaslou\u017e\u00ed.<\/p>","protected":false},"excerpt":{"rendered":"<p>Sestaven\u00e9 a skladov\u00e9 lahvi\u010dky sklen\u011bn\u00e9 s \u010derpadlem a poklic\u00ed, ide\u00e1ln\u00ed pro kosmetiku, kr\u00e9movou p\u00e9\u010di a velkoobchodn\u00ed B2B balen\u00ed s stylov\u00fdm, odoln\u00fdm designem.<\/p>","protected":false},"featured_media":5188,"comment_status":"open","ping_status":"closed","template":"","meta":{"_acf_changed":false,"site-sidebar-layout":"default","site-content-layout":"","ast-site-content-layout":"default","site-content-style":"default","site-sidebar-style":"default","ast-global-header-display":"","ast-banner-title-visibility":"","ast-main-header-display":"","ast-hfb-above-header-display":"","ast-hfb-below-header-display":"","ast-hfb-mobile-header-display":"","site-post-title":"","ast-breadcrumbs-content":"","ast-featured-img":"","footer-sml-layout":"","ast-disable-related-posts":"","theme-transparent-header-meta":"default","adv-header-id-meta":"","stick-header-meta":"","header-above-stick-meta":"","header-main-stick-meta":"","header-below-stick-meta":"","astra-migrate-meta-layouts":"set","ast-page-background-enabled":"default","ast-page-background-meta":{"desktop":{"background-color":"var(--ast-global-color-5)","background-image":"","background-repeat":"repeat","background-position":"center center","background-size":"auto","background-attachment":"scroll","background-type":"","background-media":"","overlay-type":"","overlay-color":"","overlay-opacity":"","overlay-gradient":""},"tablet":{"background-color":"","background-image":"","background-repeat":"repeat","background-position":"center center","background-size":"auto","background-attachment":"scroll","background-type":"","background-media":"","overlay-type":"","overlay-color":"","overlay-opacity":"","overlay-gradient":""},"mobile":{"background-color":"","background-image":"","background-repeat":"repeat","background-position":"center center","background-size":"auto","background-attachment":"scroll","background-type":"","background-media":"","overlay-type":"","overlay-color":"","overlay-opacity":"","overlay-gradient":""}},"ast-content-background-meta":{"desktop":{"background-color":"var(--ast-global-color-4)","background-image":"","background-repeat":"repeat","background-position":"center center","background-size":"auto","background-attachment":"scroll","background-type":"","background-media":"","overlay-type":"","overlay-color":"","overlay-opacity":"","overlay-gradient":""},"tablet":{"background-color":"var(--ast-global-color-4)","background-image":"","background-repeat":"repeat","background-position":"center center","background-size":"auto","background-attachment":"scroll","background-type":"","background-media":"","overlay-type":"","overlay-color":"","overlay-opacity":"","overlay-gradient":""},"mobile":{"background-color":"var(--ast-global-color-4)","background-image":"","background-repeat":"repeat","background-position":"center center","background-size":"auto","background-attachment":"scroll","background-type":"","background-media":"","overlay-type":"","overlay-color":"","overlay-opacity":"","overlay-gradient":""}}},"product_brand":[],"product_cat":[62,72,71],"product_tag":[190,204],"class_list":{"0":"post-5185","1":"product","2":"type-product","3":"status-publish","4":"has-post-thumbnail","6":"product_cat-cosmetic-containers","7":"product_cat-cosmetic-packaging","8":"product_cat-glass-lotion-bottles","9":"product_tag-cosmetic-pots-with-lids","10":"product_tag-frosted-cosmetic-jars","11":"desktop-align-left","12":"tablet-align-left","13":"mobile-align-left","15":"first","16":"instock","17":"shipping-taxable","18":"product-type-simple"},"acf":[],"jetpack_sharing_enabled":true,"_links":{"self":[{"href":"https:\/\/theperfumebottles.com\/cs\/wp-json\/wp\/v2\/product\/5185","targetHints":{"allow":["GET"]}}],"collection":[{"href":"https:\/\/theperfumebottles.com\/cs\/wp-json\/wp\/v2\/product"}],"about":[{"href":"https:\/\/theperfumebottles.com\/cs\/wp-json\/wp\/v2\/types\/product"}],"replies":[{"embeddable":true,"href":"https:\/\/theperfumebottles.com\/cs\/wp-json\/wp\/v2\/comments?post=5185"}],"wp:featuredmedia":[{"embeddable":true,"href":"https:\/\/theperfumebottles.com\/cs\/wp-json\/wp\/v2\/media\/5188"}],"wp:attachment":[{"href":"https:\/\/theperfumebottles.com\/cs\/wp-json\/wp\/v2\/media?parent=5185"}],"wp:term":[{"taxonomy":"product_brand","embeddable":true,"href":"https:\/\/theperfumebottles.com\/cs\/wp-json\/wp\/v2\/product_brand?post=5185"},{"taxonomy":"product_cat","embeddable":true,"href":"https:\/\/theperfumebottles.com\/cs\/wp-json\/wp\/v2\/product_cat?post=5185"},{"taxonomy":"product_tag","embeddable":true,"href":"https:\/\/theperfumebottles.com\/cs\/wp-json\/wp\/v2\/product_tag?post=5185"}],"curies":[{"name":"wp","href":"https:\/\/api.w.org\/{rel}","templated":true}]}}