{"id":5245,"date":"2025-08-07T10:30:11","date_gmt":"2025-08-07T02:30:11","guid":{"rendered":"https:\/\/theperfumebottles.com\/?post_type=product&#038;p=5245"},"modified":"2026-03-30T14:21:28","modified_gmt":"2026-03-30T06:21:28","slug":"essential-oil-glass-roller-bottles-for-packaging-wholesale","status":"publish","type":"product","link":"https:\/\/theperfumebottles.com\/cs\/produkt\/essential-oil-glass-roller-bottles-for-packaging-wholesale\/","title":{"rendered":"1ml -100ml sklen\u011bn\u00e9 lahvi\u010dky s esenci\u00e1ln\u00edm olejem pro velkoobchodn\u00ed balen\u00ed"},"content":{"rendered":"<p>Pot\u0159ebujete sklen\u011bn\u00e9 roll-on lahvi\u010dky, kter\u00e9 kombinuj\u00ed preciznost a eleganci? Tyto roll-on lahvi\u010dky s esenci\u00e1ln\u00edmi oleji jsou ur\u010deny pro zna\u010dky, kter\u00e9 cht\u011bj\u00ed kosmetick\u00e9 obaly, kter\u00e9 vynikaj\u00ed.<\/p>\n<h2><strong data-spm-anchor-id=\"5176.28103460.0.i9.29ab1db8AYaOUi\">Kl\u00ed\u010dov\u00e9 specifikace<\/strong><\/h2>\n<table style=\"margin-left: auto; margin-right: auto; border-collapse: collapse; width: 80%;\" border=\"0\" width=\"144\" cellspacing=\"0\" cellpadding=\"0\">\n<tbody>\n<tr style=\"height: 13.50pt;\">\n<td style=\"height: 13.5pt; width: 54pt; text-align: center;\" width=\"72\" height=\"18\">Funkce<\/td>\n<td style=\"width: 54pt; text-align: center;\" width=\"72\">Podrobnosti<\/td>\n<\/tr>\n<tr style=\"height: 13.50pt;\">\n<td style=\"height: 13.5pt; text-align: center;\" height=\"18\">Kapacita<\/td>\n<td style=\"text-align: center;\">1 ml, 2 ml, 3 ml, 5 ml, 10 ml, 15 ml, 20 ml, 30 ml, 50 ml, 100 ml<\/td>\n<\/tr>\n<tr style=\"height: 13.50pt;\">\n<td style=\"height: 13.5pt; text-align: center;\" height=\"18\">Materi\u00e1l<\/td>\n<td style=\"text-align: center;\">K\u0159i\u0161\u0165\u00e1lov\u00e9 sklo<\/td>\n<\/tr>\n<tr style=\"height: 13.50pt;\">\n<td style=\"height: 13.5pt; text-align: center;\" height=\"18\">T\u011bsnic\u00ed mechanismus<\/td>\n<td style=\"text-align: center;\">Roll-On (s kovovou \u0161pi\u010dkou)<\/td>\n<\/tr>\n<tr style=\"height: 13.50pt;\">\n<td style=\"height: 13.5pt; text-align: center;\" height=\"18\">Barva<\/td>\n<td style=\"text-align: center;\">Jantarov\u00e1\/\u010cern\u00e1\/Hn\u011bd\u00e1\/Zelen\u00e1\/Pr\u016fhledn\u00e1<\/td>\n<\/tr>\n<tr style=\"height: 13.50pt;\">\n<td style=\"height: 13.5pt; text-align: center;\" height=\"18\">Pou\u017e\u00edv\u00e1n\u00ed<\/td>\n<td style=\"text-align: center;\">Laboratorn\u00ed chemik\u00e1lie pro esenci\u00e1ln\u00ed oleje\/parf\u00e9my\/chemick\u00e9 laborato\u0159e\u2026<\/td>\n<\/tr>\n<\/tbody>\n<\/table>\n<h2>P\u0159\u00edpad \u00fasp\u011bchu<\/h2>\n<p>Australsk\u00e1 spole\u010dnost vyr\u00e1b\u011bj\u00edc\u00ed p\u0159\u00edrodn\u00ed produkty pro zdrav\u00ed zoufale pot\u0159ebovala siln\u00fd sklad roll-on\u016f s esenci\u00e1ln\u00edmi oleji. Nakonec se rozhodla pro roll-on 50ml jantarov\u00e9 sklen\u011bn\u00e9 roll-on lahvi\u010dky, kter\u00e9 jsme prod\u00e1vali. Roll-on kuli\u010dky jsme tak\u00e9 vyrobili z nerezov\u00e9 oceli, aby se b\u011bhem f\u00e1ze \u00faprav snadno a bez probl\u00e9m\u016f nan\u00e1\u0161ely, a opat\u0159ili jsme je \u010dern\u00fdmi matn\u00fdmi v\u00ed\u010dky, aby vypadaly m\u00f3dn\u011b a modern\u011b. Klient se nav\u00edc rozhodl pou\u017e\u00edt s\u00edtotisk k potisku loga sv\u00e9 zna\u010dky a dal\u0161\u00ed matnou povrchovou \u00fapravu k rozli\u0161en\u00ed mezi r\u016fzn\u00fdmi slo\u017een\u00edmi a verzemi produkt\u016f, proto\u017ee cht\u011bl pou\u017e\u00edt r\u016fzn\u00e9 \u0161ar\u017ee.<\/p>\n<p>Produkt zaznamenal b\u011bhem prvn\u00edch dvou m\u011bs\u00edc\u016f od uveden\u00ed na trh 30% r\u016fst. Vzhledem k pozitivn\u00ed reakci trhu klient okam\u017eit\u011b zadal n\u00e1slednou objedn\u00e1vku a roz\u0161\u00ed\u0159il toto obalov\u00e9 \u0159e\u0161en\u00ed o dal\u0161\u00ed \u0159ady sv\u00fdch produkt\u016f, kter\u00e9 jsou sm\u011bs\u00ed esenci\u00e1ln\u00edch olej\u016f.<\/p>\n<h2>\u00a0N\u00e1vrh na p\u0159izp\u016fsoben\u00ed<\/h2>\n<ul>\n<li><strong>Mo\u017enosti odoln\u00e9 proti sv\u011btlu:<\/strong> Hn\u011bd\u00e9 sklo je vhodn\u00e9 pro esenci\u00e1ln\u00ed oleje; zelen\u00e9 sklo se hod\u00ed pro vonn\u00e9 l\u00e1tky a laboratorn\u00ed pou\u017eit\u00ed.<\/li>\n<li><strong>Stylov\u00fd a odoln\u00fd:<\/strong> Obl\u00edben\u00e9 v roce 2025, matn\u00e9 barvy s vysokou sytost\u00ed (jako Kleinova modr\u00e1, fluorescen\u010dn\u00ed zelen\u00e1) v kombinaci s UV potiskem a odoln\u00fdmi etiketami. Rolovac\u00ed kuli\u010dka a uspo\u0159\u00e1d\u00e1n\u00ed v\u00ed\u010dka zaji\u0161\u0165uj\u00ed hygienu.<\/li>\n<li><strong>V\u0161estrann\u00e9 velikosti:<\/strong> K dispozici v balen\u00edch 1 ml\u2013100 ml (5 ml na cesty, 30 ml elegantn\u00ed), aby uspokojilo \u010detn\u00e1 p\u0159\u00e1n\u00ed ohledn\u011b balen\u00ed.<\/li>\n<\/ul>","protected":false},"excerpt":{"rendered":"<p>Objevte \u0159e\u0161en\u00ed pro balen\u00ed esenci\u00e1ln\u00edch olej\u016f ve sklen\u011bn\u00fdch lahv\u00edch od d\u016fv\u011bryhodn\u00e9ho dodavatele kosmetick\u00fdch obal\u016f. Odoln\u00e9, ihned k odesl\u00e1n\u00ed a p\u0159izp\u016fsobiteln\u00e9 pro velkoobchodn\u00ed objedn\u00e1vky.<\/p>","protected":false},"featured_media":7498,"comment_status":"open","ping_status":"closed","template":"","meta":{"_acf_changed":false,"site-sidebar-layout":"default","site-content-layout":"","ast-site-content-layout":"default","site-content-style":"default","site-sidebar-style":"default","ast-global-header-display":"","ast-banner-title-visibility":"","ast-main-header-display":"","ast-hfb-above-header-display":"","ast-hfb-below-header-display":"","ast-hfb-mobile-header-display":"","site-post-title":"","ast-breadcrumbs-content":"","ast-featured-img":"","footer-sml-layout":"","ast-disable-related-posts":"","theme-transparent-header-meta":"default","adv-header-id-meta":"","stick-header-meta":"","header-above-stick-meta":"","header-main-stick-meta":"","header-below-stick-meta":"","astra-migrate-meta-layouts":"set","ast-page-background-enabled":"default","ast-page-background-meta":{"desktop":{"background-color":"var(--ast-global-color-5)","background-image":"","background-repeat":"repeat","background-position":"center center","background-size":"auto","background-attachment":"scroll","background-type":"","background-media":"","overlay-type":"","overlay-color":"","overlay-opacity":"","overlay-gradient":""},"tablet":{"background-color":"","background-image":"","background-repeat":"repeat","background-position":"center center","background-size":"auto","background-attachment":"scroll","background-type":"","background-media":"","overlay-type":"","overlay-color":"","overlay-opacity":"","overlay-gradient":""},"mobile":{"background-color":"","background-image":"","background-repeat":"repeat","background-position":"center center","background-size":"auto","background-attachment":"scroll","background-type":"","background-media":"","overlay-type":"","overlay-color":"","overlay-opacity":"","overlay-gradient":""}},"ast-content-background-meta":{"desktop":{"background-color":"var(--ast-global-color-4)","background-image":"","background-repeat":"repeat","background-position":"center center","background-size":"auto","background-attachment":"scroll","background-type":"","background-media":"","overlay-type":"","overlay-color":"","overlay-opacity":"","overlay-gradient":""},"tablet":{"background-color":"var(--ast-global-color-4)","background-image":"","background-repeat":"repeat","background-position":"center center","background-size":"auto","background-attachment":"scroll","background-type":"","background-media":"","overlay-type":"","overlay-color":"","overlay-opacity":"","overlay-gradient":""},"mobile":{"background-color":"var(--ast-global-color-4)","background-image":"","background-repeat":"repeat","background-position":"center center","background-size":"auto","background-attachment":"scroll","background-type":"","background-media":"","overlay-type":"","overlay-color":"","overlay-opacity":"","overlay-gradient":""}}},"product_brand":[],"product_cat":[60,62,72,57],"product_tag":[206,205],"class_list":{"0":"post-5245","1":"product","2":"type-product","3":"status-publish","4":"has-post-thumbnail","6":"product_cat-roller-bottles","7":"product_cat-cosmetic-containers","8":"product_cat-cosmetic-packaging","9":"product_cat-essential-oil-bottles","10":"product_tag-glass-roller-bottle","11":"product_tag-roll-on-bottles-essential-oils","12":"desktop-align-left","13":"tablet-align-left","14":"mobile-align-left","16":"first","17":"instock","18":"shipping-taxable","19":"product-type-simple"},"acf":[],"jetpack_sharing_enabled":true,"_links":{"self":[{"href":"https:\/\/theperfumebottles.com\/cs\/wp-json\/wp\/v2\/product\/5245","targetHints":{"allow":["GET"]}}],"collection":[{"href":"https:\/\/theperfumebottles.com\/cs\/wp-json\/wp\/v2\/product"}],"about":[{"href":"https:\/\/theperfumebottles.com\/cs\/wp-json\/wp\/v2\/types\/product"}],"replies":[{"embeddable":true,"href":"https:\/\/theperfumebottles.com\/cs\/wp-json\/wp\/v2\/comments?post=5245"}],"wp:featuredmedia":[{"embeddable":true,"href":"https:\/\/theperfumebottles.com\/cs\/wp-json\/wp\/v2\/media\/7498"}],"wp:attachment":[{"href":"https:\/\/theperfumebottles.com\/cs\/wp-json\/wp\/v2\/media?parent=5245"}],"wp:term":[{"taxonomy":"product_brand","embeddable":true,"href":"https:\/\/theperfumebottles.com\/cs\/wp-json\/wp\/v2\/product_brand?post=5245"},{"taxonomy":"product_cat","embeddable":true,"href":"https:\/\/theperfumebottles.com\/cs\/wp-json\/wp\/v2\/product_cat?post=5245"},{"taxonomy":"product_tag","embeddable":true,"href":"https:\/\/theperfumebottles.com\/cs\/wp-json\/wp\/v2\/product_tag?post=5245"}],"curies":[{"name":"wp","href":"https:\/\/api.w.org\/{rel}","templated":true}]}}