{"id":5251,"date":"2025-08-07T11:49:10","date_gmt":"2025-08-07T03:49:10","guid":{"rendered":"https:\/\/theperfumebottles.com\/?post_type=product&#038;p=5251"},"modified":"2025-08-07T17:42:15","modified_gmt":"2025-08-07T09:42:15","slug":"5ml-perfume-essential-oil-glass-roller-bottles-for-cosmetic-packaging","status":"publish","type":"product","link":"https:\/\/theperfumebottles.com\/cs\/produkt\/5ml-perfume-essential-oil-glass-roller-bottles-for-cosmetic-packaging\/","title":{"rendered":"5ml parf\u00e9mov\u00e9 esenci\u00e1ln\u00ed olejov\u00e9 sklen\u011bn\u00e9 lahvi\u010dky pro kosmetick\u00e9 balen\u00ed"},"content":{"rendered":"<p>Pot\u0159ebujete kontejner, kter\u00fd kombinuje p\u0159esnost a eleganci? Na\u0161e sklen\u011bn\u00e9 fl\u00e1ky s koul\u00ed jsou navr\u017eeny pro zna\u010dky, kter\u00e9 cht\u011bj\u00ed kosmetick\u00e9 balen\u00ed, kter\u00e9 zaujme.<\/p>\n<h2><strong>Kl\u00ed\u010dov\u00e9 specifikace<\/strong><\/h2>\n<table style=\"margin-left: auto;margin-right: auto;border-collapse: collapse;width: 80%\" border=\"0\" width=\"144\" cellspacing=\"0\" cellpadding=\"0\">\n<tbody>\n<tr style=\"height: 13.50pt\">\n<td style=\"height: 13.50pt;width: 54.00pt\" width=\"72\" height=\"18\">Funkce<\/td>\n<td style=\"width: 54.00pt\" width=\"72\">Podrobnosti<\/td>\n<\/tr>\n<tr style=\"height: 13.50pt\">\n<td style=\"height: 13.50pt\" height=\"18\">Kapacita<\/td>\n<td>5ml<\/td>\n<\/tr>\n<tr style=\"height: 13.50pt\">\n<td style=\"height: 13.50pt\" height=\"18\">Materi\u00e1l<\/td>\n<td>Le\u0161t\u011bn\u00e9\/Pr\u016fhledn\u00e9 sklo<\/td>\n<\/tr>\n<tr style=\"height: 13.50pt\">\n<td style=\"height: 13.50pt\" height=\"18\">Mo\u017enosti barev<\/td>\n<td>P\u0159izp\u016fsoben\u00e9 (\u010cerven\u00e9, R\u016f\u017eov\u00e9, Modr\u00e9, Fialov\u00e9 atd.)<\/td>\n<\/tr>\n<tr style=\"height: 13.50pt\">\n<td style=\"height: 13.50pt\" height=\"18\">Tvar<\/td>\n<td>Kolo<\/td>\n<\/tr>\n<tr style=\"height: 13.50pt\">\n<td style=\"height: 13.50pt\" height=\"18\">Pou\u017e\u00edv\u00e1n\u00ed<\/td>\n<td>Parf\u00e9m<\/td>\n<\/tr>\n<\/tbody>\n<\/table>\n<h2>\u00dasp\u011b\u0161n\u00e1 p\u0159\u00edb\u011bh: Jak v\u00fdrobce parf\u00e9mu zv\u00fd\u0161il prodeje s p\u0159izp\u016fsoben\u00fdmi fl\u00e1kami s koul\u00ed<\/h2>\n<p>Mal\u00fd v\u00fdrobce parf\u00e9mu, kter\u00fd uvedl \u0159adu vzork\u016f parf\u00e9mov\u00fdch fl\u00e1k s koul\u00ed, spolupracoval s n\u00e1mi na vytvo\u0159en\u00ed 5ml sklen\u011bn\u00fdch fl\u00e1k s koul\u00ed pro esenci\u00e1ln\u00ed oleje. Prodejem v bulk a p\u0159id\u00e1n\u00edm p\u0159izp\u016fsoben\u00fdch le\u0161t\u011bn\u00fdch n\u00e1lep\u043e\u043a sn\u00ed\u017eil n\u00e1klady na balen\u00ed o 20% a zv\u00fd\u0161il opakovan\u00e9 obchody o 60%.<\/p>\n<h2><span class=\"HwtZe\" lang=\"en\"><span class=\"jCAhz ChMk0b\"><span class=\"ryNqvb\">P\u0159izp\u016fsoben\u00e9 n\u00e1vrhy<\/span><\/span><\/span><\/h2>\n<ol>\n<li><span class=\"HwtZe\" lang=\"en\"><span class=\"jCAhz ChMk0b\"><span class=\"ryNqvb\">V\u00edcebarevn\u00e1 fl\u00e1ka umo\u017e\u0148uje rozli\u0161en\u00ed barev podle funkce produktu nebo v\u016fn\u011b (nap\u0159. \u010derven\u00e1 p\u0159edstavuje povzbuzuj\u00edc\u00ed esenci\u00e1ln\u00ed oleje, modr\u00e1 pro uklid\u0148uj\u00edc\u00ed esenci\u00e1ln\u00ed oleje). <\/span><\/span><\/span><\/li>\n<li><span class=\"HwtZe\" lang=\"en\"><span class=\"jCAhz ChMk0b\"><span class=\"ryNqvb\">5ml fl\u00e1ka m\u00e1 pohodln\u00fd rozm\u011br, snadno se vejde do krabi\u010dky na make-up nebo do \u0161upl\u00edku na st\u016fl, ide\u00e1ln\u00ed pro cestov\u00e1n\u00ed mimo domov.<\/span><\/span> <\/span><\/li>\n<li><span class=\"HwtZe\" lang=\"en\"><span class=\"jCAhz ChMk0b\"><span class=\"ryNqvb\">Hladk\u00e9 oblouky fl\u00e1ky a hladk\u00fd ot\u00e1\u010den\u00ed koul\u00ed zaji\u0161\u0165uj\u00ed p\u0159\u00edjemn\u00e9 pou\u017eit\u00ed.<\/span><\/span><\/span><\/li>\n<\/ol>","protected":false},"excerpt":{"rendered":"<p>Najd\u011bte parf\u00e9movou fl\u00e1ku s koul\u00ed &amp; sklen\u011bn\u00e9 fl\u00e1ky s koul\u00ed pro esenci\u00e1ln\u00ed oleje pro kosmetick\u00e9 balen\u00ed. Odoln\u00e9, p\u0159izp\u016fsobiteln\u00e9 a p\u0159ipraven\u00e9 k odesl\u00e1n\u00ed \u2014 ide\u00e1ln\u00ed pro objedn\u00e1vky v bulk a kosmetick\u00e9 balen\u00ed.<\/p>","protected":false},"featured_media":5258,"comment_status":"open","ping_status":"closed","template":"","meta":{"_acf_changed":false,"site-sidebar-layout":"default","site-content-layout":"","ast-site-content-layout":"default","site-content-style":"default","site-sidebar-style":"default","ast-global-header-display":"","ast-banner-title-visibility":"","ast-main-header-display":"","ast-hfb-above-header-display":"","ast-hfb-below-header-display":"","ast-hfb-mobile-header-display":"","site-post-title":"","ast-breadcrumbs-content":"","ast-featured-img":"","footer-sml-layout":"","ast-disable-related-posts":"","theme-transparent-header-meta":"default","adv-header-id-meta":"","stick-header-meta":"","header-above-stick-meta":"","header-main-stick-meta":"","header-below-stick-meta":"","astra-migrate-meta-layouts":"set","ast-page-background-enabled":"default","ast-page-background-meta":{"desktop":{"background-color":"var(--ast-global-color-5)","background-image":"","background-repeat":"repeat","background-position":"center center","background-size":"auto","background-attachment":"scroll","background-type":"","background-media":"","overlay-type":"","overlay-color":"","overlay-opacity":"","overlay-gradient":""},"tablet":{"background-color":"","background-image":"","background-repeat":"repeat","background-position":"center center","background-size":"auto","background-attachment":"scroll","background-type":"","background-media":"","overlay-type":"","overlay-color":"","overlay-opacity":"","overlay-gradient":""},"mobile":{"background-color":"","background-image":"","background-repeat":"repeat","background-position":"center center","background-size":"auto","background-attachment":"scroll","background-type":"","background-media":"","overlay-type":"","overlay-color":"","overlay-opacity":"","overlay-gradient":""}},"ast-content-background-meta":{"desktop":{"background-color":"var(--ast-global-color-4)","background-image":"","background-repeat":"repeat","background-position":"center center","background-size":"auto","background-attachment":"scroll","background-type":"","background-media":"","overlay-type":"","overlay-color":"","overlay-opacity":"","overlay-gradient":""},"tablet":{"background-color":"var(--ast-global-color-4)","background-image":"","background-repeat":"repeat","background-position":"center center","background-size":"auto","background-attachment":"scroll","background-type":"","background-media":"","overlay-type":"","overlay-color":"","overlay-opacity":"","overlay-gradient":""},"mobile":{"background-color":"var(--ast-global-color-4)","background-image":"","background-repeat":"repeat","background-position":"center center","background-size":"auto","background-attachment":"scroll","background-type":"","background-media":"","overlay-type":"","overlay-color":"","overlay-opacity":"","overlay-gradient":""}}},"product_brand":[],"product_cat":[72,62,57,60],"product_tag":[208,207],"class_list":{"0":"post-5251","1":"product","2":"type-product","3":"status-publish","4":"has-post-thumbnail","6":"product_cat-cosmetic-packaging","7":"product_cat-cosmetic-containers","8":"product_cat-essential-oil-bottles","9":"product_cat-roller-bottles","10":"product_tag-essential-oil-glass-roller-bottles","11":"product_tag-roller-bottle-perfume","12":"desktop-align-left","13":"tablet-align-left","14":"mobile-align-left","16":"first","17":"instock","18":"shipping-taxable","19":"product-type-simple"},"acf":[],"jetpack_sharing_enabled":true,"_links":{"self":[{"href":"https:\/\/theperfumebottles.com\/cs\/wp-json\/wp\/v2\/product\/5251","targetHints":{"allow":["GET"]}}],"collection":[{"href":"https:\/\/theperfumebottles.com\/cs\/wp-json\/wp\/v2\/product"}],"about":[{"href":"https:\/\/theperfumebottles.com\/cs\/wp-json\/wp\/v2\/types\/product"}],"replies":[{"embeddable":true,"href":"https:\/\/theperfumebottles.com\/cs\/wp-json\/wp\/v2\/comments?post=5251"}],"wp:featuredmedia":[{"embeddable":true,"href":"https:\/\/theperfumebottles.com\/cs\/wp-json\/wp\/v2\/media\/5258"}],"wp:attachment":[{"href":"https:\/\/theperfumebottles.com\/cs\/wp-json\/wp\/v2\/media?parent=5251"}],"wp:term":[{"taxonomy":"product_brand","embeddable":true,"href":"https:\/\/theperfumebottles.com\/cs\/wp-json\/wp\/v2\/product_brand?post=5251"},{"taxonomy":"product_cat","embeddable":true,"href":"https:\/\/theperfumebottles.com\/cs\/wp-json\/wp\/v2\/product_cat?post=5251"},{"taxonomy":"product_tag","embeddable":true,"href":"https:\/\/theperfumebottles.com\/cs\/wp-json\/wp\/v2\/product_tag?post=5251"}],"curies":[{"name":"wp","href":"https:\/\/api.w.org\/{rel}","templated":true}]}}