{"id":5272,"date":"2025-08-07T13:32:39","date_gmt":"2025-08-07T05:32:39","guid":{"rendered":"https:\/\/theperfumebottles.com\/?post_type=product&#038;p=5272"},"modified":"2025-08-07T17:51:17","modified_gmt":"2025-08-07T09:51:17","slug":"10ml-glass-roll-on-bottle-perfume-bottle-roller-for-cosmetic-packaging-wholesale","status":"publish","type":"product","link":"https:\/\/theperfumebottles.com\/cs\/produkt\/10ml-glass-roll-on-bottle-perfume-bottle-roller-for-cosmetic-packaging-wholesale\/","title":{"rendered":"10ml sklen\u011bn\u00e1 roll-on lahvi\u010dka \u2013 Velkoobchodn\u00ed prodej roll-on lahvi\u010dek na parf\u00e9my pro kosmetick\u00e9 balen\u00ed"},"content":{"rendered":"<p>Hled\u00e1te n\u00e1dobu, kter\u00e1 kombinuje funk\u010dnost s eleganc\u00ed? Na\u0161e parf\u00e9mov\u00e1 lahvi\u010dka na trubi\u010dku je navr\u017eena pro zna\u010dky, kter\u00e9 cht\u011bj\u00ed kosmetick\u00fd bal\u00ed\u0159, kter\u00fd vynik\u00e1.<\/p>\n<h3><strong data-spm-anchor-id=\"5176.28103460.0.i50.11491db8QY3D0b\">Kl\u00ed\u010dov\u00e9 specifikace<\/strong><\/h3>\n<table style=\"margin-right: auto;margin-left: auto;width: 80%\" width=\"144\">\n<tbody>\n<tr>\n<td width=\"72\">Funkce<\/td>\n<td width=\"72\">Podrobnosti<\/td>\n<\/tr>\n<tr>\n<td>Kapacita<\/td>\n<td>3ml, 5ml, 10ml<\/td>\n<\/tr>\n<tr>\n<td>Materi\u00e1l<\/td>\n<td>K\u0159i\u0161\u0165\u00e1lov\u00e9 sklo<\/td>\n<\/tr>\n<tr>\n<td>Mo\u017enosti barev<\/td>\n<td>P\u0159izp\u016fsobeno<\/td>\n<\/tr>\n<tr>\n<td>T\u011bsnic\u00ed mechanismus<\/td>\n<td>Roll-On (s kovovou \u0161pi\u010dkou)<\/td>\n<\/tr>\n<tr>\n<td>Pou\u017e\u00edv\u00e1n\u00ed<\/td>\n<td>Parf\u00e9m<\/td>\n<\/tr>\n<\/tbody>\n<\/table>\n<h2>\u00dasp\u011b\u0161n\u00e1 p\u0159\u00edb\u011bh: Jak st\u0159edn\u00ed v\u00fdrobce parf\u00e9m\u016f<span class=\"HwtZe\" lang=\"en\"><span class=\"jCAhz ChMk0b\"><span class=\"ryNqvb\">zv\u00fd\u0161il prodeje s personalizovan\u00fdmi trubi\u010dkami na nan\u00e1\u0161en\u00ed<\/span><\/span><\/span> Vylep\u0161il prodeje s personalizovan\u00fdmi trubi\u010dkami na nan\u00e1\u0161en\u00ed<\/h2>\n<p>Kdy\u017e st\u0159edn\u00ed parf\u00e9m <span class=\"HwtZe\" lang=\"en\"><span class=\"jCAhz ChMk0b\"><span class=\"ryNqvb\">v\u00fdrobce <\/span><\/span><\/span>uvedl \u0159adu vzor\u016f na parf\u00e9movou lahvi\u010dku na trubi\u010dku, spolupracoval s n\u00e1mi na vytvo\u0159en\u00ed 10ml sklen\u011bn\u00fdch trubi\u010dek na nan\u00e1\u0161en\u00ed v zelenkav\u011b zbarven\u00e9m skle. T\u00edm, \u017ee objedn\u00e1val velkoobchod a p\u0159idal personalizovan\u00e9 etikety s matn\u00fdm vzhledem, sn\u00ed\u017eil n\u00e1klady na kosmetick\u00fd bal\u00ed\u0159 o 20% a zaznamenal zlep\u0161en\u00ed o 60% u opakuj\u00edc\u00edch z\u00e1kazn\u00edk\u016f. \u201eVzadu vypad\u00e1 luxusov\u011b, ale z\u00e1rove\u0148 je praktick\u00e9 pro ka\u017edodenn\u00ed pou\u017eit\u00ed,\u201c \u0159\u00edk\u00e1 jejich zakladatel.<\/p>\n<h2>Tipy pro p\u0159izp\u016fsoben\u00ed<\/h2>\n<ul>\n<li><strong>Velkoobchodn\u00ed v\u00fdhody:<\/strong> Objednejte bal\u00ed\u0159ov\u00e9 obalovac\u00ed materi\u00e1ly v velkoobchod\u011b a u\u0161et\u0159ete 25% \u2013 ide\u00e1ln\u00ed pro pop-up obchody nebo sv\u00e1te\u010dn\u00ed bal\u00ed\u010dky.<\/li>\n<li><strong>\u0160t\u00edtek jako profesion\u00e1l:<\/strong> Pou\u017eijte holografick\u00e9 akcenty nebo vyra\u017een\u00fd text, abyste zajistili, aby va\u0161e lahvi\u010dka vynikala na dom\u00e1c\u00ed str\u00e1nce.<\/li>\n<li><strong>Psychologie barev:<\/strong> Kombinujte v\u00fdrazn\u00e9 barvy s zlat\u00fdmi poklicemi pro kr\u00e1sn\u00fd bal\u00ed\u0159ov\u00fd vzhled, kter\u00fd vol\u00e1 \u201eluxus\u201c.<\/li>\n<\/ul>","protected":false},"excerpt":{"rendered":"<p>Vylep\u0161ete svou kr\u00e1snou bal\u00ed\u0159ovou obalovac\u00ed krabici na\u0161\u00ed 3ml 5ml 10ml sklen\u011bnou trubi\u010dkou na balen\u00ed \u2013 ide\u00e1ln\u00ed pro parf\u00e9m, p\u00e9\u010di o ple\u0165 a kosmetick\u00e9 n\u00e1doby. Trvanliv\u00e1, personalizovan\u00e1 a p\u0159ipraven\u00e1 k odesl\u00e1n\u00ed pro velkoobchodn\u00ed objedn\u00e1vky.<\/p>","protected":false},"featured_media":5274,"comment_status":"open","ping_status":"closed","template":"","meta":{"_acf_changed":false,"site-sidebar-layout":"default","site-content-layout":"","ast-site-content-layout":"default","site-content-style":"default","site-sidebar-style":"default","ast-global-header-display":"","ast-banner-title-visibility":"","ast-main-header-display":"","ast-hfb-above-header-display":"","ast-hfb-below-header-display":"","ast-hfb-mobile-header-display":"","site-post-title":"","ast-breadcrumbs-content":"","ast-featured-img":"","footer-sml-layout":"","ast-disable-related-posts":"","theme-transparent-header-meta":"default","adv-header-id-meta":"","stick-header-meta":"","header-above-stick-meta":"","header-main-stick-meta":"","header-below-stick-meta":"","astra-migrate-meta-layouts":"set","ast-page-background-enabled":"default","ast-page-background-meta":{"desktop":{"background-color":"var(--ast-global-color-5)","background-image":"","background-repeat":"repeat","background-position":"center center","background-size":"auto","background-attachment":"scroll","background-type":"","background-media":"","overlay-type":"","overlay-color":"","overlay-opacity":"","overlay-gradient":""},"tablet":{"background-color":"","background-image":"","background-repeat":"repeat","background-position":"center center","background-size":"auto","background-attachment":"scroll","background-type":"","background-media":"","overlay-type":"","overlay-color":"","overlay-opacity":"","overlay-gradient":""},"mobile":{"background-color":"","background-image":"","background-repeat":"repeat","background-position":"center center","background-size":"auto","background-attachment":"scroll","background-type":"","background-media":"","overlay-type":"","overlay-color":"","overlay-opacity":"","overlay-gradient":""}},"ast-content-background-meta":{"desktop":{"background-color":"var(--ast-global-color-4)","background-image":"","background-repeat":"repeat","background-position":"center center","background-size":"auto","background-attachment":"scroll","background-type":"","background-media":"","overlay-type":"","overlay-color":"","overlay-opacity":"","overlay-gradient":""},"tablet":{"background-color":"var(--ast-global-color-4)","background-image":"","background-repeat":"repeat","background-position":"center center","background-size":"auto","background-attachment":"scroll","background-type":"","background-media":"","overlay-type":"","overlay-color":"","overlay-opacity":"","overlay-gradient":""},"mobile":{"background-color":"var(--ast-global-color-4)","background-image":"","background-repeat":"repeat","background-position":"center center","background-size":"auto","background-attachment":"scroll","background-type":"","background-media":"","overlay-type":"","overlay-color":"","overlay-opacity":"","overlay-gradient":""}}},"product_brand":[],"product_cat":[72,62,57,60],"product_tag":[209,210],"class_list":{"0":"post-5272","1":"product","2":"type-product","3":"status-publish","4":"has-post-thumbnail","6":"product_cat-cosmetic-packaging","7":"product_cat-cosmetic-containers","8":"product_cat-essential-oil-bottles","9":"product_cat-roller-bottles","10":"product_tag-10ml-glass-roll-on-bottle","11":"product_tag-perfume-bottle-roller","12":"desktop-align-left","13":"tablet-align-left","14":"mobile-align-left","16":"first","17":"instock","18":"shipping-taxable","19":"product-type-simple"},"acf":[],"jetpack_sharing_enabled":true,"_links":{"self":[{"href":"https:\/\/theperfumebottles.com\/cs\/wp-json\/wp\/v2\/product\/5272","targetHints":{"allow":["GET"]}}],"collection":[{"href":"https:\/\/theperfumebottles.com\/cs\/wp-json\/wp\/v2\/product"}],"about":[{"href":"https:\/\/theperfumebottles.com\/cs\/wp-json\/wp\/v2\/types\/product"}],"replies":[{"embeddable":true,"href":"https:\/\/theperfumebottles.com\/cs\/wp-json\/wp\/v2\/comments?post=5272"}],"wp:featuredmedia":[{"embeddable":true,"href":"https:\/\/theperfumebottles.com\/cs\/wp-json\/wp\/v2\/media\/5274"}],"wp:attachment":[{"href":"https:\/\/theperfumebottles.com\/cs\/wp-json\/wp\/v2\/media?parent=5272"}],"wp:term":[{"taxonomy":"product_brand","embeddable":true,"href":"https:\/\/theperfumebottles.com\/cs\/wp-json\/wp\/v2\/product_brand?post=5272"},{"taxonomy":"product_cat","embeddable":true,"href":"https:\/\/theperfumebottles.com\/cs\/wp-json\/wp\/v2\/product_cat?post=5272"},{"taxonomy":"product_tag","embeddable":true,"href":"https:\/\/theperfumebottles.com\/cs\/wp-json\/wp\/v2\/product_tag?post=5272"}],"curies":[{"name":"wp","href":"https:\/\/api.w.org\/{rel}","templated":true}]}}