{"id":5273,"date":"2025-08-07T18:04:47","date_gmt":"2025-08-07T10:04:47","guid":{"rendered":"https:\/\/theperfumebottles.com\/?post_type=product&#038;p=5273"},"modified":"2026-04-02T14:26:39","modified_gmt":"2026-04-02T06:26:39","slug":"glass-lotion-bottle-with-pump-for-bulk-supply","status":"publish","type":"product","link":"https:\/\/theperfumebottles.com\/cs\/produkt\/glass-lotion-bottle-with-pump-for-bulk-supply\/","title":{"rendered":"20ml 30ml 40ml 60ml sklen\u011bn\u00e1 lahvi\u010dka s pumpi\u010dkou pro hromadn\u00e9 dod\u00e1v\u00e1n\u00ed"},"content":{"rendered":"<p>Design lahvi\u010dky t\u00e9to lahvi\u010dky na t\u011blov\u00e9 ml\u00e9ko s pumpi\u010dkou m\u00e1 v\u00e1lcovit\u00fd tvar, kter\u00fd je vyroben z matn\u00e9ho skla a vytv\u00e1\u0159\u00ed tak jemn\u00fd ml\u00e9\u010dn\u011b b\u00edl\u00fd vzhled. T\u011blo lahvi\u010dky a b\u00edl\u00e1 plastov\u00e1 pumpi\u010dka jsou spojeny p\u0159\u00edrodn\u00ed bambusovou texturou, kter\u00e1 sah\u00e1 a\u017e k pr\u016fhledn\u00e9mu ochrann\u00e9mu krytu chr\u00e1n\u00edc\u00edmu hlavu pumpi\u010dky.<\/p>\n<h2>Kl\u00ed\u010dov\u00e9 specifikace<\/h2>\n<table style=\"border-collapse: collapse; margin-left: auto; margin-right: auto; width: 80%;\" border=\"0\" width=\"652\" cellspacing=\"0\" cellpadding=\"0\">\n<tbody>\n<tr style=\"height: 13.50pt;\">\n<td style=\"height: 13.50pt; width: 116.25pt;\" width=\"155\" height=\"18\">Funkce<\/td>\n<td style=\"width: 372.75pt;\" width=\"497\">Detail<\/td>\n<\/tr>\n<tr style=\"height: 13.50pt;\">\n<td style=\"height: 13.50pt;\" height=\"18\">Dostupn\u00e9 velikosti<\/td>\n<td>20 ml, 30 ml, 40 ml, 60 ml (ide\u00e1ln\u00ed lahvi\u010dka s pumpi\u010dkou)<\/td>\n<\/tr>\n<tr style=\"height: 13.50pt;\">\n<td style=\"height: 13.50pt;\" height=\"18\">Materi\u00e1l<\/td>\n<td>Sodno-v\u00e1penat\u00e9 sklo<\/td>\n<\/tr>\n<tr style=\"height: 13.50pt;\">\n<td style=\"height: 13.50pt;\" height=\"18\">\u010cerpadlo<\/td>\n<td>plast s l\u00edmcem z p\u0159\u00edrodn\u00edho d\u0159eva<\/td>\n<\/tr>\n<tr style=\"height: 13.50pt;\">\n<td style=\"height: 13.50pt;\" height=\"18\">Dokon\u010dit<\/td>\n<td>Matn\u00e9 b\u00edl\u00e9 sklen\u011bn\u00e9 t\u011blo<\/td>\n<\/tr>\n<tr style=\"height: 13.50pt;\">\n<td style=\"height: 13.50pt;\" height=\"18\">P\u0159izp\u016fsoben\u00ed<\/td>\n<td>Barva, odst\u00edn d\u0159eva, mo\u017enosti loga<\/td>\n<\/tr>\n<tr style=\"height: 13.50pt;\">\n<td style=\"height: 13.50pt;\" height=\"18\">Ide\u00e1ln\u00ed pro<\/td>\n<td>Ple\u0165ov\u00e9 ml\u00e9ko, s\u00e9rum, hydrata\u010dn\u00ed kr\u00e9m, p\u00e9\u010de o t\u011blo<\/td>\n<\/tr>\n<\/tbody>\n<\/table>\n<h2>P\u0159\u00edb\u011bh \u00fasp\u011bchu<\/h2>\n<p>Kalifornsk\u00e1 zna\u010dka Pure Beauty si vybrala n\u00e1\u0161 produkt s obsahem 20 ml ve sklen\u011bn\u00e9 lahvi\u010dce, kter\u00fd upravila p\u0159id\u00e1n\u00edm laserov\u011b grav\u00edrovan\u00e9ho loga zna\u010dky na bambusov\u00e9 hrdlo a hlavice vakuov\u00e9 pumpy bez BPA. Kombinace p\u0159\u00edrodn\u00edch materi\u00e1l\u016f zv\u00fd\u0161ila autenticitu a udr\u017eitelnost zna\u010dky podle spot\u0159ebitelsk\u00fdch pr\u016fzkum\u016f o 40 %, zat\u00edmco hlavice vakuov\u00e9 pumpy prodlou\u017eila trvanlivost jejich ple\u0165ov\u00e9ho ml\u00e9ka bez konzervant\u016f o 35 %. Zna\u010dka dos\u00e1hla velk\u00e9ho \u00fasp\u011bchu a n\u00e1sledn\u011b zadala dal\u0161\u00ed objedn\u00e1vku na 500 000 lahvi\u010dek na v\u00fdrobu nov\u00e9 \u0159ady sprchov\u00fdch gel\u016f a kr\u00e9m\u016f na ruce.<\/p>\n<h2>Chcete si ten sv\u016fj p\u0159izp\u016fsobit?<\/h2>\n<p>Nemus\u00edte se dr\u017eet pouze b\u00edl\u00e9. Toto m\u00fddlo v pr\u00e1zdn\u00e9 sklen\u011bn\u00e9 lahvi\u010dce je pln\u011b p\u0159izp\u016fsobiv\u00e9.<\/p>\n<ul>\n<li><strong>Zm\u011b\u0148te barvu:<\/strong> Vyzkou\u0161ejte jemnou \u0161alv\u011bjovou, teplou b\u00e9\u017eovou nebo tmav\u011b modrou. P\u0159izp\u016fsobte ji atmosf\u00e9\u0159e va\u0161\u00ed zna\u010dky.<\/li>\n<li><strong>Vym\u011b\u0148te d\u0159evo:<\/strong> Sv\u011btl\u00fd dub, o\u0159ech nebo bambus? Ano, m\u016f\u017eete.<\/li>\n<li><strong>P\u0159idejte sv\u00e9 logo:<\/strong> Nab\u00edz\u00edme laserov\u00e9 grav\u00edrov\u00e1n\u00ed nebo s\u00edtotisk \u2013 volba je na v\u00e1s.<\/li>\n<li><strong>Chytr\u00e9 \u0161k\u00e1lov\u00e1n\u00ed:<\/strong> Pot\u0159ebujete 1000 kus\u016f pro zku\u0161ebn\u00ed provoz? Nebo 30 000 pro velk\u00e9 uveden\u00ed na trh? Postar\u00e1me se o oboj\u00ed.<\/li>\n<\/ul>\n<p>Tato lahvi\u010dka na ple\u0165ov\u00e9 ml\u00e9ko s pumpi\u010dkou nen\u00ed jen n\u00e1doba. Je to pl\u00e1tno. Vy p\u0159in\u00e1\u0161\u00edte vizi. My ji uskute\u010d\u0148ujeme.<\/p>","protected":false},"excerpt":{"rendered":"<p>Pr\u00e9miov\u00e1 lahvi\u010dka na ple\u0165ov\u00e9 ml\u00e9ko s pumpi\u010dkou z matn\u00e9ho skla a p\u0159\u00edrodn\u00edho bambusov\u00e9ho krou\u017eku. Sklen\u011bn\u00e1 lahvi\u010dka s ml\u00e9kem ide\u00e1ln\u00ed pro zna\u010dky p\u00e9\u010de o ple\u0165. Rychl\u00e9 dod\u00e1n\u00ed po cel\u00e9m sv\u011bt\u011b.<\/p>","protected":false},"featured_media":5286,"comment_status":"open","ping_status":"closed","template":"","meta":{"_acf_changed":false,"site-sidebar-layout":"default","site-content-layout":"","ast-site-content-layout":"default","site-content-style":"default","site-sidebar-style":"default","ast-global-header-display":"","ast-banner-title-visibility":"","ast-main-header-display":"","ast-hfb-above-header-display":"","ast-hfb-below-header-display":"","ast-hfb-mobile-header-display":"","site-post-title":"","ast-breadcrumbs-content":"","ast-featured-img":"","footer-sml-layout":"","ast-disable-related-posts":"","theme-transparent-header-meta":"default","adv-header-id-meta":"","stick-header-meta":"","header-above-stick-meta":"","header-main-stick-meta":"","header-below-stick-meta":"","astra-migrate-meta-layouts":"set","ast-page-background-enabled":"default","ast-page-background-meta":{"desktop":{"background-color":"var(--ast-global-color-5)","background-image":"","background-repeat":"repeat","background-position":"center center","background-size":"auto","background-attachment":"scroll","background-type":"","background-media":"","overlay-type":"","overlay-color":"","overlay-opacity":"","overlay-gradient":""},"tablet":{"background-color":"","background-image":"","background-repeat":"repeat","background-position":"center center","background-size":"auto","background-attachment":"scroll","background-type":"","background-media":"","overlay-type":"","overlay-color":"","overlay-opacity":"","overlay-gradient":""},"mobile":{"background-color":"","background-image":"","background-repeat":"repeat","background-position":"center center","background-size":"auto","background-attachment":"scroll","background-type":"","background-media":"","overlay-type":"","overlay-color":"","overlay-opacity":"","overlay-gradient":""}},"ast-content-background-meta":{"desktop":{"background-color":"var(--ast-global-color-4)","background-image":"","background-repeat":"repeat","background-position":"center center","background-size":"auto","background-attachment":"scroll","background-type":"","background-media":"","overlay-type":"","overlay-color":"","overlay-opacity":"","overlay-gradient":""},"tablet":{"background-color":"var(--ast-global-color-4)","background-image":"","background-repeat":"repeat","background-position":"center center","background-size":"auto","background-attachment":"scroll","background-type":"","background-media":"","overlay-type":"","overlay-color":"","overlay-opacity":"","overlay-gradient":""},"mobile":{"background-color":"var(--ast-global-color-4)","background-image":"","background-repeat":"repeat","background-position":"center center","background-size":"auto","background-attachment":"scroll","background-type":"","background-media":"","overlay-type":"","overlay-color":"","overlay-opacity":"","overlay-gradient":""}}},"product_brand":[],"product_cat":[71,72,62],"product_tag":[190,204],"class_list":{"0":"post-5273","1":"product","2":"type-product","3":"status-publish","4":"has-post-thumbnail","6":"product_cat-glass-lotion-bottles","7":"product_cat-cosmetic-packaging","8":"product_cat-cosmetic-containers","9":"product_tag-cosmetic-pots-with-lids","10":"product_tag-frosted-cosmetic-jars","11":"desktop-align-left","12":"tablet-align-left","13":"mobile-align-left","15":"first","16":"instock","17":"shipping-taxable","18":"product-type-simple"},"acf":[],"jetpack_sharing_enabled":true,"_links":{"self":[{"href":"https:\/\/theperfumebottles.com\/cs\/wp-json\/wp\/v2\/product\/5273","targetHints":{"allow":["GET"]}}],"collection":[{"href":"https:\/\/theperfumebottles.com\/cs\/wp-json\/wp\/v2\/product"}],"about":[{"href":"https:\/\/theperfumebottles.com\/cs\/wp-json\/wp\/v2\/types\/product"}],"replies":[{"embeddable":true,"href":"https:\/\/theperfumebottles.com\/cs\/wp-json\/wp\/v2\/comments?post=5273"}],"wp:featuredmedia":[{"embeddable":true,"href":"https:\/\/theperfumebottles.com\/cs\/wp-json\/wp\/v2\/media\/5286"}],"wp:attachment":[{"href":"https:\/\/theperfumebottles.com\/cs\/wp-json\/wp\/v2\/media?parent=5273"}],"wp:term":[{"taxonomy":"product_brand","embeddable":true,"href":"https:\/\/theperfumebottles.com\/cs\/wp-json\/wp\/v2\/product_brand?post=5273"},{"taxonomy":"product_cat","embeddable":true,"href":"https:\/\/theperfumebottles.com\/cs\/wp-json\/wp\/v2\/product_cat?post=5273"},{"taxonomy":"product_tag","embeddable":true,"href":"https:\/\/theperfumebottles.com\/cs\/wp-json\/wp\/v2\/product_tag?post=5273"}],"curies":[{"name":"wp","href":"https:\/\/api.w.org\/{rel}","templated":true}]}}