{"id":5287,"date":"2025-08-07T18:38:59","date_gmt":"2025-08-07T10:38:59","guid":{"rendered":"https:\/\/theperfumebottles.com\/?post_type=product&#038;p=5287"},"modified":"2026-04-02T14:06:27","modified_gmt":"2026-04-02T06:06:27","slug":"wholesale-cosmetic-bottles-glass-with-lotion-pump","status":"publish","type":"product","link":"https:\/\/theperfumebottles.com\/cs\/produkt\/wholesale-cosmetic-bottles-glass-with-lotion-pump\/","title":{"rendered":"Velkoobchodn\u00ed 30ml pr\u00e1zdn\u00e9 kosmetick\u00e9 lahvi\u010dky ze skla s pumpi\u010dkou Glod Lotion"},"content":{"rendered":"<p>Vysoce kvalitn\u00ed sklen\u011bn\u00e1 kosmetick\u00e1 lahvi\u010dka se vyzna\u010duje v\u00e1lcov\u00fdm designem se zdokonalenou zaoblenou z\u00e1kladnou z ultra \u010dir\u00e9ho pr\u00e9miov\u00e9ho skla. Produkt se vyzna\u010duje sofistikovanou zlatou rozpra\u0161ovac\u00ed pumpi\u010dkou s pr\u016fhledn\u00fdm sklen\u011bn\u00fdm bezpe\u010dnostn\u00edm uz\u00e1v\u011brem a n\u011bkolika barevn\u00fdmi mo\u017enostmi.<\/p>\n<h2>Kl\u00ed\u010dov\u00e9 specifikace<\/h2>\n<table style=\"border-collapse: collapse; margin-left: auto; margin-right: auto; width: 80%;\" border=\"0\" width=\"526\" cellspacing=\"0\" cellpadding=\"0\">\n<tbody>\n<tr style=\"height: 13.50pt;\">\n<td style=\"height: 13.50pt; width: 116.25pt;\" width=\"155\" height=\"18\">Funkce<\/td>\n<td style=\"width: 278.25pt;\" width=\"371\">Detail<\/td>\n<\/tr>\n<tr style=\"height: 13.50pt;\">\n<td style=\"height: 13.50pt;\" height=\"18\">Kapacita<\/td>\n<td>30 ml (optim\u00e1ln\u00ed velikost sklen\u011bn\u00fdch kosmetick\u00fdch lahvi\u010dek)<\/td>\n<\/tr>\n<tr style=\"height: 13.50pt;\">\n<td style=\"height: 13.50pt;\" height=\"18\">Materi\u00e1l<\/td>\n<td>Sodno-v\u00e1penat\u00e9 sklo<\/td>\n<\/tr>\n<tr style=\"height: 13.50pt;\">\n<td style=\"height: 13.50pt;\" height=\"18\">\u010cerpadlo<\/td>\n<td>Kovov\u00e9 kotou\u010dov\u00e9 \u010derpadlo (zlat\u00fd odst\u00edn)<\/td>\n<\/tr>\n<tr style=\"height: 13.50pt;\">\n<td style=\"height: 13.50pt;\" height=\"18\">Tvar<\/td>\n<td>V\u00e1lcov\u00fd, elegantn\u00ed profil<\/td>\n<\/tr>\n<tr style=\"height: 13.50pt;\">\n<td style=\"height: 13.50pt;\" height=\"18\">P\u0159izp\u016fsoben\u00ed<\/td>\n<td>Mo\u017enosti barev skla a pumpi\u010dky<\/td>\n<\/tr>\n<tr style=\"height: 13.50pt;\">\n<td style=\"height: 13.50pt;\" height=\"18\">P\u0159\u00edpad pou\u017eit\u00ed<\/td>\n<td>Ple\u0165ov\u00e9 ml\u00e9ko, s\u00e9rum, hydrata\u010dn\u00ed kr\u00e9m<\/td>\n<\/tr>\n<\/tbody>\n<\/table>\n<h2>P\u0159\u00edb\u011bh \u00fasp\u011bchu<\/h2>\n<p>Francouzsk\u00fd parfum\u00e9r si pro sv\u016fj zak\u00e1zkov\u00fd design vybral na\u0161i 30ml pr\u00e1zdnou lahvi\u010dku od ple\u0165ov\u00e9ho ml\u00e9ka s pumpi\u010dkou, kter\u00e1 zahrnovala matn\u011b zlatou hlavici pumpi\u010dky a p\u00edskovan\u00e9 logo zna\u010dky. Zat\u00ed\u017een\u00e1 z\u00e1kladna dod\u00e1v\u00e1 produktu \u201epr\u00e9miov\u00fd vzhled\u201c, co\u017e je bod zm\u00edn\u011bn\u00fd v 95 % z\u00e1kaznick\u00fdch recenz\u00ed. Zlat\u00fd rozpra\u0161ova\u010d vytv\u00e1\u0159\u00ed jemnou mlhu, kter\u00e1 zvy\u0161uje hodnotu produktu a z\u00e1rove\u0148 sni\u017euje pl\u00fdtv\u00e1n\u00ed sprejem o 30 %. Vonn\u00fd sprej dos\u00e1hl siln\u00e9ho prodejn\u00edho \u00fasp\u011bchu, co\u017e vedlo k objedn\u00e1n\u00ed dal\u0161\u00edch 300 000 lahvi\u010dek pro jejich novou \u0159adu vonn\u00fdch sprej\u016f do pokoj\u016f a textili\u00ed.<\/p>\n<h2>Mo\u017enosti p\u0159izp\u016fsoben\u00ed lahv\u00ed s kr\u00e9mem<\/h2>\n<ul>\n<li>Povrchov\u00e1 \u00faprava hlavy a krku \u010derpadla nab\u00edz\u00ed \u010dty\u0159i barevn\u00e9 varianty, a to zlatou, r\u016f\u017eovo-zlatou, st\u0159\u00edbrnou a \u010dernou.<\/li>\n<li>Syst\u00e9m nab\u00edz\u00ed dv\u011b nastaven\u00ed rozpra\u0161ov\u00e1n\u00ed mlhy, a to jemnou a st\u0159edn\u00ed mlhu, a tak\u00e9 funkci nep\u0159etr\u017eit\u00e9ho rozpra\u0161ov\u00e1n\u00ed.<\/li>\n<li>Produkt obsahuje magnetick\u00fd kovov\u00fd uz\u00e1v\u011br, kter\u00fd poskytuje \u00faplnou ochranu proti \u00faniku a z\u00e1rove\u0148 zachov\u00e1v\u00e1 snadnou p\u0159enosnost.<\/li>\n<\/ul>","protected":false},"excerpt":{"rendered":"<p>Velkoobchodn\u00ed dod\u00e1vky sklen\u011bn\u00fdch kosmetick\u00fdch lahvi\u010dek s pumpi\u010dkou na pr\u00e1zdn\u00e9 lahvi\u010dky na ple\u0165ov\u00e9 ml\u00e9ko \u2013 k dispozici zak\u00e1zkov\u00e9 mo\u017enosti pro zna\u010dky p\u00e9\u010de o ple\u0165 a kosmetiky za velkoobchodn\u00ed ceny.<\/p>","protected":false},"featured_media":5290,"comment_status":"open","ping_status":"closed","template":"","meta":{"_acf_changed":false,"site-sidebar-layout":"default","site-content-layout":"","ast-site-content-layout":"default","site-content-style":"default","site-sidebar-style":"default","ast-global-header-display":"","ast-banner-title-visibility":"","ast-main-header-display":"","ast-hfb-above-header-display":"","ast-hfb-below-header-display":"","ast-hfb-mobile-header-display":"","site-post-title":"","ast-breadcrumbs-content":"","ast-featured-img":"","footer-sml-layout":"","ast-disable-related-posts":"","theme-transparent-header-meta":"default","adv-header-id-meta":"","stick-header-meta":"","header-above-stick-meta":"","header-main-stick-meta":"","header-below-stick-meta":"","astra-migrate-meta-layouts":"set","ast-page-background-enabled":"default","ast-page-background-meta":{"desktop":{"background-color":"var(--ast-global-color-5)","background-image":"","background-repeat":"repeat","background-position":"center center","background-size":"auto","background-attachment":"scroll","background-type":"","background-media":"","overlay-type":"","overlay-color":"","overlay-opacity":"","overlay-gradient":""},"tablet":{"background-color":"","background-image":"","background-repeat":"repeat","background-position":"center center","background-size":"auto","background-attachment":"scroll","background-type":"","background-media":"","overlay-type":"","overlay-color":"","overlay-opacity":"","overlay-gradient":""},"mobile":{"background-color":"","background-image":"","background-repeat":"repeat","background-position":"center center","background-size":"auto","background-attachment":"scroll","background-type":"","background-media":"","overlay-type":"","overlay-color":"","overlay-opacity":"","overlay-gradient":""}},"ast-content-background-meta":{"desktop":{"background-color":"var(--ast-global-color-4)","background-image":"","background-repeat":"repeat","background-position":"center center","background-size":"auto","background-attachment":"scroll","background-type":"","background-media":"","overlay-type":"","overlay-color":"","overlay-opacity":"","overlay-gradient":""},"tablet":{"background-color":"var(--ast-global-color-4)","background-image":"","background-repeat":"repeat","background-position":"center center","background-size":"auto","background-attachment":"scroll","background-type":"","background-media":"","overlay-type":"","overlay-color":"","overlay-opacity":"","overlay-gradient":""},"mobile":{"background-color":"var(--ast-global-color-4)","background-image":"","background-repeat":"repeat","background-position":"center center","background-size":"auto","background-attachment":"scroll","background-type":"","background-media":"","overlay-type":"","overlay-color":"","overlay-opacity":"","overlay-gradient":""}}},"product_brand":[],"product_cat":[71,72,62],"product_tag":[190,204],"class_list":{"0":"post-5287","1":"product","2":"type-product","3":"status-publish","4":"has-post-thumbnail","6":"product_cat-glass-lotion-bottles","7":"product_cat-cosmetic-packaging","8":"product_cat-cosmetic-containers","9":"product_tag-cosmetic-pots-with-lids","10":"product_tag-frosted-cosmetic-jars","11":"desktop-align-left","12":"tablet-align-left","13":"mobile-align-left","15":"first","16":"instock","17":"shipping-taxable","18":"product-type-simple"},"acf":[],"jetpack_sharing_enabled":true,"_links":{"self":[{"href":"https:\/\/theperfumebottles.com\/cs\/wp-json\/wp\/v2\/product\/5287","targetHints":{"allow":["GET"]}}],"collection":[{"href":"https:\/\/theperfumebottles.com\/cs\/wp-json\/wp\/v2\/product"}],"about":[{"href":"https:\/\/theperfumebottles.com\/cs\/wp-json\/wp\/v2\/types\/product"}],"replies":[{"embeddable":true,"href":"https:\/\/theperfumebottles.com\/cs\/wp-json\/wp\/v2\/comments?post=5287"}],"wp:featuredmedia":[{"embeddable":true,"href":"https:\/\/theperfumebottles.com\/cs\/wp-json\/wp\/v2\/media\/5290"}],"wp:attachment":[{"href":"https:\/\/theperfumebottles.com\/cs\/wp-json\/wp\/v2\/media?parent=5287"}],"wp:term":[{"taxonomy":"product_brand","embeddable":true,"href":"https:\/\/theperfumebottles.com\/cs\/wp-json\/wp\/v2\/product_brand?post=5287"},{"taxonomy":"product_cat","embeddable":true,"href":"https:\/\/theperfumebottles.com\/cs\/wp-json\/wp\/v2\/product_cat?post=5287"},{"taxonomy":"product_tag","embeddable":true,"href":"https:\/\/theperfumebottles.com\/cs\/wp-json\/wp\/v2\/product_tag?post=5287"}],"curies":[{"name":"wp","href":"https:\/\/api.w.org\/{rel}","templated":true}]}}