{"id":5306,"date":"2025-08-11T09:05:47","date_gmt":"2025-08-11T01:05:47","guid":{"rendered":"https:\/\/theperfumebottles.com\/?post_type=product&#038;p=5306"},"modified":"2025-08-11T09:05:49","modified_gmt":"2025-08-11T01:05:49","slug":"10ml-amber-glass-roller-ball-bottles-for-cosmetic-packaging-wholesale","status":"publish","type":"product","link":"https:\/\/theperfumebottles.com\/cs\/produkt\/10ml-amber-glass-roller-ball-bottles-for-cosmetic-packaging-wholesale\/","title":{"rendered":"10ml jantarov\u00e9 sklen\u011bn\u00e9 lahvi\u010dky s v\u00e1le\u010dkem pro kosmetick\u00e9 balen\u00ed Velkoobchod"},"content":{"rendered":"<p>Pokud hled\u00e1te n\u00e1doba, kter\u00e1 ochr\u00e1n\u00ed v\u00e1\u0161 produkt p\u0159ed po\u0161kozen\u00edm UV z\u00e1\u0159en\u00edm a z\u00e1rove\u0148 ud\u011bl\u00e1 stylov\u00fd v\u00fdraz, tato lahev je va\u0161\u00ed shodou.<\/p>\n<h2>Kl\u00ed\u010dov\u00e9 specifikace<\/h2>\n<table style=\"margin-left: auto;margin-right: auto;border-collapse: collapse;width: 80%\" border=\"0\" width=\"144\" cellspacing=\"0\" cellpadding=\"0\">\n<tbody>\n<tr style=\"height: 13.50pt\">\n<td style=\"height: 13.50pt;width: 54.00pt\" width=\"72\" height=\"18\">Funkce<\/td>\n<td style=\"width: 54.00pt\" width=\"72\">Podrobnosti<\/td>\n<\/tr>\n<tr style=\"height: 13.50pt\">\n<td style=\"height: 13.50pt\" height=\"18\">Kapacita<\/td>\n<td>10ml<\/td>\n<\/tr>\n<tr style=\"height: 13.50pt\">\n<td style=\"height: 13.50pt\" height=\"18\">Materi\u00e1l<\/td>\n<td>Hn\u011bd\u00fd krystalov\u00e9 sklo<\/td>\n<\/tr>\n<tr style=\"height: 13.50pt\">\n<td style=\"height: 13.50pt\" height=\"18\">T\u011bsnic\u00ed mechanismus<\/td>\n<td>Roll-On (Ocelov\u00e1 kuli\u010dka)<\/td>\n<\/tr>\n<tr style=\"height: 13.50pt\">\n<td style=\"height: 13.50pt\" height=\"18\">Tvar<\/td>\n<td>Kolo<\/td>\n<\/tr>\n<tr style=\"height: 13.50pt\">\n<td style=\"height: 13.50pt\" height=\"18\">P\u0159izp\u016fsoben\u00ed<\/td>\n<td>Ocelov\u00fd v\u00e1le\u010dek + Zlat\u00fd kovov\u00fd poklop<\/td>\n<\/tr>\n<\/tbody>\n<\/table>\n<h2>\u00dasp\u011b\u0161n\u00e1 p\u0159\u00edb\u011bh: Jak rostouc\u00ed zna\u010dka na p\u00e9\u010di o ple\u0165 zlep\u0161ila atraktivitu kosmetick\u00e9ho balen\u00ed<\/h2>\n<p>Kosmetick\u00fd v\u00fdrobce uvedl novou \u0159adu na p\u00e9\u010di o ple\u0165 zam\u011b\u0159enou na ekologicky v\u011bdom\u00e9 n\u00e1kupce a zvolil hn\u011bd\u00e9 sklen\u011bn\u00e9 v\u00e1le\u010dkov\u00e9 lahvi\u010dky jako jejich balen\u00ed. T\u00edm, \u017ee objedn\u00e1val balen\u00ed v velk\u00e9m a p\u0159id\u00e1val personalizovan\u00e9 etikety s ekologick\u00fdmi zpr\u00e1vami, sn\u00ed\u017eil cenu balen\u00ed o 20% a zaznamenal zisk 60% v prodeji. \u201eZ\u00e1vitov\u00e1 podoba lahve je jak modern\u00ed, tak praktick\u00e1,\u201c uvedl jejich mana\u017eer balen\u00ed.<\/p>\n<h2>Tipy pro p\u0159izp\u016fsoben\u00ed<\/h2>\n<ul>\n<li>Kombinace etikety s p\u0159irozenou barvou, jako je zelen\u00e1 mechov\u00e1, vytv\u00e1\u0159\u00ed chladn\u00fd a jemn\u00fd vizu\u00e1ln\u00ed styl; p\u0159id\u00e1n\u00edm kovov\u00fdch prvk\u016f se vytv\u00e1\u0159\u00ed v\u00edce presti\u017en\u00ed pocit.<\/li>\n<li>Integrac\u00ed inteligentn\u00ed technologie, QR k\u00f3d zabudovan\u00fd v poklopu lahvi\u010dky d\u011bl\u00e1 balen\u00ed nejen vizu\u00e1ln\u011b atraktivn\u00edm, ale tak\u00e9 interaktivn\u00edm. U\u017eivatel\u00e9 mohou skenovat k\u00f3d k p\u0159\u00edstupu k n\u00e1vod\u016fm na pou\u017eit\u00ed nebo informac\u00edm o dopln\u011bn\u00ed.<\/li>\n<\/ul>","protected":false},"excerpt":{"rendered":"<p>Vylep\u0161ete svou kosmetick\u00e9 balen\u00ed s hn\u011bd\u00fdmi sklen\u011bn\u00fdmi v\u00e1le\u010dkov\u00fdmi lahv\u00ed. 10ml roll on sklen\u011bn\u00e9 lahvi\u010dky na p\u00e9\u010di o ple\u0165, p\u0159ipraven\u00e9 k odesl\u00e1n\u00ed. Perfektn\u00ed pro velkoobchodn\u00ed objedn\u00e1vky a kosmetick\u00e9 balen\u00ed.<\/p>","protected":false},"featured_media":5307,"comment_status":"open","ping_status":"closed","template":"","meta":{"_acf_changed":false,"site-sidebar-layout":"default","site-content-layout":"","ast-site-content-layout":"default","site-content-style":"default","site-sidebar-style":"default","ast-global-header-display":"","ast-banner-title-visibility":"","ast-main-header-display":"","ast-hfb-above-header-display":"","ast-hfb-below-header-display":"","ast-hfb-mobile-header-display":"","site-post-title":"","ast-breadcrumbs-content":"","ast-featured-img":"","footer-sml-layout":"","ast-disable-related-posts":"","theme-transparent-header-meta":"default","adv-header-id-meta":"","stick-header-meta":"","header-above-stick-meta":"","header-main-stick-meta":"","header-below-stick-meta":"","astra-migrate-meta-layouts":"set","ast-page-background-enabled":"default","ast-page-background-meta":{"desktop":{"background-color":"var(--ast-global-color-5)","background-image":"","background-repeat":"repeat","background-position":"center center","background-size":"auto","background-attachment":"scroll","background-type":"","background-media":"","overlay-type":"","overlay-color":"","overlay-opacity":"","overlay-gradient":""},"tablet":{"background-color":"","background-image":"","background-repeat":"repeat","background-position":"center center","background-size":"auto","background-attachment":"scroll","background-type":"","background-media":"","overlay-type":"","overlay-color":"","overlay-opacity":"","overlay-gradient":""},"mobile":{"background-color":"","background-image":"","background-repeat":"repeat","background-position":"center center","background-size":"auto","background-attachment":"scroll","background-type":"","background-media":"","overlay-type":"","overlay-color":"","overlay-opacity":"","overlay-gradient":""}},"ast-content-background-meta":{"desktop":{"background-color":"var(--ast-global-color-4)","background-image":"","background-repeat":"repeat","background-position":"center center","background-size":"auto","background-attachment":"scroll","background-type":"","background-media":"","overlay-type":"","overlay-color":"","overlay-opacity":"","overlay-gradient":""},"tablet":{"background-color":"var(--ast-global-color-4)","background-image":"","background-repeat":"repeat","background-position":"center center","background-size":"auto","background-attachment":"scroll","background-type":"","background-media":"","overlay-type":"","overlay-color":"","overlay-opacity":"","overlay-gradient":""},"mobile":{"background-color":"var(--ast-global-color-4)","background-image":"","background-repeat":"repeat","background-position":"center center","background-size":"auto","background-attachment":"scroll","background-type":"","background-media":"","overlay-type":"","overlay-color":"","overlay-opacity":"","overlay-gradient":""}}},"product_brand":[],"product_cat":[72,62,57,60],"product_tag":[213,214],"class_list":{"0":"post-5306","1":"product","2":"type-product","3":"status-publish","4":"has-post-thumbnail","6":"product_cat-cosmetic-packaging","7":"product_cat-cosmetic-containers","8":"product_cat-essential-oil-bottles","9":"product_cat-roller-bottles","10":"product_tag-amber-glass-roller-ball-bottles","11":"product_tag-roll-on-glass-bottles","12":"desktop-align-left","13":"tablet-align-left","14":"mobile-align-left","16":"first","17":"instock","18":"shipping-taxable","19":"product-type-simple"},"acf":[],"jetpack_sharing_enabled":true,"_links":{"self":[{"href":"https:\/\/theperfumebottles.com\/cs\/wp-json\/wp\/v2\/product\/5306","targetHints":{"allow":["GET"]}}],"collection":[{"href":"https:\/\/theperfumebottles.com\/cs\/wp-json\/wp\/v2\/product"}],"about":[{"href":"https:\/\/theperfumebottles.com\/cs\/wp-json\/wp\/v2\/types\/product"}],"replies":[{"embeddable":true,"href":"https:\/\/theperfumebottles.com\/cs\/wp-json\/wp\/v2\/comments?post=5306"}],"wp:featuredmedia":[{"embeddable":true,"href":"https:\/\/theperfumebottles.com\/cs\/wp-json\/wp\/v2\/media\/5307"}],"wp:attachment":[{"href":"https:\/\/theperfumebottles.com\/cs\/wp-json\/wp\/v2\/media?parent=5306"}],"wp:term":[{"taxonomy":"product_brand","embeddable":true,"href":"https:\/\/theperfumebottles.com\/cs\/wp-json\/wp\/v2\/product_brand?post=5306"},{"taxonomy":"product_cat","embeddable":true,"href":"https:\/\/theperfumebottles.com\/cs\/wp-json\/wp\/v2\/product_cat?post=5306"},{"taxonomy":"product_tag","embeddable":true,"href":"https:\/\/theperfumebottles.com\/cs\/wp-json\/wp\/v2\/product_tag?post=5306"}],"curies":[{"name":"wp","href":"https:\/\/api.w.org\/{rel}","templated":true}]}}