{"id":5311,"date":"2025-08-08T17:15:15","date_gmt":"2025-08-08T09:15:15","guid":{"rendered":"https:\/\/theperfumebottles.com\/?post_type=product&#038;p=5311"},"modified":"2025-08-08T17:17:29","modified_gmt":"2025-08-08T09:17:29","slug":"glass-roller-ball-bottle-essential-roll-on-container-for-cosmetic-packaging","status":"publish","type":"product","link":"https:\/\/theperfumebottles.com\/cs\/produkt\/glass-roller-ball-bottle-essential-roll-on-container-for-cosmetic-packaging\/","title":{"rendered":"30ml 50ml sklen\u011bn\u00e9 lahvi\u010dky s roll-onem \u2013 roll-on n\u00e1doba pro kosmetick\u00e9 balen\u00ed"},"content":{"rendered":"<p>Pot\u0159ebujete kontejner, kter\u00fd ochr\u00e1n\u00ed v\u00e1\u0161 produkt p\u0159ed po\u0161kozen\u00edm sv\u011btlem, zat\u00edmco zjednodu\u0161\u00ed aplikaci? Na\u0161e lahvi\u010dky na vln\u011bn\u00ed jsou navr\u017eeny pro zna\u010dky, kter\u00e9 cht\u011bj\u00ed kosmetick\u00e9 balen\u00ed, kter\u00e9 je jak funk\u010dn\u00ed, tak stylov\u00e9.<\/p>\n<h2>Kl\u00ed\u010dov\u00e9 specifikace<\/h2>\n<table style=\"border-collapse: collapse; width: 80%; margin-left: auto; margin-right: auto;\" border=\"0\" width=\"144\" cellspacing=\"0\" cellpadding=\"0\">\n<tbody>\n<tr style=\"height: 13.50pt;\">\n<td style=\"height: 13.50pt; width: 54.00pt;\" width=\"72\" height=\"18\">Funkce<\/td>\n<td style=\"width: 54.00pt;\" width=\"72\">Podrobnosti<\/td>\n<\/tr>\n<tr style=\"height: 13.50pt;\">\n<td style=\"height: 13.50pt;\" height=\"18\">Kapacita<\/td>\n<td>30ml 50ml<\/td>\n<\/tr>\n<tr style=\"height: 13.50pt;\">\n<td style=\"height: 13.50pt;\" height=\"18\">Materi\u00e1l<\/td>\n<td>\u010cir\u00e9 sklo<\/td>\n<\/tr>\n<tr style=\"height: 13.50pt;\">\n<td style=\"height: 13.50pt;\" height=\"18\">T\u011bsnic\u00ed mechanismus<\/td>\n<td>Na vln\u011bn\u00ed<\/td>\n<\/tr>\n<tr style=\"height: 13.50pt;\">\n<td style=\"height: 13.50pt;\" height=\"18\">P\u0159izp\u016fsoben\u00ed<\/td>\n<td>Plastick\u00e1 kouli na vln\u011bn\u00ed + \u010cern\u00fd plastov\u00fd kryt<\/td>\n<\/tr>\n<\/tbody>\n<\/table>\n<h2>\u00dasp\u011b\u0161n\u00e1 p\u0159\u00edb\u011bh: Jak zelen\u00e1 zna\u010dka na p\u00e9\u010di o ple\u0165 zv\u00fd\u0161ila prodeje s z\u00e1kazn\u00edm balen\u00edm na vln\u011bn\u00ed<\/h2>\n<p>Zelen\u00fd v\u00fdrobce kosmetiky na ekologick\u00e9 klienty uvedl \u0159adu na p\u00e9\u010di o ple\u0165 a vybral sklen\u011bn\u00e9 lahvi\u010dky na vln\u011bn\u00ed pro balen\u00ed jejich kosmetiky. Prost\u0159ednictv\u00edm velkoobjedn\u00e1vky balen\u00ed a pou\u017eit\u00ed z\u00e1kazn\u00edch n\u00e1lepky s ekologick\u00fdm sd\u011blen\u00edm sn\u00ed\u017eili n\u00e1klady na balen\u00ed pou\u017eit\u00edm 20% a zaznamenali zvy\u0161ek p\u0159\u00edjm\u016f o 60%.<\/p>\n<h2>60\u6beb\u5347\/2\u76ce\u53f8\u7a7a\u5316\u5986\u54c1\u7f50 \u2013 \u73bb\u7483\u62a4\u80a4\u54c1\u5305\u88c5\u6279\u53d1<\/h2>\n<ul>\n<li><strong>Zjednodu\u0161en\u00e9 linky lahvi\u010dek:<\/strong> Stru\u010dn\u00fd design s bez\u00fa\u010deln\u00fdm zdoben\u00edm a matnou koncovkou p\u0159edstavuje modern\u00ed, minimalistick\u00fd estetick\u00fd styl.<\/li>\n<li><strong>Zlep\u0161en\u00e9 vizu\u00e1ln\u00ed rozpozn\u00e1v\u00e1n\u00ed:<\/strong> \u010cir\u00e1 sklen\u011bn\u00e1 lahvi\u010dka a \u010dern\u00fd kryt vytv\u00e1\u0159ej\u00ed h\u00e4ngende bewertung, zd\u016fraz\u0148uj\u00edc\u00ed bohatstv\u00ed a texturu tekutiny uvnit\u0159.<\/li>\n<\/ul>","protected":false},"excerpt":{"rendered":"<p>Objevte sklen\u011bnou lahvi\u010dku na vln\u011bn\u00ed s UV-stabiln\u00edm \u010dir\u00fdm sklem a p\u0159esn\u00fdm designem na vln\u011bn\u00ed. Perfektn\u00ed pro p\u00e9\u010di o ple\u0165, kr\u00e1sn\u00e9 balen\u00ed a velkoobchodn\u00ed objedn\u00e1vky.<\/p>","protected":false},"featured_media":5312,"comment_status":"open","ping_status":"closed","template":"","meta":{"_acf_changed":false,"site-sidebar-layout":"default","site-content-layout":"","ast-site-content-layout":"default","site-content-style":"default","site-sidebar-style":"default","ast-global-header-display":"","ast-banner-title-visibility":"","ast-main-header-display":"","ast-hfb-above-header-display":"","ast-hfb-below-header-display":"","ast-hfb-mobile-header-display":"","site-post-title":"","ast-breadcrumbs-content":"","ast-featured-img":"","footer-sml-layout":"","ast-disable-related-posts":"","theme-transparent-header-meta":"default","adv-header-id-meta":"","stick-header-meta":"","header-above-stick-meta":"","header-main-stick-meta":"","header-below-stick-meta":"","astra-migrate-meta-layouts":"set","ast-page-background-enabled":"default","ast-page-background-meta":{"desktop":{"background-color":"var(--ast-global-color-5)","background-image":"","background-repeat":"repeat","background-position":"center center","background-size":"auto","background-attachment":"scroll","background-type":"","background-media":"","overlay-type":"","overlay-color":"","overlay-opacity":"","overlay-gradient":""},"tablet":{"background-color":"","background-image":"","background-repeat":"repeat","background-position":"center center","background-size":"auto","background-attachment":"scroll","background-type":"","background-media":"","overlay-type":"","overlay-color":"","overlay-opacity":"","overlay-gradient":""},"mobile":{"background-color":"","background-image":"","background-repeat":"repeat","background-position":"center center","background-size":"auto","background-attachment":"scroll","background-type":"","background-media":"","overlay-type":"","overlay-color":"","overlay-opacity":"","overlay-gradient":""}},"ast-content-background-meta":{"desktop":{"background-color":"var(--ast-global-color-4)","background-image":"","background-repeat":"repeat","background-position":"center center","background-size":"auto","background-attachment":"scroll","background-type":"","background-media":"","overlay-type":"","overlay-color":"","overlay-opacity":"","overlay-gradient":""},"tablet":{"background-color":"var(--ast-global-color-4)","background-image":"","background-repeat":"repeat","background-position":"center center","background-size":"auto","background-attachment":"scroll","background-type":"","background-media":"","overlay-type":"","overlay-color":"","overlay-opacity":"","overlay-gradient":""},"mobile":{"background-color":"var(--ast-global-color-4)","background-image":"","background-repeat":"repeat","background-position":"center center","background-size":"auto","background-attachment":"scroll","background-type":"","background-media":"","overlay-type":"","overlay-color":"","overlay-opacity":"","overlay-gradient":""}}},"product_brand":[],"product_cat":[72,62,57,60],"product_tag":[215,214],"class_list":{"0":"post-5311","1":"product","2":"type-product","3":"status-publish","4":"has-post-thumbnail","6":"product_cat-cosmetic-packaging","7":"product_cat-cosmetic-containers","8":"product_cat-essential-oil-bottles","9":"product_cat-roller-bottles","10":"product_tag-glass-roller-ball-bottle","11":"product_tag-roll-on-glass-bottles","12":"desktop-align-left","13":"tablet-align-left","14":"mobile-align-left","16":"first","17":"instock","18":"shipping-taxable","19":"product-type-simple"},"acf":[],"jetpack_sharing_enabled":true,"_links":{"self":[{"href":"https:\/\/theperfumebottles.com\/cs\/wp-json\/wp\/v2\/product\/5311","targetHints":{"allow":["GET"]}}],"collection":[{"href":"https:\/\/theperfumebottles.com\/cs\/wp-json\/wp\/v2\/product"}],"about":[{"href":"https:\/\/theperfumebottles.com\/cs\/wp-json\/wp\/v2\/types\/product"}],"replies":[{"embeddable":true,"href":"https:\/\/theperfumebottles.com\/cs\/wp-json\/wp\/v2\/comments?post=5311"}],"wp:featuredmedia":[{"embeddable":true,"href":"https:\/\/theperfumebottles.com\/cs\/wp-json\/wp\/v2\/media\/5312"}],"wp:attachment":[{"href":"https:\/\/theperfumebottles.com\/cs\/wp-json\/wp\/v2\/media?parent=5311"}],"wp:term":[{"taxonomy":"product_brand","embeddable":true,"href":"https:\/\/theperfumebottles.com\/cs\/wp-json\/wp\/v2\/product_brand?post=5311"},{"taxonomy":"product_cat","embeddable":true,"href":"https:\/\/theperfumebottles.com\/cs\/wp-json\/wp\/v2\/product_cat?post=5311"},{"taxonomy":"product_tag","embeddable":true,"href":"https:\/\/theperfumebottles.com\/cs\/wp-json\/wp\/v2\/product_tag?post=5311"}],"curies":[{"name":"wp","href":"https:\/\/api.w.org\/{rel}","templated":true}]}}