{"id":5354,"date":"2025-08-08T18:07:05","date_gmt":"2025-08-08T10:07:05","guid":{"rendered":"https:\/\/theperfumebottles.com\/?post_type=product&#038;p=5354"},"modified":"2026-04-01T15:42:44","modified_gmt":"2026-04-01T07:42:44","slug":"bulk-amber-glass-pump-bottles-for-skincare","status":"publish","type":"product","link":"https:\/\/theperfumebottles.com\/cs\/produkt\/bulk-amber-glass-pump-bottles-for-skincare\/","title":{"rendered":"Hromadn\u00e9 20ml 30ml 40ml jantarov\u00e9 sklen\u011bn\u00e9 lahvi\u010dky s pumpi\u010dkou pro balen\u00ed ml\u00e9ka"},"content":{"rendered":"<p>Lahvi\u010dky z jantarov\u00e9ho skla s pumpi\u010dkou pou\u017e\u00edvaj\u00ed k vytvo\u0159en\u00ed designu \u010dir\u00e9 jantarov\u00e9 sklo, kter\u00e9 zahrnuje kr\u00e1tk\u00fd v\u00e1lcovit\u00fd tvar a b\u00edl\u00fd d\u00e1vkova\u010d s pumpi\u010dkou se sklen\u011bn\u00fdm uz\u00e1v\u011brem.<\/p>\n<h2>Kl\u00ed\u010dov\u00e9 specifikace<\/h2>\n<table style=\"border-collapse: collapse; margin-left: auto; margin-right: auto; width: 80%;\" border=\"0\" width=\"445\" cellspacing=\"0\" cellpadding=\"0\">\n<tbody>\n<tr style=\"height: 13.50pt;\">\n<td style=\"height: 13.50pt; width: 136.50pt;\" width=\"182\" height=\"18\">Funkce<\/td>\n<td style=\"width: 197.25pt;\" width=\"263\">Detail<\/td>\n<\/tr>\n<tr style=\"height: 13.50pt;\">\n<td style=\"height: 13.50pt;\" height=\"18\">Mo\u017enosti kapacity<\/td>\n<td>20ml, 30ml, 40ml<\/td>\n<\/tr>\n<tr style=\"height: 13.50pt;\">\n<td style=\"height: 13.50pt;\" height=\"18\">Velikost lahve (p\u0159ibli\u017en\u011b)<\/td>\n<td>Pr\u016fm\u011br 36 mm, v\u00fd\u0161ka 55\u201382 mm<\/td>\n<\/tr>\n<tr style=\"height: 13.50pt;\">\n<td style=\"height: 13.50pt;\" height=\"18\">Materi\u00e1l<\/td>\n<td>Jantarov\u00e9 sklo<\/td>\n<\/tr>\n<tr style=\"height: 13.50pt;\">\n<td style=\"height: 13.50pt;\" height=\"18\">Uzav\u0159en\u00ed<\/td>\n<td>Pr\u016fhledn\u00e9 v\u00ed\u010dko + b\u00edl\u00e1 pumpi\u010dka<\/td>\n<\/tr>\n<tr style=\"height: 13.50pt;\">\n<td style=\"height: 13.50pt;\" height=\"18\">Ide\u00e1ln\u00ed pro<\/td>\n<td>P\u00e9\u010de o ple\u0165, s\u00e9ra, ple\u0165ov\u00e9 vody<\/td>\n<\/tr>\n<\/tbody>\n<\/table>\n<h2>P\u0159\u00edb\u011bh \u00fasp\u011bchu<\/h2>\n<p>Kalifornsk\u00e1 kosmetick\u00e1 zna\u010dka si vybrala na\u0161i pumpi\u010dku na 100ml pr\u00e1zdnou lahvi\u010dku s ple\u0165ov\u00fdm ml\u00e9kem a upravila b\u00edlou hlavici pumpi\u010dky a matn\u00fd sklen\u011bn\u00fd uz\u00e1v\u011br. Design lahvi\u010dky na m\u00edru p\u0159inesl zna\u010dnou hodnotu: p\u0159esn\u00e1 hlavice pumpi\u010dky sn\u00ed\u017eila pr\u016fm\u011brn\u00e9 mno\u017estv\u00ed spot\u0159ebovan\u00e9 z\u00e1kazn\u00edky o 25 %, \u010d\u00edm\u017e prodlou\u017eila trvanlivost produktu, zat\u00edmco unik\u00e1tn\u00ed matn\u00fd uz\u00e1v\u011br se stal charakteristick\u00fdm prvkem zna\u010dky, co\u017e vedlo k 150% n\u00e1r\u016fstu zm\u00ednek na soci\u00e1ln\u00edch s\u00edt\u00edch. Spole\u010dnost roz\u0161\u00ed\u0159ila sv\u00e9 aktivity pot\u00e9, co dos\u00e1hla \u00fasp\u011bchu prost\u0159ednictv\u00edm dvou aktivit, mezi kter\u00e9 pat\u0159ila objedn\u00e1vka 620 000 lahvi\u010dek jejich nov\u00e9ho produktu s CBD ple\u0165ov\u00fdm olejem a nav\u00e1z\u00e1n\u00ed partnerstv\u00ed se spole\u010dnost\u00ed, kter\u00e1 se zab\u00fdv\u00e1 prodejem kosmetick\u00fdch p\u0159edplatn\u00fdch.<\/p>\n<h2>Tipy na personalizaci, d\u00edky kter\u00fdm va\u0161e zna\u010dka vynikne v reg\u00e1lech<\/h2>\n<p>Chcete, aby va\u0161e zna\u010dka upoutala pozornost a udr\u017eela si z\u00e1kazn\u00edky?<\/p>\n<ul>\n<li><strong>V\u00fdm\u011bna trysky \u010derpadla:<\/strong> Pro luxusn\u00ed atmosf\u00e9ru vyzkou\u0161ejte \u010dernou nebo zlatou.<\/li>\n<li><strong>Chytr\u00e1 barva:<\/strong> Jantarov\u00e1 je klasick\u00e1 volba. Pokud ale chcete osobit\u00fd vzhled, nab\u00edz\u00edme barevn\u00e9 kombinace na m\u00edru.<\/li>\n<li><strong>Prostor pro popisky:<\/strong> Elegantn\u00ed v\u00e1lcovit\u00fd tvar v\u00e1m d\u00e1v\u00e1 prostor k vypr\u00e1v\u011bn\u00ed p\u0159\u00edb\u011bhu va\u0161\u00ed zna\u010dky.<\/li>\n<li><strong>Spr\u00e1vn\u00e1 velikost:<\/strong> Pro cestovn\u00ed lahvi\u010dky zvolte 20ml a pro pr\u00e9miov\u00e9 lahvi\u010dky 40ml. Velikost by m\u011bla b\u00fdt p\u0159izp\u016fsobena va\u0161\u00ed c\u00edlov\u00e9 z\u00e1kaznick\u00e9 z\u00e1kladn\u011b.<\/li>\n<\/ul>","protected":false},"excerpt":{"rendered":"<p>Sklen\u011bn\u00e9 lahvi\u010dky s pumpi\u010dkou z jantarov\u00e9ho skla s klasick\u00fdm designem a pevn\u00fdm uz\u00e1v\u011brem. Pr\u00e1zdn\u00e1 lahvi\u010dka s ml\u00e9kem s pumpi\u010dkou je ide\u00e1ln\u00ed pro hromadn\u00e9 objedn\u00e1vky. Mo\u017enost velkoobchodn\u00edch slev. Rychl\u00e9 dod\u00e1n\u00ed.<\/p>","protected":false},"featured_media":5369,"comment_status":"open","ping_status":"closed","template":"","meta":{"_acf_changed":false,"site-sidebar-layout":"default","site-content-layout":"","ast-site-content-layout":"default","site-content-style":"default","site-sidebar-style":"default","ast-global-header-display":"","ast-banner-title-visibility":"","ast-main-header-display":"","ast-hfb-above-header-display":"","ast-hfb-below-header-display":"","ast-hfb-mobile-header-display":"","site-post-title":"","ast-breadcrumbs-content":"","ast-featured-img":"","footer-sml-layout":"","ast-disable-related-posts":"","theme-transparent-header-meta":"default","adv-header-id-meta":"","stick-header-meta":"","header-above-stick-meta":"","header-main-stick-meta":"","header-below-stick-meta":"","astra-migrate-meta-layouts":"set","ast-page-background-enabled":"default","ast-page-background-meta":{"desktop":{"background-color":"var(--ast-global-color-5)","background-image":"","background-repeat":"repeat","background-position":"center center","background-size":"auto","background-attachment":"scroll","background-type":"","background-media":"","overlay-type":"","overlay-color":"","overlay-opacity":"","overlay-gradient":""},"tablet":{"background-color":"","background-image":"","background-repeat":"repeat","background-position":"center center","background-size":"auto","background-attachment":"scroll","background-type":"","background-media":"","overlay-type":"","overlay-color":"","overlay-opacity":"","overlay-gradient":""},"mobile":{"background-color":"","background-image":"","background-repeat":"repeat","background-position":"center center","background-size":"auto","background-attachment":"scroll","background-type":"","background-media":"","overlay-type":"","overlay-color":"","overlay-opacity":"","overlay-gradient":""}},"ast-content-background-meta":{"desktop":{"background-color":"var(--ast-global-color-4)","background-image":"","background-repeat":"repeat","background-position":"center center","background-size":"auto","background-attachment":"scroll","background-type":"","background-media":"","overlay-type":"","overlay-color":"","overlay-opacity":"","overlay-gradient":""},"tablet":{"background-color":"var(--ast-global-color-4)","background-image":"","background-repeat":"repeat","background-position":"center center","background-size":"auto","background-attachment":"scroll","background-type":"","background-media":"","overlay-type":"","overlay-color":"","overlay-opacity":"","overlay-gradient":""},"mobile":{"background-color":"var(--ast-global-color-4)","background-image":"","background-repeat":"repeat","background-position":"center center","background-size":"auto","background-attachment":"scroll","background-type":"","background-media":"","overlay-type":"","overlay-color":"","overlay-opacity":"","overlay-gradient":""}}},"product_brand":[],"product_cat":[71,72,62],"product_tag":[190,204],"class_list":{"0":"post-5354","1":"product","2":"type-product","3":"status-publish","4":"has-post-thumbnail","6":"product_cat-glass-lotion-bottles","7":"product_cat-cosmetic-packaging","8":"product_cat-cosmetic-containers","9":"product_tag-cosmetic-pots-with-lids","10":"product_tag-frosted-cosmetic-jars","11":"desktop-align-left","12":"tablet-align-left","13":"mobile-align-left","15":"first","16":"instock","17":"shipping-taxable","18":"product-type-simple"},"acf":[],"jetpack_sharing_enabled":true,"_links":{"self":[{"href":"https:\/\/theperfumebottles.com\/cs\/wp-json\/wp\/v2\/product\/5354","targetHints":{"allow":["GET"]}}],"collection":[{"href":"https:\/\/theperfumebottles.com\/cs\/wp-json\/wp\/v2\/product"}],"about":[{"href":"https:\/\/theperfumebottles.com\/cs\/wp-json\/wp\/v2\/types\/product"}],"replies":[{"embeddable":true,"href":"https:\/\/theperfumebottles.com\/cs\/wp-json\/wp\/v2\/comments?post=5354"}],"wp:featuredmedia":[{"embeddable":true,"href":"https:\/\/theperfumebottles.com\/cs\/wp-json\/wp\/v2\/media\/5369"}],"wp:attachment":[{"href":"https:\/\/theperfumebottles.com\/cs\/wp-json\/wp\/v2\/media?parent=5354"}],"wp:term":[{"taxonomy":"product_brand","embeddable":true,"href":"https:\/\/theperfumebottles.com\/cs\/wp-json\/wp\/v2\/product_brand?post=5354"},{"taxonomy":"product_cat","embeddable":true,"href":"https:\/\/theperfumebottles.com\/cs\/wp-json\/wp\/v2\/product_cat?post=5354"},{"taxonomy":"product_tag","embeddable":true,"href":"https:\/\/theperfumebottles.com\/cs\/wp-json\/wp\/v2\/product_tag?post=5354"}],"curies":[{"name":"wp","href":"https:\/\/api.w.org\/{rel}","templated":true}]}}