{"id":5355,"date":"2025-08-08T18:08:52","date_gmt":"2025-08-08T10:08:52","guid":{"rendered":"https:\/\/theperfumebottles.com\/?post_type=product&#038;p=5355"},"modified":"2026-04-01T15:09:21","modified_gmt":"2026-04-01T07:09:21","slug":"bulk-glass-amber-pump-bottle-for-cosmetic-packaging","status":"publish","type":"product","link":"https:\/\/theperfumebottles.com\/cs\/produkt\/bulk-glass-amber-pump-bottle-for-cosmetic-packaging\/","title":{"rendered":"5ml -100ml sklen\u011bn\u00e9 lahvi\u010dky s jantarovou pumpi\u010dkou pro kosmetick\u00e9 balen\u00ed"},"content":{"rendered":"<p>Sklen\u011bn\u00e1 jantarov\u00e1 lahvi\u010dka s pumpi\u010dkou se vyzna\u010duje modern\u00edm designem, kter\u00fd vytv\u00e1\u0159\u00ed n\u00e1dobu se zaoblen\u00fdm v\u00e1lcov\u00fdm tvarem vyroben\u00fdm z pr\u00e9miov\u00e9ho pr\u016fsvitn\u00e9ho jantarov\u00e9ho skla a p\u0159esn\u011b odpov\u00eddaj\u00edc\u00ed \u010dernou hlavou pumpi\u010dky a pr\u016fhledn\u00fdm sklen\u011bn\u00fdm bezpe\u010dnostn\u00edm krytem.<\/p>\n<h2>Kl\u00ed\u010dov\u00e9 specifikace<\/h2>\n<table style=\"border-collapse: collapse; margin-left: auto; margin-right: auto; width: 80%;\" border=\"0\" width=\"486\" cellspacing=\"0\" cellpadding=\"0\">\n<tbody>\n<tr style=\"height: 13.50pt;\">\n<td style=\"height: 13.50pt; width: 117.75pt;\" width=\"157\" height=\"18\">Funkce<\/td>\n<td style=\"width: 246.75pt;\" width=\"329\">Detail<\/td>\n<\/tr>\n<tr style=\"height: 13.50pt;\">\n<td style=\"height: 13.50pt;\" height=\"18\">Mo\u017enosti kapacity<\/td>\n<td>5 ml, 10 ml, 15 ml, 20 ml, 30 ml, 50 ml, 100 ml<\/td>\n<\/tr>\n<tr style=\"height: 13.50pt;\">\n<td style=\"height: 13.50pt;\" height=\"18\">Rozsah velikost\u00ed lahv\u00ed<\/td>\n<td>Pr\u016fm\u011br 22\u201344,5 mm, v\u00fd\u0161ka 50\u2013112 mm<\/td>\n<\/tr>\n<tr style=\"height: 13.50pt;\">\n<td style=\"height: 13.50pt;\" height=\"18\">Materi\u00e1l<\/td>\n<td>Vysoce \u010dir\u00e9 hn\u011bd\u00e9 sklo<\/td>\n<\/tr>\n<tr style=\"height: 13.50pt;\">\n<td style=\"height: 13.50pt;\" height=\"18\">Uzav\u0159en\u00ed<\/td>\n<td>\u010cern\u00e1 pumpi\u010dka se zkosenou \u0161pi\u010dkou<\/td>\n<\/tr>\n<tr style=\"height: 13.50pt;\">\n<td style=\"height: 13.50pt;\" height=\"18\">Trubice \u010derpadla<\/td>\n<td>Dlouh\u00e1, pr\u016fhledn\u00e1 trubice pro pln\u00e9 vyu\u017eit\u00ed<\/td>\n<\/tr>\n<tr style=\"height: 13.50pt;\">\n<td style=\"height: 13.50pt;\" height=\"18\">Ide\u00e1ln\u00ed pro<\/td>\n<td>S\u00e9ra, ple\u0165ov\u00e9 vody, ple\u0165ov\u00e9 oleje<\/td>\n<\/tr>\n<\/tbody>\n<\/table>\n<h2>P\u0159\u00edb\u011bh \u00fasp\u011bchu<\/h2>\n<p>Tato profesion\u00e1ln\u00ed zna\u010dka p\u00e9\u010de o ple\u0165 si vybrala na\u0161e 30ml hn\u011bd\u00e9 sklen\u011bn\u00e9 lahvi\u010dky s pumpi\u010dkou pot\u00e9, co k nim p\u0159idala s\u00edtotiskovou etiketu \u201eairless\u201c a \u00fa\u010dinn\u00e9 pumpi\u010dku, kter\u00e1 se hod\u00ed k jej\u00edm visk\u00f3zn\u00edm s\u00e9r\u016fm. UV ochrana udr\u017euje 95% \u00fa\u010dinnost slo\u017eek s\u00e9ra po dobu 12 m\u011bs\u00edc\u016f. Syst\u00e9m pumpi\u010dky sni\u017euje oxidaci a produkci odpadu o 30 % ve srovn\u00e1n\u00ed s kap\u00e1tky. Zna\u010dka dos\u00e1hla se sv\u00fdm produktem obrovsk\u00e9ho \u00fasp\u011bchu, kter\u00fd vedl k n\u00e1sledn\u00e9 objedn\u00e1vce 750 000 lahvi\u010dek na celou \u0159adu antioxida\u010dn\u00edch s\u00e9r a produkt\u016f p\u00e9\u010de o ple\u0165.<\/p>\n<h2>Hn\u011bd\u00e9 sklen\u011bn\u00e9 lahve s mo\u017enost\u00ed p\u0159izp\u016fsoben\u00ed pumpy<\/h2>\n<ul>\n<li>Sv\u011btle jantarov\u00e1 sklen\u011bn\u00e1 lahvi\u010dka se dod\u00e1v\u00e1 ve t\u0159ech r\u016fzn\u00fdch odst\u00ednech, a to sv\u011btle jantarov\u00e9, st\u0159edn\u011b jantarov\u00e9 a tmav\u011b jantarov\u00e9.<\/li>\n<li>Syst\u00e9m vakuov\u00e9 pumpy poskytuje u\u017eivatel\u016fm kompletn\u00ed syst\u00e9m vakuov\u00e9 pumpy, kter\u00fd zaru\u010duje maxim\u00e1ln\u00ed ochranu jejich nestabiln\u00edch aktivn\u00edch slo\u017eek prost\u0159ednictv\u00edm antioxida\u010dn\u00edch obrann\u00fdch mechanism\u016f.<\/li>\n<li>Na dn\u011b lahve m\u016f\u017ee b\u00fdt vyv\u00fd\u0161en\u00e1 stupnice s \u00fadaji \u201e100 ml\u201c nebo si u\u017eivatel\u00e9 mohou zvolit zobrazen\u00ed loga sv\u00e9 zna\u010dky prost\u0159ednictv\u00edm mal\u00e9ho displeje s logem.<\/li>\n<\/ul>","protected":false},"excerpt":{"rendered":"<p>Elegantn\u00ed sklen\u011bn\u00e1 jantarov\u00e1 pumpi\u010dka s bezpe\u010dn\u00fdm pumpi\u010dkou a uz\u00e1v\u011brem. Hn\u011bd\u00e9 sklen\u011bn\u00e9 lahvi\u010dky s pumpi\u010dkou na kr\u00e9my a tekutiny. Mo\u017enost vlastn\u00edho brandingu. Vzorky zdarma.<\/p>","protected":false},"featured_media":5356,"comment_status":"open","ping_status":"closed","template":"","meta":{"_acf_changed":false,"site-sidebar-layout":"default","site-content-layout":"","ast-site-content-layout":"default","site-content-style":"default","site-sidebar-style":"default","ast-global-header-display":"","ast-banner-title-visibility":"","ast-main-header-display":"","ast-hfb-above-header-display":"","ast-hfb-below-header-display":"","ast-hfb-mobile-header-display":"","site-post-title":"","ast-breadcrumbs-content":"","ast-featured-img":"","footer-sml-layout":"","ast-disable-related-posts":"","theme-transparent-header-meta":"default","adv-header-id-meta":"","stick-header-meta":"","header-above-stick-meta":"","header-main-stick-meta":"","header-below-stick-meta":"","astra-migrate-meta-layouts":"set","ast-page-background-enabled":"default","ast-page-background-meta":{"desktop":{"background-color":"var(--ast-global-color-5)","background-image":"","background-repeat":"repeat","background-position":"center center","background-size":"auto","background-attachment":"scroll","background-type":"","background-media":"","overlay-type":"","overlay-color":"","overlay-opacity":"","overlay-gradient":""},"tablet":{"background-color":"","background-image":"","background-repeat":"repeat","background-position":"center center","background-size":"auto","background-attachment":"scroll","background-type":"","background-media":"","overlay-type":"","overlay-color":"","overlay-opacity":"","overlay-gradient":""},"mobile":{"background-color":"","background-image":"","background-repeat":"repeat","background-position":"center center","background-size":"auto","background-attachment":"scroll","background-type":"","background-media":"","overlay-type":"","overlay-color":"","overlay-opacity":"","overlay-gradient":""}},"ast-content-background-meta":{"desktop":{"background-color":"var(--ast-global-color-4)","background-image":"","background-repeat":"repeat","background-position":"center center","background-size":"auto","background-attachment":"scroll","background-type":"","background-media":"","overlay-type":"","overlay-color":"","overlay-opacity":"","overlay-gradient":""},"tablet":{"background-color":"var(--ast-global-color-4)","background-image":"","background-repeat":"repeat","background-position":"center center","background-size":"auto","background-attachment":"scroll","background-type":"","background-media":"","overlay-type":"","overlay-color":"","overlay-opacity":"","overlay-gradient":""},"mobile":{"background-color":"var(--ast-global-color-4)","background-image":"","background-repeat":"repeat","background-position":"center center","background-size":"auto","background-attachment":"scroll","background-type":"","background-media":"","overlay-type":"","overlay-color":"","overlay-opacity":"","overlay-gradient":""}}},"product_brand":[],"product_cat":[71,72,62],"product_tag":[190,204],"class_list":{"0":"post-5355","1":"product","2":"type-product","3":"status-publish","4":"has-post-thumbnail","6":"product_cat-glass-lotion-bottles","7":"product_cat-cosmetic-packaging","8":"product_cat-cosmetic-containers","9":"product_tag-cosmetic-pots-with-lids","10":"product_tag-frosted-cosmetic-jars","11":"desktop-align-left","12":"tablet-align-left","13":"mobile-align-left","15":"first","16":"instock","17":"shipping-taxable","18":"product-type-simple"},"acf":[],"jetpack_sharing_enabled":true,"_links":{"self":[{"href":"https:\/\/theperfumebottles.com\/cs\/wp-json\/wp\/v2\/product\/5355","targetHints":{"allow":["GET"]}}],"collection":[{"href":"https:\/\/theperfumebottles.com\/cs\/wp-json\/wp\/v2\/product"}],"about":[{"href":"https:\/\/theperfumebottles.com\/cs\/wp-json\/wp\/v2\/types\/product"}],"replies":[{"embeddable":true,"href":"https:\/\/theperfumebottles.com\/cs\/wp-json\/wp\/v2\/comments?post=5355"}],"wp:featuredmedia":[{"embeddable":true,"href":"https:\/\/theperfumebottles.com\/cs\/wp-json\/wp\/v2\/media\/5356"}],"wp:attachment":[{"href":"https:\/\/theperfumebottles.com\/cs\/wp-json\/wp\/v2\/media?parent=5355"}],"wp:term":[{"taxonomy":"product_brand","embeddable":true,"href":"https:\/\/theperfumebottles.com\/cs\/wp-json\/wp\/v2\/product_brand?post=5355"},{"taxonomy":"product_cat","embeddable":true,"href":"https:\/\/theperfumebottles.com\/cs\/wp-json\/wp\/v2\/product_cat?post=5355"},{"taxonomy":"product_tag","embeddable":true,"href":"https:\/\/theperfumebottles.com\/cs\/wp-json\/wp\/v2\/product_tag?post=5355"}],"curies":[{"name":"wp","href":"https:\/\/api.w.org\/{rel}","templated":true}]}}