{"id":5405,"date":"2025-08-11T17:27:27","date_gmt":"2025-08-11T09:27:27","guid":{"rendered":"https:\/\/theperfumebottles.com\/?post_type=product&#038;p=5405"},"modified":"2026-03-30T15:26:17","modified_gmt":"2026-03-30T07:26:17","slug":"essential-oil-roll-on-bottles-in-bulk","status":"publish","type":"product","link":"https:\/\/theperfumebottles.com\/cs\/produkt\/essential-oil-roll-on-bottles-in-bulk\/","title":{"rendered":"3ml-30ml roll-on lahvi\u010dky s esenci\u00e1ln\u00edm olejem ve velk\u00e9m"},"content":{"rendered":"<p>Pot\u0159ebujete roll-on lahvi\u010dky na esenci\u00e1ln\u00ed olej, kter\u00e9 upoutaj\u00ed pozornost a poskytnou v\u00e1m dokonal\u00fd v\u00fdkon? Na\u0161e sklen\u011bn\u00e9 roll-on lahvi\u010dky jsou vyrobeny pro zna\u010dky, kter\u00e9 cht\u011bj\u00ed n\u00e1doby na esenci\u00e1ln\u00ed oleje, je\u017e spojuj\u00ed luxus s prakti\u010dnost\u00ed.<\/p>\n<h2>Kl\u00ed\u010dov\u00e9 specifikace<\/h2>\n<table style=\"border-collapse: collapse; width: 80%; margin-left: auto; margin-right: auto;\" border=\"0\" width=\"227\" cellspacing=\"0\" cellpadding=\"0\">\n<tbody>\n<tr style=\"height: 13.50pt;\">\n<td style=\"height: 13.5pt; width: 116.25pt; text-align: center;\" width=\"155\" height=\"18\">Funkce<\/td>\n<td style=\"width: 54pt; text-align: center;\" width=\"72\">Podrobnosti<\/td>\n<\/tr>\n<tr style=\"height: 13.50pt;\">\n<td style=\"height: 13.5pt; text-align: center;\" height=\"18\">Kapacita<\/td>\n<td style=\"text-align: center;\">3 ml, 5 ml, 10 ml, 15 ml, 20 ml, 30 ml<\/td>\n<\/tr>\n<tr style=\"height: 13.50pt;\">\n<td style=\"height: 13.5pt; text-align: center;\" height=\"18\">Materi\u00e1l<\/td>\n<td style=\"text-align: center;\">Sklo<\/td>\n<\/tr>\n<tr style=\"height: 13.50pt;\">\n<td style=\"height: 13.5pt; text-align: center;\" height=\"18\">T\u011bsnic\u00ed mechanismus<\/td>\n<td style=\"text-align: center;\">\u0160roubovac\u00ed uz\u00e1v\u011br s v\u00e1le\u010dkem<\/td>\n<\/tr>\n<tr style=\"height: 13.50pt;\">\n<td style=\"height: 13.5pt; text-align: center;\" height=\"18\">Tvar<\/td>\n<td style=\"text-align: center;\">Kolo<\/td>\n<\/tr>\n<tr style=\"height: 13.50pt;\">\n<td style=\"height: 13.5pt; text-align: center;\" height=\"18\">Barva<\/td>\n<td style=\"text-align: center;\">Jasn\u00e9, p\u0159izp\u016fsobiteln\u00e9<\/td>\n<\/tr>\n<tr style=\"height: 13.50pt;\">\n<td style=\"height: 13.5pt; text-align: center;\" height=\"18\">Povrchov\u00fd tisk<\/td>\n<td style=\"text-align: center;\">P\u0159izp\u016fsobiteln\u00e9<\/td>\n<\/tr>\n<\/tbody>\n<\/table>\n<h2>P\u0159\u00edpadov\u00e1 studie<\/h2>\n<p>Spole\u010dnost zab\u00fdvaj\u00edc\u00ed se p\u00e9\u010d\u00ed o ple\u0165, hledaj\u00edc\u00ed mo\u017enost zv\u00fd\u0161en\u00ed p\u0159\u00edjm\u016f, se rozhodla p\u0159epracovat svou \u0159adu esenci\u00e1ln\u00edch olej\u016f a jako obal si zvolila na\u0161e 28g roll-on lahvi\u010dky s nerezov\u00fdm v\u00e1le\u010dkem a zlat\u00fdm uz\u00e1v\u011brem. Velkoobchodn\u00ed objedn\u00e1vkou a \u00fapravou roll-on lahvi\u010dek s esenci\u00e1ln\u00edmi oleji podle barev jejich loga v\u00fdrazn\u011b sn\u00ed\u017eila n\u00e1klady na balen\u00ed a zv\u00fd\u0161ila po\u010det st\u00e1l\u00fdch z\u00e1kazn\u00edk\u016f o 65 %.<\/p>\n<h2>Kontroln\u00ed seznam pro p\u0159izp\u016fsoben\u00ed<\/h2>\n<ul>\n<li><strong>sklen\u011bn\u00e9 t\u011blo<\/strong>Borosilik\u00e1tov\u00e9 sklo \/ Hn\u011bd\u00e1 (doporu\u010deno) nebo jin\u00e1 sv\u011btlot\u011bsn\u00e1 barva \/ Ur\u010dete objem (nap\u0159. 10 ml)<\/li>\n<li><strong>Rollerball<\/strong>Nerezov\u00e1 ocel (doporu\u010deno) \/ Ur\u010dete velikost kuli\u010dky (nap\u0159. 5 mm)<\/li>\n<li><strong>V\u00ed\u010dko<\/strong>Zajist\u011bte dobr\u00e9 ut\u011bsn\u011bn\u00ed \/ Vyberte barvu a povrchovou \u00fapravu (nap\u0159. leskl\u00fd b\u00edl\u00fd uz\u00e1v\u011br)<\/li>\n<li><strong>Tisk<\/strong>Ur\u010den\u00ed potisku loga a textu (nap\u0159. zlat\u00fd s\u00edtotisk)<\/li>\n<li><strong>Testov\u00e1n\u00ed vzork\u016f<\/strong>Nezapome\u0148te si vy\u017e\u00e1dat slep\u00fd vzorek pro otestov\u00e1n\u00ed t\u011bsn\u011bn\u00ed a hladkosti v\u00e1lce.<\/li>\n<li><strong>Dodavatel<\/strong>Prodiskutujte minim\u00e1ln\u00ed objedn\u00e1vku (MOQ), cenu, dobu odb\u011bru vzorku a v\u00fdrobn\u00ed cyklus.<\/li>\n<\/ul>","protected":false},"excerpt":{"rendered":"<p>Po\u0159i\u010fte si pro svou zna\u010dku pr\u00e9miov\u00e9 roll-on lahvi\u010dky s esenci\u00e1ln\u00edmi oleji a roll-on lahvi\u010dky o objemu 28 g. Ide\u00e1ln\u00ed pro firmy, kter\u00e9 hledaj\u00ed vysoce kvalitn\u00ed a zak\u00e1zkov\u00e9 balen\u00ed pro hromadn\u00e9 objedn\u00e1vky.<\/p>","protected":false},"featured_media":6631,"comment_status":"closed","ping_status":"closed","template":"","meta":{"_acf_changed":false,"site-sidebar-layout":"default","site-content-layout":"","ast-site-content-layout":"default","site-content-style":"default","site-sidebar-style":"default","ast-global-header-display":"","ast-banner-title-visibility":"","ast-main-header-display":"","ast-hfb-above-header-display":"","ast-hfb-below-header-display":"","ast-hfb-mobile-header-display":"","site-post-title":"","ast-breadcrumbs-content":"","ast-featured-img":"","footer-sml-layout":"","ast-disable-related-posts":"","theme-transparent-header-meta":"default","adv-header-id-meta":"","stick-header-meta":"","header-above-stick-meta":"","header-main-stick-meta":"","header-below-stick-meta":"","astra-migrate-meta-layouts":"set","ast-page-background-enabled":"default","ast-page-background-meta":{"desktop":{"background-color":"var(--ast-global-color-5)","background-image":"","background-repeat":"repeat","background-position":"center center","background-size":"auto","background-attachment":"scroll","background-type":"","background-media":"","overlay-type":"","overlay-color":"","overlay-opacity":"","overlay-gradient":""},"tablet":{"background-color":"","background-image":"","background-repeat":"repeat","background-position":"center center","background-size":"auto","background-attachment":"scroll","background-type":"","background-media":"","overlay-type":"","overlay-color":"","overlay-opacity":"","overlay-gradient":""},"mobile":{"background-color":"","background-image":"","background-repeat":"repeat","background-position":"center center","background-size":"auto","background-attachment":"scroll","background-type":"","background-media":"","overlay-type":"","overlay-color":"","overlay-opacity":"","overlay-gradient":""}},"ast-content-background-meta":{"desktop":{"background-color":"var(--ast-global-color-4)","background-image":"","background-repeat":"repeat","background-position":"center center","background-size":"auto","background-attachment":"scroll","background-type":"","background-media":"","overlay-type":"","overlay-color":"","overlay-opacity":"","overlay-gradient":""},"tablet":{"background-color":"var(--ast-global-color-4)","background-image":"","background-repeat":"repeat","background-position":"center center","background-size":"auto","background-attachment":"scroll","background-type":"","background-media":"","overlay-type":"","overlay-color":"","overlay-opacity":"","overlay-gradient":""},"mobile":{"background-color":"var(--ast-global-color-4)","background-image":"","background-repeat":"repeat","background-position":"center center","background-size":"auto","background-attachment":"scroll","background-type":"","background-media":"","overlay-type":"","overlay-color":"","overlay-opacity":"","overlay-gradient":""}}},"product_brand":[],"product_cat":[60,62,72,57],"product_tag":[223,222],"class_list":{"0":"post-5405","1":"product","2":"type-product","3":"status-publish","4":"has-post-thumbnail","6":"product_cat-roller-bottles","7":"product_cat-cosmetic-containers","8":"product_cat-cosmetic-packaging","9":"product_cat-essential-oil-bottles","10":"product_tag-essential-oil-roll-on-bottles","11":"product_tag-perfume-roller-bottles","12":"desktop-align-left","13":"tablet-align-left","14":"mobile-align-left","16":"first","17":"instock","18":"shipping-taxable","19":"product-type-simple"},"acf":[],"jetpack_sharing_enabled":true,"_links":{"self":[{"href":"https:\/\/theperfumebottles.com\/cs\/wp-json\/wp\/v2\/product\/5405","targetHints":{"allow":["GET"]}}],"collection":[{"href":"https:\/\/theperfumebottles.com\/cs\/wp-json\/wp\/v2\/product"}],"about":[{"href":"https:\/\/theperfumebottles.com\/cs\/wp-json\/wp\/v2\/types\/product"}],"replies":[{"embeddable":true,"href":"https:\/\/theperfumebottles.com\/cs\/wp-json\/wp\/v2\/comments?post=5405"}],"wp:featuredmedia":[{"embeddable":true,"href":"https:\/\/theperfumebottles.com\/cs\/wp-json\/wp\/v2\/media\/6631"}],"wp:attachment":[{"href":"https:\/\/theperfumebottles.com\/cs\/wp-json\/wp\/v2\/media?parent=5405"}],"wp:term":[{"taxonomy":"product_brand","embeddable":true,"href":"https:\/\/theperfumebottles.com\/cs\/wp-json\/wp\/v2\/product_brand?post=5405"},{"taxonomy":"product_cat","embeddable":true,"href":"https:\/\/theperfumebottles.com\/cs\/wp-json\/wp\/v2\/product_cat?post=5405"},{"taxonomy":"product_tag","embeddable":true,"href":"https:\/\/theperfumebottles.com\/cs\/wp-json\/wp\/v2\/product_tag?post=5405"}],"curies":[{"name":"wp","href":"https:\/\/api.w.org\/{rel}","templated":true}]}}