{"id":5410,"date":"2025-08-11T17:29:23","date_gmt":"2025-08-11T09:29:23","guid":{"rendered":"https:\/\/theperfumebottles.com\/?post_type=product&#038;p=5410"},"modified":"2026-03-30T16:30:37","modified_gmt":"2026-03-30T08:30:37","slug":"amber-glass-roll-on-bottles-for-cosmetic-packaging-bulk","status":"publish","type":"product","link":"https:\/\/theperfumebottles.com\/cs\/produkt\/amber-glass-roll-on-bottles-for-cosmetic-packaging-bulk\/","title":{"rendered":"5ml-200ml jantarov\u00e9 sklen\u011bn\u00e9 rolovac\u00ed lahvi\u010dky pro kosmetick\u00e9 balen\u00ed ve velk\u00e9m"},"content":{"rendered":"<p>Pot\u0159ebujete sklen\u011bnou lahvi\u010dku s roll-on uz\u00e1v\u011brem, kter\u00e1 chr\u00e1n\u00ed va\u0161e produkty a z\u00e1rove\u0148 vypad\u00e1 \u00fa\u017easn\u011b? Na\u0161e roll-on lahvi\u010dky z jantarov\u00e9ho skla jsou ur\u010deny pro zna\u010dky, kter\u00e9 cht\u011bj\u00ed kosmetick\u00e9 n\u00e1doby, je\u017e spojuj\u00ed UV ochranu s modern\u00edm vkusem.<\/p>\n<h2><strong data-spm-anchor-id=\"5176.28103460.0.i21.29ab1db8INmi4N\">Kl\u00ed\u010dov\u00e9 specifikace<\/strong><\/h2>\n<table style=\"border-collapse: collapse; width: 80%; margin-left: auto; margin-right: auto;\" border=\"0\" width=\"227\" cellspacing=\"0\" cellpadding=\"0\">\n<tbody>\n<tr style=\"height: 13.50pt;\">\n<td style=\"height: 13.5pt; width: 116.25pt; text-align: center;\" width=\"155\" height=\"18\">Funkce<\/td>\n<td style=\"width: 54pt; text-align: center;\" width=\"72\">Podrobnosti<\/td>\n<\/tr>\n<tr style=\"height: 13.50pt;\">\n<td style=\"height: 13.5pt; text-align: center;\" height=\"18\">Kapacita<\/td>\n<td style=\"text-align: center;\">5\/10\/15\/20\/30\/50\/60\/100\/120\/150\/200ml (na m\u00edru)<\/td>\n<\/tr>\n<tr style=\"height: 13.50pt;\">\n<td style=\"height: 13.5pt; text-align: center;\" height=\"18\">Materi\u00e1l<\/td>\n<td style=\"text-align: center;\">Jantarov\u00e9 sklo<\/td>\n<\/tr>\n<tr style=\"height: 13.50pt;\">\n<td style=\"height: 13.5pt; text-align: center;\" height=\"18\">Tvar<\/td>\n<td style=\"text-align: center;\">Kulat\u00e9, \u010dtvercov\u00e9 nebo na zak\u00e1zku<\/td>\n<\/tr>\n<tr style=\"height: 13.50pt;\">\n<td style=\"height: 13.5pt; text-align: center;\" height=\"18\">V\u00ed\u010dko<\/td>\n<td style=\"text-align: center;\">Akrylov\u00e1 \u010depice\/ROLL ON\/nebo va\u0161e vlastn\u00ed \u010depice<\/td>\n<\/tr>\n<tr style=\"height: 13.50pt;\">\n<td style=\"height: 13.5pt; text-align: center;\" height=\"18\">Barva<\/td>\n<td style=\"text-align: center;\">Amber nebo jste si ji p\u0159izp\u016fsobili<\/td>\n<\/tr>\n<tr style=\"height: 13.50pt;\">\n<td style=\"height: 13.5pt; text-align: center;\" height=\"18\">Povrchov\u00fd tisk<\/td>\n<td style=\"text-align: center;\">S\u00edtotisk<\/td>\n<\/tr>\n<tr style=\"height: 13.50pt;\">\n<td style=\"height: 13.5pt; text-align: center;\" height=\"18\">Pou\u017e\u00edv\u00e1n\u00ed<\/td>\n<td style=\"text-align: center;\">Esenci\u00e1ln\u00ed olej<\/td>\n<\/tr>\n<\/tbody>\n<\/table>\n<h2>Tipy pro p\u0159izp\u016fsoben\u00ed<\/h2>\n<ul>\n<li><strong>Psychologie barev:<\/strong> Pro p\u0159irozenou estetiku pou\u017eijte jantarovou barvu nebo p\u0159idejte vlastn\u00ed odst\u00edny krytek (\u010dern\u00e1, zlat\u00e1) pro zarovn\u00e1n\u00ed loga.<\/li>\n<li><strong>Technick\u00fd zvrat:<\/strong> P\u0159idejte na v\u00ed\u010dko grav\u00edrovan\u00e9 ochrann\u00e9 zn\u00e1mky nebo QR k\u00f3dy pro interaktivn\u00ed kosmetick\u00e9 balen\u00ed \u2013 klienti si tak mohou vyzkou\u0161et n\u00e1vody k produkt\u016fm.<\/li>\n<\/ul>","protected":false},"excerpt":{"rendered":"<p>Povy\u0161te kosmetick\u00e9 obaly s rolovac\u00edmi lahvi\u010dkami z jantarov\u00e9ho skla. Ide\u00e1ln\u00ed pro p\u00e9\u010di o ple\u0165, esenci\u00e1ln\u00ed oleje a kosmetick\u00e9 obaly. Vzorky zdarma.<\/p>","protected":false},"featured_media":5411,"comment_status":"closed","ping_status":"closed","template":"","meta":{"_acf_changed":false,"site-sidebar-layout":"default","site-content-layout":"","ast-site-content-layout":"default","site-content-style":"default","site-sidebar-style":"default","ast-global-header-display":"","ast-banner-title-visibility":"","ast-main-header-display":"","ast-hfb-above-header-display":"","ast-hfb-below-header-display":"","ast-hfb-mobile-header-display":"","site-post-title":"","ast-breadcrumbs-content":"","ast-featured-img":"","footer-sml-layout":"","ast-disable-related-posts":"","theme-transparent-header-meta":"default","adv-header-id-meta":"","stick-header-meta":"","header-above-stick-meta":"","header-main-stick-meta":"","header-below-stick-meta":"","astra-migrate-meta-layouts":"set","ast-page-background-enabled":"default","ast-page-background-meta":{"desktop":{"background-color":"var(--ast-global-color-5)","background-image":"","background-repeat":"repeat","background-position":"center center","background-size":"auto","background-attachment":"scroll","background-type":"","background-media":"","overlay-type":"","overlay-color":"","overlay-opacity":"","overlay-gradient":""},"tablet":{"background-color":"","background-image":"","background-repeat":"repeat","background-position":"center center","background-size":"auto","background-attachment":"scroll","background-type":"","background-media":"","overlay-type":"","overlay-color":"","overlay-opacity":"","overlay-gradient":""},"mobile":{"background-color":"","background-image":"","background-repeat":"repeat","background-position":"center center","background-size":"auto","background-attachment":"scroll","background-type":"","background-media":"","overlay-type":"","overlay-color":"","overlay-opacity":"","overlay-gradient":""}},"ast-content-background-meta":{"desktop":{"background-color":"var(--ast-global-color-4)","background-image":"","background-repeat":"repeat","background-position":"center center","background-size":"auto","background-attachment":"scroll","background-type":"","background-media":"","overlay-type":"","overlay-color":"","overlay-opacity":"","overlay-gradient":""},"tablet":{"background-color":"var(--ast-global-color-4)","background-image":"","background-repeat":"repeat","background-position":"center center","background-size":"auto","background-attachment":"scroll","background-type":"","background-media":"","overlay-type":"","overlay-color":"","overlay-opacity":"","overlay-gradient":""},"mobile":{"background-color":"var(--ast-global-color-4)","background-image":"","background-repeat":"repeat","background-position":"center center","background-size":"auto","background-attachment":"scroll","background-type":"","background-media":"","overlay-type":"","overlay-color":"","overlay-opacity":"","overlay-gradient":""}}},"product_brand":[],"product_cat":[60,62,72,57],"product_tag":[224,225],"class_list":{"0":"post-5410","1":"product","2":"type-product","3":"status-publish","4":"has-post-thumbnail","6":"product_cat-roller-bottles","7":"product_cat-cosmetic-containers","8":"product_cat-cosmetic-packaging","9":"product_cat-essential-oil-bottles","10":"product_tag-amber-glass-roll-on-bottles","11":"product_tag-glass-bottle-with-roller-top","12":"desktop-align-left","13":"tablet-align-left","14":"mobile-align-left","16":"first","17":"instock","18":"shipping-taxable","19":"product-type-simple"},"acf":[],"jetpack_sharing_enabled":true,"_links":{"self":[{"href":"https:\/\/theperfumebottles.com\/cs\/wp-json\/wp\/v2\/product\/5410","targetHints":{"allow":["GET"]}}],"collection":[{"href":"https:\/\/theperfumebottles.com\/cs\/wp-json\/wp\/v2\/product"}],"about":[{"href":"https:\/\/theperfumebottles.com\/cs\/wp-json\/wp\/v2\/types\/product"}],"replies":[{"embeddable":true,"href":"https:\/\/theperfumebottles.com\/cs\/wp-json\/wp\/v2\/comments?post=5410"}],"wp:featuredmedia":[{"embeddable":true,"href":"https:\/\/theperfumebottles.com\/cs\/wp-json\/wp\/v2\/media\/5411"}],"wp:attachment":[{"href":"https:\/\/theperfumebottles.com\/cs\/wp-json\/wp\/v2\/media?parent=5410"}],"wp:term":[{"taxonomy":"product_brand","embeddable":true,"href":"https:\/\/theperfumebottles.com\/cs\/wp-json\/wp\/v2\/product_brand?post=5410"},{"taxonomy":"product_cat","embeddable":true,"href":"https:\/\/theperfumebottles.com\/cs\/wp-json\/wp\/v2\/product_cat?post=5410"},{"taxonomy":"product_tag","embeddable":true,"href":"https:\/\/theperfumebottles.com\/cs\/wp-json\/wp\/v2\/product_tag?post=5410"}],"curies":[{"name":"wp","href":"https:\/\/api.w.org\/{rel}","templated":true}]}}