{"id":5419,"date":"2025-08-11T18:31:04","date_gmt":"2025-08-11T10:31:04","guid":{"rendered":"https:\/\/theperfumebottles.com\/?post_type=product&#038;p=5419"},"modified":"2026-04-01T14:32:45","modified_gmt":"2026-04-01T06:32:45","slug":"bulk-lotion-bottle-pump-with-glass-cosmetic-bottles","status":"publish","type":"product","link":"https:\/\/theperfumebottles.com\/cs\/produkt\/bulk-lotion-bottle-pump-with-glass-cosmetic-bottles\/","title":{"rendered":"Hromadn\u00e1 lahvi\u010dka s pumpi\u010dkou na ml\u00e9ko 40ml 60ml 80ml se sklen\u011bn\u00fdmi kosmetick\u00fdmi lahvemi"},"content":{"rendered":"<p>Pumpa v lahvi\u010dce s kr\u00e9mem funguje p\u0159es sklen\u011bnou n\u00e1dobu, kter\u00e1 m\u00e1 v\u00e1lcovit\u00fd tvar a \u0161irok\u00e9 dno, kter\u00e9 zaji\u0161\u0165uje stabilitu. Produkt uvnit\u0159 n\u00e1doby je viditeln\u00fd skrz pr\u016fhledn\u00e9 t\u011blo, kter\u00e9 sah\u00e1 a\u017e do horn\u00ed \u010d\u00e1sti, kde se nach\u00e1z\u00ed b\u00edl\u00e9 plastov\u00e9 \u010derpadlo um\u00edst\u011bn\u00e9 pod pr\u016fhledn\u00fdm sklen\u011bn\u00fdm \u0161t\u00edtem.<\/p>\n<h2>Kl\u00ed\u010dov\u00e9 specifikace<\/h2>\n<table style=\"border-collapse: collapse; margin-left: auto; margin-right: auto; width: 80%;\" border=\"0\" width=\"424\" cellspacing=\"0\" cellpadding=\"0\">\n<tbody>\n<tr style=\"height: 13.50pt;\">\n<td style=\"height: 13.50pt; width: 91.50pt;\" width=\"122\" height=\"18\">Funkce<\/td>\n<td style=\"width: 226.50pt;\" width=\"302\">Detail<\/td>\n<\/tr>\n<tr style=\"height: 13.50pt;\">\n<td style=\"height: 13.50pt;\" height=\"18\">Kapacity<\/td>\n<td>40ml, 60ml, 80ml<\/td>\n<\/tr>\n<tr style=\"height: 13.50pt;\">\n<td style=\"height: 13.50pt;\" height=\"18\">Materi\u00e1l<\/td>\n<td>Vysoce kvalitn\u00ed \u010dir\u00e9 sklo<\/td>\n<\/tr>\n<tr style=\"height: 13.50pt;\">\n<td style=\"height: 13.50pt;\" height=\"18\">Tvar<\/td>\n<td>v\u00e1lcovit\u00fd (p\u0159izp\u016fsobiteln\u00fd)<\/td>\n<\/tr>\n<tr style=\"height: 13.50pt;\">\n<td style=\"height: 13.50pt;\" height=\"18\">Barva \u010derpadla<\/td>\n<td>B\u00edl\u00fd<\/td>\n<\/tr>\n<tr style=\"height: 13.50pt;\">\n<td style=\"height: 13.50pt;\" height=\"18\">Uzav\u0159en\u00ed<\/td>\n<td>Lisovac\u00ed \u010derpadlo s pr\u016fhledn\u00fdm ochrann\u00fdm v\u00edkem<\/td>\n<\/tr>\n<tr style=\"height: 13.50pt;\">\n<td style=\"height: 13.50pt;\" height=\"18\">Ide\u00e1ln\u00ed pro<\/td>\n<td>S\u00e9ra, ple\u0165ov\u00e9 vody, tonika, p\u00e9\u010de o t\u011blo<\/td>\n<\/tr>\n<\/tbody>\n<\/table>\n<h2>P\u0159\u00edb\u011bh \u00fasp\u011bchu: Nejprod\u00e1van\u011bj\u0161\u00ed s\u00e9rum od korejsk\u00e9 zna\u010dky p\u00e9\u010de o ple\u0165<\/h2>\n<p>Zn\u00e1m\u00e1 korejsk\u00e1 zna\u010dka p\u00e9\u010de o ple\u0165 si vybrala na\u0161e 30ml sklen\u011bn\u00e9 kosmetick\u00e9 lahvi\u010dky a upravila spodn\u00ed polovinu lahvi\u010dky s efektem matn\u00e9ho skla a pozlacenou hlavici pumpi\u010dky. D\u00e1vkovac\u00ed pumpi\u010dka zaji\u0161\u0165uje p\u0159esn\u00e9 d\u00e1vkov\u00e1n\u00ed s pouh\u00fdmi 1\u20132 kapkami na jedno pou\u017eit\u00ed, \u010d\u00edm\u017e se sni\u017euje pr\u016fm\u011brn\u00e1 m\u011bs\u00ed\u010dn\u00ed spot\u0159eba o 20 % a prodlu\u017euje se \u017eivotnost produktu. Pr\u016fhledn\u00e1 sklen\u011bn\u00e1 lahvi\u010dka prezentuje produkt zp\u016fsobem, kter\u00fd ukazuje jeho luxusn\u00ed vzhled, co\u017e m\u00e1 za n\u00e1sledek 40% n\u00e1r\u016fst online m\u00edry konverze u produktov\u00fdch vide\u00ed. Zna\u010dka dos\u00e1hla obrovsk\u00e9ho \u00fasp\u011bchu a n\u00e1sledn\u011b zadala dal\u0161\u00ed objedn\u00e1vku na 750 000 lahvi\u010dek pro celou svou \u0159adu s\u00e9r a lehk\u00fdch ple\u0165ov\u00fdch ml\u00e9k.<\/p>\n<h2>Chcete si to p\u0159izp\u016fsobit? Zde je m\u00edsto, kde za\u010d\u00edt<\/h2>\n<p>Nemus\u00edte se dr\u017eet pouze b\u00edl\u00e9. Nebo standardn\u00edho v\u00ed\u010dka. Tato sklen\u011bn\u00e1 n\u00e1doba na kosmetick\u00e9 lahvi\u010dky je vyrobena tak, aby se p\u0159izp\u016fsobila.<\/p>\n<ul>\n<li>Zm\u011b\u0148te barvu pumpi\u010dky \u2013 pro modern\u00ed vzhled zvolte \u010dernou, st\u0159\u00edbrnou nebo matnou.<\/li>\n<li>Vym\u011b\u0148te v\u00ed\u010dko \u2013 vym\u011b\u0148te pr\u016fhledn\u00fd kryt za zna\u010dkov\u00fd. Drobn\u00fd detail. Velk\u00fd dopad.<\/li>\n<li>Pot\u0159ebujete lahvi\u010dky na ple\u0165ov\u00e9 ml\u00e9ko s pumpi\u010dkou na m\u00edru? Nab\u00edz\u00edme r\u016fzn\u00e9 velikosti \u2013 sta\u010d\u00ed se zeptat.<\/li>\n<li>Mo\u017enosti ekologick\u00e9ho balen\u00ed? Ano. Nab\u00edz\u00edme recyklovateln\u00e9 vlo\u017eky a velkoobchodn\u00ed kartony.<\/li>\n<\/ul>\n<p>Pom\u016f\u017eeme v\u00e1m vytvo\u0159it ide\u00e1ln\u00ed obaly na kosmetick\u00e9 lahve ze skla \u2013 nejen v\u00e1m prod\u00e1me lahvi\u010dku.<\/p>","protected":false},"excerpt":{"rendered":"<p>Lahvi\u010dka na ple\u0165ov\u00e9 ml\u00e9ko s pumpi\u010dkou z \u010dir\u00e9ho skla s elegantn\u00edm designem a hladk\u00fdm d\u00e1vkov\u00e1n\u00edm. Sklen\u011bn\u00e9 kosmetick\u00e9 lahvi\u010dky ide\u00e1ln\u00ed pro s\u00e9ra a ple\u0165ov\u00e9 vody. Vzorky zdarma k dispozici je\u0161t\u011b dnes.<\/p>","protected":false},"featured_media":5420,"comment_status":"open","ping_status":"closed","template":"","meta":{"_acf_changed":false,"site-sidebar-layout":"default","site-content-layout":"","ast-site-content-layout":"default","site-content-style":"default","site-sidebar-style":"default","ast-global-header-display":"","ast-banner-title-visibility":"","ast-main-header-display":"","ast-hfb-above-header-display":"","ast-hfb-below-header-display":"","ast-hfb-mobile-header-display":"","site-post-title":"","ast-breadcrumbs-content":"","ast-featured-img":"","footer-sml-layout":"","ast-disable-related-posts":"","theme-transparent-header-meta":"default","adv-header-id-meta":"","stick-header-meta":"","header-above-stick-meta":"","header-main-stick-meta":"","header-below-stick-meta":"","astra-migrate-meta-layouts":"set","ast-page-background-enabled":"default","ast-page-background-meta":{"desktop":{"background-color":"var(--ast-global-color-5)","background-image":"","background-repeat":"repeat","background-position":"center center","background-size":"auto","background-attachment":"scroll","background-type":"","background-media":"","overlay-type":"","overlay-color":"","overlay-opacity":"","overlay-gradient":""},"tablet":{"background-color":"","background-image":"","background-repeat":"repeat","background-position":"center center","background-size":"auto","background-attachment":"scroll","background-type":"","background-media":"","overlay-type":"","overlay-color":"","overlay-opacity":"","overlay-gradient":""},"mobile":{"background-color":"","background-image":"","background-repeat":"repeat","background-position":"center center","background-size":"auto","background-attachment":"scroll","background-type":"","background-media":"","overlay-type":"","overlay-color":"","overlay-opacity":"","overlay-gradient":""}},"ast-content-background-meta":{"desktop":{"background-color":"var(--ast-global-color-4)","background-image":"","background-repeat":"repeat","background-position":"center center","background-size":"auto","background-attachment":"scroll","background-type":"","background-media":"","overlay-type":"","overlay-color":"","overlay-opacity":"","overlay-gradient":""},"tablet":{"background-color":"var(--ast-global-color-4)","background-image":"","background-repeat":"repeat","background-position":"center center","background-size":"auto","background-attachment":"scroll","background-type":"","background-media":"","overlay-type":"","overlay-color":"","overlay-opacity":"","overlay-gradient":""},"mobile":{"background-color":"var(--ast-global-color-4)","background-image":"","background-repeat":"repeat","background-position":"center center","background-size":"auto","background-attachment":"scroll","background-type":"","background-media":"","overlay-type":"","overlay-color":"","overlay-opacity":"","overlay-gradient":""}}},"product_brand":[],"product_cat":[71,72,62],"product_tag":[190,204],"class_list":{"0":"post-5419","1":"product","2":"type-product","3":"status-publish","4":"has-post-thumbnail","6":"product_cat-glass-lotion-bottles","7":"product_cat-cosmetic-packaging","8":"product_cat-cosmetic-containers","9":"product_tag-cosmetic-pots-with-lids","10":"product_tag-frosted-cosmetic-jars","11":"desktop-align-left","12":"tablet-align-left","13":"mobile-align-left","15":"first","16":"instock","17":"shipping-taxable","18":"product-type-simple"},"acf":[],"jetpack_sharing_enabled":true,"_links":{"self":[{"href":"https:\/\/theperfumebottles.com\/cs\/wp-json\/wp\/v2\/product\/5419","targetHints":{"allow":["GET"]}}],"collection":[{"href":"https:\/\/theperfumebottles.com\/cs\/wp-json\/wp\/v2\/product"}],"about":[{"href":"https:\/\/theperfumebottles.com\/cs\/wp-json\/wp\/v2\/types\/product"}],"replies":[{"embeddable":true,"href":"https:\/\/theperfumebottles.com\/cs\/wp-json\/wp\/v2\/comments?post=5419"}],"wp:featuredmedia":[{"embeddable":true,"href":"https:\/\/theperfumebottles.com\/cs\/wp-json\/wp\/v2\/media\/5420"}],"wp:attachment":[{"href":"https:\/\/theperfumebottles.com\/cs\/wp-json\/wp\/v2\/media?parent=5419"}],"wp:term":[{"taxonomy":"product_brand","embeddable":true,"href":"https:\/\/theperfumebottles.com\/cs\/wp-json\/wp\/v2\/product_brand?post=5419"},{"taxonomy":"product_cat","embeddable":true,"href":"https:\/\/theperfumebottles.com\/cs\/wp-json\/wp\/v2\/product_cat?post=5419"},{"taxonomy":"product_tag","embeddable":true,"href":"https:\/\/theperfumebottles.com\/cs\/wp-json\/wp\/v2\/product_tag?post=5419"}],"curies":[{"name":"wp","href":"https:\/\/api.w.org\/{rel}","templated":true}]}}