{"id":5424,"date":"2025-08-11T18:00:42","date_gmt":"2025-08-11T10:00:42","guid":{"rendered":"https:\/\/theperfumebottles.com\/?post_type=product&#038;p=5424"},"modified":"2026-03-26T16:36:21","modified_gmt":"2026-03-26T08:36:21","slug":"clear-glass-roller-bottles-for-cosmetic-packaging-wholesale","status":"publish","type":"product","link":"https:\/\/theperfumebottles.com\/cs\/produkt\/clear-glass-roller-bottles-for-cosmetic-packaging-wholesale\/","title":{"rendered":"10ml \u010dir\u00e9 sklen\u011bn\u00e9 lahvi\u010dky s v\u00e1le\u010dkem pro kosmetick\u00e9 balen\u00ed Velkoobchod"},"content":{"rendered":"<p>Pot\u0159ebujete sklen\u011bn\u00e9 rolovac\u00ed lahvi\u010dky, kter\u00e9 spojuj\u00ed ekologii s luxusem? Na\u0161e \u010dir\u00e9 sklen\u011bn\u00e9 rolovac\u00ed lahvi\u010dky jsou ur\u010deny pro zna\u010dky, kter\u00e9 cht\u011bj\u00ed kosmetick\u00e9 n\u00e1doby, je\u017e jim p\u0159in\u00e1\u0161ej\u00ed radost a chr\u00e1n\u00ed planetu.<\/p>\n<h2>Kl\u00ed\u010dov\u00e9 specifikace<\/h2>\n<table style=\"border-collapse: collapse; width: 80%; margin-left: auto; margin-right: auto;\" border=\"0\" width=\"144\" cellspacing=\"0\" cellpadding=\"0\">\n<tbody>\n<tr style=\"height: 13.50pt;\">\n<td style=\"height: 13.50pt; width: 54.00pt;\" width=\"72\" height=\"18\">Funkce<\/td>\n<td style=\"width: 54.00pt;\" width=\"72\">Podrobnosti<\/td>\n<\/tr>\n<tr style=\"height: 13.50pt;\">\n<td style=\"height: 13.50pt;\" height=\"18\">Kapacita<\/td>\n<td>10ml<\/td>\n<\/tr>\n<tr style=\"height: 13.50pt;\">\n<td style=\"height: 13.50pt;\" height=\"18\">V\u00ed\u010dko<\/td>\n<td>D\u0159ev\u011bn\u00e9 nebo na m\u00edru<\/td>\n<\/tr>\n<tr style=\"height: 13.50pt;\">\n<td style=\"height: 13.50pt;\" height=\"18\">Tvar<\/td>\n<td>V\u00e1lec<\/td>\n<\/tr>\n<tr style=\"height: 13.50pt;\">\n<td style=\"height: 13.50pt;\" height=\"18\">Povrchov\u00fd tisk<\/td>\n<td>S\u00edtotisk<\/td>\n<\/tr>\n<tr style=\"height: 13.50pt;\">\n<td style=\"height: 13.50pt;\" height=\"18\">Barva<\/td>\n<td>Jasn\u00fd<\/td>\n<\/tr>\n<\/tbody>\n<\/table>\n<h2>P\u0159\u00edpad \u00fasp\u011bchu<\/h2>\n<p><span aria-haspopup=\"dialog\" aria-expanded=\"false\" aria-controls=\"radix-_r_16_\" data-state=\"closed\" data-slot=\"popover-trigger\">Spole\u010dnost vyr\u00e1b\u011bj\u00edc\u00ed esenci\u00e1ln\u00ed oleje se s\u00eddlem v USA pou\u017eila na\u0161e k\u0159i\u0161\u0165\u00e1lov\u00e9 lahvi\u010dky s roll-on efektem z \u010dir\u00e9ho skla k p\u0159edstaven\u00ed sv\u00e9 nov\u00e9 kolekce krystalick\u00fdch esenci\u00e1ln\u00edch olej\u016f.<\/span> <span aria-haspopup=\"dialog\" aria-expanded=\"false\" aria-controls=\"radix-_r_17_\" data-state=\"closed\" data-slot=\"popover-trigger\">Zaprv\u00e9 jsme vybrali p\u0159\u00edrodn\u00ed bambusov\u00e9 \u010depice v souladu s image jejich zna\u010dky, kter\u00e1 je \u0161etrn\u00e1 k \u017eivotn\u00edmu prost\u0159ed\u00ed.<\/span> <span aria-haspopup=\"dialog\" aria-expanded=\"false\" aria-controls=\"radix-_r_18_\" data-state=\"closed\" data-slot=\"popover-trigger\">Tak\u00e9 jsme personalizovali roll-on, kde jsme pou\u017eili hladkou nerezovou ocel pro zv\u00fd\u0161en\u00ed rozpt\u00fdlen\u00ed esenci\u00e1ln\u00edch olej\u016f.<\/span> <span aria-haspopup=\"dialog\" aria-expanded=\"false\" aria-controls=\"radix-_r_19_\" data-state=\"closed\" data-slot=\"popover-trigger\">D\u00e1le jsme nab\u00eddli slu\u017eby potisku loga na sklen\u011bn\u00e9 lahve a pomohli jsme se zefektivnit design obal\u016f pro prodlou\u017een\u00ed trvanlivosti produktu.<\/span> <span aria-haspopup=\"dialog\" aria-expanded=\"false\" aria-controls=\"radix-_r_1a_\" data-state=\"closed\" data-slot=\"popover-trigger\">Po uveden\u00ed produktu na trh na m\u00edru klient tvrdil, \u017ee online i offline prodeje v\u00fdrazn\u011b vzrostly, a to p\u0159edev\u0161\u00edm d\u00edky neobvykl\u00e9mu estetick\u00e9mu designu produktu a vylep\u0161en\u00e9 u\u017eivatelsk\u00e9 zku\u0161enosti.<\/span> <span aria-haspopup=\"dialog\" aria-expanded=\"false\" aria-controls=\"radix-_r_1b_\" data-state=\"closed\" data-slot=\"popover-trigger\">B\u011bhem t\u0159\u00ed m\u011bs\u00edc\u016f provedli dal\u0161\u00ed objedn\u00e1vky, co\u017e p\u0159idalo v\u011bt\u0161\u00ed mno\u017estv\u00ed produkt\u016f a do \u0159ady p\u0159idalo v\u00edce v\u016fn\u00ed, co\u017e d\u00e1le etablovalo jejich zna\u010dku na trhu.<\/span><\/p>\n<h2>Pokyny pro p\u0159izp\u016fsoben\u00ed<\/h2>\n<ul>\n<li><span aria-haspopup=\"dialog\" aria-expanded=\"false\" aria-controls=\"radix-_r_1c_\" data-state=\"closed\" data-slot=\"popover-trigger\"><strong>Materi\u00e1l a povrchov\u00e1 \u00faprava v\u00ed\u010dka:<\/strong> Vyberte si v\u00ed\u010dko z p\u0159\u00edrodn\u00edho bambusu, plastu nebo hlin\u00edku s mo\u017enost\u00ed matn\u00e9ho, \u200b\u200bleskl\u00e9ho nebo eloxovan\u00e9ho povrchu, kter\u00e9 bude ladit s r\u016fzn\u00fdmi styly zna\u010dek.<\/span><\/li>\n<li><span aria-haspopup=\"dialog\" aria-expanded=\"false\" aria-controls=\"radix-_r_1d_\" data-state=\"closed\" data-slot=\"popover-trigger\"><strong>V\u00e1le\u010dkov\u00fd m\u00ed\u010d:<\/strong> Pro p\u0159izp\u016fsoben\u00ed nebo vylep\u0161en\u00ed funk\u010dnosti, p\u0159\u00edpadn\u011b pro p\u0159id\u00e1n\u00ed luxusn\u00edho vzhledu zam\u011b\u0159en\u00e9ho na wellness, zvolte kuli\u010dky z nerezov\u00e9 oceli, skla nebo drahokam\u016f (nap\u0159. r\u016f\u017een\u00edn, obsidi\u00e1n).<\/span><\/li>\n<li><span aria-haspopup=\"dialog\" aria-expanded=\"false\" aria-controls=\"radix-_r_1e_\" data-state=\"closed\" data-slot=\"popover-trigger\"><strong>Barva a povlak skla:<\/strong> Pro zachov\u00e1n\u00ed olej\u016f citliv\u00fdch na sv\u011btlo nebo pro vytvo\u0159en\u00ed jedine\u010dn\u00e9ho vzhledu zvolte \u010dirou, matnou, jantarovou nebo speci\u00e1ln\u011b vyrobenou barvu s n\u00e1st\u0159ikem.<\/span><\/li>\n<\/ul>","protected":false},"excerpt":{"rendered":"<p>Povy\u0161te kvalitu kosmetick\u00fdch obal\u016f s \u010dir\u00fdmi sklen\u011bn\u00fdmi lahvi\u010dkami s v\u00e1lcov\u00fdm uz\u00e1v\u011brem. Ide\u00e1ln\u00ed pro p\u00e9\u010di o ple\u0165, jemn\u00e9 parf\u00e9my a kosmetick\u00e9 obaly. Rychl\u00e9 dod\u00e1n\u00ed.<\/p>","protected":false},"featured_media":5430,"comment_status":"open","ping_status":"closed","template":"","meta":{"_acf_changed":false,"site-sidebar-layout":"default","site-content-layout":"","ast-site-content-layout":"default","site-content-style":"default","site-sidebar-style":"default","ast-global-header-display":"","ast-banner-title-visibility":"","ast-main-header-display":"","ast-hfb-above-header-display":"","ast-hfb-below-header-display":"","ast-hfb-mobile-header-display":"","site-post-title":"","ast-breadcrumbs-content":"","ast-featured-img":"","footer-sml-layout":"","ast-disable-related-posts":"","theme-transparent-header-meta":"default","adv-header-id-meta":"","stick-header-meta":"","header-above-stick-meta":"","header-main-stick-meta":"","header-below-stick-meta":"","astra-migrate-meta-layouts":"set","ast-page-background-enabled":"default","ast-page-background-meta":{"desktop":{"background-color":"var(--ast-global-color-5)","background-image":"","background-repeat":"repeat","background-position":"center center","background-size":"auto","background-attachment":"scroll","background-type":"","background-media":"","overlay-type":"","overlay-color":"","overlay-opacity":"","overlay-gradient":""},"tablet":{"background-color":"","background-image":"","background-repeat":"repeat","background-position":"center center","background-size":"auto","background-attachment":"scroll","background-type":"","background-media":"","overlay-type":"","overlay-color":"","overlay-opacity":"","overlay-gradient":""},"mobile":{"background-color":"","background-image":"","background-repeat":"repeat","background-position":"center center","background-size":"auto","background-attachment":"scroll","background-type":"","background-media":"","overlay-type":"","overlay-color":"","overlay-opacity":"","overlay-gradient":""}},"ast-content-background-meta":{"desktop":{"background-color":"var(--ast-global-color-4)","background-image":"","background-repeat":"repeat","background-position":"center center","background-size":"auto","background-attachment":"scroll","background-type":"","background-media":"","overlay-type":"","overlay-color":"","overlay-opacity":"","overlay-gradient":""},"tablet":{"background-color":"var(--ast-global-color-4)","background-image":"","background-repeat":"repeat","background-position":"center center","background-size":"auto","background-attachment":"scroll","background-type":"","background-media":"","overlay-type":"","overlay-color":"","overlay-opacity":"","overlay-gradient":""},"mobile":{"background-color":"var(--ast-global-color-4)","background-image":"","background-repeat":"repeat","background-position":"center center","background-size":"auto","background-attachment":"scroll","background-type":"","background-media":"","overlay-type":"","overlay-color":"","overlay-opacity":"","overlay-gradient":""}}},"product_brand":[],"product_cat":[60,62,72,57],"product_tag":[226,220],"class_list":{"0":"post-5424","1":"product","2":"type-product","3":"status-publish","4":"has-post-thumbnail","6":"product_cat-roller-bottles","7":"product_cat-cosmetic-containers","8":"product_cat-cosmetic-packaging","9":"product_cat-essential-oil-bottles","10":"product_tag-clear-glass-roller-bottles","11":"product_tag-glass-roll-on-bottles","12":"desktop-align-left","13":"tablet-align-left","14":"mobile-align-left","16":"first","17":"instock","18":"shipping-taxable","19":"product-type-simple"},"acf":[],"jetpack_sharing_enabled":true,"_links":{"self":[{"href":"https:\/\/theperfumebottles.com\/cs\/wp-json\/wp\/v2\/product\/5424","targetHints":{"allow":["GET"]}}],"collection":[{"href":"https:\/\/theperfumebottles.com\/cs\/wp-json\/wp\/v2\/product"}],"about":[{"href":"https:\/\/theperfumebottles.com\/cs\/wp-json\/wp\/v2\/types\/product"}],"replies":[{"embeddable":true,"href":"https:\/\/theperfumebottles.com\/cs\/wp-json\/wp\/v2\/comments?post=5424"}],"wp:featuredmedia":[{"embeddable":true,"href":"https:\/\/theperfumebottles.com\/cs\/wp-json\/wp\/v2\/media\/5430"}],"wp:attachment":[{"href":"https:\/\/theperfumebottles.com\/cs\/wp-json\/wp\/v2\/media?parent=5424"}],"wp:term":[{"taxonomy":"product_brand","embeddable":true,"href":"https:\/\/theperfumebottles.com\/cs\/wp-json\/wp\/v2\/product_brand?post=5424"},{"taxonomy":"product_cat","embeddable":true,"href":"https:\/\/theperfumebottles.com\/cs\/wp-json\/wp\/v2\/product_cat?post=5424"},{"taxonomy":"product_tag","embeddable":true,"href":"https:\/\/theperfumebottles.com\/cs\/wp-json\/wp\/v2\/product_tag?post=5424"}],"curies":[{"name":"wp","href":"https:\/\/api.w.org\/{rel}","templated":true}]}}