{"id":5449,"date":"2025-08-11T18:08:00","date_gmt":"2025-08-11T10:08:00","guid":{"rendered":"https:\/\/theperfumebottles.com\/?post_type=product&#038;p=5449"},"modified":"2026-03-27T17:55:16","modified_gmt":"2026-03-27T09:55:16","slug":"amber-glass-tincture-bottles-frosted-glass-dropper-bottles-manufacturer","status":"publish","type":"product","link":"https:\/\/theperfumebottles.com\/cs\/produkt\/amber-glass-tincture-bottles-frosted-glass-dropper-bottles-manufacturer\/","title":{"rendered":"Jantarov\u00e9 sklen\u011bn\u00e9 lahvi\u010dky na tinkturu \u2013 30ml lahvi\u010dky s kap\u00e1tkem z matn\u00e9ho skla"},"content":{"rendered":"<p>30ml lahvi\u010dky z matn\u00e9ho skla s kap\u00e1tkem jsou velmi odoln\u00e9 v\u016f\u010di UV z\u00e1\u0159en\u00ed, a proto umo\u017e\u0148uj\u00ed zachov\u00e1n\u00ed jemn\u00e9ho slo\u017een\u00ed. P\u0159esn\u00e9 kap\u00e1tko zachov\u00e1v\u00e1 konzistenci a p\u0159esnost p\u0159i d\u00e1vkov\u00e1n\u00ed tekutiny. Tato \u0159ada vyhov\u00ed r\u016fzn\u00fdm po\u017eadavk\u016fm na branding a zak\u00e1zkov\u00e9 balen\u00ed mezin\u00e1rodn\u00edch velkoobchodn\u00edch z\u00e1kazn\u00edk\u016f d\u00edky \u0161irok\u00e9 \u0161k\u00e1le barevn\u00fdch variant, jako je \u010dern\u00e1, \u010dir\u00e1 a hn\u011bd\u00e1.<\/p>\n<h2>Kl\u00ed\u010dov\u00e9 specifikace<\/h2>\n<table style=\"border-collapse: collapse; margin-left: auto; margin-right: auto; width: 80%;\" border=\"0\" width=\"559\" cellspacing=\"0\" cellpadding=\"0\">\n<tbody>\n<tr style=\"height: 13.50pt;\">\n<td style=\"height: 13.50pt; width: 136.50pt;\" width=\"182\" height=\"18\">Specifikace<\/td>\n<td style=\"width: 282.75pt;\" width=\"377\">Podrobnosti<\/td>\n<\/tr>\n<tr style=\"height: 13.50pt;\">\n<td style=\"height: 13.50pt;\" height=\"18\">Typ produktu<\/td>\n<td>Sklen\u011bn\u00e1 lahvi\u010dka s kap\u00e1tkem<\/td>\n<\/tr>\n<tr style=\"height: 13.50pt;\">\n<td style=\"height: 13.50pt;\" height=\"18\">Materi\u00e1l<\/td>\n<td>100% recyklovateln\u00e9 sodnov\u00e1penat\u00e9 sklo<\/td>\n<\/tr>\n<tr style=\"height: 13.50pt;\">\n<td style=\"height: 13.50pt;\" height=\"18\">Kapacita<\/td>\n<td>30 ml \/ 1 oz<\/td>\n<\/tr>\n<tr style=\"height: 13.50pt;\">\n<td style=\"height: 13.50pt;\" height=\"18\">Povrchov\u00e1 \u00faprava krku<\/td>\n<td>14 mm<\/td>\n<\/tr>\n<tr style=\"height: 13.50pt;\">\n<td style=\"height: 13.50pt;\" height=\"18\">Pr\u016fm\u011br lahve<\/td>\n<td>36 mm<\/td>\n<\/tr>\n<tr style=\"height: 13.50pt;\">\n<td style=\"height: 13.50pt;\" height=\"18\">V\u00fd\u0161ka (od z\u00e1kladny k krku)<\/td>\n<td>68 mm<\/td>\n<\/tr>\n<tr style=\"height: 13.50pt;\">\n<td style=\"height: 13.50pt;\" height=\"18\">Mo\u017enosti barev<\/td>\n<td>\u010cern\u00fd mr\u00e1z, jasn\u00fd mr\u00e1z, jantarov\u00fd mr\u00e1z<\/td>\n<\/tr>\n<tr style=\"height: 13.50pt;\">\n<td style=\"height: 13.50pt;\" height=\"18\">Mo\u017enosti uzav\u0159en\u00ed<\/td>\n<td>Kap\u00e1tko \/ rozpra\u0161ovac\u00ed pumpi\u010dka<\/td>\n<\/tr>\n<tr style=\"height: 13.50pt;\">\n<td style=\"height: 13.50pt;\" height=\"18\">Aplikace<\/td>\n<td>Esenci\u00e1ln\u00ed olej, tinktura, s\u00e9rum, tekutina<\/td>\n<\/tr>\n<tr style=\"height: 13.50pt;\">\n<td style=\"height: 13.50pt;\" height=\"18\">Typ balen\u00ed<\/td>\n<td>Velkoobchod \/ zak\u00e1zkov\u00e1 \/ velkoobchodn\u00ed<\/td>\n<\/tr>\n<\/tbody>\n<\/table>\n<h2>P\u0159\u00edpad \u00fasp\u011bchu<\/h2>\n<p>Jedna z n\u011bmeck\u00fdch zna\u010dek p\u0159\u00edrodn\u00ed p\u00e9\u010de o ple\u0165 (kter\u00e1 je v\u00fdrobcem pod vlastn\u00ed zna\u010dkou) zakoupila tyto 30ml lahvi\u010dky s kap\u00e1tkem z matn\u00e9ho skla, aby je mohla pou\u017e\u00edvat ve sv\u00e9 \u0159ad\u011b sklen\u011bn\u00fdch lahvi\u010dek s organick\u00fdmi esenci\u00e1ln\u00edmi oleji.<\/p>\n<ul>\n<li><strong>Minim\u00e1ln\u011b 50 000 ks (velikost 30 ml)<\/strong>Prvn\u00ed v\u00e1rka.<\/li>\n<li><strong>Na m\u00edru<\/strong>Kropenat\u00fd jantar, zlat\u00e9 kapky na l\u00edmci, logo s\u00edtotiskem.<\/li>\n<li><strong>Praxe<\/strong>Tinktura z bylin a olej\u016f.<\/li>\n<li><strong>Zji\u0161t\u011bn\u00ed<\/strong>Prodej nov\u00e9 \u0159ady pr\u00e9miov\u00fdch sklen\u011bn\u00fdch obal\u016f vzrostl za 6 m\u011bs\u00edc\u016f o 35 procent.<\/li>\n<li><strong>Znovu objednat<\/strong>Pokra\u010dov\u00e1n\u00ed t\u00fddenn\u00edch velkoobchodn\u00edch n\u00e1kup\u016f skladov\u00fdch jednotek, kter\u00e9 jsou dopln\u011bny o 10ml sklen\u011bn\u00e9 roll-on lahvi\u010dky.<\/li>\n<\/ul>\n<h2>N\u00e1vrhy v oblasti B2B customizace<\/h2>\n<ol>\n<li><strong>Branding a dekorace<\/strong>Nechte si potisk hedv\u00e1b\u00edm, horkou ra\u017ebou nebo etiketov\u00e1n\u00edm vytvo\u0159it skv\u011blou identitu pro va\u0161i \u0159adu lahv\u00ed s esenci\u00e1ln\u00edmi oleji nebo \u0159adu kosmetick\u00fdch n\u00e1dob.<\/li>\n<li><strong>Mo\u017enosti uzav\u0159en\u00ed a funkc\u00ed<\/strong>Vyberte si kap\u00e1tka, rozpra\u0161ova\u010de nebo jin\u00e9 d\u00e1vkovac\u00ed syst\u00e9my, kter\u00e9 budou vhodn\u00e9 pro r\u016fzn\u00e9 tekut\u00e9 produkty, jako jsou s\u00e9ra nebo dezinfekce na ruce.<\/li>\n<li><strong>Optimalizace balen\u00ed a logistiky<\/strong>Spolupracujte s renomovan\u00fdm v\u00fdrobcem na v\u00fdvoji ochrann\u00e9ho typu obalu, kter\u00fd minimalizuje riziko rozbit\u00ed a zaji\u0161\u0165uje bezpe\u010dnou mezin\u00e1rodn\u00ed p\u0159epravu.<\/li>\n<\/ol>\n<p>Tato pr\u00e9miov\u00e1 \u0159ada lahvi\u010dek s kap\u00e1tkem z jantarov\u00e9ho skla je navr\u017eena jako spolehliv\u00e1, p\u0159izp\u016fsobiteln\u00e1 a vizu\u00e1ln\u011b atraktivn\u00ed sklen\u011bn\u00e1 lahev, kterou lze prod\u00e1vat na velkoobchodn\u00edch i celosv\u011btov\u00fdch trz\u00edch.<\/p>","protected":false},"excerpt":{"rendered":"<p>Vysoce kvalitn\u00ed lahvi\u010dky z jantarov\u00e9ho skla na tinkturu, 30ml lahvi\u010dky s kap\u00e1tkem z matn\u00e9ho skla pro balen\u00ed esenci\u00e1ln\u00edch olej\u016f, k dispozici velkoobchodn\u00ed i zak\u00e1zkov\u00e9 mo\u017enosti.<\/p>","protected":false},"featured_media":7493,"comment_status":"closed","ping_status":"closed","template":"","meta":{"_acf_changed":false,"site-sidebar-layout":"default","site-content-layout":"","ast-site-content-layout":"default","site-content-style":"default","site-sidebar-style":"default","ast-global-header-display":"","ast-banner-title-visibility":"","ast-main-header-display":"","ast-hfb-above-header-display":"","ast-hfb-below-header-display":"","ast-hfb-mobile-header-display":"","site-post-title":"","ast-breadcrumbs-content":"","ast-featured-img":"","footer-sml-layout":"","ast-disable-related-posts":"","theme-transparent-header-meta":"default","adv-header-id-meta":"","stick-header-meta":"","header-above-stick-meta":"","header-main-stick-meta":"","header-below-stick-meta":"","astra-migrate-meta-layouts":"set","ast-page-background-enabled":"default","ast-page-background-meta":{"desktop":{"background-color":"var(--ast-global-color-5)","background-image":"","background-repeat":"repeat","background-position":"center center","background-size":"auto","background-attachment":"scroll","background-type":"","background-media":"","overlay-type":"","overlay-color":"","overlay-opacity":"","overlay-gradient":""},"tablet":{"background-color":"","background-image":"","background-repeat":"repeat","background-position":"center center","background-size":"auto","background-attachment":"scroll","background-type":"","background-media":"","overlay-type":"","overlay-color":"","overlay-opacity":"","overlay-gradient":""},"mobile":{"background-color":"","background-image":"","background-repeat":"repeat","background-position":"center center","background-size":"auto","background-attachment":"scroll","background-type":"","background-media":"","overlay-type":"","overlay-color":"","overlay-opacity":"","overlay-gradient":""}},"ast-content-background-meta":{"desktop":{"background-color":"var(--ast-global-color-4)","background-image":"","background-repeat":"repeat","background-position":"center center","background-size":"auto","background-attachment":"scroll","background-type":"","background-media":"","overlay-type":"","overlay-color":"","overlay-opacity":"","overlay-gradient":""},"tablet":{"background-color":"var(--ast-global-color-4)","background-image":"","background-repeat":"repeat","background-position":"center center","background-size":"auto","background-attachment":"scroll","background-type":"","background-media":"","overlay-type":"","overlay-color":"","overlay-opacity":"","overlay-gradient":""},"mobile":{"background-color":"var(--ast-global-color-4)","background-image":"","background-repeat":"repeat","background-position":"center center","background-size":"auto","background-attachment":"scroll","background-type":"","background-media":"","overlay-type":"","overlay-color":"","overlay-opacity":"","overlay-gradient":""}}},"product_brand":[],"product_cat":[59,62,72,57],"product_tag":[190,204],"class_list":{"0":"post-5449","1":"product","2":"type-product","3":"status-publish","4":"has-post-thumbnail","6":"product_cat-glass-dropper-bottles","7":"product_cat-cosmetic-containers","8":"product_cat-cosmetic-packaging","9":"product_cat-essential-oil-bottles","10":"product_tag-cosmetic-pots-with-lids","11":"product_tag-frosted-cosmetic-jars","12":"desktop-align-left","13":"tablet-align-left","14":"mobile-align-left","16":"first","17":"instock","18":"shipping-taxable","19":"product-type-simple"},"acf":[],"jetpack_sharing_enabled":true,"_links":{"self":[{"href":"https:\/\/theperfumebottles.com\/cs\/wp-json\/wp\/v2\/product\/5449","targetHints":{"allow":["GET"]}}],"collection":[{"href":"https:\/\/theperfumebottles.com\/cs\/wp-json\/wp\/v2\/product"}],"about":[{"href":"https:\/\/theperfumebottles.com\/cs\/wp-json\/wp\/v2\/types\/product"}],"replies":[{"embeddable":true,"href":"https:\/\/theperfumebottles.com\/cs\/wp-json\/wp\/v2\/comments?post=5449"}],"wp:featuredmedia":[{"embeddable":true,"href":"https:\/\/theperfumebottles.com\/cs\/wp-json\/wp\/v2\/media\/7493"}],"wp:attachment":[{"href":"https:\/\/theperfumebottles.com\/cs\/wp-json\/wp\/v2\/media?parent=5449"}],"wp:term":[{"taxonomy":"product_brand","embeddable":true,"href":"https:\/\/theperfumebottles.com\/cs\/wp-json\/wp\/v2\/product_brand?post=5449"},{"taxonomy":"product_cat","embeddable":true,"href":"https:\/\/theperfumebottles.com\/cs\/wp-json\/wp\/v2\/product_cat?post=5449"},{"taxonomy":"product_tag","embeddable":true,"href":"https:\/\/theperfumebottles.com\/cs\/wp-json\/wp\/v2\/product_tag?post=5449"}],"curies":[{"name":"wp","href":"https:\/\/api.w.org\/{rel}","templated":true}]}}