{"id":5483,"date":"2025-08-12T18:19:29","date_gmt":"2025-08-12T10:19:29","guid":{"rendered":"https:\/\/theperfumebottles.com\/?post_type=product&#038;p=5483"},"modified":"2025-08-12T18:19:31","modified_gmt":"2025-08-12T10:19:31","slug":"10ml-glass-roll-on-perfume-bottles-with-caps-wholesale","status":"publish","type":"product","link":"https:\/\/theperfumebottles.com\/cs\/produkt\/10ml-glass-roll-on-perfume-bottles-with-caps-wholesale\/","title":{"rendered":"10ml sklen\u011bn\u00e9 roll-on parf\u00e9mov\u00e9 lahvi\u010dky s uz\u00e1v\u011bry Velkoobchod"},"content":{"rendered":"<p>Pot\u0159ebujete roll-on lahvi\u010dky na parf\u00e9my, kter\u00e9 spojuj\u00ed funk\u010dnost a styl? Na\u0161e 10ml sklen\u011bn\u00e9 roll-on lahvi\u010dky s uz\u00e1v\u011brem jsou ur\u010deny pro zna\u010dky, kter\u00e9 cht\u011bj\u00ed kosmetick\u00e9 n\u00e1dobky, v nich\u017e se ka\u017ed\u00e1 kapka c\u00edt\u00ed jako l\u00e1ze\u0148sk\u00fd ritu\u00e1l.<\/p>\n<h2><strong data-spm-anchor-id=\"5176.28103460.0.i22.29ab1db8wkbRsE\">Kl\u00ed\u010dov\u00e9 specifikace<\/strong><\/h2>\n<table style=\"border-collapse: collapse; width: 80%; margin-left: auto; margin-right: auto;\" border=\"0\" width=\"144\" cellspacing=\"0\" cellpadding=\"0\">\n<tbody>\n<tr style=\"height: 13.50pt;\">\n<td style=\"height: 13.50pt; width: 54.00pt;\" width=\"72\" height=\"18\">Funkce<\/td>\n<td style=\"width: 54.00pt;\" width=\"72\">Podrobnosti<\/td>\n<\/tr>\n<tr style=\"height: 13.50pt;\">\n<td style=\"height: 13.50pt;\" height=\"18\">Kapacita<\/td>\n<td>10ml<\/td>\n<\/tr>\n<tr style=\"height: 13.50pt;\">\n<td style=\"height: 13.50pt;\" height=\"18\">Materi\u00e1l<\/td>\n<td>Tvrzen\u00e9 modr\u00e9 sklo + \u010dern\u00fd \u0161roubovac\u00ed uz\u00e1v\u011br<\/td>\n<\/tr>\n<tr style=\"height: 13.50pt;\">\n<td style=\"height: 13.50pt;\" height=\"18\">Tvar<\/td>\n<td>Kolo<\/td>\n<\/tr>\n<tr style=\"height: 13.50pt;\">\n<td style=\"height: 13.50pt;\" height=\"18\">V\u00ed\u010dko<\/td>\n<td>Kuli\u010dka z nerezov\u00e9 oceli s v\u00ed\u010dkem<\/td>\n<\/tr>\n<tr style=\"height: 13.50pt;\">\n<td style=\"height: 13.50pt;\" height=\"18\">Pou\u017e\u00edv\u00e1n\u00ed<\/td>\n<td>Kosmetick\u00fd<\/td>\n<\/tr>\n<\/tbody>\n<\/table>\n<h2>P\u0159\u00edb\u011bh \u00fasp\u011bchu: Jak v\u00fdrobce produkt\u016f p\u00e9\u010de o ple\u0165 zv\u00fd\u0161il prodej kosmetick\u00fdch obal\u016f b\u011bhem transforma\u010dn\u00edho obdob\u00ed<\/h2>\n<p>V\u00fdrobce produkt\u016f p\u00e9\u010de o ple\u0165, kter\u00fd se sna\u017eil rebrandingovat svou \u0159adu produkt\u016f, zvolil 10ml sklen\u011bn\u00e9 lahvi\u010dky s kuli\u010dkami a v\u00ed\u010dky. Velkoobchodn\u00ed objedn\u00e1vkou a \u00fapravou lahvi\u010dek s matn\u00fdm dnem p\u0159ipom\u00ednaj\u00edc\u00edm sklenice sn\u00ed\u017eil n\u00e1klady na balen\u00ed o 25 % a zv\u00fd\u0161il zapojen\u00ed na soci\u00e1ln\u00edch s\u00edt\u00edch o 120 %. \u201eL\u00e1hev s kuli\u010dkou pro z\u00e1kazn\u00edky vypad\u00e1 jako honba za pokladem,\u201c uvedl jejich marketingov\u00fd \u0159editel.<\/p>\n<h2>Tipy pro p\u0159izp\u016fsoben\u00ed<\/h2>\n<ul>\n<li><strong>Psychologie barev:<\/strong> Pou\u017eijte modr\u00e9 sklo pro uklid\u0148uj\u00edc\u00ed kosmetick\u00e9 obaly nebo p\u0159ejd\u011bte na zelen\u00e9 pro \u0159adu kr\u00e1sy stimulovanou p\u0159\u00edrodou.<\/li>\n<li><strong>Sm\u011bs materi\u00e1l\u016f:<\/strong> Pro minimalistick\u00e9 zna\u010dky zvolte matn\u00e9 uz\u00e1v\u011bry nebo pro luxusn\u00ed kosmetick\u00e9 obaly leskl\u00e9 povrchov\u00e9 \u00fapravy.<\/li>\n<\/ul>\n<p>&nbsp;<\/p>\n<p>&nbsp;<\/p>","protected":false},"excerpt":{"rendered":"<p>Pozdvihn\u011bte kvalitu sv\u00fdch kosmetick\u00fdch obal\u016f s 10ml sklen\u011bn\u00fdmi roll-on lahvi\u010dkami na parf\u00e9my s uz\u00e1v\u011brem. Ide\u00e1ln\u00ed pro p\u00e9\u010di o ple\u0165, jemn\u00e9 parf\u00e9my a kosmetick\u00e9 obaly.<\/p>","protected":false},"featured_media":5491,"comment_status":"open","ping_status":"closed","template":"","meta":{"_acf_changed":false,"site-sidebar-layout":"default","site-content-layout":"","ast-site-content-layout":"default","site-content-style":"default","site-sidebar-style":"default","ast-global-header-display":"","ast-banner-title-visibility":"","ast-main-header-display":"","ast-hfb-above-header-display":"","ast-hfb-below-header-display":"","ast-hfb-mobile-header-display":"","site-post-title":"","ast-breadcrumbs-content":"","ast-featured-img":"","footer-sml-layout":"","ast-disable-related-posts":"","theme-transparent-header-meta":"default","adv-header-id-meta":"","stick-header-meta":"","header-above-stick-meta":"","header-main-stick-meta":"","header-below-stick-meta":"","astra-migrate-meta-layouts":"set","ast-page-background-enabled":"default","ast-page-background-meta":{"desktop":{"background-color":"var(--ast-global-color-5)","background-image":"","background-repeat":"repeat","background-position":"center center","background-size":"auto","background-attachment":"scroll","background-type":"","background-media":"","overlay-type":"","overlay-color":"","overlay-opacity":"","overlay-gradient":""},"tablet":{"background-color":"","background-image":"","background-repeat":"repeat","background-position":"center center","background-size":"auto","background-attachment":"scroll","background-type":"","background-media":"","overlay-type":"","overlay-color":"","overlay-opacity":"","overlay-gradient":""},"mobile":{"background-color":"","background-image":"","background-repeat":"repeat","background-position":"center center","background-size":"auto","background-attachment":"scroll","background-type":"","background-media":"","overlay-type":"","overlay-color":"","overlay-opacity":"","overlay-gradient":""}},"ast-content-background-meta":{"desktop":{"background-color":"var(--ast-global-color-4)","background-image":"","background-repeat":"repeat","background-position":"center center","background-size":"auto","background-attachment":"scroll","background-type":"","background-media":"","overlay-type":"","overlay-color":"","overlay-opacity":"","overlay-gradient":""},"tablet":{"background-color":"var(--ast-global-color-4)","background-image":"","background-repeat":"repeat","background-position":"center center","background-size":"auto","background-attachment":"scroll","background-type":"","background-media":"","overlay-type":"","overlay-color":"","overlay-opacity":"","overlay-gradient":""},"mobile":{"background-color":"var(--ast-global-color-4)","background-image":"","background-repeat":"repeat","background-position":"center center","background-size":"auto","background-attachment":"scroll","background-type":"","background-media":"","overlay-type":"","overlay-color":"","overlay-opacity":"","overlay-gradient":""}}},"product_brand":[],"product_cat":[72,62,57,60],"product_tag":[229,228],"class_list":{"0":"post-5483","1":"product","2":"type-product","3":"status-publish","4":"has-post-thumbnail","6":"product_cat-cosmetic-packaging","7":"product_cat-cosmetic-containers","8":"product_cat-essential-oil-bottles","9":"product_cat-roller-bottles","10":"product_tag-10ml-glass-roll-on-bottles-with-caps","11":"product_tag-roll-on-perfume-bottles","12":"desktop-align-left","13":"tablet-align-left","14":"mobile-align-left","16":"first","17":"instock","18":"shipping-taxable","19":"product-type-simple"},"acf":[],"jetpack_sharing_enabled":true,"_links":{"self":[{"href":"https:\/\/theperfumebottles.com\/cs\/wp-json\/wp\/v2\/product\/5483","targetHints":{"allow":["GET"]}}],"collection":[{"href":"https:\/\/theperfumebottles.com\/cs\/wp-json\/wp\/v2\/product"}],"about":[{"href":"https:\/\/theperfumebottles.com\/cs\/wp-json\/wp\/v2\/types\/product"}],"replies":[{"embeddable":true,"href":"https:\/\/theperfumebottles.com\/cs\/wp-json\/wp\/v2\/comments?post=5483"}],"wp:featuredmedia":[{"embeddable":true,"href":"https:\/\/theperfumebottles.com\/cs\/wp-json\/wp\/v2\/media\/5491"}],"wp:attachment":[{"href":"https:\/\/theperfumebottles.com\/cs\/wp-json\/wp\/v2\/media?parent=5483"}],"wp:term":[{"taxonomy":"product_brand","embeddable":true,"href":"https:\/\/theperfumebottles.com\/cs\/wp-json\/wp\/v2\/product_brand?post=5483"},{"taxonomy":"product_cat","embeddable":true,"href":"https:\/\/theperfumebottles.com\/cs\/wp-json\/wp\/v2\/product_cat?post=5483"},{"taxonomy":"product_tag","embeddable":true,"href":"https:\/\/theperfumebottles.com\/cs\/wp-json\/wp\/v2\/product_tag?post=5483"}],"curies":[{"name":"wp","href":"https:\/\/api.w.org\/{rel}","templated":true}]}}