{"id":5502,"date":"2025-08-12T18:03:13","date_gmt":"2025-08-12T10:03:13","guid":{"rendered":"https:\/\/theperfumebottles.com\/?post_type=product&#038;p=5502"},"modified":"2026-03-26T18:01:33","modified_gmt":"2026-03-26T10:01:33","slug":"matte-black-dropper-bottle-premium-essential-oil-glass-bottle","status":"publish","type":"product","link":"https:\/\/theperfumebottles.com\/cs\/produkt\/matte-black-dropper-bottle-premium-essential-oil-glass-bottle\/","title":{"rendered":"Matn\u00e1 \u010dern\u00e1 lahvi\u010dka s kap\u00e1tkem | Pr\u00e9miov\u00e1 sklen\u011bn\u00e1 lahvi\u010dka s esenci\u00e1ln\u00edm olejem"},"content":{"rendered":"<p>Tato matn\u011b \u010dern\u00e1 lahvi\u010dka s kap\u00e1tkem obsahuje 30 ml esenci\u00e1ln\u00edho oleje v m\u011bkk\u00e9 a \u010dist\u00e9 struktu\u0159e se zplo\u0161t\u011bl\u00fdm ramenem, obd\u00e9ln\u00edkov\u00fdm tvarem se zaoblen\u00fdmi hranami. Lahvi\u010dka je pota\u017eena matn\u011b \u010dernou barvou s m\u011bkk\u00fdm povrchem, co\u017e vytv\u00e1\u0159\u00ed vizu\u00e1ln\u00ed dojem m\u011bkkosti a dodate\u010dnou ochranu citliv\u00fdch slo\u017eek p\u0159ed sv\u011btlem.<\/p>\n<p>Pou\u017e\u00edv\u00e1 se spole\u010dn\u011b s kap\u00e1tkem s b\u00edlou gumovou ba\u0148kou a sklen\u011bnou pipetou, kter\u00e1 slou\u017e\u00ed k p\u0159esn\u00e9mu a kontrolovan\u00e9mu d\u00e1vkov\u00e1n\u00ed. Krou\u017eek m\u016f\u017ee b\u00fdt v metalick\u00e9 povrchov\u00e9 \u00faprav\u011b, jako je zlat\u00e1 nebo st\u0159\u00edbrn\u00e1, co\u017e vytv\u00e1\u0159\u00ed elegantn\u00ed kontrast s matn\u00fdm povrchem. Jeho stabilitu zaji\u0161\u0165uje \u0161irok\u00e1 z\u00e1kladna a ploch\u00e9 panely a z\u00e1rove\u0148 poskytuje dostatek prostoru pro psan\u00ed \u0161t\u00edtk\u016f, a proto jej lze pou\u017e\u00edt k balen\u00ed kvalitn\u00edch produkt\u016f p\u00e9\u010de o ple\u0165 a aromaterapie.<\/p>\n<h2>Kl\u00ed\u010dov\u00e9 specifikace<\/h2>\n<table style=\"border-collapse: collapse; margin-left: auto; margin-right: auto; width: 80%;\" border=\"0\" width=\"407\" cellspacing=\"0\" cellpadding=\"0\">\n<tbody>\n<tr style=\"height: 13.50pt;\">\n<td style=\"height: 13.50pt; width: 108.75pt;\" width=\"145\" height=\"18\">Funkce<\/td>\n<td style=\"width: 196.50pt;\" width=\"262\">Detail<\/td>\n<\/tr>\n<tr style=\"height: 13.50pt;\">\n<td style=\"height: 13.50pt;\" height=\"18\">Kapacita<\/td>\n<td>30ml<\/td>\n<\/tr>\n<tr style=\"height: 13.50pt;\">\n<td style=\"height: 13.50pt;\" height=\"18\">Materi\u00e1l<\/td>\n<td>Vysoce kvalitn\u00ed sklo<\/td>\n<\/tr>\n<tr style=\"height: 13.50pt;\">\n<td style=\"height: 13.50pt;\" height=\"18\">Tvar<\/td>\n<td>N\u00e1m\u011bst\u00ed<\/td>\n<\/tr>\n<tr style=\"height: 13.50pt;\">\n<td style=\"height: 13.50pt;\" height=\"18\">Barva<\/td>\n<td>\u010cern\u00e1 (t\u011blo), st\u0159\u00edbrn\u00e1\/zlat\u00e1 (v\u00edko)<\/td>\n<\/tr>\n<tr style=\"height: 13.50pt;\">\n<td style=\"height: 13.50pt;\" height=\"18\">P\u0159izp\u016fsoben\u00ed<\/td>\n<td>Logo, barva v\u00edka, balen\u00ed<\/td>\n<\/tr>\n<tr style=\"height: 13.50pt;\">\n<td style=\"height: 13.50pt;\" height=\"18\">Velikost balen\u00ed<\/td>\n<td>26\u00d750\u00d750 mm<\/td>\n<\/tr>\n<tr style=\"height: 13.50pt;\">\n<td style=\"height: 13.50pt;\" height=\"18\">Ide\u00e1ln\u00ed pro<\/td>\n<td>S\u00e9ra, ple\u0165ov\u00e9 vody, tinktury<\/td>\n<\/tr>\n<\/tbody>\n<\/table>\n<h2>Skute\u010dn\u00fd \u00fasp\u011bch<\/h2>\n<p>Zna\u010dka p\u00e9\u010de o ple\u0165 z Francie cht\u011bla uv\u00e9st na trh luxusn\u00ed ple\u0165ov\u00fd olej, ale nepot\u0159ebovala vzorky v pr\u016fhledn\u00fdch lahvi\u010dk\u00e1ch. Cht\u011bla n\u011bco v\u00fdrazn\u00e9ho, \u200b\u200bn\u011bco, co by z\u00e1kazn\u00edk\u016fm dodalo pocit luxusu je\u0161t\u011b p\u0159ed otev\u0159en\u00edm krabi\u010dky. Doporu\u010dili jsme 30ml \u010dernou obd\u00e9ln\u00edkovou sklen\u011bnou lahvi\u010dku s kap\u00e1tkem \u2013 celou se zlat\u00fdm v\u00ed\u010dkem a laserem grav\u00edrovan\u00fdm logem. Kontrast se stal v\u00fdrazn\u00fdm: \u010dern\u00e9 sklo obsahovalo olej a obd\u00e9ln\u00edkov\u00fd tvar vynikal na Instagramu. Objednali 50 000 lahvi\u010dek a prvn\u00ed v\u00e1rka byla odesl\u00e1na do 3 t\u00fddn\u016f. K vytvo\u0159en\u00ed rozruchu nepot\u0159ebujete chytlav\u00e9 logo. Sta\u010d\u00ed si vybrat spr\u00e1vn\u00e9 velkoobchodn\u00ed balen\u00ed lahvi\u010dky s kap\u00e1tkem.<\/p>\n<h2>Chcete si produkt p\u0159izp\u016fsobit? Za\u010dn\u011bte zde<\/h2>\n<ul>\n<li>Zamyslete se nad sv\u00fdm c\u00edlov\u00fdm z\u00e1kazn\u00edkem. Preferuje \u010distou kr\u00e1su? Zvolte st\u0159\u00edbrnou \u010depici \u2013 jednoduchou a modern\u00ed. Preferuje luxus? Zlat\u00e1 symbolizuje \u201edop\u0159ejte si rozmazlov\u00e1n\u00ed\u201c. Nel\u00edb\u00ed se v\u00e1m ani jedna? \u017d\u00e1dn\u00fd probl\u00e9m. Sta\u010d\u00ed n\u00e1m sd\u011blit po\u017eadovanou barvu a my se va\u0161im preferenc\u00edm p\u0159izp\u016fsob\u00edme.<\/li>\n<li>Chcete, aby va\u0161e logo bylo v pop\u0159ed\u00ed? M\u016f\u017eeme va\u0161e logo vyleptat, natisknout nebo vyrazit embosov\u00e1n\u00edm p\u0159\u00edmo na l\u00e1hev. Nejsou pot\u0159eba \u017e\u00e1dn\u00e9 samolepky. \u017d\u00e1dn\u00e9 odlepov\u00e1n\u00ed.<\/li>\n<li>Pokud v\u00e1m objem 30 ml nesta\u010d\u00ed, m\u016f\u017eeme sklen\u011bnou lahvi\u010dku upravit podle velikosti kap\u00e1tka. Pot\u0159ebujete vy\u0161\u0161\u00ed nebo \u0161ir\u0161\u00ed lahvi\u010dku? Vyjdeme vst\u0159\u00edc.<\/li>\n<\/ul>","protected":false},"excerpt":{"rendered":"<p>Matn\u011b \u010dern\u00e1 lahvi\u010dka s kap\u00e1tkem o objemu 30 ml s UV ochranou a kovov\u00fdm l\u00edmcem. Ide\u00e1ln\u00ed pro esenci\u00e1ln\u00ed oleje, s\u00e9ra a pr\u00e9miov\u00e9 balen\u00ed p\u00e9\u010de o ple\u0165.<\/p>","protected":false},"featured_media":7479,"comment_status":"closed","ping_status":"closed","template":"","meta":{"_acf_changed":false,"site-sidebar-layout":"default","site-content-layout":"","ast-site-content-layout":"default","site-content-style":"default","site-sidebar-style":"default","ast-global-header-display":"","ast-banner-title-visibility":"","ast-main-header-display":"","ast-hfb-above-header-display":"","ast-hfb-below-header-display":"","ast-hfb-mobile-header-display":"","site-post-title":"","ast-breadcrumbs-content":"","ast-featured-img":"","footer-sml-layout":"","ast-disable-related-posts":"","theme-transparent-header-meta":"default","adv-header-id-meta":"","stick-header-meta":"","header-above-stick-meta":"","header-main-stick-meta":"","header-below-stick-meta":"","astra-migrate-meta-layouts":"set","ast-page-background-enabled":"default","ast-page-background-meta":{"desktop":{"background-color":"var(--ast-global-color-5)","background-image":"","background-repeat":"repeat","background-position":"center center","background-size":"auto","background-attachment":"scroll","background-type":"","background-media":"","overlay-type":"","overlay-color":"","overlay-opacity":"","overlay-gradient":""},"tablet":{"background-color":"","background-image":"","background-repeat":"repeat","background-position":"center center","background-size":"auto","background-attachment":"scroll","background-type":"","background-media":"","overlay-type":"","overlay-color":"","overlay-opacity":"","overlay-gradient":""},"mobile":{"background-color":"","background-image":"","background-repeat":"repeat","background-position":"center center","background-size":"auto","background-attachment":"scroll","background-type":"","background-media":"","overlay-type":"","overlay-color":"","overlay-opacity":"","overlay-gradient":""}},"ast-content-background-meta":{"desktop":{"background-color":"var(--ast-global-color-4)","background-image":"","background-repeat":"repeat","background-position":"center center","background-size":"auto","background-attachment":"scroll","background-type":"","background-media":"","overlay-type":"","overlay-color":"","overlay-opacity":"","overlay-gradient":""},"tablet":{"background-color":"var(--ast-global-color-4)","background-image":"","background-repeat":"repeat","background-position":"center center","background-size":"auto","background-attachment":"scroll","background-type":"","background-media":"","overlay-type":"","overlay-color":"","overlay-opacity":"","overlay-gradient":""},"mobile":{"background-color":"var(--ast-global-color-4)","background-image":"","background-repeat":"repeat","background-position":"center center","background-size":"auto","background-attachment":"scroll","background-type":"","background-media":"","overlay-type":"","overlay-color":"","overlay-opacity":"","overlay-gradient":""}}},"product_brand":[],"product_cat":[59,62,72,57],"product_tag":[190,204],"class_list":{"0":"post-5502","1":"product","2":"type-product","3":"status-publish","4":"has-post-thumbnail","6":"product_cat-glass-dropper-bottles","7":"product_cat-cosmetic-containers","8":"product_cat-cosmetic-packaging","9":"product_cat-essential-oil-bottles","10":"product_tag-cosmetic-pots-with-lids","11":"product_tag-frosted-cosmetic-jars","12":"desktop-align-left","13":"tablet-align-left","14":"mobile-align-left","16":"first","17":"instock","18":"shipping-taxable","19":"product-type-simple"},"acf":[],"jetpack_sharing_enabled":true,"_links":{"self":[{"href":"https:\/\/theperfumebottles.com\/cs\/wp-json\/wp\/v2\/product\/5502","targetHints":{"allow":["GET"]}}],"collection":[{"href":"https:\/\/theperfumebottles.com\/cs\/wp-json\/wp\/v2\/product"}],"about":[{"href":"https:\/\/theperfumebottles.com\/cs\/wp-json\/wp\/v2\/types\/product"}],"replies":[{"embeddable":true,"href":"https:\/\/theperfumebottles.com\/cs\/wp-json\/wp\/v2\/comments?post=5502"}],"wp:featuredmedia":[{"embeddable":true,"href":"https:\/\/theperfumebottles.com\/cs\/wp-json\/wp\/v2\/media\/7479"}],"wp:attachment":[{"href":"https:\/\/theperfumebottles.com\/cs\/wp-json\/wp\/v2\/media?parent=5502"}],"wp:term":[{"taxonomy":"product_brand","embeddable":true,"href":"https:\/\/theperfumebottles.com\/cs\/wp-json\/wp\/v2\/product_brand?post=5502"},{"taxonomy":"product_cat","embeddable":true,"href":"https:\/\/theperfumebottles.com\/cs\/wp-json\/wp\/v2\/product_cat?post=5502"},{"taxonomy":"product_tag","embeddable":true,"href":"https:\/\/theperfumebottles.com\/cs\/wp-json\/wp\/v2\/product_tag?post=5502"}],"curies":[{"name":"wp","href":"https:\/\/api.w.org\/{rel}","templated":true}]}}