{"id":5550,"date":"2025-08-12T18:02:21","date_gmt":"2025-08-12T10:02:21","guid":{"rendered":"https:\/\/theperfumebottles.com\/?post_type=product&#038;p=5550"},"modified":"2026-03-30T17:01:35","modified_gmt":"2026-03-30T09:01:35","slug":"bamboo-dropper-bottles-wholesale-dropper-glass-bottles","status":"publish","type":"product","link":"https:\/\/theperfumebottles.com\/cs\/produkt\/bamboo-dropper-bottles-wholesale-dropper-glass-bottles\/","title":{"rendered":"Velkoobchodn\u00ed prodej bambusov\u00fdch lahvi\u010dek s kap\u00e1tkem \u2013 sklen\u011bn\u00e9 lahvi\u010dky s kap\u00e1tkem 10 ml\u201350 ml"},"content":{"rendered":"<p>Tato s\u00e9rie bambusov\u00fdch lahvi\u010dek s kap\u00e1tkem se vyzna\u010duje vn\u011bj\u0161\u00edm pl\u00e1\u0161t\u011bm z p\u0159\u00edrodn\u00edho bambusu v kombinaci s vnit\u0159n\u00ed sklen\u011bnou lahvi\u010dkou s kap\u00e1tkem, co\u017e poskytuje ochranu i pr\u00e9miov\u00fd estetick\u00fd vzhled. Fas\u00e1da je zn\u00e1zorn\u011bna elegantn\u00ed, v\u00e1lcovou a odkrytou bambusovou strukturou, kter\u00e1 poskytuje p\u0159\u00edjemn\u00fd organick\u00fd dojem, jen\u017e je v souladu s ekologicky zam\u011b\u0159en\u00fdm brandingem. Ke ka\u017ed\u00e9 lahvi\u010dce lze p\u0159ipevnit p\u0159esnou sklen\u011bnou pipetu (\u0161roubovac\u00ed kap\u00e1tko s uz\u00e1v\u011brem v r\u016fzn\u00fdch povrchov\u00fdch \u00faprav\u00e1ch, \u010dern\u00e9 nebo b\u00edl\u00e9 gumov\u00e9 ba\u0148ce). M\u00e1 objem 10 ml a\u017e 50 ml s podobn\u00fdmi designov\u00fdmi proporcemi, kter\u00e9 se hod\u00ed pro r\u016fzn\u00e9 velikosti, co\u017e z n\u00ed \u010din\u00ed shodnou produktovou \u0159adu v maloobchodn\u00edm prodeji.<\/p>\n<h2>Kl\u00ed\u010dov\u00e9 specifikace<\/h2>\n<table style=\"border-collapse: collapse; margin-left: auto; margin-right: auto; width: 80%;\" border=\"0\" width=\"411\" cellspacing=\"0\" cellpadding=\"0\">\n<tbody>\n<tr style=\"height: 13.50pt;\">\n<td style=\"height: 13.50pt; width: 107.25pt;\" width=\"143\" height=\"18\">Funkce<\/td>\n<td style=\"width: 201.00pt;\" width=\"268\">Detail<\/td>\n<\/tr>\n<tr style=\"height: 13.50pt;\">\n<td style=\"height: 13.50pt;\" height=\"18\">Kapacita<\/td>\n<td>10 ml, 15 ml, 20 ml, 30 ml, 50 ml, 100 ml<\/td>\n<\/tr>\n<tr style=\"height: 13.50pt;\">\n<td style=\"height: 13.50pt;\" height=\"18\">Materi\u00e1l<\/td>\n<td>Hn\u011bd\u00e9 sodnov\u00e1penat\u00e9 sklo<\/td>\n<\/tr>\n<tr style=\"height: 13.50pt;\">\n<td style=\"height: 13.50pt;\" height=\"18\">V\u00fdrobn\u00ed proces<\/td>\n<td>Strojov\u011b foukan\u00e9<\/td>\n<\/tr>\n<tr style=\"height: 13.50pt;\">\n<td style=\"height: 13.50pt;\" height=\"18\">Tvar<\/td>\n<td>V\u00e1lcov\u00fd<\/td>\n<\/tr>\n<tr style=\"height: 13.50pt;\">\n<td style=\"height: 13.50pt;\" height=\"18\">Mo\u017enosti povrchov\u00e9 \u00fapravy<\/td>\n<td>Laserov\u00e9 grav\u00edrov\u00e1n\u00ed<\/td>\n<\/tr>\n<tr style=\"height: 13.50pt;\">\n<td style=\"height: 13.50pt;\" height=\"18\">\u0160pi\u010dka kap\u00e1tka<\/td>\n<td>bambusov\u00e1 kap\u00e1tka s \u010dernob\u00edlou barvou<\/td>\n<\/tr>\n<tr style=\"height: 13.50pt;\">\n<td style=\"height: 13.50pt;\" height=\"18\">Nejlep\u0161\u00ed p\u0159\u00edpad pou\u017eit\u00ed<\/td>\n<td>P\u00e9\u010de o ple\u0165, Wellness<\/td>\n<\/tr>\n<\/tbody>\n<\/table>\n<h2>Aplikace<\/h2>\n<p>Tyto sklen\u011bn\u00e9 lahvi\u010dky s kap\u00e1tkem se \u0161iroce pou\u017e\u00edvaj\u00ed pro esenci\u00e1ln\u00ed oleje, s\u00e9ra, CBD oleje, bylinn\u00e9 extrakty a dal\u0161\u00ed tekut\u00e9 p\u0159\u00edpravky vy\u017eaduj\u00edc\u00ed kontrolovan\u00e9 d\u00e1vkov\u00e1n\u00ed. Chemick\u00e1 stabilita a kompatibilita s jemn\u00fdmi p\u0159\u00edpravky je zaji\u0161t\u011bna vnit\u0159n\u00ed sklen\u011bnou n\u00e1dobou a bambusov\u00fd vn\u011bj\u0161\u00ed povrch dosahuje vy\u0161\u0161\u00ed diferenciace produktu na trz\u00edch s luxusn\u00edmi a p\u0159\u00edrodn\u00edmi produkty.<\/p>\n<h2>Skute\u010dn\u00fd \u00fasp\u011bch: Od konceptu k prodeji za 6 t\u00fddn\u016f<\/h2>\n<p>Evropsk\u00e1 spole\u010dnost zab\u00fdvaj\u00edc\u00ed se p\u00e9\u010d\u00ed o ple\u0165 pot\u0159ebovala velkoobchodn\u011b pr\u00e1zdn\u00e9 lahvi\u010dky s kap\u00e1tky pro svou \u0159adu organick\u00fdch s\u00e9r na obli\u010dej. Cht\u011bla n\u011bco ekologick\u00e9ho, ale z\u00e1rove\u0148 luxusn\u00edho. Doporu\u010dili jsme jim na\u0161e 30ml sklen\u011bn\u00e9 lahvi\u010dky s kap\u00e1tkem obalen\u00e9 bambusem a matn\u00fdmi \u010dern\u00fdmi uz\u00e1v\u011bry. Upravili jsme pr\u016ftok kap\u00e1tka uz\u00e1v\u011brem pro jemn\u011bj\u0161\u00ed kontrolu \u2013 ide\u00e1ln\u00ed pro s\u00e9ra. Za m\u00e9n\u011b ne\u017e dva m\u011bs\u00edce uvedli na trh 10 000 kus\u016f. Jejich z\u00e1kazn\u00edci si nad\u0161en\u011b pochvalovali \u201erozbalov\u00e1n\u00ed jako v l\u00e1zn\u00edch\u201c.<\/p>\n<h2>Chcete si ho p\u0159izp\u016fsobit? Zde je n\u00e1vod, jak za\u010d\u00edt<\/h2>\n<ul>\n<li>Nejprve se zamyslete nad tekutinou. Je to hust\u00fd olej nebo lehk\u00e1 tinktura? U olej\u016f pou\u017eijte \u0161ir\u0161\u00ed kap\u00e1tko. Pro p\u0159esn\u00e1 s\u00e9ra je lep\u0161\u00ed jemn\u011bj\u0161\u00ed kap\u00e1tko.<\/li>\n<li>D\u00e1le si vyberte objem. V\u011bt\u0161ina zna\u010dek za\u010d\u00edn\u00e1 na 30 ml nebo 50 ml \u2013 dostate\u010dn\u011b velk\u00e9, aby se zd\u00e1lo velkorys\u00e9, a z\u00e1rove\u0148 dostate\u010dn\u011b mal\u00e9, aby z\u016fstalo sv\u011b\u017e\u00ed.<\/li>\n<li>Chcete, aby va\u0161e zna\u010dka vynikla? M\u016f\u017eeme v\u00e1m na bambus vygrav\u00edrovat logo laserem nebo p\u0159idat barevn\u00e9 v\u00ed\u010dka na m\u00edru. Dokonce i krabi\u010dka m\u016f\u017ee n\u00e9st v\u00e1\u0161 p\u0159\u00edb\u011bh.<\/li>\n<\/ul>\n<p>A ano \u2013 postar\u00e1me se o v\u0161e. Od v\u00fdb\u011bru velikosti sklen\u011bn\u00fdch lahvi\u010dek s kap\u00e1tkem a\u017e po kompletn\u00ed ide\u00e1ln\u00ed balen\u00ed sklen\u011bn\u00fdch lahvi\u010dek s kap\u00e1tkem, jsme tu pro v\u00e1s.<\/p>","protected":false},"excerpt":{"rendered":"<p>Pr\u00e9miov\u00e1 bambusov\u00e1 lahvi\u010dka s kap\u00e1tkem a vnit\u0159n\u00edm sklem. Ide\u00e1ln\u00ed sklen\u011bn\u00e9 lahvi\u010dky s kap\u00e1tkem pro p\u00e9\u010di o ple\u0165 a oleje. K dispozici ve velkoobchod\u011b s mo\u017enost\u00ed vlastn\u00edho brandingu.<\/p>","protected":false},"featured_media":7505,"comment_status":"closed","ping_status":"closed","template":"","meta":{"_acf_changed":false,"site-sidebar-layout":"default","site-content-layout":"","ast-site-content-layout":"default","site-content-style":"default","site-sidebar-style":"default","ast-global-header-display":"","ast-banner-title-visibility":"","ast-main-header-display":"","ast-hfb-above-header-display":"","ast-hfb-below-header-display":"","ast-hfb-mobile-header-display":"","site-post-title":"","ast-breadcrumbs-content":"","ast-featured-img":"","footer-sml-layout":"","ast-disable-related-posts":"","theme-transparent-header-meta":"default","adv-header-id-meta":"","stick-header-meta":"","header-above-stick-meta":"","header-main-stick-meta":"","header-below-stick-meta":"","astra-migrate-meta-layouts":"set","ast-page-background-enabled":"default","ast-page-background-meta":{"desktop":{"background-color":"var(--ast-global-color-5)","background-image":"","background-repeat":"repeat","background-position":"center center","background-size":"auto","background-attachment":"scroll","background-type":"","background-media":"","overlay-type":"","overlay-color":"","overlay-opacity":"","overlay-gradient":""},"tablet":{"background-color":"","background-image":"","background-repeat":"repeat","background-position":"center center","background-size":"auto","background-attachment":"scroll","background-type":"","background-media":"","overlay-type":"","overlay-color":"","overlay-opacity":"","overlay-gradient":""},"mobile":{"background-color":"","background-image":"","background-repeat":"repeat","background-position":"center center","background-size":"auto","background-attachment":"scroll","background-type":"","background-media":"","overlay-type":"","overlay-color":"","overlay-opacity":"","overlay-gradient":""}},"ast-content-background-meta":{"desktop":{"background-color":"var(--ast-global-color-4)","background-image":"","background-repeat":"repeat","background-position":"center center","background-size":"auto","background-attachment":"scroll","background-type":"","background-media":"","overlay-type":"","overlay-color":"","overlay-opacity":"","overlay-gradient":""},"tablet":{"background-color":"var(--ast-global-color-4)","background-image":"","background-repeat":"repeat","background-position":"center center","background-size":"auto","background-attachment":"scroll","background-type":"","background-media":"","overlay-type":"","overlay-color":"","overlay-opacity":"","overlay-gradient":""},"mobile":{"background-color":"var(--ast-global-color-4)","background-image":"","background-repeat":"repeat","background-position":"center center","background-size":"auto","background-attachment":"scroll","background-type":"","background-media":"","overlay-type":"","overlay-color":"","overlay-opacity":"","overlay-gradient":""}}},"product_brand":[],"product_cat":[59,62,72,57],"product_tag":[190,204],"class_list":{"0":"post-5550","1":"product","2":"type-product","3":"status-publish","4":"has-post-thumbnail","6":"product_cat-glass-dropper-bottles","7":"product_cat-cosmetic-containers","8":"product_cat-cosmetic-packaging","9":"product_cat-essential-oil-bottles","10":"product_tag-cosmetic-pots-with-lids","11":"product_tag-frosted-cosmetic-jars","12":"desktop-align-left","13":"tablet-align-left","14":"mobile-align-left","16":"first","17":"instock","18":"shipping-taxable","19":"product-type-simple"},"acf":[],"jetpack_sharing_enabled":true,"_links":{"self":[{"href":"https:\/\/theperfumebottles.com\/cs\/wp-json\/wp\/v2\/product\/5550","targetHints":{"allow":["GET"]}}],"collection":[{"href":"https:\/\/theperfumebottles.com\/cs\/wp-json\/wp\/v2\/product"}],"about":[{"href":"https:\/\/theperfumebottles.com\/cs\/wp-json\/wp\/v2\/types\/product"}],"replies":[{"embeddable":true,"href":"https:\/\/theperfumebottles.com\/cs\/wp-json\/wp\/v2\/comments?post=5550"}],"wp:featuredmedia":[{"embeddable":true,"href":"https:\/\/theperfumebottles.com\/cs\/wp-json\/wp\/v2\/media\/7505"}],"wp:attachment":[{"href":"https:\/\/theperfumebottles.com\/cs\/wp-json\/wp\/v2\/media?parent=5550"}],"wp:term":[{"taxonomy":"product_brand","embeddable":true,"href":"https:\/\/theperfumebottles.com\/cs\/wp-json\/wp\/v2\/product_brand?post=5550"},{"taxonomy":"product_cat","embeddable":true,"href":"https:\/\/theperfumebottles.com\/cs\/wp-json\/wp\/v2\/product_cat?post=5550"},{"taxonomy":"product_tag","embeddable":true,"href":"https:\/\/theperfumebottles.com\/cs\/wp-json\/wp\/v2\/product_tag?post=5550"}],"curies":[{"name":"wp","href":"https:\/\/api.w.org\/{rel}","templated":true}]}}