{"id":5606,"date":"2025-08-13T18:02:24","date_gmt":"2025-08-13T10:02:24","guid":{"rendered":"https:\/\/theperfumebottles.com\/?post_type=product&#038;p=5606"},"modified":"2026-03-26T17:26:36","modified_gmt":"2026-03-26T09:26:36","slug":"custom-glass-serum-bottles-clear-bottle-with-glass-dropper","status":"publish","type":"product","link":"https:\/\/theperfumebottles.com\/cs\/produkt\/custom-glass-serum-bottles-clear-bottle-with-glass-dropper\/","title":{"rendered":"Sklen\u011bn\u00e9 lahvi\u010dky na s\u00e9rum na zak\u00e1zku | Pr\u016fhledn\u00e1 lahvi\u010dka se sklen\u011bn\u00fdm kap\u00e1tkem 15ml 30ml"},"content":{"rendered":"<p>Tyto sklen\u011bn\u00e9 lahvi\u010dky na s\u00e9rum v sad\u011b esenci\u00e1ln\u00edch olej\u016f maj\u00ed \u010dir\u00e9 sklen\u011bn\u00e9 t\u011blo, kter\u00e9 m\u00e1 zaoblen\u00fd tvar, kopulovit\u00fd tvar se silnou stabiln\u00ed z\u00e1kladnou. Kapalina uvnit\u0159 je zd\u016frazn\u011bna pr\u016fhledn\u00fdm hladk\u00fdm povrchem, a proto je vhodn\u00e1 pro vysoce kvalitn\u00ed p\u0159\u00edpravky. Na vrchu lahvi\u010dky je kap\u00e1tko, kter\u00e9 je vyrobeno z m\u011bkk\u00e9 b\u00edl\u00e9 gumov\u00e9 ba\u0148ky a rovn\u00e9 sklen\u011bn\u00e9 pipety, kter\u00e1 p\u0159esn\u011b d\u00e1vkuje obsah. Krou\u017eek m\u016f\u017ee b\u00fdt proveden v metalick\u00fdch povrchov\u00fdch \u00faprav\u00e1ch, jako je zlat\u00e1 a st\u0159\u00edbrn\u00e1, a m\u00e1 texturovan\u00e9 detaily, kter\u00e9 poskytuj\u00ed elegantn\u00ed kontrast obrazu. Mal\u00e1 velikost 15ml i 30ml je navr\u017eena tak, aby vypadaly vyv\u00e1\u017een\u011b a elegantn\u011b, a z\u00e1rove\u0148 byly snadno p\u0159enosn\u00e9.<\/p>\n<h2>Kl\u00ed\u010dov\u00e9 specifikace<\/h2>\n<table style=\"border-collapse: collapse; margin-left: auto; margin-right: auto; width: 80%;\" border=\"0\" width=\"812\" cellspacing=\"0\" cellpadding=\"0\">\n<tbody>\n<tr style=\"height: 13.50pt;\">\n<td style=\"height: 13.50pt; width: 136.50pt;\" width=\"182\" height=\"18\">Funkce<\/td>\n<td style=\"width: 472.50pt;\" width=\"630\">Podrobnosti<\/td>\n<\/tr>\n<tr style=\"height: 13.50pt;\">\n<td style=\"height: 13.50pt;\" height=\"18\">Dostupn\u00e9 kapacity<\/td>\n<td>15ml, 30ml<\/td>\n<\/tr>\n<tr style=\"height: 13.50pt;\">\n<td style=\"height: 13.50pt;\" height=\"18\">Materi\u00e1l<\/td>\n<td>Vysoce kvalitn\u00ed sklo (\u010dir\u00e9, prvot\u0159\u00eddn\u00ed pr\u016fhlednost)<\/td>\n<\/tr>\n<tr style=\"height: 13.50pt;\">\n<td style=\"height: 13.50pt;\" height=\"18\">Mo\u017enosti barev<\/td>\n<td>Standardn\u011b pr\u016fhledn\u00e1; mo\u017enost \u00fapravy (nap\u0159. matn\u00e1, t\u00f3novan\u00e1)<\/td>\n<\/tr>\n<tr style=\"height: 13.50pt;\">\n<td style=\"height: 13.50pt;\" height=\"18\">Tvar lahve<\/td>\n<td>\u0160irok\u00e1 z\u00e1kladna, kr\u00e1tk\u00fd krk, zaoblen\u00fd design \u2013 nab\u00edz\u00ed stabilitu a elegantn\u00ed profil<\/td>\n<\/tr>\n<tr style=\"height: 13.50pt;\">\n<td style=\"height: 13.50pt;\" height=\"18\">Ide\u00e1ln\u00ed pro<\/td>\n<td>Bylinn\u00e9 tinktury, esenci\u00e1ln\u00ed oleje, ple\u0165ov\u00e1 s\u00e9ra a p\u00e9\u010de o ple\u0165<\/td>\n<\/tr>\n<\/tbody>\n<\/table>\n<h2>P\u0159\u00edb\u011bh \u00fasp\u011bchu<\/h2>\n<p>Dodavatel bylinn\u00fdch extrakt\u016f p\u0159e\u0161el na tuto lahvi\u010dku se sklen\u011bn\u00fdm kap\u00e1tkem pro svou velkoobchodn\u00ed produktovou \u0159adu Ultimate 12 Months. L\u00edbil se jim z\u0159eteln\u00fd design, kter\u00fd nejen zd\u016fraz\u0148uje bylinnou barvu produktu, ale tak\u00e9 pe\u010de\u0165 proti \u00faniku, kter\u00e1 zaru\u010duje, \u017ee produkt z\u016fstane neporu\u0161en\u00fd. B\u011bhem t\u0159\u00ed m\u011bs\u00edc\u016f zaznamenali 20% n\u00e1r\u016fst opakovan\u00fdch n\u00e1kup\u016f a jejich klienti si tak\u00e9 obl\u00edbili vy\u0161\u0161\u00ed pokutu.<\/p>\n<h2>Tipy pro p\u0159izp\u016fsoben\u00ed<\/h2>\n<p>Chcete ze sv\u00e9 lahvi\u010dky se sklen\u011bn\u00fdm kap\u00e1tkem vyt\u011b\u017eit maximum? Vyzkou\u0161ejte tyto tipy:<\/p>\n<ul>\n<li>Pro p\u0159\u00edpravky citliv\u00e9 na sv\u011btlo pou\u017e\u00edvejte lahvi\u010dky z matn\u00e9ho skla. Poskytuje ochranu a vytv\u00e1\u0159\u00ed jemn\u00fd, luxusn\u00ed vzhled.<\/li>\n<li>Vym\u011b\u0148te texturovan\u00fd kovov\u00fd uz\u00e1v\u011br za matn\u00fd nebo kart\u00e1\u010dovan\u00fd povrch, kter\u00fd dopln\u00ed va\u0161i luxusn\u00ed \u0159adu p\u00e9\u010de o ple\u0165.<\/li>\n<li>Pro dal\u0161\u00ed povrchov\u00e9 \u00fapravy nab\u00edz\u00edme horkou ra\u017ebu, s\u00edtotisk, lakov\u00e1n\u00ed a dal\u0161\u00ed.<\/li>\n<\/ul>\n<p>Jste p\u0159ipraveni naj\u00edt spolehliv\u00e9 sklen\u011bn\u00e9 lahve s \u0161irok\u00fdm v\u00fdb\u011brem barev a rychl\u00fdm dod\u00e1n\u00edm? Kontaktujte n\u00e1s. Pom\u00e1h\u00e1me B2B kupuj\u00edc\u00edm budovat siln\u00e9 a konzistentn\u00ed produktov\u00e9 \u0159ady \u2013 poka\u017ed\u00e9.<\/p>","protected":false},"excerpt":{"rendered":"<p>Pr\u016fhledn\u00e9 lahvi\u010dky s kap\u00e1tkem na esenci\u00e1ln\u00ed oleje o objemu 15 ml a 30 ml se sklen\u011bnou pipetou a kovov\u00fdm l\u00edmcem. Ide\u00e1ln\u00ed sklen\u011bn\u00e9 lahvi\u010dky s\u00e9r pro zna\u010dky p\u00e9\u010de o ple\u0165 a aromaterapie.<\/p>","protected":false},"featured_media":5607,"comment_status":"closed","ping_status":"closed","template":"","meta":{"_acf_changed":false,"site-sidebar-layout":"default","site-content-layout":"","ast-site-content-layout":"default","site-content-style":"default","site-sidebar-style":"default","ast-global-header-display":"","ast-banner-title-visibility":"","ast-main-header-display":"","ast-hfb-above-header-display":"","ast-hfb-below-header-display":"","ast-hfb-mobile-header-display":"","site-post-title":"","ast-breadcrumbs-content":"","ast-featured-img":"","footer-sml-layout":"","ast-disable-related-posts":"","theme-transparent-header-meta":"default","adv-header-id-meta":"","stick-header-meta":"","header-above-stick-meta":"","header-main-stick-meta":"","header-below-stick-meta":"","astra-migrate-meta-layouts":"set","ast-page-background-enabled":"default","ast-page-background-meta":{"desktop":{"background-color":"var(--ast-global-color-5)","background-image":"","background-repeat":"repeat","background-position":"center center","background-size":"auto","background-attachment":"scroll","background-type":"","background-media":"","overlay-type":"","overlay-color":"","overlay-opacity":"","overlay-gradient":""},"tablet":{"background-color":"","background-image":"","background-repeat":"repeat","background-position":"center center","background-size":"auto","background-attachment":"scroll","background-type":"","background-media":"","overlay-type":"","overlay-color":"","overlay-opacity":"","overlay-gradient":""},"mobile":{"background-color":"","background-image":"","background-repeat":"repeat","background-position":"center center","background-size":"auto","background-attachment":"scroll","background-type":"","background-media":"","overlay-type":"","overlay-color":"","overlay-opacity":"","overlay-gradient":""}},"ast-content-background-meta":{"desktop":{"background-color":"var(--ast-global-color-4)","background-image":"","background-repeat":"repeat","background-position":"center center","background-size":"auto","background-attachment":"scroll","background-type":"","background-media":"","overlay-type":"","overlay-color":"","overlay-opacity":"","overlay-gradient":""},"tablet":{"background-color":"var(--ast-global-color-4)","background-image":"","background-repeat":"repeat","background-position":"center center","background-size":"auto","background-attachment":"scroll","background-type":"","background-media":"","overlay-type":"","overlay-color":"","overlay-opacity":"","overlay-gradient":""},"mobile":{"background-color":"var(--ast-global-color-4)","background-image":"","background-repeat":"repeat","background-position":"center center","background-size":"auto","background-attachment":"scroll","background-type":"","background-media":"","overlay-type":"","overlay-color":"","overlay-opacity":"","overlay-gradient":""}}},"product_brand":[],"product_cat":[59,62,72,57],"product_tag":[190,204],"class_list":{"0":"post-5606","1":"product","2":"type-product","3":"status-publish","4":"has-post-thumbnail","6":"product_cat-glass-dropper-bottles","7":"product_cat-cosmetic-containers","8":"product_cat-cosmetic-packaging","9":"product_cat-essential-oil-bottles","10":"product_tag-cosmetic-pots-with-lids","11":"product_tag-frosted-cosmetic-jars","12":"desktop-align-left","13":"tablet-align-left","14":"mobile-align-left","16":"first","17":"instock","18":"shipping-taxable","19":"product-type-simple"},"acf":[],"jetpack_sharing_enabled":true,"_links":{"self":[{"href":"https:\/\/theperfumebottles.com\/cs\/wp-json\/wp\/v2\/product\/5606","targetHints":{"allow":["GET"]}}],"collection":[{"href":"https:\/\/theperfumebottles.com\/cs\/wp-json\/wp\/v2\/product"}],"about":[{"href":"https:\/\/theperfumebottles.com\/cs\/wp-json\/wp\/v2\/types\/product"}],"replies":[{"embeddable":true,"href":"https:\/\/theperfumebottles.com\/cs\/wp-json\/wp\/v2\/comments?post=5606"}],"wp:featuredmedia":[{"embeddable":true,"href":"https:\/\/theperfumebottles.com\/cs\/wp-json\/wp\/v2\/media\/5607"}],"wp:attachment":[{"href":"https:\/\/theperfumebottles.com\/cs\/wp-json\/wp\/v2\/media?parent=5606"}],"wp:term":[{"taxonomy":"product_brand","embeddable":true,"href":"https:\/\/theperfumebottles.com\/cs\/wp-json\/wp\/v2\/product_brand?post=5606"},{"taxonomy":"product_cat","embeddable":true,"href":"https:\/\/theperfumebottles.com\/cs\/wp-json\/wp\/v2\/product_cat?post=5606"},{"taxonomy":"product_tag","embeddable":true,"href":"https:\/\/theperfumebottles.com\/cs\/wp-json\/wp\/v2\/product_tag?post=5606"}],"curies":[{"name":"wp","href":"https:\/\/api.w.org\/{rel}","templated":true}]}}