{"id":5624,"date":"2025-08-14T18:02:47","date_gmt":"2025-08-14T10:02:47","guid":{"rendered":"https:\/\/theperfumebottles.com\/?post_type=product&#038;p=5624"},"modified":"2026-04-01T12:43:26","modified_gmt":"2026-04-01T04:43:26","slug":"wholesale-glass-1-oz-dropper-bottles-with-gold-lid","status":"publish","type":"product","link":"https:\/\/theperfumebottles.com\/cs\/produkt\/wholesale-glass-1-oz-dropper-bottles-with-gold-lid\/","title":{"rendered":"Velkoobchodn\u00ed sklen\u011bn\u00e9 lahvi\u010dky s kap\u00e1tkem o objemu 1 oz se zlat\u00fdm v\u00ed\u010dkem"},"content":{"rendered":"<p>Chcete sklen\u011bnou lahvi\u010dku s kap\u00e1tkem, kter\u00e1 vypad\u00e1 pr\u00e9miov\u011b, spolehliv\u011b se ovl\u00e1d\u00e1 a p\u0159izp\u016fsob\u00ed se va\u0161emu podnik\u00e1n\u00ed. Tyto lahvi\u010dky s kap\u00e1tkem o objemu 28 ml jsou p\u0159esn\u011b to prav\u00e9. D\u00edky \u010dist\u00e9mu, zaoblen\u00e9mu spodku a kr\u00e1tk\u00e9mu hrdlu je lahvi\u010dka kompaktn\u00ed a stylov\u00e1. Je ide\u00e1ln\u00ed pro mal\u00e9 prsty, k vymalov\u00e1n\u00ed p\u0159epln\u011bn\u00fdch sk\u0159\u00edn\u011bk nebo t\u0159eba do wellness sady. Zlat\u00e9 leskl\u00e9 v\u00ed\u010dko dod\u00e1v\u00e1 n\u00e1dech luxusu. A ten tenk\u00fd oran\u017eov\u00fd krou\u017eek? Mal\u00fd detail, d\u00edky kter\u00e9mu va\u0161e logo vynikne.<\/p>\n<h2>Kl\u00ed\u010dov\u00e9 specifikace<\/h2>\n<table style=\"border-collapse: collapse; margin-left: auto; margin-right: auto; width: 80%;\" border=\"0\" width=\"520\" cellspacing=\"0\" cellpadding=\"0\">\n<tbody>\n<tr style=\"height: 13.50pt;\">\n<td style=\"height: 13.50pt; width: 103.50pt;\" width=\"138\" height=\"18\">Specifikace<\/td>\n<td style=\"width: 286.50pt;\" width=\"382\">Podrobnosti<\/td>\n<\/tr>\n<tr style=\"height: 13.50pt;\">\n<td style=\"height: 13.50pt;\" height=\"18\">Kapacita<\/td>\n<td>30ml<\/td>\n<\/tr>\n<tr style=\"height: 17.25pt;\">\n<td style=\"height: 17.25pt;\" height=\"23\">Velikost<\/td>\n<td>37*65 mm<\/td>\n<\/tr>\n<tr style=\"height: 13.50pt;\">\n<td style=\"height: 13.50pt;\" height=\"18\">Materi\u00e1l<\/td>\n<td>Vysoce kvalitn\u00ed sklo<\/td>\n<\/tr>\n<tr style=\"height: 13.50pt;\">\n<td style=\"height: 13.50pt;\" height=\"18\">Barva lahve<\/td>\n<td>Jasn\u011b zlat\u00e1 s kovov\u00fdm leskem (lze p\u0159izp\u016fsobit)<\/td>\n<\/tr>\n<tr style=\"height: 13.50pt;\">\n<td style=\"height: 13.50pt;\" height=\"18\">Barva v\u00edka<\/td>\n<td>St\u0159\u00edbrn\u00e1 (p\u0159izp\u016fsobiteln\u00e1)<\/td>\n<\/tr>\n<\/tbody>\n<\/table>\n<h2>Jak jedna zna\u010dka vylep\u0161ila svou balic\u00ed hru<\/h2>\n<p>Startup zab\u00fdvaj\u00edc\u00ed se p\u0159\u00edrodn\u00ed wellness pou\u017e\u00edval z\u00e1kladn\u00ed pr\u016fhledn\u00e9 lahvi\u010dky s kap\u00e1tkem. Jejich produkt \u2013 siln\u00e1 tinktura \u2013 za\u010dal po n\u011bkolika t\u00fddnech ztr\u00e1cet \u00fa\u010dinnost. P\u0159e\u0161li na na\u0161e lahvi\u010dky s kap\u00e1tkem o objemu 28 g z jantarov\u00e9ho skla s matn\u00fdm mrazuvzdorn\u00fdm povrchem. Stejn\u00e9 elegantn\u00ed zlat\u00e9 v\u00ed\u010dko. Stejn\u00e9 p\u0159esn\u00e9 kap\u00e1tko. Ale te\u010f se projevila UV ochrana. Produkt z\u016fstal sv\u011b\u017e\u00ed. Vzhled byl pr\u00e9miov\u00fd. B\u011bhem dvou m\u011bs\u00edc\u016f se opakovan\u00e9 objedn\u00e1vky zv\u00fd\u0161ily o 35 %. Jejich z\u00e1kazn\u00edci milovali elegantn\u00ed vzhled a spolehliv\u00fd v\u00fdkon. A proto\u017ee si velkoobchodn\u011b objedn\u00e1vali sklen\u011bn\u00e9 lahvi\u010dky s kap\u00e1tkem ve velk\u00e9m, jejich n\u00e1klady na jednotku klesly \u2013 co\u017e zv\u00fd\u0161ilo mar\u017ee.<\/p>\n<h2>Chcete si ho p\u0159izp\u016fsobit? Zde je m\u00edsto, kde za\u010d\u00edt<\/h2>\n<ul>\n<li>P\u0159em\u00fd\u0161l\u00edte o jedine\u010dn\u00e9m vzhledu? Za\u010dn\u011bte s detaily. Vym\u011b\u0148te zlat\u00e9 v\u00ed\u010dko za \u010dern\u00e9. P\u0159idejte matn\u00e9 t\u011blo pro pocit l\u00e1zn\u00ed. Nebo ponechte klasick\u00fd vzhled a krabi\u010dku jen ozna\u010dte brandem.<\/li>\n<li>M\u016f\u017eete si dokonce zvolit zcela zak\u00e1zkovou v\u00fdrobu \u2013 priv\u00e1tn\u00ed zna\u010dku, jedine\u010dn\u00e9 barevn\u00e9 varianty nebo speci\u00e1ln\u00ed konfigurace balen\u00ed pro va\u0161i kolekci. Pom\u016f\u017eeme v\u00e1m otestovat mal\u00e9 \u0161ar\u017ee, ne\u017e se do toho pust\u00edte naplno.<\/li>\n<\/ul>\n<p>Nejsou to jen pr\u00e1zdn\u00e9 lahvi\u010dky od esenci\u00e1ln\u00edch olej\u016f. Jsou sou\u010d\u00e1st\u00ed p\u0159\u00edb\u011bhu va\u0161\u00ed zna\u010dky.<\/p>","protected":false},"excerpt":{"rendered":"<p>Velkoobchodn\u00ed prodej vysoce kvalitn\u00edch lahvi\u010dek s kap\u00e1tkem o objemu 1 oz s kulat\u00fdm kr\u00e1tk\u00fdm hrdlem, zlat\u00fdm v\u00ed\u010dkem a b\u00edlou gumovou ba\u0148kou. Ide\u00e1ln\u00ed pro B2B balen\u00ed kosmetiky a p\u00e9\u010de o ple\u0165.<\/p>","protected":false},"featured_media":5645,"comment_status":"closed","ping_status":"closed","template":"","meta":{"_acf_changed":false,"site-sidebar-layout":"default","site-content-layout":"","ast-site-content-layout":"default","site-content-style":"default","site-sidebar-style":"default","ast-global-header-display":"","ast-banner-title-visibility":"","ast-main-header-display":"","ast-hfb-above-header-display":"","ast-hfb-below-header-display":"","ast-hfb-mobile-header-display":"","site-post-title":"","ast-breadcrumbs-content":"","ast-featured-img":"","footer-sml-layout":"","ast-disable-related-posts":"","theme-transparent-header-meta":"default","adv-header-id-meta":"","stick-header-meta":"","header-above-stick-meta":"","header-main-stick-meta":"","header-below-stick-meta":"","astra-migrate-meta-layouts":"set","ast-page-background-enabled":"default","ast-page-background-meta":{"desktop":{"background-color":"var(--ast-global-color-5)","background-image":"","background-repeat":"repeat","background-position":"center center","background-size":"auto","background-attachment":"scroll","background-type":"","background-media":"","overlay-type":"","overlay-color":"","overlay-opacity":"","overlay-gradient":""},"tablet":{"background-color":"","background-image":"","background-repeat":"repeat","background-position":"center center","background-size":"auto","background-attachment":"scroll","background-type":"","background-media":"","overlay-type":"","overlay-color":"","overlay-opacity":"","overlay-gradient":""},"mobile":{"background-color":"","background-image":"","background-repeat":"repeat","background-position":"center center","background-size":"auto","background-attachment":"scroll","background-type":"","background-media":"","overlay-type":"","overlay-color":"","overlay-opacity":"","overlay-gradient":""}},"ast-content-background-meta":{"desktop":{"background-color":"var(--ast-global-color-4)","background-image":"","background-repeat":"repeat","background-position":"center center","background-size":"auto","background-attachment":"scroll","background-type":"","background-media":"","overlay-type":"","overlay-color":"","overlay-opacity":"","overlay-gradient":""},"tablet":{"background-color":"var(--ast-global-color-4)","background-image":"","background-repeat":"repeat","background-position":"center center","background-size":"auto","background-attachment":"scroll","background-type":"","background-media":"","overlay-type":"","overlay-color":"","overlay-opacity":"","overlay-gradient":""},"mobile":{"background-color":"var(--ast-global-color-4)","background-image":"","background-repeat":"repeat","background-position":"center center","background-size":"auto","background-attachment":"scroll","background-type":"","background-media":"","overlay-type":"","overlay-color":"","overlay-opacity":"","overlay-gradient":""}}},"product_brand":[],"product_cat":[59,72,62,57],"product_tag":[190,204],"class_list":{"0":"post-5624","1":"product","2":"type-product","3":"status-publish","4":"has-post-thumbnail","6":"product_cat-glass-dropper-bottles","7":"product_cat-cosmetic-packaging","8":"product_cat-cosmetic-containers","9":"product_cat-essential-oil-bottles","10":"product_tag-cosmetic-pots-with-lids","11":"product_tag-frosted-cosmetic-jars","12":"desktop-align-left","13":"tablet-align-left","14":"mobile-align-left","16":"first","17":"instock","18":"shipping-taxable","19":"product-type-simple"},"acf":[],"jetpack_sharing_enabled":true,"_links":{"self":[{"href":"https:\/\/theperfumebottles.com\/cs\/wp-json\/wp\/v2\/product\/5624","targetHints":{"allow":["GET"]}}],"collection":[{"href":"https:\/\/theperfumebottles.com\/cs\/wp-json\/wp\/v2\/product"}],"about":[{"href":"https:\/\/theperfumebottles.com\/cs\/wp-json\/wp\/v2\/types\/product"}],"replies":[{"embeddable":true,"href":"https:\/\/theperfumebottles.com\/cs\/wp-json\/wp\/v2\/comments?post=5624"}],"wp:featuredmedia":[{"embeddable":true,"href":"https:\/\/theperfumebottles.com\/cs\/wp-json\/wp\/v2\/media\/5645"}],"wp:attachment":[{"href":"https:\/\/theperfumebottles.com\/cs\/wp-json\/wp\/v2\/media?parent=5624"}],"wp:term":[{"taxonomy":"product_brand","embeddable":true,"href":"https:\/\/theperfumebottles.com\/cs\/wp-json\/wp\/v2\/product_brand?post=5624"},{"taxonomy":"product_cat","embeddable":true,"href":"https:\/\/theperfumebottles.com\/cs\/wp-json\/wp\/v2\/product_cat?post=5624"},{"taxonomy":"product_tag","embeddable":true,"href":"https:\/\/theperfumebottles.com\/cs\/wp-json\/wp\/v2\/product_tag?post=5624"}],"curies":[{"name":"wp","href":"https:\/\/api.w.org\/{rel}","templated":true}]}}