{"id":5625,"date":"2025-08-14T18:00:02","date_gmt":"2025-08-14T10:00:02","guid":{"rendered":"https:\/\/theperfumebottles.com\/?post_type=product&#038;p=5625"},"modified":"2025-08-25T17:58:23","modified_gmt":"2025-08-25T09:58:23","slug":"wholesale-flat-square-amber-bottles-with-dropper","status":"publish","type":"product","link":"https:\/\/theperfumebottles.com\/cs\/produkt\/wholesale-flat-square-amber-bottles-with-dropper\/","title":{"rendered":"Velkoobchodn\u00ed 30ml ploch\u00e9 \u010dtvercov\u00e9 jantarov\u00e9 lahvi\u010dky s kap\u00e1tkem"},"content":{"rendered":"<p><span class=\"diff-highlight\">Jste<\/span> <span class=\"diff-highlight\">hled\u00e1te<\/span> <span class=\"diff-highlight\">stylovou a<\/span> funk\u010dn\u00ed <span class=\"diff-highlight\">zp\u016fsob<\/span> na ulo\u017een\u00ed va\u0161ich esenci\u00e1ln\u00edch olej\u016f nebo <span class=\"diff-highlight\">s\u00e9rum<\/span>? Na\u0161e bronzov\u00e9 lahvi\u010dky s pipetou jsou dokonal\u00e9 <span class=\"diff-highlight\">pro<\/span> <span class=\"diff-highlight\">hled\u00e1te<\/span><span class=\"diff-highlight\">!<\/span> <span class=\"diff-highlight\">Vyroben\u00e9<\/span> z kvalitn\u00edho skla, <span class=\"diff-highlight\">na\u0161e<\/span> <span class=\"diff-highlight\">bronzov\u00e9<\/span> <span class=\"diff-highlight\">lahve<\/span> <span class=\"diff-highlight\">zabr\u00e1n\u00ed<\/span> <span class=\"diff-highlight\">\u00faniku<\/span> <span class=\"diff-highlight\">tekutiny<\/span> <span class=\"diff-highlight\">of<\/span> <span class=\"diff-highlight\">\u0161kodliv\u00fdch<\/span> <span class=\"diff-highlight\">UV<\/span> <span class=\"diff-highlight\">paprsk\u016f<\/span><span class=\"diff-highlight\">.<\/span> <span class=\"diff-highlight\">Krom\u011b toho<\/span>, <span class=\"diff-highlight\">with<\/span> <span class=\"diff-highlight\">\u00faniku<\/span> <span class=\"diff-highlight\">pipetou<\/span><span class=\"diff-highlight\">,<\/span> <span class=\"diff-highlight\">hled\u00e1te<\/span> <span class=\"diff-highlight\">m\u016f\u017eete<\/span> <span class=\"diff-highlight\">dod\u00e1vat<\/span> \u00faniku <span class=\"diff-highlight\">dokonal\u00e9<\/span> mno\u017estv\u00ed poka\u017ed\u00e9.<\/p>\n<h2>Kl\u00ed\u010dov\u00e9 specifikace<\/h2>\n<table style=\"border-collapse: collapse;margin-left: auto;margin-right: auto;width: 80%\" border=\"0\" width=\"537\" cellspacing=\"0\" cellpadding=\"0\">\n<tbody>\n<tr style=\"height: 13.50pt\">\n<td style=\"height: 13.50pt;width: 111.00pt\" width=\"148\" height=\"18\">Funkce<\/td>\n<td style=\"width: 291.75pt\" width=\"389\">Podrobnosti<\/td>\n<\/tr>\n<tr style=\"height: 13.50pt\">\n<td style=\"height: 13.50pt\" height=\"18\">Dostupn\u00e9 velikosti<\/td>\n<td>30ml<\/td>\n<\/tr>\n<tr style=\"height: 13.50pt\">\n<td style=\"height: 13.50pt\" height=\"18\">Materi\u00e1l<\/td>\n<td>Vysoce kvalitn\u00ed sklo<\/td>\n<\/tr>\n<tr style=\"height: 13.50pt\">\n<td style=\"height: 13.50pt\" height=\"18\">Barva<\/td>\n<td>Standardn\u00ed \u010dir\u00e9, slune\u010dn\u00ed, r\u016f\u017eov\u00e9 (k dispozici i z\u00e1kazn\u00ed\u010d\u00ed barvy)<\/td>\n<\/tr>\n<tr style=\"height: 13.50pt\">\n<td style=\"height: 13.50pt\" height=\"18\">Dokon\u010dit<\/td>\n<td>\u010cir\u00e9 nebo rozmazan\u00e9 (na po\u017e\u00e1d\u00e1n\u00ed)<\/td>\n<\/tr>\n<tr style=\"height: 13.50pt\">\n<td style=\"height: 13.50pt\" height=\"18\">P\u0159\u00edpad pou\u017eit\u00ed<\/td>\n<td>Tinktury, esenci\u00e1ln\u00ed oleje, s\u00e9ra<\/td>\n<\/tr>\n<\/tbody>\n<\/table>\n<h2>Praktick\u00fd \u00fasp\u011bch: Od zmate\u010dn\u00fdch k \u010dist\u00e9mu zna\u010dkov\u00e1n\u00ed<\/h2>\n<p>P\u0159irozen\u00e1 zna\u010dka p\u0159estala pou\u017e\u00edvat \u010dir\u00e9 sklen\u011bn\u00e9 lahvi\u010dky a p\u0159e\u0161la na 30ml slune\u010dn\u00ed lahvi\u010dky s kap\u00e1tkem pro sv\u00e9 bylinn\u00e9 tinktury. Slune\u010dn\u00ed sklo vy\u0159e\u0161ilo probl\u00e9my s expozic\u00ed sv\u011btlu, co\u017e udr\u017eelo formuli \u010derstvou d\u00e9le. Krom\u011b toho si z\u00e1kazn\u00edci slune\u010dn\u00edch lahvi\u010dek s kap\u00e1tkem v\u00edce v\u011b\u0159ili, s zlat\u00fdm prstenem dod\u00e1vaj\u00edc\u00edm pocit premium a rovn\u00fdmi stranami zlep\u0161uj\u00edc\u00edm dr\u017een\u00ed a snadnost zna\u010den\u00ed.<\/p>\n<h2>chytr\u00e9 tipy na personalizaci va\u0161eho objedn\u00e1v\u00e1n\u00ed<\/h2>\n<p>Chcete, aby va\u0161e zna\u010dka vynikala? Zkuste tyto n\u00e1pady:<\/p>\n<ul>\n<li>Pou\u017eijte rozmazan\u00fd vzhled na slune\u010dn\u00edm skle pro jemn\u011bj\u0161\u00ed, organick\u00fd vzhled\u2014skv\u011bl\u00e9 pro \u010distou kr\u00e1su nebo ekologick\u00e9 linie.<\/li>\n<li>Vym\u011b\u0148te zlat\u00fd prsten za matn\u00fd \u010dern\u00fd nebo zmaten\u00fd st\u0159\u00edbro, aby odpov\u00eddalo atmosf\u00e9\u0159e va\u0161\u00ed zna\u010dky.<\/li>\n<li>Sbalte n\u011bkolik slune\u010dn\u00edch lahvi\u010dek s kap\u00e1tkem do zna\u010den\u00e9 krabice. Skv\u011bl\u00e9 pro velkoobjedn\u00e1vky partnery nebo d\u00e1rkov\u00e9 sady.<\/li>\n<\/ul>\n<p>Od velkoobjedn\u00e1vek startup\u016f po velk\u00e9 distributory se tyto slune\u010dn\u00ed sklen\u011bn\u00e9 lahvi\u010dky s kap\u00e1tkem p\u0159izp\u016fsob\u00ed va\u0161im pot\u0159eb\u00e1m. P\u0159ij\u00edmaj\u00ed mal\u00e9 testovac\u00ed produkce a obrovsk\u00e9 velkoobjedn\u00e1vky\u2014bez ob\u011btov\u00e1n\u00ed vysok\u00fdch standard\u016f kvality.<\/p>","protected":false},"excerpt":{"rendered":"<p>D\u011btsk\u00e9 slune\u010dn\u00ed sklen\u011bn\u00e9 lahvi\u010dky s kap\u00e1tkem pro esenci\u00e1ln\u00ed oleje, s\u00e9ra a kosmetiku. Odoln\u00e9 sklo, p\u0159izp\u016fsobiteln\u00e9, ide\u00e1ln\u00ed pro velkoobjedn\u00e1vky.<\/p>","protected":false},"featured_media":5641,"comment_status":"closed","ping_status":"closed","template":"","meta":{"_acf_changed":false,"site-sidebar-layout":"default","site-content-layout":"","ast-site-content-layout":"default","site-content-style":"default","site-sidebar-style":"default","ast-global-header-display":"","ast-banner-title-visibility":"","ast-main-header-display":"","ast-hfb-above-header-display":"","ast-hfb-below-header-display":"","ast-hfb-mobile-header-display":"","site-post-title":"","ast-breadcrumbs-content":"","ast-featured-img":"","footer-sml-layout":"","ast-disable-related-posts":"","theme-transparent-header-meta":"default","adv-header-id-meta":"","stick-header-meta":"","header-above-stick-meta":"","header-main-stick-meta":"","header-below-stick-meta":"","astra-migrate-meta-layouts":"set","ast-page-background-enabled":"default","ast-page-background-meta":{"desktop":{"background-color":"var(--ast-global-color-5)","background-image":"","background-repeat":"repeat","background-position":"center center","background-size":"auto","background-attachment":"scroll","background-type":"","background-media":"","overlay-type":"","overlay-color":"","overlay-opacity":"","overlay-gradient":""},"tablet":{"background-color":"","background-image":"","background-repeat":"repeat","background-position":"center center","background-size":"auto","background-attachment":"scroll","background-type":"","background-media":"","overlay-type":"","overlay-color":"","overlay-opacity":"","overlay-gradient":""},"mobile":{"background-color":"","background-image":"","background-repeat":"repeat","background-position":"center center","background-size":"auto","background-attachment":"scroll","background-type":"","background-media":"","overlay-type":"","overlay-color":"","overlay-opacity":"","overlay-gradient":""}},"ast-content-background-meta":{"desktop":{"background-color":"var(--ast-global-color-4)","background-image":"","background-repeat":"repeat","background-position":"center center","background-size":"auto","background-attachment":"scroll","background-type":"","background-media":"","overlay-type":"","overlay-color":"","overlay-opacity":"","overlay-gradient":""},"tablet":{"background-color":"var(--ast-global-color-4)","background-image":"","background-repeat":"repeat","background-position":"center center","background-size":"auto","background-attachment":"scroll","background-type":"","background-media":"","overlay-type":"","overlay-color":"","overlay-opacity":"","overlay-gradient":""},"mobile":{"background-color":"var(--ast-global-color-4)","background-image":"","background-repeat":"repeat","background-position":"center center","background-size":"auto","background-attachment":"scroll","background-type":"","background-media":"","overlay-type":"","overlay-color":"","overlay-opacity":"","overlay-gradient":""}}},"product_brand":[],"product_cat":[62,72,57,59],"product_tag":[190,204],"class_list":{"0":"post-5625","1":"product","2":"type-product","3":"status-publish","4":"has-post-thumbnail","6":"product_cat-cosmetic-containers","7":"product_cat-cosmetic-packaging","8":"product_cat-essential-oil-bottles","9":"product_cat-glass-dropper-bottles","10":"product_tag-cosmetic-pots-with-lids","11":"product_tag-frosted-cosmetic-jars","12":"desktop-align-left","13":"tablet-align-left","14":"mobile-align-left","16":"first","17":"instock","18":"shipping-taxable","19":"product-type-simple"},"acf":[],"jetpack_sharing_enabled":true,"_links":{"self":[{"href":"https:\/\/theperfumebottles.com\/cs\/wp-json\/wp\/v2\/product\/5625","targetHints":{"allow":["GET"]}}],"collection":[{"href":"https:\/\/theperfumebottles.com\/cs\/wp-json\/wp\/v2\/product"}],"about":[{"href":"https:\/\/theperfumebottles.com\/cs\/wp-json\/wp\/v2\/types\/product"}],"replies":[{"embeddable":true,"href":"https:\/\/theperfumebottles.com\/cs\/wp-json\/wp\/v2\/comments?post=5625"}],"wp:featuredmedia":[{"embeddable":true,"href":"https:\/\/theperfumebottles.com\/cs\/wp-json\/wp\/v2\/media\/5641"}],"wp:attachment":[{"href":"https:\/\/theperfumebottles.com\/cs\/wp-json\/wp\/v2\/media?parent=5625"}],"wp:term":[{"taxonomy":"product_brand","embeddable":true,"href":"https:\/\/theperfumebottles.com\/cs\/wp-json\/wp\/v2\/product_brand?post=5625"},{"taxonomy":"product_cat","embeddable":true,"href":"https:\/\/theperfumebottles.com\/cs\/wp-json\/wp\/v2\/product_cat?post=5625"},{"taxonomy":"product_tag","embeddable":true,"href":"https:\/\/theperfumebottles.com\/cs\/wp-json\/wp\/v2\/product_tag?post=5625"}],"curies":[{"name":"wp","href":"https:\/\/api.w.org\/{rel}","templated":true}]}}