{"id":5667,"date":"2025-08-14T18:02:15","date_gmt":"2025-08-14T10:02:15","guid":{"rendered":"https:\/\/theperfumebottles.com\/?post_type=product&#038;p=5667"},"modified":"2026-04-01T16:28:16","modified_gmt":"2026-04-01T08:28:16","slug":"mini-dropper-bottles-with-rose-gold-lid-wholesale","status":"publish","type":"product","link":"https:\/\/theperfumebottles.com\/cs\/produkt\/mini-dropper-bottles-with-rose-gold-lid-wholesale\/","title":{"rendered":"1ml-5ml mini kap\u00e1tkov\u00e9 lahvi\u010dky s r\u016f\u017eovo-zlat\u00fdm v\u00ed\u010dkem velkoobchod"},"content":{"rendered":"<p>Pokud hled\u00e1te praktick\u00fd design balen\u00ed, kter\u00fd je odoln\u00fd pro rychl\u00e9 dod\u00e1n\u00ed a kompaktn\u00ed pro skladov\u00e1n\u00ed ve skladu, tyto mini kap\u00e1tkov\u00e9 lahvi\u010dky jsou na\u0161\u00edm nejelegantn\u011bj\u0161\u00edm \u0159e\u0161en\u00edm. Jsou vyrobeny z v\u00e1lcovit\u00e9ho k\u0159i\u0161\u0165\u00e1lov\u011b pr\u016fhledn\u00e9ho materi\u00e1lu s r\u016f\u017eovo-zlat\u00fdmi v\u00ed\u010dky, tak\u017ee jsou p\u0159enosn\u00e9, elegantn\u00ed a kompaktn\u00ed, co\u017e umo\u017e\u0148uje \u00fahledn\u00e9 stohov\u00e1n\u00ed a maxim\u00e1ln\u00ed \u00fahel pohledu pro prezentaci, vystaven\u00ed nebo skladov\u00e1n\u00ed.<\/p>\n<h2>Kl\u00ed\u010dov\u00e9 specifikace<\/h2>\n<table style=\"border-collapse: collapse; margin-left: auto; margin-right: auto; width: 80%;\" border=\"0\" width=\"458\" cellspacing=\"0\" cellpadding=\"0\">\n<tbody>\n<tr style=\"height: 13.50pt;\">\n<td style=\"height: 13.50pt; width: 82.50pt;\" width=\"110\" height=\"18\">Funkce<\/td>\n<td style=\"width: 261.00pt;\" width=\"348\">Detail<\/td>\n<\/tr>\n<tr style=\"height: 13.50pt;\">\n<td style=\"height: 13.50pt;\" height=\"18\">Kapacita<\/td>\n<td>1 ml, 2 ml, 3 ml, 5 ml<\/td>\n<\/tr>\n<tr style=\"height: 13.50pt;\">\n<td style=\"height: 13.50pt;\" height=\"18\">Materi\u00e1l<\/td>\n<td>Borosilik\u00e1tov\u00e9 sklo<\/td>\n<\/tr>\n<tr style=\"height: 13.50pt;\">\n<td style=\"height: 13.50pt;\" height=\"18\">Barva v\u00edka<\/td>\n<td>R\u016f\u017eov\u00e9 zlato\/b\u00edl\u00e1 (lze p\u0159izp\u016fsobit)<\/td>\n<\/tr>\n<tr style=\"height: 13.50pt;\">\n<td style=\"height: 13.50pt;\" height=\"18\">\u0160pi\u010dka kap\u00e1tka<\/td>\n<td>B\u00edl\u00e1, p\u0159esn\u00e9 ovl\u00e1d\u00e1n\u00ed<\/td>\n<\/tr>\n<tr style=\"height: 13.50pt;\">\n<td style=\"height: 13.50pt;\" height=\"18\">Ide\u00e1ln\u00ed pro<\/td>\n<td>vzorky esenci\u00e1ln\u00edch olej\u016f, tinktur, s\u00e9r, parf\u00e9m\u016f<\/td>\n<\/tr>\n<\/tbody>\n<\/table>\n<h2>\u00dasp\u011bch v re\u00e1ln\u00e9m sv\u011bt\u011b: Jak jedna zna\u010dka rychle rostla<\/h2>\n<p>Americk\u00e1 zna\u010dka pot\u0159ebovala zp\u016fsob, jak nab\u00edzet vzorky sv\u00fdch tinktur na pop-up akc\u00edch. Zkusili plastov\u00e9 lahvi\u010dky, ale ty jim p\u0159i\u0161ly levn\u00e9. Zkusili velk\u00e9 lahvi\u010dky, ale ty jim p\u0159i\u0161ly p\u0159\u00edli\u0161 objemn\u00e9. Pak si vybrali na\u0161e 5ml mini sklen\u011bn\u00e9 lahvi\u010dky s kap\u00e1tkem. Na veletrhu zdrav\u00e9 v\u00fd\u017eivy jich rozdali 10 000. V\u00edce ne\u017e 70 % p\u0159\u00edjemc\u016f nav\u0161t\u00edvilo jejich internetov\u00fd obchod b\u011bhem t\u00fddne. Pro\u010d? Mini lahvi\u010dky s kap\u00e1tkem p\u016fsob\u00ed pr\u00e9miov\u00fdm dojmem. Precizn\u00ed design kap\u00e1tka vytv\u00e1\u0159\u00ed pocit kontroly. A r\u016f\u017eovo-zlat\u00e9 v\u00ed\u010dko? Nejen\u017ee upout\u00e1 pozornost, ale tak\u00e9 ji p\u0159itahuje.<\/p>\n<h2>Chcete si produkt p\u0159izp\u016fsobit? Zde je n\u00e1vod.<\/h2>\n<ul>\n<li>Nemus\u00edte se spokojit se standardem. Chcete mrazivou texturu pro pocit l\u00e1zn\u00ed? \u017d\u00e1dn\u00fd probl\u00e9m. D\u00e1v\u00e1te p\u0159ednost \u010dern\u00e9mu v\u00ed\u010dku pro v\u00fdrazn\u00fd vzhled? Snadn\u00e9. Dokonce m\u016f\u017eeme upravit tlou\u0161\u0165ku sklen\u011bn\u00fdch lahv\u00ed pro v\u011bt\u0161\u00ed ochranu b\u011bhem p\u0159epravy.<\/li>\n<li>Tip pro profesion\u00e1ly: Zkombinujte mal\u00e9 kap\u00e1tkov\u00e9 lahvi\u010dky se zna\u010dkov\u00fdmi etiketami a z\u00edsk\u00e1te kompletn\u00ed kolekci, kter\u00e1 i p\u0159es svou kompaktn\u00ed velikost vynik\u00e1 p\u00e9\u010d\u00ed a profesionalitou.<\/li>\n<\/ul>","protected":false},"excerpt":{"rendered":"<p>Velkoobchodn\u00ed mini lahvi\u010dky s kap\u00e1tkem o objemu 1 ml \u2013 5 ml, odoln\u00e9 a p\u0159izp\u016fsobiteln\u00e9, ide\u00e1ln\u00ed pro cestovn\u00ed esenci\u00e1ln\u00ed oleje a vzorky p\u00e9\u010de o ple\u0165. Mo\u017enost \u00faprav na m\u00edru.<\/p>","protected":false},"featured_media":7569,"comment_status":"closed","ping_status":"closed","template":"","meta":{"_acf_changed":false,"site-sidebar-layout":"default","site-content-layout":"","ast-site-content-layout":"default","site-content-style":"default","site-sidebar-style":"default","ast-global-header-display":"","ast-banner-title-visibility":"","ast-main-header-display":"","ast-hfb-above-header-display":"","ast-hfb-below-header-display":"","ast-hfb-mobile-header-display":"","site-post-title":"","ast-breadcrumbs-content":"","ast-featured-img":"","footer-sml-layout":"","ast-disable-related-posts":"","theme-transparent-header-meta":"default","adv-header-id-meta":"","stick-header-meta":"","header-above-stick-meta":"","header-main-stick-meta":"","header-below-stick-meta":"","astra-migrate-meta-layouts":"set","ast-page-background-enabled":"default","ast-page-background-meta":{"desktop":{"background-color":"var(--ast-global-color-5)","background-image":"","background-repeat":"repeat","background-position":"center center","background-size":"auto","background-attachment":"scroll","background-type":"","background-media":"","overlay-type":"","overlay-color":"","overlay-opacity":"","overlay-gradient":""},"tablet":{"background-color":"","background-image":"","background-repeat":"repeat","background-position":"center center","background-size":"auto","background-attachment":"scroll","background-type":"","background-media":"","overlay-type":"","overlay-color":"","overlay-opacity":"","overlay-gradient":""},"mobile":{"background-color":"","background-image":"","background-repeat":"repeat","background-position":"center center","background-size":"auto","background-attachment":"scroll","background-type":"","background-media":"","overlay-type":"","overlay-color":"","overlay-opacity":"","overlay-gradient":""}},"ast-content-background-meta":{"desktop":{"background-color":"var(--ast-global-color-4)","background-image":"","background-repeat":"repeat","background-position":"center center","background-size":"auto","background-attachment":"scroll","background-type":"","background-media":"","overlay-type":"","overlay-color":"","overlay-opacity":"","overlay-gradient":""},"tablet":{"background-color":"var(--ast-global-color-4)","background-image":"","background-repeat":"repeat","background-position":"center center","background-size":"auto","background-attachment":"scroll","background-type":"","background-media":"","overlay-type":"","overlay-color":"","overlay-opacity":"","overlay-gradient":""},"mobile":{"background-color":"var(--ast-global-color-4)","background-image":"","background-repeat":"repeat","background-position":"center center","background-size":"auto","background-attachment":"scroll","background-type":"","background-media":"","overlay-type":"","overlay-color":"","overlay-opacity":"","overlay-gradient":""}}},"product_brand":[],"product_cat":[59,72,62,57],"product_tag":[190,204],"class_list":{"0":"post-5667","1":"product","2":"type-product","3":"status-publish","4":"has-post-thumbnail","6":"product_cat-glass-dropper-bottles","7":"product_cat-cosmetic-packaging","8":"product_cat-cosmetic-containers","9":"product_cat-essential-oil-bottles","10":"product_tag-cosmetic-pots-with-lids","11":"product_tag-frosted-cosmetic-jars","12":"desktop-align-left","13":"tablet-align-left","14":"mobile-align-left","16":"first","17":"instock","18":"shipping-taxable","19":"product-type-simple"},"acf":[],"jetpack_sharing_enabled":true,"_links":{"self":[{"href":"https:\/\/theperfumebottles.com\/cs\/wp-json\/wp\/v2\/product\/5667","targetHints":{"allow":["GET"]}}],"collection":[{"href":"https:\/\/theperfumebottles.com\/cs\/wp-json\/wp\/v2\/product"}],"about":[{"href":"https:\/\/theperfumebottles.com\/cs\/wp-json\/wp\/v2\/types\/product"}],"replies":[{"embeddable":true,"href":"https:\/\/theperfumebottles.com\/cs\/wp-json\/wp\/v2\/comments?post=5667"}],"wp:featuredmedia":[{"embeddable":true,"href":"https:\/\/theperfumebottles.com\/cs\/wp-json\/wp\/v2\/media\/7569"}],"wp:attachment":[{"href":"https:\/\/theperfumebottles.com\/cs\/wp-json\/wp\/v2\/media?parent=5667"}],"wp:term":[{"taxonomy":"product_brand","embeddable":true,"href":"https:\/\/theperfumebottles.com\/cs\/wp-json\/wp\/v2\/product_brand?post=5667"},{"taxonomy":"product_cat","embeddable":true,"href":"https:\/\/theperfumebottles.com\/cs\/wp-json\/wp\/v2\/product_cat?post=5667"},{"taxonomy":"product_tag","embeddable":true,"href":"https:\/\/theperfumebottles.com\/cs\/wp-json\/wp\/v2\/product_tag?post=5667"}],"curies":[{"name":"wp","href":"https:\/\/api.w.org\/{rel}","templated":true}]}}