{"id":5703,"date":"2025-08-15T18:02:59","date_gmt":"2025-08-15T10:02:59","guid":{"rendered":"https:\/\/theperfumebottles.com\/?post_type=product&#038;p=5703"},"modified":"2026-04-01T12:43:35","modified_gmt":"2026-04-01T04:43:35","slug":"wholesale-empty-dropper-bottle-with-purple-press-dropper","status":"publish","type":"product","link":"https:\/\/theperfumebottles.com\/cs\/produkt\/wholesale-empty-dropper-bottle-with-purple-press-dropper\/","title":{"rendered":"Velkoobchodn\u00ed 25ml pr\u00e1zdn\u00e1 lahvi\u010dka s kap\u00e1tkem s fialov\u00fdm stisknut\u00edm kap\u00e1tka"},"content":{"rendered":"<p>Tato pr\u00e1zdn\u00e1 lahvi\u010dka s kap\u00e1tkem, vyroben\u00e1 v\u00fdhradn\u011b pro velkoobchodn\u00ed z\u00e1kazn\u00edky, je vyrobena z prvot\u0159\u00eddn\u00edho skla s jednoduch\u00fdm tvarem ve tvaru slzy. \u010cist\u00e1 lahvi\u010dka zd\u016fraz\u0148uje \u010distotu va\u0161eho esenci\u00e1ln\u00edho oleje a elegantn\u00ed \u010derven\u00fd uz\u00e1v\u011br kap\u00e1tka umo\u017e\u0148uje snadn\u00fd p\u0159\u00edstup a bezpe\u010dn\u00e9 ulo\u017een\u00ed, co\u017e z n\u00ed \u010din\u00ed vhodn\u00fd dopln\u011bk do va\u0161\u00ed sb\u00edrky esenci\u00e1ln\u00edch olej\u016f nebo tinktur.<\/p>\n<h2>Kl\u00ed\u010dov\u00e9 specifikace<\/h2>\n<table style=\"border-collapse: collapse; margin-left: auto; margin-right: auto; width: 80%;\" border=\"0\" width=\"458\" cellspacing=\"0\" cellpadding=\"0\">\n<tbody>\n<tr style=\"height: 13.50pt;\">\n<td style=\"height: 13.50pt; width: 81.00pt;\" width=\"108\" height=\"18\">Funkce<\/td>\n<td style=\"width: 262.50pt;\" width=\"350\">Detail<\/td>\n<\/tr>\n<tr style=\"height: 13.50pt;\">\n<td style=\"height: 13.50pt;\" height=\"18\">Kapacita<\/td>\n<td>25ml<\/td>\n<\/tr>\n<tr style=\"height: 13.50pt;\">\n<td style=\"height: 13.50pt;\" height=\"18\">Materi\u00e1l<\/td>\n<td>Vysoce kvalitn\u00ed sklo<\/td>\n<\/tr>\n<tr style=\"height: 13.50pt;\">\n<td style=\"height: 13.50pt;\" height=\"18\">Typ lahve<\/td>\n<td>Sklen\u011bn\u00e9 lahvi\u010dky s kap\u00e1tkem<\/td>\n<\/tr>\n<tr style=\"height: 13.50pt;\">\n<td style=\"height: 13.50pt;\" height=\"18\">Uzav\u0159en\u00ed<\/td>\n<td>Fialov\u00e9 v\u00ed\u010dko s kap\u00e1tkem (barva nastaviteln\u00e1)<\/td>\n<\/tr>\n<tr style=\"height: 13.50pt;\">\n<td style=\"height: 13.50pt;\" height=\"18\">Dokon\u010dit<\/td>\n<td>\u010cir\u00e9 sklo s mo\u017enost\u00ed matov\u00e1n\u00ed<\/td>\n<\/tr>\n<tr style=\"height: 13.50pt;\">\n<td style=\"height: 13.50pt;\" height=\"18\">Ide\u00e1ln\u00ed pro<\/td>\n<td>Esenci\u00e1ln\u00ed olej, Vlasov\u00fd olej, Ple\u0165ov\u00fd olej, S\u00e9rum<\/td>\n<\/tr>\n<\/tbody>\n<\/table>\n<h2>\u00dasp\u011bch v re\u00e1ln\u00e9m sv\u011bt\u011b: Jak usp\u011bl startup v oblasti p\u00e9\u010de o ple\u0165<\/h2>\n<p>Logo se prom\u011bnilo v uveden\u00ed zcela nov\u00e9 \u0159ady ple\u0165ov\u00fdch s\u00e9r. P\u0159\u00e1li si pr\u00e1zdn\u00e9 lahvi\u010dky s kap\u00e1tkem, kter\u00e9 by vypadaly luxusn\u011b, ale byly by cenov\u011b dostupn\u00e9. Po vyzkou\u0161en\u00ed n\u011bkolika mo\u017enost\u00ed si vybrali na\u0161e 25ml sklen\u011bn\u00e9 lahvi\u010dky a upravili barvu kap\u00e1tka tak, aby odpov\u00eddala fialov\u00e9 barv\u011b loga \u2013 v\u00fdsledek? Z\u00e1kazn\u00edci si pochvalovali elegantn\u00ed vzhled. Lahvi\u010dka z\u016fstala b\u011bhem cel\u00e9ho procesu p\u0159epravy neporu\u0161en\u00e1 bez jedin\u00e9ho \u00faniku. Nyn\u00ed si objednali t\u0159i kusy a pou\u017e\u00edvaj\u00ed ji pro celou svou produktovou \u0159adu.<\/p>\n<h2>Chcete si p\u0159izp\u016fsobit kap\u00e1tko?<\/h2>\n<p>Zde je n\u00e1vod, jak si tuto krabici skute\u010dn\u011b p\u0159izp\u016fsobit:<\/p>\n<ul>\n<li>Vym\u011b\u0148te fialovou kap\u00e1tko za \u010dernou, zlatou nebo matnou \u2013 nejl\u00e9pe se hod\u00ed pro luxusn\u00ed v\u00fdrobce.<\/li>\n<li>Pro jemn\u00fd pocit l\u00e1zn\u00ed pou\u017eijte matn\u00e9 sklo \u2013 ide\u00e1ln\u00ed pro uklid\u0148uj\u00edc\u00ed sm\u011bsi esenci\u00e1ln\u00edch olej\u016f.<\/li>\n<li>Hled\u00e1te dal\u0161\u00ed povrchov\u00e9 \u00fapravy? Nab\u00edz\u00edme horkou ra\u017ebu, s\u00edtotisk, lakov\u00e1n\u00ed, polevy, obtisky, pokovov\u00e1n\u00ed, etiketov\u00e1n\u00ed a dal\u0161\u00ed.<\/li>\n<\/ul>\n<p>A\u0165 u\u017e chcete 1 000 nebo 10 000 za\u0159\u00edzen\u00ed, my v\u00e1m umo\u017en\u00edme \u0161k\u00e1lovat. Tyto sklen\u011bn\u00e9 kap\u00e1tkov\u00e9 lahvi\u010dky jsou v\u00edc ne\u017e jen pole; jsou prvn\u00edm v\u00fdsledkem va\u0161eho produktu. Pro\u010d d\u011blat kompromisy? Kupte si na\u0161e pr\u00e9miov\u00e9 pr\u00e1zdn\u00e9 kap\u00e1tkov\u00e9 lahvi\u010dky je\u0161t\u011b dnes a dop\u0159ejte sv\u00e9 zna\u010dce bezpe\u010dnost, p\u0159esnost a sofistikovanost, kterou si zaslou\u017e\u00ed.<\/p>","protected":false},"excerpt":{"rendered":"<p>Pr\u00e1zdn\u00e1 lahvi\u010dka s kap\u00e1tkem a lahvi\u010dka od oleje s kap\u00e1tkem ve velk\u00e9m, ide\u00e1ln\u00ed pro esenci\u00e1ln\u00ed oleje, s\u00e9ra a kosmetick\u00e9 obaly. Mo\u017enost vlastn\u00edho brandingu.<\/p>","protected":false},"featured_media":5704,"comment_status":"closed","ping_status":"closed","template":"","meta":{"_acf_changed":false,"site-sidebar-layout":"default","site-content-layout":"","ast-site-content-layout":"default","site-content-style":"default","site-sidebar-style":"default","ast-global-header-display":"","ast-banner-title-visibility":"","ast-main-header-display":"","ast-hfb-above-header-display":"","ast-hfb-below-header-display":"","ast-hfb-mobile-header-display":"","site-post-title":"","ast-breadcrumbs-content":"","ast-featured-img":"","footer-sml-layout":"","ast-disable-related-posts":"","theme-transparent-header-meta":"default","adv-header-id-meta":"","stick-header-meta":"","header-above-stick-meta":"","header-main-stick-meta":"","header-below-stick-meta":"","astra-migrate-meta-layouts":"set","ast-page-background-enabled":"default","ast-page-background-meta":{"desktop":{"background-color":"var(--ast-global-color-5)","background-image":"","background-repeat":"repeat","background-position":"center center","background-size":"auto","background-attachment":"scroll","background-type":"","background-media":"","overlay-type":"","overlay-color":"","overlay-opacity":"","overlay-gradient":""},"tablet":{"background-color":"","background-image":"","background-repeat":"repeat","background-position":"center center","background-size":"auto","background-attachment":"scroll","background-type":"","background-media":"","overlay-type":"","overlay-color":"","overlay-opacity":"","overlay-gradient":""},"mobile":{"background-color":"","background-image":"","background-repeat":"repeat","background-position":"center center","background-size":"auto","background-attachment":"scroll","background-type":"","background-media":"","overlay-type":"","overlay-color":"","overlay-opacity":"","overlay-gradient":""}},"ast-content-background-meta":{"desktop":{"background-color":"var(--ast-global-color-4)","background-image":"","background-repeat":"repeat","background-position":"center center","background-size":"auto","background-attachment":"scroll","background-type":"","background-media":"","overlay-type":"","overlay-color":"","overlay-opacity":"","overlay-gradient":""},"tablet":{"background-color":"var(--ast-global-color-4)","background-image":"","background-repeat":"repeat","background-position":"center center","background-size":"auto","background-attachment":"scroll","background-type":"","background-media":"","overlay-type":"","overlay-color":"","overlay-opacity":"","overlay-gradient":""},"mobile":{"background-color":"var(--ast-global-color-4)","background-image":"","background-repeat":"repeat","background-position":"center center","background-size":"auto","background-attachment":"scroll","background-type":"","background-media":"","overlay-type":"","overlay-color":"","overlay-opacity":"","overlay-gradient":""}}},"product_brand":[],"product_cat":[59,72,62,57],"product_tag":[190,204],"class_list":{"0":"post-5703","1":"product","2":"type-product","3":"status-publish","4":"has-post-thumbnail","6":"product_cat-glass-dropper-bottles","7":"product_cat-cosmetic-packaging","8":"product_cat-cosmetic-containers","9":"product_cat-essential-oil-bottles","10":"product_tag-cosmetic-pots-with-lids","11":"product_tag-frosted-cosmetic-jars","12":"desktop-align-left","13":"tablet-align-left","14":"mobile-align-left","16":"first","17":"instock","18":"shipping-taxable","19":"product-type-simple"},"acf":[],"jetpack_sharing_enabled":true,"_links":{"self":[{"href":"https:\/\/theperfumebottles.com\/cs\/wp-json\/wp\/v2\/product\/5703","targetHints":{"allow":["GET"]}}],"collection":[{"href":"https:\/\/theperfumebottles.com\/cs\/wp-json\/wp\/v2\/product"}],"about":[{"href":"https:\/\/theperfumebottles.com\/cs\/wp-json\/wp\/v2\/types\/product"}],"replies":[{"embeddable":true,"href":"https:\/\/theperfumebottles.com\/cs\/wp-json\/wp\/v2\/comments?post=5703"}],"wp:featuredmedia":[{"embeddable":true,"href":"https:\/\/theperfumebottles.com\/cs\/wp-json\/wp\/v2\/media\/5704"}],"wp:attachment":[{"href":"https:\/\/theperfumebottles.com\/cs\/wp-json\/wp\/v2\/media?parent=5703"}],"wp:term":[{"taxonomy":"product_brand","embeddable":true,"href":"https:\/\/theperfumebottles.com\/cs\/wp-json\/wp\/v2\/product_brand?post=5703"},{"taxonomy":"product_cat","embeddable":true,"href":"https:\/\/theperfumebottles.com\/cs\/wp-json\/wp\/v2\/product_cat?post=5703"},{"taxonomy":"product_tag","embeddable":true,"href":"https:\/\/theperfumebottles.com\/cs\/wp-json\/wp\/v2\/product_tag?post=5703"}],"curies":[{"name":"wp","href":"https:\/\/api.w.org\/{rel}","templated":true}]}}