{"id":6224,"date":"2025-09-09T15:18:04","date_gmt":"2025-09-09T07:18:04","guid":{"rendered":"https:\/\/theperfumebottles.com\/?post_type=product&#038;p=6224"},"modified":"2025-09-12T18:31:49","modified_gmt":"2025-09-12T10:31:49","slug":"bulk-white-pink-gradient-cosmetic-container-set-with-gold-trim","status":"publish","type":"product","link":"https:\/\/theperfumebottles.com\/cs\/produkt\/bulk-white-pink-gradient-cosmetic-container-set-with-gold-trim\/","title":{"rendered":"Sada kosmetick\u00fdch d\u00f3z s b\u00edlo-r\u016f\u017eov\u00fdm gradientem a zlat\u00fdm lemov\u00e1n\u00edm"},"content":{"rendered":"<p>Na\u0161e sady pr\u00e1zdn\u00fdch kosmetick\u00fdch obal\u016f jsou navr\u017eeny s ohledem na eleganci i funk\u010dnost. Tato n\u00e1dhern\u00e1 sada kosmetick\u00fdch n\u00e1dob se vyzna\u010duje elegantn\u00edm ombr\u00e9 efektem od b\u00edl\u00e9 po r\u016f\u017eovou na ka\u017ed\u00e9 lahvi\u010dce, zd\u016frazn\u011bn\u00fdm jemn\u00fdmi zlat\u00fdmi liniemi, kter\u00e9 evokuj\u00ed pocit luxusu. Tato sada sklen\u011bn\u00fdch obal\u016f obsahuje d\u00f3zy na kr\u00e9my a lahvi\u010dky s pumpi\u010dkou r\u016fzn\u00fdch velikost\u00ed.<\/p>\n<h2>Kl\u00ed\u010dov\u00e9 specifikace<\/h2>\n<table style=\"border-collapse: collapse;margin-left: auto;margin-right: auto;width: 504.02pt\" border=\"0\" width=\"672\" cellspacing=\"0\" cellpadding=\"0\">\n<tbody>\n<tr style=\"height: 13.50pt\">\n<td class=\"et3\" style=\"height: 13.50pt;width: 121.50pt\" width=\"162\" height=\"18\"><strong>Objem (ml)<\/strong><\/td>\n<td class=\"et3\" style=\"width: 76.50pt\" width=\"102\"><strong>30<\/strong><\/td>\n<td class=\"et3\" style=\"width: 76.50pt\" width=\"102\"><strong>50<\/strong><\/td>\n<td class=\"et3\" style=\"width: 76.50pt\" width=\"102\"><strong>45<\/strong><\/td>\n<td class=\"et3\" style=\"width: 76.50pt\" width=\"102\"><strong>105<\/strong><\/td>\n<td class=\"et3\" style=\"width: 76.50pt\" width=\"102\"><strong>125<\/strong><\/td>\n<\/tr>\n<tr style=\"height: 13.50pt\">\n<td class=\"et2\" style=\"height: 13.50pt\" height=\"18\">Pr\u016fm\u011br krku (mm)<\/td>\n<td class=\"et2\">51<\/td>\n<td class=\"et2\">51<\/td>\n<td class=\"et2\">20<\/td>\n<td class=\"et2\">20<\/td>\n<td class=\"et2\">20<\/td>\n<\/tr>\n<tr style=\"height: 13.50pt\">\n<td class=\"et2\" style=\"height: 13.50pt\" height=\"18\">Pr\u016fm\u011br (mm)<\/td>\n<td class=\"et2\">63<\/td>\n<td class=\"et2\">63<\/td>\n<td class=\"et2\">45\u00d735<\/td>\n<td class=\"et2\">55\u00d742<\/td>\n<td class=\"et2\">57\u00d742<\/td>\n<\/tr>\n<tr style=\"height: 13.50pt\">\n<td class=\"et2\" style=\"height: 13.50pt\" height=\"18\">V\u00fd\u0161ka lahve (mm)<\/td>\n<td class=\"et2\">34<\/td>\n<td class=\"et2\">44<\/td>\n<td class=\"et2\">92<\/td>\n<td class=\"et2\">131<\/td>\n<td class=\"et2\">142<\/td>\n<\/tr>\n<tr style=\"height: 13.50pt\">\n<td class=\"et2\" style=\"height: 13.50pt\" height=\"18\">Celkov\u00e1 v\u00fd\u0161ka (mm)<\/td>\n<td class=\"et2\">50<\/td>\n<td class=\"et2\">60<\/td>\n<td class=\"et2\">127<\/td>\n<td class=\"et2\">167<\/td>\n<td class=\"et2\">177<\/td>\n<\/tr>\n<tr style=\"height: 13.50pt\">\n<td class=\"et2\" style=\"height: 13.50pt\" height=\"18\">Materi\u00e1l<\/td>\n<td class=\"et2\" colspan=\"5\">krystal<\/td>\n<\/tr>\n<tr style=\"height: 13.50pt\">\n<td class=\"et2\" style=\"height: 13.50pt\" height=\"18\">vlastn\u00ed mo\u017enosti<\/td>\n<td class=\"et2\" colspan=\"5\">Povrchov\u00e1 \u00faprava, barva, velikost, tvar, kryt, p\u0159\u00edslu\u0161enstv\u00ed<\/td>\n<\/tr>\n<tr style=\"height: 13.50pt\">\n<td class=\"et2\" style=\"height: 13.50pt\" height=\"18\">Ide\u00e1ln\u00ed pro<\/td>\n<td class=\"et2\" colspan=\"5\">Sady p\u00e9\u010de o ple\u0165, s\u00e9ra, hydrata\u010dn\u00ed kr\u00e9my, \u010distic\u00ed p\u0159\u00edpravky<\/td>\n<\/tr>\n<\/tbody>\n<\/table>\n<h2>Jak jedna zna\u010dka zdvojn\u00e1sobila sv\u00e9 maloobchodn\u00ed um\u00edst\u011bn\u00ed<\/h2>\n<p>Kosmetick\u00fd startup spou\u0161t\u011bl t\u0159\u00edd\u00edlnou rutinu \u2013 \u010distic\u00ed s\u00e9rum a hydrata\u010dn\u00ed kr\u00e9m. Pot\u0159ebovali sadu kosmetick\u00fdch obal\u016f, kter\u00e1 by vypadala luxusn\u011b, ale z\u00e1rove\u0148 by se dala cenov\u011b \u0161k\u00e1lovat. Zvolili tuto sadu sklen\u011bn\u00fdch kosmetick\u00fdch n\u00e1dob pro jej\u00ed \u010dist\u00fd tvar a mo\u017enosti p\u0159izp\u016fsoben\u00ed. M\u00edsto pou\u017eit\u00ed r\u016fzn\u00fdch lahvi\u010dek zachovali u v\u0161ech t\u0159\u00ed produkt\u016f stejn\u00fd design o objemu 125 ml. Zm\u011bnili pouze barvu v\u00ed\u010dka a etiketu. V\u00fdsledek? Jednotn\u00fd vzhled, kter\u00fd vyza\u0159oval luxus. Z\u00e1kazn\u00edci v region\u00e1ln\u00edm prodejci kosmetiky si toho okam\u017eit\u011b v\u0161imli. \u201eVypad\u00e1 to jako n\u011bco, co byste vid\u011bli v luxusn\u00edch l\u00e1zn\u00edch,\u201c \u0159ekl jeden z nich. Spustili pilotn\u00ed projekt ve 12 prodejn\u00e1ch. O \u0161est m\u011bs\u00edc\u016f pozd\u011bji se roz\u0161\u00ed\u0159ili na 48 prodejen.<\/p>\n<h2>P\u0159izp\u016fsobte si sadu kosmetick\u00fdch n\u00e1dob (ne \u0161t\u00edtek)<\/h2>\n<ul>\n<li>P\u0159idejte jemn\u00fd povrch \u2013 dod\u00e1v\u00e1 sametov\u00fd pocit, kter\u00fd hned po uchopen\u00ed produktu do ruky prozrad\u00ed, \u017ee je pr\u00e9miov\u00fd.<\/li>\n<li>Pou\u017e\u00edvejte UV ochrann\u00fd odst\u00edn \u2013 jantarov\u00e9 nebo modr\u00e9 sklo udr\u017e\u00ed s\u00e9ra citliv\u00e1 na sv\u011btlo d\u00e9le stabiln\u00ed.<\/li>\n<li>Vyzkou\u0161ejte zak\u0159iven\u00e9 rameno \u2013 zjemn\u00ed vzhled a zlep\u0161\u00ed tok tekutiny p\u0159i zav\u00e1d\u011bn\u00ed.<\/li>\n<li>Zvolte matn\u00fd povrch \u2013 skryje otisky prst\u016f a dod\u00e1 modern\u00ed minimalistick\u00fd vzhled.<\/li>\n<li>Laser - Dokon\u010dete sv\u00e9 logo - vytv\u00e1\u0159\u00ed jemnou trvalou zna\u010dku, kter\u00e1 p\u016fsob\u00ed exkluzivn\u011b.<\/li>\n<\/ul>\n<p>Nejde jen o drobn\u00e9 \u00fapravy. Prom\u011bn\u00ed standardn\u00ed sadu sklen\u011bn\u00fdch kosmetick\u00fdch obal\u016f v charakteristick\u00fd prvek va\u0161\u00ed zna\u010dky.<\/p>","protected":false},"excerpt":{"rendered":"<p>Kr\u00e1sn\u00e9 sady kosmetick\u00fdch obal\u016f s gradientn\u00edm sklem a zlat\u00fdmi akcenty. Velkoobchodn\u00ed sada kosmetick\u00fdch n\u00e1dob, kter\u00e1 kombinuje funk\u010dnost, luxus a styl.<\/p>","protected":false},"featured_media":6226,"comment_status":"closed","ping_status":"closed","template":"","meta":{"_acf_changed":false,"site-sidebar-layout":"default","site-content-layout":"","ast-site-content-layout":"default","site-content-style":"default","site-sidebar-style":"default","ast-global-header-display":"","ast-banner-title-visibility":"","ast-main-header-display":"","ast-hfb-above-header-display":"","ast-hfb-below-header-display":"","ast-hfb-mobile-header-display":"","site-post-title":"","ast-breadcrumbs-content":"","ast-featured-img":"","footer-sml-layout":"","ast-disable-related-posts":"","theme-transparent-header-meta":"default","adv-header-id-meta":"","stick-header-meta":"","header-above-stick-meta":"","header-main-stick-meta":"","header-below-stick-meta":"","astra-migrate-meta-layouts":"set","ast-page-background-enabled":"default","ast-page-background-meta":{"desktop":{"background-color":"var(--ast-global-color-5)","background-image":"","background-repeat":"repeat","background-position":"center center","background-size":"auto","background-attachment":"scroll","background-type":"","background-media":"","overlay-type":"","overlay-color":"","overlay-opacity":"","overlay-gradient":""},"tablet":{"background-color":"","background-image":"","background-repeat":"repeat","background-position":"center center","background-size":"auto","background-attachment":"scroll","background-type":"","background-media":"","overlay-type":"","overlay-color":"","overlay-opacity":"","overlay-gradient":""},"mobile":{"background-color":"","background-image":"","background-repeat":"repeat","background-position":"center center","background-size":"auto","background-attachment":"scroll","background-type":"","background-media":"","overlay-type":"","overlay-color":"","overlay-opacity":"","overlay-gradient":""}},"ast-content-background-meta":{"desktop":{"background-color":"var(--ast-global-color-4)","background-image":"","background-repeat":"repeat","background-position":"center center","background-size":"auto","background-attachment":"scroll","background-type":"","background-media":"","overlay-type":"","overlay-color":"","overlay-opacity":"","overlay-gradient":""},"tablet":{"background-color":"var(--ast-global-color-4)","background-image":"","background-repeat":"repeat","background-position":"center center","background-size":"auto","background-attachment":"scroll","background-type":"","background-media":"","overlay-type":"","overlay-color":"","overlay-opacity":"","overlay-gradient":""},"mobile":{"background-color":"var(--ast-global-color-4)","background-image":"","background-repeat":"repeat","background-position":"center center","background-size":"auto","background-attachment":"scroll","background-type":"","background-media":"","overlay-type":"","overlay-color":"","overlay-opacity":"","overlay-gradient":""}}},"product_brand":[],"product_cat":[72,236,62],"product_tag":[226,220],"class_list":{"0":"post-6224","1":"product","2":"type-product","3":"status-publish","4":"has-post-thumbnail","6":"product_cat-cosmetic-packaging","7":"product_cat-cosmetic-container-set","8":"product_cat-cosmetic-containers","9":"product_tag-clear-glass-roller-bottles","10":"product_tag-glass-roll-on-bottles","11":"desktop-align-left","12":"tablet-align-left","13":"mobile-align-left","15":"first","16":"instock","17":"shipping-taxable","18":"product-type-simple"},"acf":[],"jetpack_sharing_enabled":true,"_links":{"self":[{"href":"https:\/\/theperfumebottles.com\/cs\/wp-json\/wp\/v2\/product\/6224","targetHints":{"allow":["GET"]}}],"collection":[{"href":"https:\/\/theperfumebottles.com\/cs\/wp-json\/wp\/v2\/product"}],"about":[{"href":"https:\/\/theperfumebottles.com\/cs\/wp-json\/wp\/v2\/types\/product"}],"replies":[{"embeddable":true,"href":"https:\/\/theperfumebottles.com\/cs\/wp-json\/wp\/v2\/comments?post=6224"}],"wp:featuredmedia":[{"embeddable":true,"href":"https:\/\/theperfumebottles.com\/cs\/wp-json\/wp\/v2\/media\/6226"}],"wp:attachment":[{"href":"https:\/\/theperfumebottles.com\/cs\/wp-json\/wp\/v2\/media?parent=6224"}],"wp:term":[{"taxonomy":"product_brand","embeddable":true,"href":"https:\/\/theperfumebottles.com\/cs\/wp-json\/wp\/v2\/product_brand?post=6224"},{"taxonomy":"product_cat","embeddable":true,"href":"https:\/\/theperfumebottles.com\/cs\/wp-json\/wp\/v2\/product_cat?post=6224"},{"taxonomy":"product_tag","embeddable":true,"href":"https:\/\/theperfumebottles.com\/cs\/wp-json\/wp\/v2\/product_tag?post=6224"}],"curies":[{"name":"wp","href":"https:\/\/api.w.org\/{rel}","templated":true}]}}