{"id":6374,"date":"2025-09-15T18:04:21","date_gmt":"2025-09-15T10:04:21","guid":{"rendered":"https:\/\/theperfumebottles.com\/?post_type=product&#038;p=6374"},"modified":"2026-03-26T14:54:19","modified_gmt":"2026-03-26T06:54:19","slug":"cosmetic-glass-containers-with-gold-trim-design-bulk","status":"publish","type":"product","link":"https:\/\/theperfumebottles.com\/cs\/produkt\/cosmetic-glass-containers-with-gold-trim-design-bulk\/","title":{"rendered":"Sklen\u011bn\u00e9 kosmetick\u00e9 n\u00e1doby o objemu 30 ml \u2013 130 ml se zlat\u00fdm lemov\u00e1n\u00edm"},"content":{"rendered":"<p>Ka\u017ed\u00fd produkt v t\u00e9to sad\u011b sklen\u011bn\u00fdch kosmetick\u00fdch n\u00e1dobek se vyzna\u010duje v\u00fdraznou troj\u00faheln\u00edkovou z\u00e1kladnou \u2013 pevnou, stabiln\u00ed a okam\u017eit\u011b poutavou. \u010cist\u011b b\u00edl\u00e9 lahvi\u010dky kontrastuj\u00ed se zlat\u00fdmi akcenty na v\u00ed\u010dku a uprost\u0159ed, co\u017e dod\u00e1v\u00e1 ka\u017ed\u00e9 lahvi\u010dce i d\u00f3ze pr\u00e9miov\u00fd vzhled. Sada obsahuje d\u00f3zy na kr\u00e9my a lahvi\u010dky s pumpi\u010dkou v r\u016fzn\u00fdch velikostech.<\/p>\n<h2>Kl\u00ed\u010dov\u00e9 specifikace<\/h2>\n<table style=\"border-collapse: collapse; margin-left: auto; margin-right: auto; width: 504.02pt;\" border=\"0\" width=\"672\" cellspacing=\"0\" cellpadding=\"0\">\n<tbody>\n<tr style=\"height: 13.50pt;\">\n<td class=\"et3\" style=\"height: 13.5pt; width: 121.5pt; text-align: center;\" width=\"162\" height=\"18\"><strong>Objem (ml)<\/strong><\/td>\n<td class=\"et3\" style=\"width: 76.5pt; text-align: center;\" width=\"102\"><strong>30<\/strong><\/td>\n<td class=\"et3\" style=\"width: 76.5pt; text-align: center;\" width=\"102\"><strong>45<\/strong><\/td>\n<td class=\"et3\" style=\"width: 76.5pt; text-align: center;\" width=\"102\"><strong>50<\/strong><\/td>\n<td class=\"et3\" style=\"width: 76.5pt; text-align: center;\" width=\"102\"><strong>110<\/strong><\/td>\n<td class=\"et3\" style=\"width: 76.5pt; text-align: center;\" width=\"102\"><strong>130<\/strong><\/td>\n<\/tr>\n<tr style=\"height: 13.50pt;\">\n<td class=\"et2\" style=\"height: 13.5pt; text-align: center;\" height=\"18\">Pr\u016fm\u011br krku (mm)<\/td>\n<td class=\"et2\" style=\"text-align: center;\">46<\/td>\n<td class=\"et2\" style=\"text-align: center;\">46<\/td>\n<td class=\"et2\" style=\"text-align: center;\">17<\/td>\n<td class=\"et2\" style=\"text-align: center;\">20<\/td>\n<td class=\"et2\" style=\"text-align: center;\">20<\/td>\n<\/tr>\n<tr style=\"height: 13.50pt;\">\n<td class=\"et2\" style=\"height: 13.5pt; text-align: center;\" height=\"18\">Pr\u016fm\u011br (mm)<\/td>\n<td class=\"et2\" style=\"text-align: center;\">56<\/td>\n<td class=\"et2\" style=\"text-align: center;\">64<\/td>\n<td class=\"et2\" style=\"text-align: center;\">38<\/td>\n<td class=\"et2\" style=\"text-align: center;\">46<\/td>\n<td class=\"et2\" style=\"text-align: center;\">48<\/td>\n<\/tr>\n<tr style=\"height: 13.50pt;\">\n<td class=\"et2\" style=\"height: 13.5pt; text-align: center;\" height=\"18\">V\u00fd\u0161ka lahve (mm)<\/td>\n<td class=\"et2\" style=\"text-align: center;\">42<\/td>\n<td class=\"et2\" style=\"text-align: center;\">46<\/td>\n<td class=\"et2\" style=\"text-align: center;\">106<\/td>\n<td class=\"et2\" style=\"text-align: center;\">142<\/td>\n<td class=\"et2\" style=\"text-align: center;\">162<\/td>\n<\/tr>\n<tr style=\"height: 13.50pt;\">\n<td class=\"et2\" style=\"height: 13.5pt; text-align: center;\" height=\"18\">Celkov\u00e1 v\u00fd\u0161ka (mm)<\/td>\n<td class=\"et2\" style=\"text-align: center;\">50<\/td>\n<td class=\"et2\" style=\"text-align: center;\">60<\/td>\n<td class=\"et2\" style=\"text-align: center;\">140<\/td>\n<td class=\"et2\" style=\"text-align: center;\">182<\/td>\n<td class=\"et2\" style=\"text-align: center;\">200<\/td>\n<\/tr>\n<tr style=\"height: 13.50pt;\">\n<td class=\"et2\" style=\"height: 13.5pt; text-align: center;\" height=\"18\">Materi\u00e1l<\/td>\n<td class=\"et2\" style=\"text-align: center;\" colspan=\"5\">Krystal<\/td>\n<\/tr>\n<tr style=\"height: 13.50pt;\">\n<td class=\"et2\" style=\"height: 13.50pt;\" height=\"18\">Vlastn\u00ed mo\u017enosti<\/td>\n<td class=\"et2\" style=\"text-align: center;\" colspan=\"5\">Povrchov\u00e1 \u00faprava, barva, velikost, tvar, logo, p\u0159\u00edslu\u0161enstv\u00ed<\/td>\n<\/tr>\n<tr style=\"height: 13.50pt;\">\n<td class=\"et2\" style=\"height: 13.5pt; text-align: center;\" height=\"18\">Ide\u00e1ln\u00ed pro<\/td>\n<td class=\"et2\" style=\"text-align: center;\" colspan=\"5\">Sady p\u00e9\u010de o ple\u0165, \u010distic\u00ed prost\u0159edek, esenci\u00e1ln\u00ed voda, esenci\u00e1ln\u00ed ml\u00e9ko\/kr\u00e9m<\/td>\n<\/tr>\n<\/tbody>\n<\/table>\n<h2>P\u0159\u00edpad \u00fasp\u011bchu<\/h2>\n<p>Jedna z nejexkluzivn\u011bj\u0161\u00edch zna\u010dek p\u00e9\u010de o ple\u0165 v Ji\u017en\u00ed Koreji se nakonec rozhodla pro na\u0161i sadu b\u00edl\u00fdch sklen\u011bn\u00fdch lahvi\u010dek a pot\u00e9 ji v\u00fdrazn\u011b personalizovala podle sv\u00e9ho minimalistick\u00e9ho vkusu: matn\u011b b\u00edl\u00e1 lahvi\u010dka s galvanicky pokoven\u00fdm prstencem v barv\u011b \u0161ampa\u0148sk\u00e9ho zlata, kter\u00fd k n\u00ed vytv\u00e1\u0159\u00ed luxusn\u00ed kontrast; lahvi\u010dka m\u00e1 speci\u00e1ln\u011b navr\u017een\u00fd d\u00e1vkova\u010d s pumpi\u010dkou pro regulaci mno\u017estv\u00ed d\u00e1vkovan\u00e9ho ple\u0165ov\u00e9ho ml\u00e9ka a s\u00e9ra. Nav\u00edc jsme na lahvi\u010dky pomoc\u00ed hork\u00e9 ra\u017eby natiskli logo zna\u010dky, aby byly odoln\u00e9 a z\u00e1rove\u0148 m\u011bly hladk\u00fd a luxusn\u00ed vzhled.<\/p>\n<p>D\u00edky zaveden\u00ed p\u0159epracovan\u00e9ho balen\u00ed vzrostly tr\u017eby b\u011bhem dvou m\u011bs\u00edc\u016f o 28 procent. Klient byl s kvalitou balen\u00ed a reakc\u00ed trhu velmi spokojen, co\u017e vedlo k v\u011bt\u0161\u00edmu po\u010dtu objedn\u00e1vek a roz\u0161\u00ed\u0159en\u00ed tohoto typu balen\u00ed i na dal\u0161\u00ed \u0159ady p\u00e9\u010de o ple\u0165.<\/p>\n<h2>Tipy pro p\u0159izp\u016fsoben\u00ed<\/h2>\n<p>Chcete si tuto sklen\u011bnou n\u00e1dobu na kosmetiku opravdu p\u0159izp\u016fsobit?<\/p>\n<ul>\n<li>Upravte povrchovou \u00fapravu kr\u010dku \u2013 p\u0159izp\u016fsobte ji st\u00e1vaj\u00edc\u00ed linii pilov\u00e1n\u00ed v\u00fdb\u011brem konkr\u00e9tn\u00ed velikosti z\u00e1vitu.<\/li>\n<li>Zm\u011b\u0148te barvu skla \u2013 Vym\u011b\u0148te za dodate\u010dnou UV ochranu nebo vym\u011b\u0148te za kobaltov\u011b modrou.<\/li>\n<li>Laser \u2013 P\u0159id\u00e1v\u00e1 decentn\u00ed sofistikovanost zna\u010dky p\u0159\u00edmo na sklo s logem.<\/li>\n<li>Optimalizujte design okraje sklenice \u2013 Zvolte hladk\u00fd nebo drsn\u00fd okraj pro zlep\u0161en\u00ed integrity t\u011bsn\u011bn\u00ed b\u011bhem hromadn\u00e9 p\u0159epravy.<\/li>\n<\/ul>\n<p>Nejedn\u00e1 se jen o dvojn\u00e1sobn\u00e9 vylep\u0161en\u00ed \u2013 jde o strategick\u00e9 vylep\u0161en\u00ed, kter\u00e9 prom\u011bn\u00ed standardn\u00ed kontejner v charakteristick\u00fd prvek va\u0161\u00ed zna\u010dky.<\/p>","protected":false},"excerpt":{"rendered":"<p>B\u00edl\u00e9 sklen\u011bn\u00e9 kosmetick\u00e9 n\u00e1doby se zlat\u00fdmi akcenty. Velkoobchodn\u00ed sady sklen\u011bn\u00fdch lahvi\u010dek vhodn\u00e9 na kr\u00e9my, s\u00e9ra a luxusn\u00ed kosmetick\u00e9 obaly. Rychl\u00e9 dod\u00e1n\u00ed.<\/p>","protected":false},"featured_media":6380,"comment_status":"closed","ping_status":"closed","template":"","meta":{"_acf_changed":false,"site-sidebar-layout":"default","site-content-layout":"","ast-site-content-layout":"default","site-content-style":"default","site-sidebar-style":"default","ast-global-header-display":"","ast-banner-title-visibility":"","ast-main-header-display":"","ast-hfb-above-header-display":"","ast-hfb-below-header-display":"","ast-hfb-mobile-header-display":"","site-post-title":"","ast-breadcrumbs-content":"","ast-featured-img":"","footer-sml-layout":"","ast-disable-related-posts":"","theme-transparent-header-meta":"default","adv-header-id-meta":"","stick-header-meta":"","header-above-stick-meta":"","header-main-stick-meta":"","header-below-stick-meta":"","astra-migrate-meta-layouts":"set","ast-page-background-enabled":"default","ast-page-background-meta":{"desktop":{"background-color":"var(--ast-global-color-5)","background-image":"","background-repeat":"repeat","background-position":"center center","background-size":"auto","background-attachment":"scroll","background-type":"","background-media":"","overlay-type":"","overlay-color":"","overlay-opacity":"","overlay-gradient":""},"tablet":{"background-color":"","background-image":"","background-repeat":"repeat","background-position":"center center","background-size":"auto","background-attachment":"scroll","background-type":"","background-media":"","overlay-type":"","overlay-color":"","overlay-opacity":"","overlay-gradient":""},"mobile":{"background-color":"","background-image":"","background-repeat":"repeat","background-position":"center center","background-size":"auto","background-attachment":"scroll","background-type":"","background-media":"","overlay-type":"","overlay-color":"","overlay-opacity":"","overlay-gradient":""}},"ast-content-background-meta":{"desktop":{"background-color":"var(--ast-global-color-4)","background-image":"","background-repeat":"repeat","background-position":"center center","background-size":"auto","background-attachment":"scroll","background-type":"","background-media":"","overlay-type":"","overlay-color":"","overlay-opacity":"","overlay-gradient":""},"tablet":{"background-color":"var(--ast-global-color-4)","background-image":"","background-repeat":"repeat","background-position":"center center","background-size":"auto","background-attachment":"scroll","background-type":"","background-media":"","overlay-type":"","overlay-color":"","overlay-opacity":"","overlay-gradient":""},"mobile":{"background-color":"var(--ast-global-color-4)","background-image":"","background-repeat":"repeat","background-position":"center center","background-size":"auto","background-attachment":"scroll","background-type":"","background-media":"","overlay-type":"","overlay-color":"","overlay-opacity":"","overlay-gradient":""}}},"product_brand":[],"product_cat":[236,62,72],"product_tag":[226,220],"class_list":{"0":"post-6374","1":"product","2":"type-product","3":"status-publish","4":"has-post-thumbnail","6":"product_cat-cosmetic-container-set","7":"product_cat-cosmetic-containers","8":"product_cat-cosmetic-packaging","9":"product_tag-clear-glass-roller-bottles","10":"product_tag-glass-roll-on-bottles","11":"desktop-align-left","12":"tablet-align-left","13":"mobile-align-left","15":"first","16":"instock","17":"shipping-taxable","18":"product-type-simple"},"acf":[],"jetpack_sharing_enabled":true,"_links":{"self":[{"href":"https:\/\/theperfumebottles.com\/cs\/wp-json\/wp\/v2\/product\/6374","targetHints":{"allow":["GET"]}}],"collection":[{"href":"https:\/\/theperfumebottles.com\/cs\/wp-json\/wp\/v2\/product"}],"about":[{"href":"https:\/\/theperfumebottles.com\/cs\/wp-json\/wp\/v2\/types\/product"}],"replies":[{"embeddable":true,"href":"https:\/\/theperfumebottles.com\/cs\/wp-json\/wp\/v2\/comments?post=6374"}],"wp:featuredmedia":[{"embeddable":true,"href":"https:\/\/theperfumebottles.com\/cs\/wp-json\/wp\/v2\/media\/6380"}],"wp:attachment":[{"href":"https:\/\/theperfumebottles.com\/cs\/wp-json\/wp\/v2\/media?parent=6374"}],"wp:term":[{"taxonomy":"product_brand","embeddable":true,"href":"https:\/\/theperfumebottles.com\/cs\/wp-json\/wp\/v2\/product_brand?post=6374"},{"taxonomy":"product_cat","embeddable":true,"href":"https:\/\/theperfumebottles.com\/cs\/wp-json\/wp\/v2\/product_cat?post=6374"},{"taxonomy":"product_tag","embeddable":true,"href":"https:\/\/theperfumebottles.com\/cs\/wp-json\/wp\/v2\/product_tag?post=6374"}],"curies":[{"name":"wp","href":"https:\/\/api.w.org\/{rel}","templated":true}]}}