{"id":6381,"date":"2025-09-16T10:07:06","date_gmt":"2025-09-16T02:07:06","guid":{"rendered":"https:\/\/theperfumebottles.com\/?post_type=product&#038;p=6381"},"modified":"2025-09-17T11:40:08","modified_gmt":"2025-09-17T03:40:08","slug":"wholesale-beige-glass-cosmetic-bottle-and-cream-jar-set","status":"publish","type":"product","link":"https:\/\/theperfumebottles.com\/cs\/produkt\/wholesale-beige-glass-cosmetic-bottle-and-cream-jar-set\/","title":{"rendered":"Velkoobchodn\u00ed sada b\u00e9\u017eov\u00fdch sklen\u011bn\u00fdch kosmetick\u00fdch lahv\u00ed a d\u00f3z s kr\u00e9mem"},"content":{"rendered":"<p>Tato kolekce sklen\u011bn\u00fdch kosmetick\u00fdch lahvi\u010dek a sklen\u011bn\u00fdch d\u00f3z na kr\u00e9my jist\u011b upout\u00e1 va\u0161i pozornost. Lahvi\u010dky maj\u00ed jemnou, teplou b\u00e9\u017eovou barvu a v\u00ed\u010dka maj\u00ed vertik\u00e1ln\u00ed \u017eebrovanou texturu pro pohodln\u00fd a elegantn\u00ed \u00fachop. Tenk\u00e9 zlat\u00e9 akcenty na hrdle a v\u00ed\u010dku vytv\u00e1\u0159ej\u00ed sofistikovan\u00fd tvar. Tato sada p\u00e9\u010de o ple\u0165 obsahuje d\u00f3zy na kr\u00e9my a lahvi\u010dky s pumpi\u010dkou r\u016fzn\u00fdch velikost\u00ed.<\/p>\n<h2>Kl\u00ed\u010dov\u00e9 specifikace<\/h2>\n<table style=\"border-collapse: collapse;width: 448.52pt;margin-left: auto;margin-right: auto\" border=\"0\" width=\"598\" cellspacing=\"0\" cellpadding=\"0\">\n<tbody>\n<tr style=\"height: 13.50pt\">\n<td class=\"et2\" style=\"height: 13.50pt;width: 116.25pt\" width=\"155\" height=\"18\">Objem (ml)<\/td>\n<td class=\"et3\" style=\"width: 58.50pt\" width=\"78\">15<\/td>\n<td class=\"et3\" style=\"width: 57.75pt\" width=\"77\">25<\/td>\n<td class=\"et3\" style=\"width: 54.00pt\" width=\"72\">40<\/td>\n<td class=\"et3\" style=\"width: 54.00pt\" width=\"72\">45<\/td>\n<td class=\"et3\" style=\"width: 54.00pt\" width=\"72\">105<\/td>\n<td class=\"et3\" style=\"width: 54.00pt\" width=\"72\">130<\/td>\n<\/tr>\n<tr style=\"height: 13.50pt\">\n<td class=\"et2\" style=\"height: 13.50pt\" height=\"18\">Pr\u016fm\u011br krku (mm)<\/td>\n<td class=\"et3\">46<\/td>\n<td class=\"et3\">46<\/td>\n<td class=\"et3\">52<\/td>\n<td class=\"et3\">20<\/td>\n<td class=\"et3\">20<\/td>\n<td class=\"et3\">20<\/td>\n<\/tr>\n<tr style=\"height: 13.50pt\">\n<td class=\"et2\" style=\"height: 13.50pt\" height=\"18\">Pr\u016fm\u011br (mm)<\/td>\n<td class=\"et3\">58<\/td>\n<td class=\"et3\">58<\/td>\n<td class=\"et3\">64<\/td>\n<td class=\"et3\">41<\/td>\n<td class=\"et3\">42<\/td>\n<td class=\"et3\">42<\/td>\n<\/tr>\n<tr style=\"height: 13.50pt\">\n<td class=\"et2\" style=\"height: 13.50pt\" height=\"18\">V\u00fd\u0161ka lahve (mm)<\/td>\n<td class=\"et3\">33<\/td>\n<td class=\"et3\">37<\/td>\n<td class=\"et3\">41<\/td>\n<td class=\"et3\">87<\/td>\n<td class=\"et3\">127<\/td>\n<td class=\"et3\">142<\/td>\n<\/tr>\n<tr style=\"height: 13.50pt\">\n<td class=\"et2\" style=\"height: 13.50pt\" height=\"18\">Celkov\u00e1 v\u00fd\u0161ka (mm)<\/td>\n<td class=\"et3\">42<\/td>\n<td class=\"et3\">46<\/td>\n<td class=\"et3\">52<\/td>\n<td class=\"et3\">120<\/td>\n<td class=\"et3\">162<\/td>\n<td class=\"et3\">178<\/td>\n<\/tr>\n<tr style=\"height: 13.50pt\">\n<td class=\"et2\" style=\"height: 13.50pt\" height=\"18\">Materi\u00e1l<\/td>\n<td class=\"et3\" colspan=\"6\">Krystal<\/td>\n<\/tr>\n<tr style=\"height: 13.50pt\">\n<td class=\"et2\" style=\"height: 13.50pt\" height=\"18\">Vlastn\u00ed mo\u017enosti<\/td>\n<td class=\"et3\" colspan=\"6\">Tvar lahve, hrdlo lahve, barva, povrchov\u00e1 \u00faprava, velikost, uz\u00e1v\u011br lahve, p\u0159\u00edslu\u0161enstv\u00ed, logo<\/td>\n<\/tr>\n<tr style=\"height: 13.50pt\">\n<td class=\"et2\" style=\"height: 13.50pt\" height=\"18\">Ide\u00e1ln\u00ed pro<\/td>\n<td class=\"et3\" colspan=\"6\">\u010cistic\u00ed p\u0159\u00edpravek, esence, ple\u0165ov\u00e9 ml\u00e9ko, kr\u00e9m, sady p\u00e9\u010de o ple\u0165<\/td>\n<\/tr>\n<\/tbody>\n<\/table>\n<h2>Jak jedna zna\u010dka zdvojn\u00e1sobila po\u010det z\u00e1kazn\u00edk\u016f<\/h2>\n<p>Zna\u010dka zdravotn\u00ed p\u00e9\u010de uvedla na trh novou \u0159adu kr\u00e9m\u016f s touto sklen\u011bnou n\u00e1dobkou na kr\u00e9m a odpov\u00eddaj\u00edc\u00ed sklen\u011bnou lahvi\u010dkou s tonikem. Zvolil velikost 50 ml s pumpi\u010dkou s hladk\u00fdm uchopen\u00edm. B\u011bhem t\u0159\u00ed m\u011bs\u00edc\u016f odhalila reakce z\u00e1kazn\u00edk\u016f ne\u010dekan\u00e9 p\u0159ekvapen\u00ed: 68 % kupuj\u00edc\u00edch ve sv\u00fdch recenz\u00edch zm\u00ednilo obal. Koment\u00e1\u0159e jako \u201evypad\u00e1 fantasticky\u201c a \u201evystavuji si ho jako um\u011bleck\u00e9 d\u00edlo na pultu\u201c. M\u00edra op\u011btovn\u00e9ho n\u00e1kupu vzrostla o 92 %. D\u016fvod? Proto\u017ee lid\u00e9 d\u016fv\u011b\u0159uj\u00ed promy\u0161len\u00e9mu vzhledu a dojmu. Toto kosmetick\u00e9 balen\u00ed produkt nezakr\u00fdv\u00e1, ale naopak ho zd\u016fraz\u0148uje.<\/p>\n<h2>Sada p\u00e9\u010de o ple\u0165 na m\u00edru<\/h2>\n<p>Chcete, aby tato sklen\u011bn\u00e1 n\u00e1doba na kosmetiku byla jedine\u010dn\u00e1?<\/p>\n<ul>\n<li>Upravte barvu sklen\u011bn\u00e9 lahve \u2013 zvolte tmav\u0161\u00ed barvu pro lep\u0161\u00ed ochranu p\u0159ed UV z\u00e1\u0159en\u00edm nebo sv\u011btlej\u0161\u00ed barvu pro \u010dist\u00fd a vzdu\u0161n\u00fd vzhled.<\/li>\n<li>P\u0159izp\u016fsobte si hloubku \u017eebrov\u00e1n\u00ed krytky \u2013 hlub\u0161\u00ed dr\u00e1\u017eky dod\u00e1vaj\u00ed texturu a p\u0159ilnavost \u2013 ide\u00e1ln\u00ed pro pou\u017eit\u00ed ve spr\u0161e.<\/li>\n<li>Laserov\u011b ozna\u010dte rysku objemu \u2013 mikroleptan\u00fd indik\u00e1tor uvnit\u0159 lahve usnad\u0148uje p\u0159esn\u00e9 pln\u011bn\u00ed.<\/li>\n<\/ul>\n<p>Tyto mo\u017enosti p\u0159izp\u016fsoben\u00ed v\u00e1m umo\u017e\u0148uj\u00ed jemn\u011b doladit v\u00fdkon a vzhled \u2013 bez nutnosti popisku.<\/p>","protected":false},"excerpt":{"rendered":"<p>Velkoobchodn\u00ed prodej elegantn\u00edch b\u00e9\u017eov\u00fdch sklen\u011bn\u00fdch kosmetick\u00fdch lahvi\u010dek a sklen\u011bn\u00fdch d\u00f3z na kr\u00e9my se zlat\u00fdmi akcenty pro pr\u00e9miov\u00e9 balen\u00ed. Vzorky zdarma a rychl\u00e9 dod\u00e1n\u00ed.<\/p>","protected":false},"featured_media":6383,"comment_status":"closed","ping_status":"closed","template":"","meta":{"_acf_changed":false,"site-sidebar-layout":"default","site-content-layout":"","ast-site-content-layout":"default","site-content-style":"default","site-sidebar-style":"default","ast-global-header-display":"","ast-banner-title-visibility":"","ast-main-header-display":"","ast-hfb-above-header-display":"","ast-hfb-below-header-display":"","ast-hfb-mobile-header-display":"","site-post-title":"","ast-breadcrumbs-content":"","ast-featured-img":"","footer-sml-layout":"","ast-disable-related-posts":"","theme-transparent-header-meta":"default","adv-header-id-meta":"","stick-header-meta":"","header-above-stick-meta":"","header-main-stick-meta":"","header-below-stick-meta":"","astra-migrate-meta-layouts":"set","ast-page-background-enabled":"default","ast-page-background-meta":{"desktop":{"background-color":"var(--ast-global-color-5)","background-image":"","background-repeat":"repeat","background-position":"center center","background-size":"auto","background-attachment":"scroll","background-type":"","background-media":"","overlay-type":"","overlay-color":"","overlay-opacity":"","overlay-gradient":""},"tablet":{"background-color":"","background-image":"","background-repeat":"repeat","background-position":"center center","background-size":"auto","background-attachment":"scroll","background-type":"","background-media":"","overlay-type":"","overlay-color":"","overlay-opacity":"","overlay-gradient":""},"mobile":{"background-color":"","background-image":"","background-repeat":"repeat","background-position":"center center","background-size":"auto","background-attachment":"scroll","background-type":"","background-media":"","overlay-type":"","overlay-color":"","overlay-opacity":"","overlay-gradient":""}},"ast-content-background-meta":{"desktop":{"background-color":"var(--ast-global-color-4)","background-image":"","background-repeat":"repeat","background-position":"center center","background-size":"auto","background-attachment":"scroll","background-type":"","background-media":"","overlay-type":"","overlay-color":"","overlay-opacity":"","overlay-gradient":""},"tablet":{"background-color":"var(--ast-global-color-4)","background-image":"","background-repeat":"repeat","background-position":"center center","background-size":"auto","background-attachment":"scroll","background-type":"","background-media":"","overlay-type":"","overlay-color":"","overlay-opacity":"","overlay-gradient":""},"mobile":{"background-color":"var(--ast-global-color-4)","background-image":"","background-repeat":"repeat","background-position":"center center","background-size":"auto","background-attachment":"scroll","background-type":"","background-media":"","overlay-type":"","overlay-color":"","overlay-opacity":"","overlay-gradient":""}}},"product_brand":[],"product_cat":[72,236,62],"product_tag":[226,220],"class_list":{"0":"post-6381","1":"product","2":"type-product","3":"status-publish","4":"has-post-thumbnail","6":"product_cat-cosmetic-packaging","7":"product_cat-cosmetic-container-set","8":"product_cat-cosmetic-containers","9":"product_tag-clear-glass-roller-bottles","10":"product_tag-glass-roll-on-bottles","11":"desktop-align-left","12":"tablet-align-left","13":"mobile-align-left","15":"first","16":"instock","17":"shipping-taxable","18":"product-type-simple"},"acf":[],"jetpack_sharing_enabled":true,"_links":{"self":[{"href":"https:\/\/theperfumebottles.com\/cs\/wp-json\/wp\/v2\/product\/6381","targetHints":{"allow":["GET"]}}],"collection":[{"href":"https:\/\/theperfumebottles.com\/cs\/wp-json\/wp\/v2\/product"}],"about":[{"href":"https:\/\/theperfumebottles.com\/cs\/wp-json\/wp\/v2\/types\/product"}],"replies":[{"embeddable":true,"href":"https:\/\/theperfumebottles.com\/cs\/wp-json\/wp\/v2\/comments?post=6381"}],"wp:featuredmedia":[{"embeddable":true,"href":"https:\/\/theperfumebottles.com\/cs\/wp-json\/wp\/v2\/media\/6383"}],"wp:attachment":[{"href":"https:\/\/theperfumebottles.com\/cs\/wp-json\/wp\/v2\/media?parent=6381"}],"wp:term":[{"taxonomy":"product_brand","embeddable":true,"href":"https:\/\/theperfumebottles.com\/cs\/wp-json\/wp\/v2\/product_brand?post=6381"},{"taxonomy":"product_cat","embeddable":true,"href":"https:\/\/theperfumebottles.com\/cs\/wp-json\/wp\/v2\/product_cat?post=6381"},{"taxonomy":"product_tag","embeddable":true,"href":"https:\/\/theperfumebottles.com\/cs\/wp-json\/wp\/v2\/product_tag?post=6381"}],"curies":[{"name":"wp","href":"https:\/\/api.w.org\/{rel}","templated":true}]}}