{"id":6388,"date":"2025-09-16T10:37:07","date_gmt":"2025-09-16T02:37:07","guid":{"rendered":"https:\/\/theperfumebottles.com\/?post_type=product&#038;p=6388"},"modified":"2025-09-17T11:39:39","modified_gmt":"2025-09-17T03:39:39","slug":"bulk-white-skincare-bottle-and-cream-jars-with-diagonal-texture","status":"publish","type":"product","link":"https:\/\/theperfumebottles.com\/cs\/produkt\/bulk-white-skincare-bottle-and-cream-jars-with-diagonal-texture\/","title":{"rendered":"Velkoobjemov\u00e1 lahvi\u010dka na p\u00e9\u010di o ple\u0165 a d\u00f3zy na kr\u00e9m s diagon\u00e1ln\u00ed texturou"},"content":{"rendered":"<p>P\u0159edstavte si: Bezchybn\u011b b\u00edl\u00e1 lahvi\u010dka na p\u00e9\u010di o ple\u0165 s jemn\u00fdmi diagon\u00e1ln\u00edmi okraji. V\u00ed\u010dko je stejn\u011b jednoduch\u00e9 a sofistikovan\u00e9: hrdlo zdob\u00ed tenk\u00fd zlat\u00fd krou\u017eek a horn\u00ed \u010d\u00e1st kovov\u00fd akcent. Tato sada na p\u00e9\u010di o ple\u0165 obsahuje lahvi\u010dky s pumpi\u010dkou r\u016fzn\u00fdch velikost\u00ed a d\u00f3zu s kr\u00e9mem na obli\u010dej.<\/p>\n<h2>Kl\u00ed\u010dov\u00e9 specifikace<\/h2>\n<table style=\"border-collapse: collapse;margin-left: auto;margin-right: auto;width: 546.77pt\" border=\"0\" width=\"729\" cellspacing=\"0\" cellpadding=\"0\">\n<tbody>\n<tr style=\"height: 13.50pt\">\n<td class=\"et2\" style=\"height: 13.50pt;width: 117.75pt\" width=\"157\" height=\"18\">Objem (ml)<\/td>\n<td class=\"et3\" style=\"width: 119.25pt\" width=\"159\">105<\/td>\n<td class=\"et3\" style=\"width: 119.25pt\" width=\"159\">40<\/td>\n<td class=\"et3\" style=\"width: 96.75pt\" width=\"129\">105<\/td>\n<td class=\"et3\" style=\"width: 93.75pt\" width=\"125\">125<\/td>\n<\/tr>\n<tr style=\"height: 13.50pt\">\n<td class=\"et2\" style=\"height: 13.50pt\" height=\"18\">Pr\u016fm\u011br krku (mm)<\/td>\n<td class=\"et3\">51<\/td>\n<td class=\"et3\">20<\/td>\n<td class=\"et3\">20<\/td>\n<td class=\"et3\">20<\/td>\n<\/tr>\n<tr style=\"height: 13.50pt\">\n<td class=\"et2\" style=\"height: 13.50pt\" height=\"18\">Pr\u016fm\u011br (mm)<\/td>\n<td class=\"et3\">75<\/td>\n<td class=\"et3\">40<\/td>\n<td class=\"et3\">45<\/td>\n<td class=\"et3\">46<\/td>\n<\/tr>\n<tr style=\"height: 13.50pt\">\n<td class=\"et2\" style=\"height: 13.50pt\" height=\"18\">V\u00fd\u0161ka lahve (mm)<\/td>\n<td class=\"et3\">56<\/td>\n<td class=\"et3\">84<\/td>\n<td class=\"et3\">125<\/td>\n<td class=\"et3\">142<\/td>\n<\/tr>\n<tr style=\"height: 13.50pt\">\n<td class=\"et2\" style=\"height: 13.50pt\" height=\"18\">Materi\u00e1l<\/td>\n<td class=\"et3\" colspan=\"4\">Krystal<\/td>\n<\/tr>\n<tr style=\"height: 13.50pt\">\n<td class=\"et2\" style=\"height: 13.50pt\" height=\"18\">vlastn\u00ed mo\u017enosti<\/td>\n<td class=\"et3\" colspan=\"4\">Velikost, barva, tvar lahve, povrchov\u00e1 \u00faprava, uz\u00e1v\u011br lahve, p\u0159\u00edslu\u0161enstv\u00ed, logo<\/td>\n<\/tr>\n<tr style=\"height: 13.50pt\">\n<td class=\"et2\" style=\"height: 13.50pt\" height=\"18\">Ide\u00e1ln\u00ed pro<\/td>\n<td class=\"et3\" colspan=\"4\">\u010cistic\u00ed kr\u00e9m, hydrata\u010dn\u00ed kr\u00e9m, esence, kr\u00e9m, sady p\u00e9\u010de o ple\u0165<\/td>\n<\/tr>\n<\/tbody>\n<\/table>\n<h2>Jak mohou zna\u010dky z\u00edskat m\u00edsto v reg\u00e1lech bez obrovsk\u00e9ho reklamn\u00edho rozpo\u010dtu<\/h2>\n<p>Nov\u00e1 \u0159ada organick\u00fdch produkt\u016f nab\u00edz\u00ed pouze t\u0159i produkty: s\u00e9rum, denn\u00ed kr\u00e9m a hydrata\u010dn\u00ed ple\u0165ov\u00e9 ml\u00e9ko. Pou\u017e\u00edvaj\u00ed tyto lahvi\u010dky na p\u00e9\u010di o ple\u0165 k uchov\u00e1v\u00e1n\u00ed s\u00e9r a odpov\u00eddaj\u00edc\u00edch d\u00f3z s kosmetick\u00fdmi kr\u00e9my. \u017d\u00e1dn\u00e1 k\u0159iklav\u00e1 loga, jen \u010dist\u00e1 b\u00edl\u00e1 n\u00e1doba s texturovan\u00fdmi boky a zlat\u00fdmi akcenty. Maloobchodn\u00ed kupuj\u00edc\u00ed byli nad\u0161en\u00ed. Jeden kupuj\u00edc\u00ed poznamenal: \u201eVypad\u00e1 to draze, ale v\u016fbec to nen\u00ed k\u0159iklav\u00e9.\u201c B\u011bhem \u010dty\u0159 m\u011bs\u00edc\u016f byla \u0159ada nab\u00edzena ve dvou velk\u00fdch butikov\u00fdch \u0159et\u011bzc\u00edch. D\u016fvod? Proto\u017ee vysoce kvalitn\u00ed kosmetick\u00e9 obaly vydr\u017e\u00ed \u2013 st\u00e1vaj\u00ed se sou\u010d\u00e1st\u00ed u\u017eivatelsk\u00e9 zku\u0161enosti.<\/p>\n<h2>Jak p\u0159izp\u016fsobit obaly kosmetiky?<\/h2>\n<p>Chcete si tuto n\u00e1dobu skute\u010dn\u011b p\u0159izp\u016fsobit? Zde je n\u00e1vod \u2013 ani\u017e byste se museli dotknout obalu:<\/p>\n<ul>\n<li>Upravte \u00fahel diagon\u00e1ln\u00edho vl\u00e1kna \u2013 strm\u011bj\u0161\u00ed linie vytv\u00e1\u0159ej\u00ed dynami\u010dt\u011bj\u0161\u00ed dojem. M\u011bk\u010d\u00ed linie vytv\u00e1\u0159ej\u00ed klidn\u011bj\u0161\u00ed dojem.<\/li>\n<li>P\u0159idejte vnit\u0159n\u00ed UV ochrann\u00fd povlak \u2013 poskytn\u011bte dodate\u010dnou ochranu pro nestabiln\u00ed aktivn\u00ed slo\u017eky v ple\u0165ov\u00e9m ml\u00e9ku nebo s\u00e9ru.<\/li>\n<li>P\u0159izp\u016fsobte si logo a prvky zna\u010dky: Integrujte slogan do n\u00e1zvu zna\u010dky, loga a designu lahve.<\/li>\n<\/ul>\n<p>Tyto mo\u017enosti adaptace v\u00e1m umo\u017e\u0148uj\u00ed optimalizovat v\u00fdkon a z\u00e1\u017eitek zevnit\u0159.<\/p>","protected":false},"excerpt":{"rendered":"<p>Elegantn\u00ed b\u00edl\u00e1 lahvi\u010dka na p\u00e9\u010di o ple\u0165 a d\u00f3zy na kosmetick\u00fd kr\u00e9m s diagon\u00e1ln\u00ed texturou a zlat\u00fdmi akcenty, ide\u00e1ln\u00ed pro luxusn\u00ed balen\u00ed a velkoobchodn\u00ed objedn\u00e1vky.<\/p>","protected":false},"featured_media":6393,"comment_status":"closed","ping_status":"closed","template":"","meta":{"_acf_changed":false,"site-sidebar-layout":"default","site-content-layout":"","ast-site-content-layout":"default","site-content-style":"default","site-sidebar-style":"default","ast-global-header-display":"","ast-banner-title-visibility":"","ast-main-header-display":"","ast-hfb-above-header-display":"","ast-hfb-below-header-display":"","ast-hfb-mobile-header-display":"","site-post-title":"","ast-breadcrumbs-content":"","ast-featured-img":"","footer-sml-layout":"","ast-disable-related-posts":"","theme-transparent-header-meta":"default","adv-header-id-meta":"","stick-header-meta":"","header-above-stick-meta":"","header-main-stick-meta":"","header-below-stick-meta":"","astra-migrate-meta-layouts":"set","ast-page-background-enabled":"default","ast-page-background-meta":{"desktop":{"background-color":"var(--ast-global-color-5)","background-image":"","background-repeat":"repeat","background-position":"center center","background-size":"auto","background-attachment":"scroll","background-type":"","background-media":"","overlay-type":"","overlay-color":"","overlay-opacity":"","overlay-gradient":""},"tablet":{"background-color":"","background-image":"","background-repeat":"repeat","background-position":"center center","background-size":"auto","background-attachment":"scroll","background-type":"","background-media":"","overlay-type":"","overlay-color":"","overlay-opacity":"","overlay-gradient":""},"mobile":{"background-color":"","background-image":"","background-repeat":"repeat","background-position":"center center","background-size":"auto","background-attachment":"scroll","background-type":"","background-media":"","overlay-type":"","overlay-color":"","overlay-opacity":"","overlay-gradient":""}},"ast-content-background-meta":{"desktop":{"background-color":"var(--ast-global-color-4)","background-image":"","background-repeat":"repeat","background-position":"center center","background-size":"auto","background-attachment":"scroll","background-type":"","background-media":"","overlay-type":"","overlay-color":"","overlay-opacity":"","overlay-gradient":""},"tablet":{"background-color":"var(--ast-global-color-4)","background-image":"","background-repeat":"repeat","background-position":"center center","background-size":"auto","background-attachment":"scroll","background-type":"","background-media":"","overlay-type":"","overlay-color":"","overlay-opacity":"","overlay-gradient":""},"mobile":{"background-color":"var(--ast-global-color-4)","background-image":"","background-repeat":"repeat","background-position":"center center","background-size":"auto","background-attachment":"scroll","background-type":"","background-media":"","overlay-type":"","overlay-color":"","overlay-opacity":"","overlay-gradient":""}}},"product_brand":[],"product_cat":[72,236,62],"product_tag":[226,220],"class_list":{"0":"post-6388","1":"product","2":"type-product","3":"status-publish","4":"has-post-thumbnail","6":"product_cat-cosmetic-packaging","7":"product_cat-cosmetic-container-set","8":"product_cat-cosmetic-containers","9":"product_tag-clear-glass-roller-bottles","10":"product_tag-glass-roll-on-bottles","11":"desktop-align-left","12":"tablet-align-left","13":"mobile-align-left","15":"first","16":"instock","17":"shipping-taxable","18":"product-type-simple"},"acf":[],"jetpack_sharing_enabled":true,"_links":{"self":[{"href":"https:\/\/theperfumebottles.com\/cs\/wp-json\/wp\/v2\/product\/6388","targetHints":{"allow":["GET"]}}],"collection":[{"href":"https:\/\/theperfumebottles.com\/cs\/wp-json\/wp\/v2\/product"}],"about":[{"href":"https:\/\/theperfumebottles.com\/cs\/wp-json\/wp\/v2\/types\/product"}],"replies":[{"embeddable":true,"href":"https:\/\/theperfumebottles.com\/cs\/wp-json\/wp\/v2\/comments?post=6388"}],"wp:featuredmedia":[{"embeddable":true,"href":"https:\/\/theperfumebottles.com\/cs\/wp-json\/wp\/v2\/media\/6393"}],"wp:attachment":[{"href":"https:\/\/theperfumebottles.com\/cs\/wp-json\/wp\/v2\/media?parent=6388"}],"wp:term":[{"taxonomy":"product_brand","embeddable":true,"href":"https:\/\/theperfumebottles.com\/cs\/wp-json\/wp\/v2\/product_brand?post=6388"},{"taxonomy":"product_cat","embeddable":true,"href":"https:\/\/theperfumebottles.com\/cs\/wp-json\/wp\/v2\/product_cat?post=6388"},{"taxonomy":"product_tag","embeddable":true,"href":"https:\/\/theperfumebottles.com\/cs\/wp-json\/wp\/v2\/product_tag?post=6388"}],"curies":[{"name":"wp","href":"https:\/\/api.w.org\/{rel}","templated":true}]}}