{"id":6455,"date":"2025-09-18T16:44:11","date_gmt":"2025-09-18T08:44:11","guid":{"rendered":"https:\/\/theperfumebottles.com\/?post_type=product&#038;p=6455"},"modified":"2026-03-26T14:53:28","modified_gmt":"2026-03-26T06:53:28","slug":"glass-skincare-packaging-set-for-brands-bulk","status":"publish","type":"product","link":"https:\/\/theperfumebottles.com\/cs\/produkt\/glass-skincare-packaging-set-for-brands-bulk\/","title":{"rendered":"Sada sklen\u011bn\u00fdch obal\u016f pro p\u00e9\u010di o ple\u0165 30-125ml pro velkoobchodn\u00ed balen\u00ed"},"content":{"rendered":"<p>Chcete sklen\u011bn\u00e9 n\u00e1doby na produkty p\u00e9\u010de o ple\u0165, kter\u00e9 vyza\u0159uj\u00ed luxus, ani\u017e by v\u00e1s to zruinovalo? Vyr\u00e1b\u00edme precizn\u00ed kolekci sklen\u011bn\u00fdch lahvi\u010dek v \u010dern\u00e9m gradientu s elegantn\u00edmi uz\u00e1v\u011bry \u2013 ide\u00e1ln\u00ed pro balen\u00ed ple\u0165ov\u00fdch ml\u00e9k, kr\u00e9m\u016f, s\u00e9r a esenci\u00e1ln\u00edch olej\u016f. Tyto n\u00e1doby udr\u017e\u00ed va\u0161e kosmetick\u00e9 slo\u017een\u00ed \u010derstv\u00e9 d\u00edky UV ochran\u011b. Hromadn\u00e9 objedn\u00e1vky z\u00edsk\u00e1te mo\u017enosti na m\u00edru, kter\u00e9 odpov\u00eddaj\u00ed atmosf\u00e9\u0159e va\u0161\u00ed zna\u010dky.<\/p>\n<h2><strong data-spm-anchor-id=\"5176.28103460.0.i18.29ab2e31QyfPr1\">Kl\u00ed\u010dov\u00e9 specifikace<\/strong><\/h2>\n<table style=\"border-collapse: collapse; width: 80%; margin-left: auto; margin-right: auto;\" border=\"0\" width=\"648\" cellspacing=\"0\" cellpadding=\"0\">\n<tbody>\n<tr style=\"height: 13.50pt;\">\n<td style=\"height: 13.5pt; text-align: center;\" width=\"72\" height=\"18\">Kapacita (ml)<\/td>\n<td style=\"width: 54pt; text-align: center;\" width=\"72\">Tvar<\/td>\n<td style=\"width: 54pt; text-align: center;\" width=\"72\">Pr\u016fm\u011br \u00fast\u00ed (mm)<\/td>\n<td style=\"width: 54pt; text-align: center;\" width=\"72\">Pr\u016fm\u011br lahve (mm)<\/td>\n<td style=\"width: 54pt; text-align: center;\" width=\"72\">V\u00fd\u0161ka lahve (mm)<\/td>\n<td style=\"width: 54pt; text-align: center;\" width=\"72\">Celkov\u00e1 v\u00fd\u0161ka s krytkou (mm)<\/td>\n<td style=\"width: 54pt; text-align: center;\" width=\"72\">Barva<\/td>\n<td style=\"width: 54pt; text-align: center;\" width=\"72\">Vlastn\u00ed mo\u017enosti<\/td>\n<td style=\"width: 54pt; text-align: center;\" width=\"72\">Pou\u017e\u00edv\u00e1n\u00ed<\/td>\n<\/tr>\n<tr style=\"height: 13.50pt;\">\n<td style=\"height: 13.5pt; text-align: center;\" height=\"18\">125<\/td>\n<td class=\"et2\" style=\"text-align: center;\" rowspan=\"4\">Rovn\u00e9 strany<\/td>\n<td style=\"text-align: center;\">20<\/td>\n<td style=\"text-align: center;\">41&#215;41<\/td>\n<td style=\"text-align: center;\">130<\/td>\n<td style=\"text-align: center;\">180<\/td>\n<td class=\"et2\" style=\"text-align: center;\" rowspan=\"6\">\u010cern\u00fd p\u0159echod<\/td>\n<td class=\"et2\" style=\"text-align: center;\" rowspan=\"6\">Povrchov\u00e1 \u00faprava, barva, velikost, tvar, kryt, p\u0159\u00edslu\u0161enstv\u00ed<\/td>\n<td class=\"et2\" style=\"text-align: center;\" rowspan=\"6\">Ple\u0165ov\u00e9 vody, kr\u00e9my, esence atd.<\/td>\n<\/tr>\n<tr style=\"height: 13.50pt;\">\n<td style=\"height: 13.5pt; text-align: center;\" height=\"18\">105<\/td>\n<td style=\"text-align: center;\">20<\/td>\n<td style=\"text-align: center;\">41&#215;41<\/td>\n<td style=\"text-align: center;\">150<\/td>\n<td style=\"text-align: center;\">160<\/td>\n<\/tr>\n<tr style=\"height: 13.50pt;\">\n<td style=\"height: 13.5pt; text-align: center;\" height=\"18\">50<\/td>\n<td style=\"text-align: center;\">20<\/td>\n<td style=\"text-align: center;\">37&#215;37<\/td>\n<td style=\"text-align: center;\">88<\/td>\n<td style=\"text-align: center;\">120<\/td>\n<\/tr>\n<tr style=\"height: 13.50pt;\">\n<td style=\"height: 13.5pt; text-align: center;\" height=\"18\">30<\/td>\n<td style=\"text-align: center;\">20<\/td>\n<td style=\"text-align: center;\">37&#215;37<\/td>\n<td style=\"text-align: center;\">75<\/td>\n<td style=\"text-align: center;\">105<\/td>\n<\/tr>\n<tr style=\"height: 13.50pt;\">\n<td style=\"height: 13.5pt; text-align: center;\" height=\"18\">40<\/td>\n<td class=\"et2\" style=\"text-align: center;\" rowspan=\"2\">N\u00e1m\u011bst\u00ed<\/td>\n<td style=\"text-align: center;\">49<\/td>\n<td style=\"text-align: center;\">64&#215;64<\/td>\n<td style=\"text-align: center;\">40<\/td>\n<td style=\"text-align: center;\">52<\/td>\n<\/tr>\n<tr style=\"height: 13.50pt;\">\n<td style=\"height: 13.5pt; text-align: center;\" height=\"18\">30<\/td>\n<td style=\"text-align: center;\">49<\/td>\n<td style=\"text-align: center;\">60&#215;60<\/td>\n<td style=\"text-align: center;\">37<\/td>\n<td style=\"text-align: center;\">50<\/td>\n<\/tr>\n<\/tbody>\n<\/table>\n<h2>P\u0159\u00edb\u011bh \u00fasp\u011bchu<\/h2>\n<p>Na\u0161e \u010dern\u00e9 sklen\u011bn\u00e9 obaly na p\u00e9\u010di o ple\u0165 byly vybr\u00e1ny luxusn\u00edm korejsk\u00fdm kosmetick\u00fdm produktem. V\u00ed\u010dka jsou navr\u017eena v ergonomick\u00e9m tvaru na m\u00edru, aby vyhovovala osobn\u00edm po\u017eadavk\u016fm klienta, a maj\u00ed tak\u00e9 galvanicky pokoven\u00e9 hrdlo. Sada nav\u00edc obsahuje \u0159adu hlavic pumpi\u010dek a kap\u00e1tek r\u016fzn\u00fdch velikost\u00ed, \u010d\u00edm\u017e se st\u00e1v\u00e1 mnohostrannou sklen\u011bnou n\u00e1dobou na produkty p\u00e9\u010de o ple\u0165.<\/p>\n<p>Prodej zaznamenal b\u011bhem pouh\u00fdch dvou m\u011bs\u00edc\u016f po uveden\u00ed na trh n\u00e1r\u016fst o 36 procent, co\u017e vedlo k dal\u0161\u00ed objedn\u00e1vce 65 000 sad, kter\u00e9 umo\u017enily r\u016fst online i offline.<\/p>\n<h2>V\u00e1\u0161 n\u00e1vod na \u00fapravy<\/h2>\n<ol>\n<li><strong>Slad\u011bn\u00ed barev:<\/strong> Vym\u011b\u0148te \u010dern\u00e9 p\u0159echody za vlastn\u00ed odst\u00edn, kter\u00fd bude odpov\u00eddat palet\u011b va\u0161\u00ed zna\u010dky \u2013 \u017e\u00e1dn\u00e9 dal\u0161\u00ed n\u00e1klady na hromadn\u00e9 zpracov\u00e1n\u00ed.<\/li>\n<li><strong>Styly CAP:<\/strong> Pro prvot\u0159\u00eddn\u00ed povrchovou \u00fapravu sklen\u011bn\u00fdch lahv\u00ed zvolte v\u00ed\u010dko Gold Accent nebo Mat Cap.<\/li>\n<li><strong>Integrace \u0161t\u00edtk\u016f:<\/strong> P\u0159idejte sv\u00e9 logo na n\u00e1dobu \u2013 okam\u017eit\u00e9 rozpoznatelnost zna\u010dky v kosmetick\u00e9m balen\u00ed.<\/li>\n<\/ol>","protected":false},"excerpt":{"rendered":"<p>Zvy\u0161te prodej s na m\u00edru vyroben\u00fdmi sklen\u011bn\u00fdmi obaly na ple\u0165ovou p\u00e9\u010di v \u010dern\u00e9m gradientu, jako jsou kr\u00e9my a s\u00e9rum. Pr\u00e9miov\u00e9, odoln\u00e9, velkoobchodn\u00ed balen\u00ed, kter\u00e9 zaru\u010duje sv\u011b\u017eest a eleganci.<\/p>","protected":false},"featured_media":6456,"comment_status":"closed","ping_status":"closed","template":"","meta":{"_acf_changed":false,"site-sidebar-layout":"default","site-content-layout":"","ast-site-content-layout":"default","site-content-style":"default","site-sidebar-style":"default","ast-global-header-display":"","ast-banner-title-visibility":"","ast-main-header-display":"","ast-hfb-above-header-display":"","ast-hfb-below-header-display":"","ast-hfb-mobile-header-display":"","site-post-title":"","ast-breadcrumbs-content":"","ast-featured-img":"","footer-sml-layout":"","ast-disable-related-posts":"","theme-transparent-header-meta":"default","adv-header-id-meta":"","stick-header-meta":"","header-above-stick-meta":"","header-main-stick-meta":"","header-below-stick-meta":"","astra-migrate-meta-layouts":"set","ast-page-background-enabled":"default","ast-page-background-meta":{"desktop":{"background-color":"var(--ast-global-color-5)","background-image":"","background-repeat":"repeat","background-position":"center center","background-size":"auto","background-attachment":"scroll","background-type":"","background-media":"","overlay-type":"","overlay-color":"","overlay-opacity":"","overlay-gradient":""},"tablet":{"background-color":"","background-image":"","background-repeat":"repeat","background-position":"center center","background-size":"auto","background-attachment":"scroll","background-type":"","background-media":"","overlay-type":"","overlay-color":"","overlay-opacity":"","overlay-gradient":""},"mobile":{"background-color":"","background-image":"","background-repeat":"repeat","background-position":"center center","background-size":"auto","background-attachment":"scroll","background-type":"","background-media":"","overlay-type":"","overlay-color":"","overlay-opacity":"","overlay-gradient":""}},"ast-content-background-meta":{"desktop":{"background-color":"var(--ast-global-color-4)","background-image":"","background-repeat":"repeat","background-position":"center center","background-size":"auto","background-attachment":"scroll","background-type":"","background-media":"","overlay-type":"","overlay-color":"","overlay-opacity":"","overlay-gradient":""},"tablet":{"background-color":"var(--ast-global-color-4)","background-image":"","background-repeat":"repeat","background-position":"center center","background-size":"auto","background-attachment":"scroll","background-type":"","background-media":"","overlay-type":"","overlay-color":"","overlay-opacity":"","overlay-gradient":""},"mobile":{"background-color":"var(--ast-global-color-4)","background-image":"","background-repeat":"repeat","background-position":"center center","background-size":"auto","background-attachment":"scroll","background-type":"","background-media":"","overlay-type":"","overlay-color":"","overlay-opacity":"","overlay-gradient":""}}},"product_brand":[],"product_cat":[236,62,72],"product_tag":[],"class_list":{"0":"post-6455","1":"product","2":"type-product","3":"status-publish","4":"has-post-thumbnail","6":"product_cat-cosmetic-container-set","7":"product_cat-cosmetic-containers","8":"product_cat-cosmetic-packaging","9":"desktop-align-left","10":"tablet-align-left","11":"mobile-align-left","13":"first","14":"instock","15":"shipping-taxable","16":"product-type-simple"},"acf":[],"jetpack_sharing_enabled":true,"_links":{"self":[{"href":"https:\/\/theperfumebottles.com\/cs\/wp-json\/wp\/v2\/product\/6455","targetHints":{"allow":["GET"]}}],"collection":[{"href":"https:\/\/theperfumebottles.com\/cs\/wp-json\/wp\/v2\/product"}],"about":[{"href":"https:\/\/theperfumebottles.com\/cs\/wp-json\/wp\/v2\/types\/product"}],"replies":[{"embeddable":true,"href":"https:\/\/theperfumebottles.com\/cs\/wp-json\/wp\/v2\/comments?post=6455"}],"wp:featuredmedia":[{"embeddable":true,"href":"https:\/\/theperfumebottles.com\/cs\/wp-json\/wp\/v2\/media\/6456"}],"wp:attachment":[{"href":"https:\/\/theperfumebottles.com\/cs\/wp-json\/wp\/v2\/media?parent=6455"}],"wp:term":[{"taxonomy":"product_brand","embeddable":true,"href":"https:\/\/theperfumebottles.com\/cs\/wp-json\/wp\/v2\/product_brand?post=6455"},{"taxonomy":"product_cat","embeddable":true,"href":"https:\/\/theperfumebottles.com\/cs\/wp-json\/wp\/v2\/product_cat?post=6455"},{"taxonomy":"product_tag","embeddable":true,"href":"https:\/\/theperfumebottles.com\/cs\/wp-json\/wp\/v2\/product_tag?post=6455"}],"curies":[{"name":"wp","href":"https:\/\/api.w.org\/{rel}","templated":true}]}}