{"id":6477,"date":"2025-09-18T17:19:24","date_gmt":"2025-09-18T09:19:24","guid":{"rendered":"https:\/\/theperfumebottles.com\/?post_type=product&#038;p=6477"},"modified":"2026-03-26T15:44:04","modified_gmt":"2026-03-26T07:44:04","slug":"black-glass-skincare-bottles-and-jars-sets-wholesale","status":"publish","type":"product","link":"https:\/\/theperfumebottles.com\/cs\/produkt\/black-glass-skincare-bottles-and-jars-sets-wholesale\/","title":{"rendered":"Velkoobchodn\u00ed prodej sad lahv\u00ed a d\u00f3z na p\u00e9\u010di o ple\u0165 z \u010dern\u00e9ho skla o objemu 15 \u2013 125 ml"},"content":{"rendered":"<p>P\u0159esta\u0148te se spokojit s nudn\u00fdmi obaly. Vyr\u00e1b\u00edme precizn\u00ed kolekci \u010dern\u00fdch sklen\u011bn\u00fdch lahv\u00ed a d\u00f3z ur\u010den\u00fdch pro zna\u010dky p\u00e9\u010de o ple\u0165, kter\u00e9 vy\u017eaduj\u00ed luxus bez kompromis\u016f. Sklen\u011bn\u00e9 n\u00e1doby udr\u017e\u00ed v\u00e1\u0161 kr\u00e9m, ple\u0165ov\u00e9 ml\u00e9ko a esenci \u010derstv\u00e9 \u2013 bez po\u0161kozen\u00ed UV z\u00e1\u0159en\u00edm, bez zka\u017een\u00ed. P\u0159i hromadn\u00fdch objedn\u00e1vk\u00e1ch z\u00edsk\u00e1te v\u00ed\u010dka na m\u00edru, kter\u00e1 odpov\u00eddaj\u00ed atmosf\u00e9\u0159e va\u0161\u00ed zna\u010dky.<\/p>\n<h2><strong data-spm-anchor-id=\"5176.28103460.0.i9.29ab2e31KYNL5F\">Kl\u00ed\u010dov\u00e9 specifikace<\/strong><\/h2>\n<table style=\"border-collapse: collapse; width: 80%; margin-left: auto; margin-right: auto;\" border=\"0\" width=\"648\" cellspacing=\"0\" cellpadding=\"0\">\n<tbody>\n<tr style=\"height: 13.50pt;\">\n<td style=\"height: 13.5pt; width: 54pt; text-align: center;\" width=\"72\" height=\"18\">Kapacita (ml)<\/td>\n<td style=\"width: 54pt; text-align: center;\" width=\"72\">Tvar<\/td>\n<td style=\"width: 54pt; text-align: center;\" width=\"72\">Pr\u016fm\u011br \u00fast\u00ed (mm)<\/td>\n<td style=\"width: 54pt; text-align: center;\" width=\"72\">Pr\u016fm\u011br lahve (mm)<\/td>\n<td style=\"width: 54pt; text-align: center;\" width=\"72\">V\u00fd\u0161ka (mm)<\/td>\n<td style=\"width: 54pt; text-align: center;\" width=\"72\">V\u00fd\u0161ka s v\u00ed\u010dkem (mm)<\/td>\n<td style=\"width: 54pt; text-align: center;\" width=\"72\">Barva<\/td>\n<td style=\"width: 54pt; text-align: center;\" width=\"72\">Vlastn\u00ed mo\u017enost<\/td>\n<td style=\"width: 54pt; text-align: center;\" width=\"72\">Ide\u00e1ln\u00ed pro<\/td>\n<\/tr>\n<tr style=\"height: 13.50pt;\">\n<td style=\"height: 13.5pt; text-align: center;\" height=\"18\">125<\/td>\n<td class=\"et2\" style=\"text-align: center;\" rowspan=\"3\">Rovn\u00e9 strany<\/td>\n<td style=\"text-align: center;\">20<\/td>\n<td style=\"text-align: center;\">53<\/td>\n<td style=\"text-align: center;\">142<\/td>\n<td style=\"text-align: center;\">180<\/td>\n<td class=\"et2\" style=\"text-align: center;\" rowspan=\"5\">\u010cern\u00fd<\/td>\n<td class=\"et2\" style=\"text-align: center;\" rowspan=\"5\">Povrchov\u00e1 \u00faprava, barva, logo, p\u0159\u00edslu\u0161enstv\u00ed<\/td>\n<td class=\"et2\" style=\"text-align: center;\" rowspan=\"5\">Sady p\u00e9\u010de o ple\u0165, \u010distic\u00ed prost\u0159edek, esenci\u00e1ln\u00ed voda, esenci\u00e1ln\u00ed ml\u00e9ko\/kr\u00e9m<\/td>\n<\/tr>\n<tr style=\"height: 13.50pt;\">\n<td style=\"height: 13.5pt; text-align: center;\" height=\"18\">105<\/td>\n<td style=\"text-align: center;\">20<\/td>\n<td style=\"text-align: center;\">47<\/td>\n<td style=\"text-align: center;\">127<\/td>\n<td style=\"text-align: center;\">165<\/td>\n<\/tr>\n<tr style=\"height: 13.50pt;\">\n<td style=\"height: 13.5pt; text-align: center;\" height=\"18\">45<\/td>\n<td style=\"text-align: center;\">20<\/td>\n<td style=\"text-align: center;\">41<\/td>\n<td style=\"text-align: center;\">86<\/td>\n<td style=\"text-align: center;\">120<\/td>\n<\/tr>\n<tr style=\"height: 13.50pt;\">\n<td style=\"height: 13.5pt; text-align: center;\" height=\"18\">40<\/td>\n<td class=\"et2\" rowspan=\"2\">Kolo<\/td>\n<td style=\"text-align: center;\">52<\/td>\n<td style=\"text-align: center;\">64<\/td>\n<td style=\"text-align: center;\">42<\/td>\n<td style=\"text-align: center;\">70<\/td>\n<\/tr>\n<tr style=\"height: 13.50pt;\">\n<td style=\"height: 13.5pt; text-align: center;\" height=\"18\">15<\/td>\n<td style=\"text-align: center;\">47<\/td>\n<td style=\"text-align: center;\">58<\/td>\n<td style=\"text-align: center;\">32<\/td>\n<td style=\"text-align: center;\">60<\/td>\n<\/tr>\n<\/tbody>\n<\/table>\n<h2>P\u0159\u00edb\u011bh \u00fasp\u011bchu<\/h2>\n<p>Jedna z evropsk\u00fdch zna\u010dek p\u00e9\u010de o ple\u0165 se rozhodla pou\u017e\u00edt na\u0161i \u0161pi\u010dkovou sadu d\u00f3zu a lahvi\u010dku v \u010dern\u00e9 barv\u011b. Lahvi\u010dky jsou vyrobeny s vysoce lesklou UV povrchovou \u00fapravou, kter\u00e1 spolu s kovov\u00fdm vakuov\u011b pota\u017een\u00fdm uz\u00e1v\u011brem vytv\u00e1\u0159\u00ed v\u00fdrazn\u00fd kontrast a luxusn\u00ed vzhled, kter\u00fd vyhovuje individu\u00e1ln\u00edm pot\u0159eb\u00e1m klienta. L\u00e1hev je poti\u0161t\u011bna logem zna\u010dky, jeho\u017e st\u0159\u00edbrn\u00e1 barva tak\u00e9 odr\u00e1\u017e\u00ed design a p\u0159isp\u00edv\u00e1 k celkov\u00e9mu efektu.<\/p>\n<p>Od uveden\u00ed nov\u00e9 sady kosmetick\u00fdch lahvi\u010dek a d\u00f3z se prodej za pouh\u00e9 dva m\u011bs\u00edce zv\u00fd\u0161il o 32 % a bylo objedn\u00e1no dal\u0161\u00edch 55 000 sad, aby se uspokojila rostouc\u00ed popt\u00e1vka distributor\u016f.<\/p>\n<h2>Va\u0161e mo\u017enost adaptace<\/h2>\n<ol>\n<li><strong>Alternativy k povrchov\u00e9 \u00faprav\u011b v\u00ed\u010dka:<\/strong> Nab\u00edz\u00edme leskl\u00e9, matn\u00e9, kart\u00e1\u010dovan\u00e9 kovov\u00e9 nebo zrcadlov\u00e9 povrchy s galvanick\u00fdm pokoven\u00edm, kter\u00e9 odpov\u00eddaj\u00ed r\u016fzn\u00fdm styl\u016fm zna\u010dek.<\/li>\n<li><strong>Techniky dekorace:<\/strong> S\u00edtotisk, hork\u00e1 ra\u017eba, gradientn\u00ed st\u0159\u00edk\u00e1n\u00ed nebo etiketov\u00e1n\u00ed lze kombinovat ve v\u00edce vrstv\u00e1ch a vytv\u00e1\u0159et tak efekty brandingu.<\/li>\n<li><strong>Design sekund\u00e1rn\u00edho obalu:<\/strong> Dopl\u0148te produkt o maloobchodn\u00ed prezentaci n\u00e1vrhem karton\u016f na m\u00edru, magnetick\u00fdch krabic nebo balen\u00ed do z\u00e1suvky.<\/li>\n<\/ol>","protected":false},"excerpt":{"rendered":"<p>Pr\u00e9miov\u00e9 lahvi\u010dky a d\u00f3zy na p\u00e9\u010di o ple\u0165 pro va\u0161i sadu kosmetick\u00fdch lahvi\u010dek. \u010cern\u00e9 sklen\u011bn\u00e9 n\u00e1doby na m\u00edru. Velkoobchodn\u00ed prodej. Balen\u00ed blokuj\u00edc\u00ed sv\u011btlo a nepropustn\u00e9.<\/p>","protected":false},"featured_media":6478,"comment_status":"closed","ping_status":"closed","template":"","meta":{"_acf_changed":false,"site-sidebar-layout":"default","site-content-layout":"","ast-site-content-layout":"default","site-content-style":"default","site-sidebar-style":"default","ast-global-header-display":"","ast-banner-title-visibility":"","ast-main-header-display":"","ast-hfb-above-header-display":"","ast-hfb-below-header-display":"","ast-hfb-mobile-header-display":"","site-post-title":"","ast-breadcrumbs-content":"","ast-featured-img":"","footer-sml-layout":"","ast-disable-related-posts":"","theme-transparent-header-meta":"default","adv-header-id-meta":"","stick-header-meta":"","header-above-stick-meta":"","header-main-stick-meta":"","header-below-stick-meta":"","astra-migrate-meta-layouts":"set","ast-page-background-enabled":"default","ast-page-background-meta":{"desktop":{"background-color":"var(--ast-global-color-5)","background-image":"","background-repeat":"repeat","background-position":"center center","background-size":"auto","background-attachment":"scroll","background-type":"","background-media":"","overlay-type":"","overlay-color":"","overlay-opacity":"","overlay-gradient":""},"tablet":{"background-color":"","background-image":"","background-repeat":"repeat","background-position":"center center","background-size":"auto","background-attachment":"scroll","background-type":"","background-media":"","overlay-type":"","overlay-color":"","overlay-opacity":"","overlay-gradient":""},"mobile":{"background-color":"","background-image":"","background-repeat":"repeat","background-position":"center center","background-size":"auto","background-attachment":"scroll","background-type":"","background-media":"","overlay-type":"","overlay-color":"","overlay-opacity":"","overlay-gradient":""}},"ast-content-background-meta":{"desktop":{"background-color":"var(--ast-global-color-4)","background-image":"","background-repeat":"repeat","background-position":"center center","background-size":"auto","background-attachment":"scroll","background-type":"","background-media":"","overlay-type":"","overlay-color":"","overlay-opacity":"","overlay-gradient":""},"tablet":{"background-color":"var(--ast-global-color-4)","background-image":"","background-repeat":"repeat","background-position":"center center","background-size":"auto","background-attachment":"scroll","background-type":"","background-media":"","overlay-type":"","overlay-color":"","overlay-opacity":"","overlay-gradient":""},"mobile":{"background-color":"var(--ast-global-color-4)","background-image":"","background-repeat":"repeat","background-position":"center center","background-size":"auto","background-attachment":"scroll","background-type":"","background-media":"","overlay-type":"","overlay-color":"","overlay-opacity":"","overlay-gradient":""}}},"product_brand":[],"product_cat":[236,62,72],"product_tag":[],"class_list":{"0":"post-6477","1":"product","2":"type-product","3":"status-publish","4":"has-post-thumbnail","6":"product_cat-cosmetic-container-set","7":"product_cat-cosmetic-containers","8":"product_cat-cosmetic-packaging","9":"desktop-align-left","10":"tablet-align-left","11":"mobile-align-left","13":"first","14":"instock","15":"shipping-taxable","16":"product-type-simple"},"acf":[],"jetpack_sharing_enabled":true,"_links":{"self":[{"href":"https:\/\/theperfumebottles.com\/cs\/wp-json\/wp\/v2\/product\/6477","targetHints":{"allow":["GET"]}}],"collection":[{"href":"https:\/\/theperfumebottles.com\/cs\/wp-json\/wp\/v2\/product"}],"about":[{"href":"https:\/\/theperfumebottles.com\/cs\/wp-json\/wp\/v2\/types\/product"}],"replies":[{"embeddable":true,"href":"https:\/\/theperfumebottles.com\/cs\/wp-json\/wp\/v2\/comments?post=6477"}],"wp:featuredmedia":[{"embeddable":true,"href":"https:\/\/theperfumebottles.com\/cs\/wp-json\/wp\/v2\/media\/6478"}],"wp:attachment":[{"href":"https:\/\/theperfumebottles.com\/cs\/wp-json\/wp\/v2\/media?parent=6477"}],"wp:term":[{"taxonomy":"product_brand","embeddable":true,"href":"https:\/\/theperfumebottles.com\/cs\/wp-json\/wp\/v2\/product_brand?post=6477"},{"taxonomy":"product_cat","embeddable":true,"href":"https:\/\/theperfumebottles.com\/cs\/wp-json\/wp\/v2\/product_cat?post=6477"},{"taxonomy":"product_tag","embeddable":true,"href":"https:\/\/theperfumebottles.com\/cs\/wp-json\/wp\/v2\/product_tag?post=6477"}],"curies":[{"name":"wp","href":"https:\/\/api.w.org\/{rel}","templated":true}]}}