{"id":6517,"date":"2025-09-22T12:52:43","date_gmt":"2025-09-22T04:52:43","guid":{"rendered":"https:\/\/theperfumebottles.com\/?post_type=product&#038;p=6517"},"modified":"2025-09-22T13:28:19","modified_gmt":"2025-09-22T05:28:19","slug":"wholesale-5ml-9ml-refill-perfume-bottles","status":"publish","type":"product","link":"https:\/\/theperfumebottles.com\/cs\/produkt\/wholesale-5ml-9ml-refill-perfume-bottles\/","title":{"rendered":"Velkoobchodn\u00ed n\u00e1pl\u0148 do lahvi\u010dek na parf\u00e9my 5ml\/9ml"},"content":{"rendered":"<h2>Objevte n\u00e1\u0161 pr\u00e9miov\u00fd plniteln\u00fd rozpra\u0161ova\u010d parf\u00e9m\u016f<\/h2>\n<p>Na\u0161e inovativn\u00ed n\u00e1pl\u0148 do parf\u00e9mu je navr\u017eena tak, aby spl\u0148ovala po\u017eadavky modern\u00edho cestov\u00e1n\u00ed a nab\u00edz\u00ed pohodl\u00ed, styl a vynikaj\u00edc\u00ed v\u00fdkon. Tento mini a p\u0159enosn\u00fd atomiz\u00e9r je ide\u00e1ln\u00ed volbou pro ty, kte\u0159\u00ed jsou neust\u00e1le v pohybu.<\/p>\n<h2>Kl\u00ed\u010dov\u00e9 specifikace:<\/h2>\n<table style=\"border-collapse: collapse; width: 486.77pt; margin-left: auto; margin-right: auto;\" border=\"0\" width=\"649\" cellspacing=\"0\" cellpadding=\"0\">\n<tbody>\n<tr style=\"height: 13.50pt;\">\n<td style=\"height: 13.50pt; width: 94.50pt;\" width=\"126\" height=\"18\">Funkce<\/td>\n<td style=\"width: 392.25pt;\" width=\"523\">Detail<\/td>\n<\/tr>\n<tr style=\"height: 13.50pt;\">\n<td style=\"height: 13.50pt;\" height=\"18\">Materi\u00e1l<\/td>\n<td>Z\u00e1kladna z PCTG + \u010dist\u00e9 m\u011bdi s ochranou proti \u00faniku, galvanicky pokoven\u00fd hlin\u00edkov\u00fd pl\u00e1\u0161\u0165<\/td>\n<\/tr>\n<tr style=\"height: 13.50pt;\">\n<td style=\"height: 13.50pt;\" height=\"18\">Kapacita<\/td>\n<td>5 ml (1,8*8,7 cm), 9 ml (2,2*10 cm)<\/td>\n<\/tr>\n<tr style=\"height: 13.50pt;\">\n<td style=\"height: 13.50pt;\" height=\"18\">Tvar<\/td>\n<td>V\u00e1lcov\u00fd<\/td>\n<\/tr>\n<tr style=\"height: 13.50pt;\">\n<td style=\"height: 13.50pt;\" height=\"18\">Metoda pln\u011bn\u00ed<\/td>\n<td>Spodn\u00ed pln\u011bn\u00ed<\/td>\n<\/tr>\n<tr style=\"height: 13.50pt;\">\n<td style=\"height: 13.50pt;\" height=\"18\">Vnit\u0159n\u00ed l\u00e1hev<\/td>\n<td>\u010cir\u00fd, vysok\u00e1 pr\u016fhlednost, dobr\u00e9 ut\u011bsn\u011bn\u00ed, neprchav\u00fd<\/td>\n<\/tr>\n<tr style=\"height: 13.50pt;\">\n<td style=\"height: 13.50pt;\" height=\"18\">Pou\u017e\u00edv\u00e1n\u00ed<\/td>\n<td>V\u00fddej parf\u00e9m\u016f, alkoholu, toaletn\u00ed vody<\/td>\n<\/tr>\n<\/tbody>\n<\/table>\n<h2>P\u0159\u00edb\u011bh \u00fasp\u011bchu:<\/h2>\n<p>Butikov\u00e1 zna\u010dka parf\u00e9m\u016f ned\u00e1vno za\u0159adila n\u00e1\u0161 5ml parf\u00e9mov\u00fd flakon do sv\u00e9 cestovn\u00ed kolekce. V prvn\u00edm \u010dtvrtlet\u00ed ozn\u00e1mila 40% n\u00e1r\u016fst prodeje sv\u00fdch cestovn\u00edch sad, co\u017e vedlo ke snadn\u00e9mu pou\u017e\u00edv\u00e1n\u00ed lahvi\u010dky a pr\u00e9miov\u00e9mu pocitu. Z\u00e1kazn\u00edci si obl\u00edbili sv\u016fj obl\u00edben\u00fd parf\u00e9m v p\u0159enosn\u00e9m a reflexn\u00edm flakonu.<\/p>\n<h2>Adaptace a velkoobchodn\u00ed p\u0159\u00edle\u017eitost:<\/h2>\n<p>Jako\u017eto v\u00fdznamn\u00fd v\u00fdrobce a velkoobchodn\u00ed dodavatel ch\u00e1peme va\u0161i pot\u0159ebu jedine\u010dn\u00e9ho brandingu. Nab\u00edz\u00edme \u0161irok\u00e9 mo\u017enosti zak\u00e1zkov\u00e9ho dopl\u0148ov\u00e1n\u00ed parf\u00e9m\u016f, v\u010detn\u011b r\u016fzn\u00fdch barevn\u00fdch variant, povrchov\u00fdch \u00faprav a specifick\u00fdch objem\u016f. A\u0165 u\u017e pot\u0159ebujete malou objedn\u00e1vku nebo velkoobchodn\u00ed objem, jsme tu, abychom podpo\u0159ili vizi va\u0161\u00ed zna\u010dky. Vyberte si n\u00e1s jako sv\u00e9ho spolehliv\u00e9ho dodavatele pro sklen\u011bn\u00e9 parf\u00e9mov\u00e9 lahve s inovativn\u00ed atmosf\u00e9rou.<\/p>\n<h2>Z\u00edskejte sv\u016fj vzorek zdarma je\u0161t\u011b dnes!<\/h2>\n<p>Chcete vid\u011bt kvalitu hned napoprv\u00e9? Pro kvalifikovan\u00e9 velkoobchodn\u00ed popt\u00e1vky jsou k dispozici vzorky zdarma. <a href=\"https:\/\/theperfumebottles.com\/cs\/contact\/\">Kontaktujte n\u00e1s<\/a> je\u0161t\u011b dnes probereme va\u0161e po\u017eadavky na adaptaci, mo\u017enosti dopravy a distribuce. Vylep\u0161ete svou zna\u010dku s na\u0161imi pr\u00e9miov\u00fdmi \u0159e\u0161en\u00edmi s rozpra\u0161ova\u010dem.<\/p>","protected":false},"excerpt":{"rendered":"<p>Objevte na\u0161i vysokou kvalitu <strong>n\u00e1pl\u0148 do lahvi\u010dky na parf\u00e9m<\/strong>, ide\u00e1ln\u00ed na cesty a ide\u00e1ln\u00ed pro zna\u010dky hledaj\u00edc\u00ed velkoobchodn\u00ed p\u0159enosn\u00e9 atomiz\u00e9ry s mo\u017enostmi p\u0159izp\u016fsoben\u00ed.<\/p>","protected":false},"featured_media":6520,"comment_status":"closed","ping_status":"closed","template":"","meta":{"_acf_changed":false,"site-sidebar-layout":"default","site-content-layout":"","ast-site-content-layout":"default","site-content-style":"default","site-sidebar-style":"default","ast-global-header-display":"","ast-banner-title-visibility":"","ast-main-header-display":"","ast-hfb-above-header-display":"","ast-hfb-below-header-display":"","ast-hfb-mobile-header-display":"","site-post-title":"","ast-breadcrumbs-content":"","ast-featured-img":"","footer-sml-layout":"","ast-disable-related-posts":"","theme-transparent-header-meta":"default","adv-header-id-meta":"","stick-header-meta":"","header-above-stick-meta":"","header-main-stick-meta":"","header-below-stick-meta":"","astra-migrate-meta-layouts":"set","ast-page-background-enabled":"default","ast-page-background-meta":{"desktop":{"background-color":"var(--ast-global-color-5)","background-image":"","background-repeat":"repeat","background-position":"center center","background-size":"auto","background-attachment":"scroll","background-type":"","background-media":"","overlay-type":"","overlay-color":"","overlay-opacity":"","overlay-gradient":""},"tablet":{"background-color":"","background-image":"","background-repeat":"repeat","background-position":"center center","background-size":"auto","background-attachment":"scroll","background-type":"","background-media":"","overlay-type":"","overlay-color":"","overlay-opacity":"","overlay-gradient":""},"mobile":{"background-color":"","background-image":"","background-repeat":"repeat","background-position":"center center","background-size":"auto","background-attachment":"scroll","background-type":"","background-media":"","overlay-type":"","overlay-color":"","overlay-opacity":"","overlay-gradient":""}},"ast-content-background-meta":{"desktop":{"background-color":"var(--ast-global-color-4)","background-image":"","background-repeat":"repeat","background-position":"center center","background-size":"auto","background-attachment":"scroll","background-type":"","background-media":"","overlay-type":"","overlay-color":"","overlay-opacity":"","overlay-gradient":""},"tablet":{"background-color":"var(--ast-global-color-4)","background-image":"","background-repeat":"repeat","background-position":"center center","background-size":"auto","background-attachment":"scroll","background-type":"","background-media":"","overlay-type":"","overlay-color":"","overlay-opacity":"","overlay-gradient":""},"mobile":{"background-color":"var(--ast-global-color-4)","background-image":"","background-repeat":"repeat","background-position":"center center","background-size":"auto","background-attachment":"scroll","background-type":"","background-media":"","overlay-type":"","overlay-color":"","overlay-opacity":"","overlay-gradient":""}}},"product_brand":[],"product_cat":[72,90,41],"product_tag":[],"class_list":{"0":"post-6517","1":"product","2":"type-product","3":"status-publish","4":"has-post-thumbnail","6":"product_cat-cosmetic-packaging","7":"product_cat-refillable-perfume-bottles","8":"product_cat-perfume-bottles","9":"desktop-align-left","10":"tablet-align-left","11":"mobile-align-left","13":"first","14":"instock","15":"shipping-taxable","16":"product-type-simple"},"acf":[],"jetpack_sharing_enabled":true,"_links":{"self":[{"href":"https:\/\/theperfumebottles.com\/cs\/wp-json\/wp\/v2\/product\/6517","targetHints":{"allow":["GET"]}}],"collection":[{"href":"https:\/\/theperfumebottles.com\/cs\/wp-json\/wp\/v2\/product"}],"about":[{"href":"https:\/\/theperfumebottles.com\/cs\/wp-json\/wp\/v2\/types\/product"}],"replies":[{"embeddable":true,"href":"https:\/\/theperfumebottles.com\/cs\/wp-json\/wp\/v2\/comments?post=6517"}],"wp:featuredmedia":[{"embeddable":true,"href":"https:\/\/theperfumebottles.com\/cs\/wp-json\/wp\/v2\/media\/6520"}],"wp:attachment":[{"href":"https:\/\/theperfumebottles.com\/cs\/wp-json\/wp\/v2\/media?parent=6517"}],"wp:term":[{"taxonomy":"product_brand","embeddable":true,"href":"https:\/\/theperfumebottles.com\/cs\/wp-json\/wp\/v2\/product_brand?post=6517"},{"taxonomy":"product_cat","embeddable":true,"href":"https:\/\/theperfumebottles.com\/cs\/wp-json\/wp\/v2\/product_cat?post=6517"},{"taxonomy":"product_tag","embeddable":true,"href":"https:\/\/theperfumebottles.com\/cs\/wp-json\/wp\/v2\/product_tag?post=6517"}],"curies":[{"name":"wp","href":"https:\/\/api.w.org\/{rel}","templated":true}]}}