{"id":6531,"date":"2025-09-22T17:19:57","date_gmt":"2025-09-22T09:19:57","guid":{"rendered":"https:\/\/theperfumebottles.com\/?post_type=product&#038;p=6531"},"modified":"2025-09-22T17:29:48","modified_gmt":"2025-09-22T09:29:48","slug":"glass-skincare-bottles-packaging-set","status":"publish","type":"product","link":"https:\/\/theperfumebottles.com\/cs\/produkt\/glass-skincare-bottles-packaging-set\/","title":{"rendered":"Sklen\u011bn\u00e9 lahvi\u010dky a d\u00f3zy na p\u00e9\u010di o ple\u0165 \u2013 elegantn\u00ed sada balen\u00ed s gradientn\u00edm zelen\u00fdm povrchem"},"content":{"rendered":"<p>U\u017e v\u00e1s nebav\u00ed nudn\u00e9 obaly, kter\u00e9 skr\u00fdvaj\u00ed va\u0161i pr\u00e9miovou p\u00e9\u010di o ple\u0165? Vyr\u00e1b\u00edme pr\u00e1zdn\u00e9 lahvi\u010dky na p\u00e9\u010di o ple\u0165, kter\u00e9 zd\u016frazn\u00ed v\u00e1\u0161 kr\u00e9m, ple\u0165ov\u00e9 ml\u00e9ko a esenci\u00e1ln\u00ed olej jako tekut\u00e9 um\u011bn\u00ed. Sklen\u011bn\u00e9 lahvi\u010dky na ple\u0165 se zelen\u00fdm gradientn\u00edm povrchem blokuj\u00ed UV z\u00e1\u0159en\u00ed \u2013 \u017e\u00e1dn\u00e9 zka\u017een\u00ed, \u017e\u00e1dn\u00e9 kompromisy. P\u0159i hromadn\u00fdch objedn\u00e1vk\u00e1ch z\u00edsk\u00e1te v\u00ed\u010dka na m\u00edru, kter\u00e1 odpov\u00eddaj\u00ed du\u0161i va\u0161\u00ed zna\u010dky.<\/p>\n<h2>Kl\u00ed\u010dov\u00e9 specifikace<\/h2>\n<table style=\"border-collapse: collapse;width: 85%;margin-left: auto;margin-right: auto\" border=\"0\" width=\"648\" cellspacing=\"0\" cellpadding=\"0\">\n<tbody>\n<tr style=\"height: 13.50pt\">\n<td style=\"height: 13.50pt;width: 54.00pt\" width=\"72\" height=\"18\">Kapacita (ml)<\/td>\n<td style=\"width: 54.00pt\" width=\"72\">Tvar<\/td>\n<td style=\"width: 54.00pt\" width=\"72\">Pr\u016fm\u011br \u00fast\u00ed (mm)<\/td>\n<td style=\"width: 54.00pt\" width=\"72\">Pr\u016fm\u011br lahve (mm)<\/td>\n<td style=\"width: 54.00pt\" width=\"72\">Celkov\u00e1 v\u00fd\u0161ka s krytkou (mm)<\/td>\n<td style=\"width: 54.00pt\" width=\"72\">Celkov\u00e1 v\u00fd\u0161ka s krytkou (mm)<\/td>\n<td style=\"width: 54.00pt\" width=\"72\">Barva<\/td>\n<td style=\"width: 54.00pt\" width=\"72\">Vlastn\u00ed mo\u017enosti<\/td>\n<td style=\"width: 54.00pt\" width=\"72\">Pou\u017e\u00edv\u00e1n\u00ed<\/td>\n<\/tr>\n<tr style=\"height: 13.50pt\">\n<td style=\"height: 13.50pt\" height=\"18\">125<\/td>\n<td class=\"et2\" rowspan=\"5\">V\u011b\u017e<\/td>\n<td>20<\/td>\n<td>49&#215;49<\/td>\n<td>146<\/td>\n<td>180<\/td>\n<td class=\"et2\" rowspan=\"5\">Zelen\u00fd p\u0159echod<\/td>\n<td class=\"et2\" rowspan=\"5\">Povrchov\u00e1 \u00faprava, barva<\/td>\n<td class=\"et2\" rowspan=\"5\">Ple\u0165ov\u00e9 vody, kr\u00e9my, esence atd.<\/td>\n<\/tr>\n<tr style=\"height: 13.50pt\">\n<td style=\"height: 13.50pt\" height=\"18\">105<\/td>\n<td>20<\/td>\n<td>49&#215;49<\/td>\n<td>130<\/td>\n<td>165<\/td>\n<\/tr>\n<tr style=\"height: 13.50pt\">\n<td style=\"height: 13.50pt\" height=\"18\">45<\/td>\n<td>20<\/td>\n<td>45&#215;45<\/td>\n<td>81<\/td>\n<td>115<\/td>\n<\/tr>\n<tr style=\"height: 13.50pt\">\n<td style=\"height: 13.50pt\" height=\"18\">90<\/td>\n<td>50<\/td>\n<td>69&#215;69<\/td>\n<td>70<\/td>\n<td>85<\/td>\n<\/tr>\n<tr style=\"height: 13.50pt\">\n<td style=\"height: 13.50pt\" height=\"18\">55<\/td>\n<td>50<\/td>\n<td>65&#215;65<\/td>\n<td>52<\/td>\n<td>65<\/td>\n<\/tr>\n<\/tbody>\n<\/table>\n<h2>P\u0159\u00edb\u011bh \u00fasp\u011bchu: Jak se st\u0159edn\u011b velk\u00e1 firma rozv\u00edjela<\/h2>\n<p>St\u0159edn\u011b velk\u00e1 firma vytvo\u0159ila sadu \u201ezelen\u00e9ho ritu\u00e1lu\u201c s vyu\u017eit\u00edm na\u0161ich sklen\u011bn\u00fdch lahvi\u010dek na p\u00e9\u010di o ple\u0165: \u010dtvercovou lahvi\u010dku o objemu 15 ml na kr\u00e9m a rovnou lahvi\u010dku o objemu 55 ml na ple\u0165ov\u00e9 ml\u00e9ko. V\u00fdsledek? 82 % z\u00e1kazn\u00edk\u016f, kte\u0159\u00ed vid\u011bli zelen\u00e9 lahvi\u010dky s p\u0159echodem na Instagramu, si koupilo celou \u0159adu. Region? M\u011bl pocit: \u201eP\u0159ipadalo mi to jako dar od p\u0159\u00edrody.\u201c<\/p>\n<h2>V\u00e1\u0161 n\u00e1vod na \u00fapravy<\/h2>\n<ol>\n<li><strong>Barevn\u00fd z\u00e1pas:<\/strong>Vym\u011b\u0148te zelen\u00e9 p\u0159echody za barvu va\u0161\u00ed zna\u010dky. P\u0159\u00edklad: Deep Chaiti s lini\u00ed \u201eForest Mist\u201c.<\/li>\n<li><strong>Integrace \u010derpadla:<\/strong>P\u0159idejte d\u00e1vkova\u010d s pumpi\u010dkou p\u0159\u00edmo k lahvi\u010dk\u00e1m \u2013 to je ur\u010dit\u011b lup. Maloobchodn\u00edci to rychle prod\u00e1vaj\u00ed.<\/li>\n<\/ol>","protected":false},"excerpt":{"rendered":"<p>Pr\u00e9miov\u00e9 sklen\u011bn\u00e9 lahvi\u010dky a d\u00f3zy na p\u00e9\u010di o ple\u0165 ze zelen\u00e9ho gradientu. Zak\u00e1zkov\u00e9 balen\u00ed s UV ochranou a nepropustnost\u00ed s pumpi\u010dkov\u00fdm d\u00e1vkova\u010dem. Velkoobchodn\u00ed prodej luxusn\u00edch kosmetick\u00fdch zna\u010dek.<\/p>","protected":false},"featured_media":6532,"comment_status":"closed","ping_status":"closed","template":"","meta":{"_acf_changed":false,"site-sidebar-layout":"default","site-content-layout":"","ast-site-content-layout":"default","site-content-style":"default","site-sidebar-style":"default","ast-global-header-display":"","ast-banner-title-visibility":"","ast-main-header-display":"","ast-hfb-above-header-display":"","ast-hfb-below-header-display":"","ast-hfb-mobile-header-display":"","site-post-title":"","ast-breadcrumbs-content":"","ast-featured-img":"","footer-sml-layout":"","ast-disable-related-posts":"","theme-transparent-header-meta":"default","adv-header-id-meta":"","stick-header-meta":"","header-above-stick-meta":"","header-main-stick-meta":"","header-below-stick-meta":"","astra-migrate-meta-layouts":"set","ast-page-background-enabled":"default","ast-page-background-meta":{"desktop":{"background-color":"var(--ast-global-color-5)","background-image":"","background-repeat":"repeat","background-position":"center center","background-size":"auto","background-attachment":"scroll","background-type":"","background-media":"","overlay-type":"","overlay-color":"","overlay-opacity":"","overlay-gradient":""},"tablet":{"background-color":"","background-image":"","background-repeat":"repeat","background-position":"center center","background-size":"auto","background-attachment":"scroll","background-type":"","background-media":"","overlay-type":"","overlay-color":"","overlay-opacity":"","overlay-gradient":""},"mobile":{"background-color":"","background-image":"","background-repeat":"repeat","background-position":"center center","background-size":"auto","background-attachment":"scroll","background-type":"","background-media":"","overlay-type":"","overlay-color":"","overlay-opacity":"","overlay-gradient":""}},"ast-content-background-meta":{"desktop":{"background-color":"var(--ast-global-color-4)","background-image":"","background-repeat":"repeat","background-position":"center center","background-size":"auto","background-attachment":"scroll","background-type":"","background-media":"","overlay-type":"","overlay-color":"","overlay-opacity":"","overlay-gradient":""},"tablet":{"background-color":"var(--ast-global-color-4)","background-image":"","background-repeat":"repeat","background-position":"center center","background-size":"auto","background-attachment":"scroll","background-type":"","background-media":"","overlay-type":"","overlay-color":"","overlay-opacity":"","overlay-gradient":""},"mobile":{"background-color":"var(--ast-global-color-4)","background-image":"","background-repeat":"repeat","background-position":"center center","background-size":"auto","background-attachment":"scroll","background-type":"","background-media":"","overlay-type":"","overlay-color":"","overlay-opacity":"","overlay-gradient":""}}},"product_brand":[],"product_cat":[236,72,37,62],"product_tag":[],"class_list":{"0":"post-6531","1":"product","2":"type-product","3":"status-publish","4":"has-post-thumbnail","6":"product_cat-cosmetic-container-set","7":"product_cat-cosmetic-packaging","8":"product_cat-uncategorized","9":"product_cat-cosmetic-containers","10":"desktop-align-left","11":"tablet-align-left","12":"mobile-align-left","14":"first","15":"instock","16":"shipping-taxable","17":"product-type-simple"},"acf":[],"jetpack_sharing_enabled":true,"_links":{"self":[{"href":"https:\/\/theperfumebottles.com\/cs\/wp-json\/wp\/v2\/product\/6531","targetHints":{"allow":["GET"]}}],"collection":[{"href":"https:\/\/theperfumebottles.com\/cs\/wp-json\/wp\/v2\/product"}],"about":[{"href":"https:\/\/theperfumebottles.com\/cs\/wp-json\/wp\/v2\/types\/product"}],"replies":[{"embeddable":true,"href":"https:\/\/theperfumebottles.com\/cs\/wp-json\/wp\/v2\/comments?post=6531"}],"wp:featuredmedia":[{"embeddable":true,"href":"https:\/\/theperfumebottles.com\/cs\/wp-json\/wp\/v2\/media\/6532"}],"wp:attachment":[{"href":"https:\/\/theperfumebottles.com\/cs\/wp-json\/wp\/v2\/media?parent=6531"}],"wp:term":[{"taxonomy":"product_brand","embeddable":true,"href":"https:\/\/theperfumebottles.com\/cs\/wp-json\/wp\/v2\/product_brand?post=6531"},{"taxonomy":"product_cat","embeddable":true,"href":"https:\/\/theperfumebottles.com\/cs\/wp-json\/wp\/v2\/product_cat?post=6531"},{"taxonomy":"product_tag","embeddable":true,"href":"https:\/\/theperfumebottles.com\/cs\/wp-json\/wp\/v2\/product_tag?post=6531"}],"curies":[{"name":"wp","href":"https:\/\/api.w.org\/{rel}","templated":true}]}}