{"id":7021,"date":"2025-11-11T13:12:13","date_gmt":"2025-11-11T05:12:13","guid":{"rendered":"https:\/\/theperfumebottles.com\/?post_type=product&#038;p=7021"},"modified":"2025-12-10T11:40:29","modified_gmt":"2025-12-10T03:40:29","slug":"perfume-refill-bottles-wholesaler","status":"publish","type":"product","link":"https:\/\/theperfumebottles.com\/cs\/produkt\/perfume-refill-bottles-wholesaler\/","title":{"rendered":"Velkoobchodn\u00ed n\u00e1pln\u011b do parf\u00e9m\u016f o objemu 8 ml pro cestov\u00e1n\u00ed a ka\u017edodenn\u00ed pou\u017eit\u00ed"},"content":{"rendered":"<p>Prozkoumejte na\u0161e znovu naplniteln\u00e9 sklen\u011bn\u00e9 lahvi\u010dky na v\u016fn\u011b, kter\u00e9 zap\u016fsob\u00ed na prezentaci va\u0161\u00ed zna\u010dky. Ka\u017edou lahvi\u010dku vyr\u00e1b\u00edme tak, aby va\u0161e v\u016fn\u011b byla vrcholem a z\u00e1rove\u0148 nab\u00eddla va\u0161im z\u00e1kazn\u00edk\u016fm kr\u00e1sn\u00fd a funk\u010dn\u00ed p\u0159edm\u011bt. Vyberte si takovou, kter\u00e1 vypr\u00e1v\u00ed p\u0159\u00edb\u011bh va\u0161\u00ed zna\u010dky beze slov.<\/p>\n<h2>Kl\u00ed\u010dov\u00e9 specifikace<\/h2>\n<table style=\"border-collapse: collapse; width: 80%; margin-left: auto; margin-right: auto;\" border=\"0\" width=\"144\" cellspacing=\"0\" cellpadding=\"0\">\n<tbody>\n<tr style=\"height: 13.50pt;\">\n<td style=\"height: 13.5pt; width: 54pt; text-align: center;\" width=\"72\" height=\"18\">Funkce<\/td>\n<td style=\"width: 54pt; text-align: center;\" width=\"72\">Podrobnosti<\/td>\n<\/tr>\n<tr style=\"height: 13.50pt;\">\n<td style=\"height: 13.5pt; text-align: center;\" height=\"18\">Kapacita<\/td>\n<td style=\"text-align: center;\">8ml<\/td>\n<\/tr>\n<tr style=\"height: 13.50pt;\">\n<td style=\"height: 13.5pt; text-align: center;\" height=\"18\">Rozm\u011bry<\/td>\n<td style=\"text-align: center;\">1,7 * 8,4 cm<\/td>\n<\/tr>\n<tr style=\"height: 13.50pt;\">\n<td style=\"height: 13.5pt; text-align: center;\" height=\"18\">Materi\u00e1l lahve<\/td>\n<td style=\"text-align: center;\">Pr\u016fhledn\u00e9 sklo<\/td>\n<\/tr>\n<tr style=\"height: 13.50pt;\">\n<td style=\"height: 13.5pt; text-align: center;\" height=\"18\">Mo\u017enosti stropu<\/td>\n<td style=\"text-align: center;\">Zlat\u00e1, st\u0159\u00edbrn\u00e1, modr\u00e1, r\u016f\u017eov\u00e1, \u010dern\u00e1<\/td>\n<\/tr>\n<tr style=\"height: 13.50pt;\">\n<td style=\"height: 13.5pt; text-align: center;\" height=\"18\">Typ t\u011bsn\u011bn\u00ed<\/td>\n<td style=\"text-align: center;\">Sprej s pumpi\u010dkou<\/td>\n<\/tr>\n<tr style=\"height: 13.50pt;\">\n<td style=\"height: 13.5pt; text-align: center;\" height=\"18\">Nejlep\u0161\u00ed pro<\/td>\n<td style=\"text-align: center;\">Parf\u00e9my, esenci\u00e1ln\u00ed oleje, vonn\u00e9 spreje<\/td>\n<\/tr>\n<\/tbody>\n<\/table>\n<h2>P\u0159\u00edpad \u00fasp\u011bchu<\/h2>\n<p>Jeden z na\u0161ich 8ml znovu naplniteln\u00fdch flakon\u016f na parf\u00e9my si vybrala trendy butikov\u00e1 zna\u010dka parf\u00e9m\u016f do sv\u00e9 kolekce cestovn\u00edch sad. Prodej jejich cestovn\u00edch sad se za pouh\u00e9 t\u0159i m\u011bs\u00edce zv\u00fd\u0161il o 35 % \u2013 znovu naplniteln\u00fd design umo\u017e\u0148uje u\u017eivatel\u016fm m\u00edt sv\u00e9 nejobl\u00edben\u011bj\u0161\u00ed v\u016fn\u011b v\u017edy u sebe a design s rozpra\u0161ovac\u00ed tryskou pom\u00e1h\u00e1 sni\u017eovat \u00faniky a vytv\u00e1\u0159\u00ed p\u0159\u00edjemnou mlhu.<\/p>\n<h2>Pokyny pro p\u0159izp\u016fsoben\u00ed<\/h2>\n<ol>\n<li><strong>Povrchov\u00e1 \u00faprava:<\/strong> R\u016fzn\u00e9 povrchov\u00e9 \u00fapravy, jako je matn\u00e9, \u010dir\u00e9 a gradientn\u00ed galvanick\u00e9 pokovov\u00e1n\u00ed, lze p\u0159izp\u016fsobit tak, aby vytv\u00e1\u0159ely jedine\u010dn\u00e9 vizu\u00e1ln\u00ed efekty.<\/li>\n<li><strong>Design uz\u00e1v\u011bru lahve:<\/strong> P\u0159izp\u016fsobiteln\u00e9 jsou hlin\u00edkov\u00e9 krytky, plastov\u00e9 krytky nebo kovov\u00e9 krytky, kter\u00e9 lze galvanicky pokovit, s leskl\u00fdm nebo matn\u00fdm povrchem, dle va\u0161eho v\u00fdb\u011bru.<\/li>\n<li><strong>Barevn\u00fd a logotisk:<\/strong> Existuje mnoho barev, ze kter\u00fdch si m\u016f\u017eete vybrat, aby odpov\u00eddaly barevn\u00e9mu sch\u00e9matu va\u0161\u00ed zna\u010dky, jako je galvanicky pokoven\u00e9 zlato, r\u016f\u017eov\u00e9 zlato, st\u0159\u00edbrn\u00e9, \u010dern\u00e9 a modr\u00e9.<\/li>\n<\/ol>","protected":false},"excerpt":{"rendered":"<p>Objevte stylov\u00e9 n\u00e1pl\u0148ov\u00e9 lahvi\u010dky na parf\u00e9my s kovov\u00fdmi uz\u00e1v\u011bry. Na\u0161e znovu naplniteln\u00e9 lahvi\u010dky na parf\u00e9my jsou ide\u00e1ln\u00ed na cesty, snadno se pou\u017e\u00edvaj\u00ed a jsou \u0161etrn\u00e9 k \u017eivotn\u00edmu prost\u0159ed\u00ed.<\/p>","protected":false},"featured_media":7191,"comment_status":"open","ping_status":"closed","template":"","meta":{"_acf_changed":false,"site-sidebar-layout":"default","site-content-layout":"","ast-site-content-layout":"default","site-content-style":"default","site-sidebar-style":"default","ast-global-header-display":"","ast-banner-title-visibility":"","ast-main-header-display":"","ast-hfb-above-header-display":"","ast-hfb-below-header-display":"","ast-hfb-mobile-header-display":"","site-post-title":"","ast-breadcrumbs-content":"","ast-featured-img":"","footer-sml-layout":"","ast-disable-related-posts":"","theme-transparent-header-meta":"default","adv-header-id-meta":"","stick-header-meta":"","header-above-stick-meta":"","header-main-stick-meta":"","header-below-stick-meta":"","astra-migrate-meta-layouts":"set","ast-page-background-enabled":"default","ast-page-background-meta":{"desktop":{"background-color":"var(--ast-global-color-5)","background-image":"","background-repeat":"repeat","background-position":"center center","background-size":"auto","background-attachment":"scroll","background-type":"","background-media":"","overlay-type":"","overlay-color":"","overlay-opacity":"","overlay-gradient":""},"tablet":{"background-color":"","background-image":"","background-repeat":"repeat","background-position":"center center","background-size":"auto","background-attachment":"scroll","background-type":"","background-media":"","overlay-type":"","overlay-color":"","overlay-opacity":"","overlay-gradient":""},"mobile":{"background-color":"","background-image":"","background-repeat":"repeat","background-position":"center center","background-size":"auto","background-attachment":"scroll","background-type":"","background-media":"","overlay-type":"","overlay-color":"","overlay-opacity":"","overlay-gradient":""}},"ast-content-background-meta":{"desktop":{"background-color":"var(--ast-global-color-4)","background-image":"","background-repeat":"repeat","background-position":"center center","background-size":"auto","background-attachment":"scroll","background-type":"","background-media":"","overlay-type":"","overlay-color":"","overlay-opacity":"","overlay-gradient":""},"tablet":{"background-color":"var(--ast-global-color-4)","background-image":"","background-repeat":"repeat","background-position":"center center","background-size":"auto","background-attachment":"scroll","background-type":"","background-media":"","overlay-type":"","overlay-color":"","overlay-opacity":"","overlay-gradient":""},"mobile":{"background-color":"var(--ast-global-color-4)","background-image":"","background-repeat":"repeat","background-position":"center center","background-size":"auto","background-attachment":"scroll","background-type":"","background-media":"","overlay-type":"","overlay-color":"","overlay-opacity":"","overlay-gradient":""}}},"product_brand":[],"product_cat":[90,41],"product_tag":[],"class_list":{"0":"post-7021","1":"product","2":"type-product","3":"status-publish","4":"has-post-thumbnail","6":"product_cat-refillable-perfume-bottles","7":"product_cat-perfume-bottles","8":"desktop-align-left","9":"tablet-align-left","10":"mobile-align-left","12":"first","13":"instock","14":"shipping-taxable","15":"product-type-simple"},"acf":[],"jetpack_sharing_enabled":true,"_links":{"self":[{"href":"https:\/\/theperfumebottles.com\/cs\/wp-json\/wp\/v2\/product\/7021","targetHints":{"allow":["GET"]}}],"collection":[{"href":"https:\/\/theperfumebottles.com\/cs\/wp-json\/wp\/v2\/product"}],"about":[{"href":"https:\/\/theperfumebottles.com\/cs\/wp-json\/wp\/v2\/types\/product"}],"replies":[{"embeddable":true,"href":"https:\/\/theperfumebottles.com\/cs\/wp-json\/wp\/v2\/comments?post=7021"}],"wp:featuredmedia":[{"embeddable":true,"href":"https:\/\/theperfumebottles.com\/cs\/wp-json\/wp\/v2\/media\/7191"}],"wp:attachment":[{"href":"https:\/\/theperfumebottles.com\/cs\/wp-json\/wp\/v2\/media?parent=7021"}],"wp:term":[{"taxonomy":"product_brand","embeddable":true,"href":"https:\/\/theperfumebottles.com\/cs\/wp-json\/wp\/v2\/product_brand?post=7021"},{"taxonomy":"product_cat","embeddable":true,"href":"https:\/\/theperfumebottles.com\/cs\/wp-json\/wp\/v2\/product_cat?post=7021"},{"taxonomy":"product_tag","embeddable":true,"href":"https:\/\/theperfumebottles.com\/cs\/wp-json\/wp\/v2\/product_tag?post=7021"}],"curies":[{"name":"wp","href":"https:\/\/api.w.org\/{rel}","templated":true}]}}