{"id":7026,"date":"2025-11-11T14:11:22","date_gmt":"2025-11-11T06:11:22","guid":{"rendered":"https:\/\/theperfumebottles.com\/?post_type=product&#038;p=7026"},"modified":"2025-11-11T14:23:34","modified_gmt":"2025-11-11T06:23:34","slug":"perfume-refill-bottle-bulk-order","status":"publish","type":"product","link":"https:\/\/theperfumebottles.com\/cs\/produkt\/perfume-refill-bottle-bulk-order\/","title":{"rendered":"5ml n\u00e1pl\u0148 do parf\u00e9mu pro denn\u00ed pou\u017eit\u00ed ve velk\u00e9m"},"content":{"rendered":"<p>Hled\u00e1te lahvi\u010dku parf\u00e9mu, kter\u00e1 by dokonale zv\u00fd\u0161ila vizu\u00e1ln\u00ed p\u0159ita\u017elivost va\u0161\u00ed zna\u010dky. N\u00e1\u0161 plniteln\u00fd flakon na parf\u00e9m o objemu 5 ml je rozhodn\u011b ten prav\u00fd! Je vyroben tak, aby va\u0161e v\u016fn\u011b byla st\u0159edem pozornosti a p\u0159itom st\u00e1le nab\u00edzela p\u0159\u00edjemnou a praktickou kr\u00e1su va\u0161im z\u00e1kazn\u00edk\u016fm. Je t\u011b\u017ek\u00e9 odolat stylu a funkci, kter\u00e9 jdou u tohoto v\u00fdrobku z obalov\u00e9 \u0159ady ruku v ruce.<\/p>\n<h2>Kl\u00ed\u010dov\u00e9 specifikace<\/h2>\n<table style=\"border-collapse: collapse;width: 80%;margin-left: auto;margin-right: auto\" border=\"0\" width=\"144\" cellspacing=\"0\" cellpadding=\"0\">\n<tbody>\n<tr style=\"height: 13.50pt\">\n<td style=\"height: 13.5pt;width: 54pt;text-align: center\" width=\"72\" height=\"18\">Funkce<\/td>\n<td style=\"width: 54pt;text-align: center\" width=\"72\">Podrobnosti<\/td>\n<\/tr>\n<tr style=\"height: 13.50pt\">\n<td style=\"height: 13.5pt;text-align: center\" height=\"18\">Kapacita<\/td>\n<td style=\"text-align: center\">5ml<\/td>\n<\/tr>\n<tr style=\"height: 13.50pt\">\n<td style=\"height: 13.5pt;text-align: center\" height=\"18\">Rozm\u011bry<\/td>\n<td style=\"text-align: center\">1,7 * 8,1 cm<\/td>\n<\/tr>\n<tr style=\"height: 13.50pt\">\n<td style=\"height: 13.5pt;text-align: center\" height=\"18\">Materi\u00e1l<\/td>\n<td style=\"text-align: center\">Hlin\u00edk s pr\u016fhledn\u00fdm sklem<\/td>\n<\/tr>\n<tr style=\"height: 13.50pt\">\n<td style=\"height: 13.5pt;text-align: center\" height=\"18\">Mo\u017enosti barev<\/td>\n<td style=\"text-align: center\">Modr\u00e1, zelen\u00e1, \u010derven\u00e1, \u017elut\u00e1, fialov\u00e1<\/td>\n<\/tr>\n<tr style=\"height: 13.50pt\">\n<td style=\"height: 13.5pt;text-align: center\" height=\"18\">Nejlep\u0161\u00ed pro<\/td>\n<td style=\"text-align: center\">Parf\u00e9my, esenci\u00e1ln\u00ed oleje, vonn\u00e9 spreje<\/td>\n<\/tr>\n<\/tbody>\n<\/table>\n<h2>P\u0159\u00edpad \u00fasp\u011bchu<\/h2>\n<p>Francouzsk\u00e1 zna\u010dka parf\u00e9m\u016f n\u00e1s oslovila, abychom pro jejich p\u0159enosnou \u0159adu upravili tuto hlin\u00edkovou lahvi\u010dku s pr\u016fhledn\u00fdm ok\u00e9nkem pro snadn\u00fd p\u0159ehled o zb\u00fdvaj\u00edc\u00edm mno\u017estv\u00ed parf\u00e9mu. Lahvi\u010dka vyu\u017e\u00edv\u00e1 proces eloxov\u00e1n\u00ed k dosa\u017een\u00ed r\u016fzn\u00fdch z\u00e1\u0159iv\u00fdch barev a je na n\u00ed vyryto logo zna\u010dky.<\/p>\n<p>Po uveden\u00ed nov\u00e9ho obalu se prodej p\u0159enosn\u00e9 \u0159ady zna\u010dky zv\u00fd\u0161il o 38%.<\/p>\n<h2>P\u0159izp\u016fsobte si svou l\u00e1hev<\/h2>\n<ol>\n<li><strong>Volba materi\u00e1lu\u200d\u200d\u200d\u200d\u200d\u200d a kapacity:<\/strong> Kombinace vn\u011bj\u0161\u00edho hlin\u00edkov\u00e9ho pl\u00e1\u0161t\u011b s vnit\u0159n\u00ed sklen\u011bnou nebo plastovou lahv\u00ed vytv\u00e1\u0159\u00ed v\u00fdrobek, kter\u00fd je lehk\u00fd a pevn\u00fd. K dispozici jsou lahvi\u010dky o objemu 5 ml, 8 ml a 10 ml, aby bylo mo\u017en\u00e9 pokr\u00fdt r\u016fzn\u00e9 situace (cestov\u00e1n\u00ed, ka\u017edodenn\u00ed no\u0161en\u00ed atd.).<\/li>\n<li><strong>Konstrukce trysek:<\/strong> M\u016f\u017eete se rozhodnout pro trysku s jemnou mlhou, kterou lze d\u00e1le zdokonalit pro jemn\u011bj\u0161\u00ed rozpra\u0161ov\u00e1n\u00ed, nebo jednodu\u0161e zvolit oto\u010dn\u00fd zaji\u0161\u0165ovac\u00ed mechanismus, kter\u00fd zabr\u00e1n\u00ed n\u00e1hodn\u00e9mu post\u0159\u00edk\u00e1n\u00ed a umo\u017en\u00ed za\u0159\u00edzen\u00ed l\u00e9pe p\u0159en\u00e1\u0161et.<\/li>\n<li><strong>Tvar a pr\u016fhlednost okna:<\/strong> K dispozici jsou p\u0159izp\u016fsobiteln\u00e1 okna r\u016fzn\u00fdch tvar\u016f (prou\u017eek, ov\u00e1l, srdce atd.) s prom\u011bnlivou pr\u016fhlednost\u00ed, kter\u00e1 jsou elegantn\u00ed i u\u017eite\u010dn\u00e1.<\/li>\n<\/ol>","protected":false},"excerpt":{"rendered":"<p>Lehk\u00e1 n\u00e1pl\u0148 do lahvi\u010dky parf\u00e9mu s pr\u016fhledn\u00fdm ok\u00e9nkem. Ide\u00e1ln\u00ed lahvi\u010dka na dopl\u0148ov\u00e1n\u00ed parf\u00e9mu na cesty, snadn\u00e9 p\u0159en\u00e1\u0161en\u00ed a dopl\u0148ov\u00e1n\u00ed kdykoli.<\/p>","protected":false},"featured_media":7027,"comment_status":"open","ping_status":"closed","template":"","meta":{"_acf_changed":false,"site-sidebar-layout":"default","site-content-layout":"","ast-site-content-layout":"default","site-content-style":"default","site-sidebar-style":"default","ast-global-header-display":"","ast-banner-title-visibility":"","ast-main-header-display":"","ast-hfb-above-header-display":"","ast-hfb-below-header-display":"","ast-hfb-mobile-header-display":"","site-post-title":"","ast-breadcrumbs-content":"","ast-featured-img":"","footer-sml-layout":"","ast-disable-related-posts":"","theme-transparent-header-meta":"default","adv-header-id-meta":"","stick-header-meta":"","header-above-stick-meta":"","header-main-stick-meta":"","header-below-stick-meta":"","astra-migrate-meta-layouts":"set","ast-page-background-enabled":"default","ast-page-background-meta":{"desktop":{"background-color":"var(--ast-global-color-5)","background-image":"","background-repeat":"repeat","background-position":"center center","background-size":"auto","background-attachment":"scroll","background-type":"","background-media":"","overlay-type":"","overlay-color":"","overlay-opacity":"","overlay-gradient":""},"tablet":{"background-color":"","background-image":"","background-repeat":"repeat","background-position":"center center","background-size":"auto","background-attachment":"scroll","background-type":"","background-media":"","overlay-type":"","overlay-color":"","overlay-opacity":"","overlay-gradient":""},"mobile":{"background-color":"","background-image":"","background-repeat":"repeat","background-position":"center center","background-size":"auto","background-attachment":"scroll","background-type":"","background-media":"","overlay-type":"","overlay-color":"","overlay-opacity":"","overlay-gradient":""}},"ast-content-background-meta":{"desktop":{"background-color":"var(--ast-global-color-4)","background-image":"","background-repeat":"repeat","background-position":"center center","background-size":"auto","background-attachment":"scroll","background-type":"","background-media":"","overlay-type":"","overlay-color":"","overlay-opacity":"","overlay-gradient":""},"tablet":{"background-color":"var(--ast-global-color-4)","background-image":"","background-repeat":"repeat","background-position":"center center","background-size":"auto","background-attachment":"scroll","background-type":"","background-media":"","overlay-type":"","overlay-color":"","overlay-opacity":"","overlay-gradient":""},"mobile":{"background-color":"var(--ast-global-color-4)","background-image":"","background-repeat":"repeat","background-position":"center center","background-size":"auto","background-attachment":"scroll","background-type":"","background-media":"","overlay-type":"","overlay-color":"","overlay-opacity":"","overlay-gradient":""}}},"product_brand":[],"product_cat":[72,90],"product_tag":[],"class_list":{"0":"post-7026","1":"product","2":"type-product","3":"status-publish","4":"has-post-thumbnail","6":"product_cat-cosmetic-packaging","7":"product_cat-refillable-perfume-bottles","8":"desktop-align-left","9":"tablet-align-left","10":"mobile-align-left","12":"first","13":"instock","14":"shipping-taxable","15":"product-type-simple"},"acf":[],"jetpack_sharing_enabled":true,"_links":{"self":[{"href":"https:\/\/theperfumebottles.com\/cs\/wp-json\/wp\/v2\/product\/7026","targetHints":{"allow":["GET"]}}],"collection":[{"href":"https:\/\/theperfumebottles.com\/cs\/wp-json\/wp\/v2\/product"}],"about":[{"href":"https:\/\/theperfumebottles.com\/cs\/wp-json\/wp\/v2\/types\/product"}],"replies":[{"embeddable":true,"href":"https:\/\/theperfumebottles.com\/cs\/wp-json\/wp\/v2\/comments?post=7026"}],"wp:featuredmedia":[{"embeddable":true,"href":"https:\/\/theperfumebottles.com\/cs\/wp-json\/wp\/v2\/media\/7027"}],"wp:attachment":[{"href":"https:\/\/theperfumebottles.com\/cs\/wp-json\/wp\/v2\/media?parent=7026"}],"wp:term":[{"taxonomy":"product_brand","embeddable":true,"href":"https:\/\/theperfumebottles.com\/cs\/wp-json\/wp\/v2\/product_brand?post=7026"},{"taxonomy":"product_cat","embeddable":true,"href":"https:\/\/theperfumebottles.com\/cs\/wp-json\/wp\/v2\/product_cat?post=7026"},{"taxonomy":"product_tag","embeddable":true,"href":"https:\/\/theperfumebottles.com\/cs\/wp-json\/wp\/v2\/product_tag?post=7026"}],"curies":[{"name":"wp","href":"https:\/\/api.w.org\/{rel}","templated":true}]}}