{"id":7031,"date":"2025-11-11T15:55:53","date_gmt":"2025-11-11T07:55:53","guid":{"rendered":"https:\/\/theperfumebottles.com\/?post_type=product&#038;p=7031"},"modified":"2025-11-11T17:29:30","modified_gmt":"2025-11-11T09:29:30","slug":"10ml-double-end-perfume-bottles-wholesaler","status":"publish","type":"product","link":"https:\/\/theperfumebottles.com\/cs\/produkt\/10ml-double-end-perfume-bottles-wholesaler\/","title":{"rendered":"10ml lahvi\u010dky na parf\u00e9my s dvojit\u00fdm koncem pro cestovn\u00ed v\u016fn\u011b"},"content":{"rendered":"<p>Ani\u017e byste ztratili styl, chcete d\u00f3zu na parf\u00e9m, kter\u00e1 dok\u00e1\u017ee plnit dv\u011b funkce sou\u010dasn\u011b. Na\u0161e 10ml lahvi\u010dky na parf\u00e9my s dvojit\u00fdm uz\u00e1v\u011brem jsou p\u0159esn\u011b ty, kter\u00e9 spl\u0148uj\u00ed po\u017eadavky \u2013 navr\u017een\u00e9 pro kr\u00e1su a ka\u017edodenn\u00ed pohodl\u00ed. Jedna z t\u011bchto sklen\u011bn\u00fdch lahvi\u010dek 2 v 1 zcela zm\u011bn\u00ed v\u00e1\u0161 z\u00e1\u017eitek z v\u016fn\u011b a budete ohromeni.<\/p>\n<h2>Kl\u00ed\u010dov\u00e9 specifikace<\/h2>\n<table style=\"border-collapse: collapse;width: 80%;margin-left: auto;margin-right: auto\" border=\"0\" width=\"144\" cellspacing=\"0\" cellpadding=\"0\">\n<tbody>\n<tr style=\"height: 13.50pt\">\n<td style=\"height: 13.5pt;width: 54pt;text-align: center\" width=\"72\" height=\"18\">Funkce<\/td>\n<td style=\"width: 54pt;text-align: center\" width=\"72\">Podrobnosti<\/td>\n<\/tr>\n<tr style=\"height: 13.50pt\">\n<td style=\"height: 13.5pt;text-align: center\" height=\"18\">Kapacita<\/td>\n<td style=\"text-align: center\">10ml<\/td>\n<\/tr>\n<tr style=\"height: 13.50pt\">\n<td style=\"height: 13.5pt;text-align: center\" height=\"18\">Rozm\u011bry<\/td>\n<td style=\"text-align: center\">1,9 * 10,5 cm<\/td>\n<\/tr>\n<tr style=\"height: 13.50pt\">\n<td style=\"height: 13.5pt;text-align: center\" height=\"18\">Mo\u017enosti skla<\/td>\n<td style=\"text-align: center\">\u010cir\u00e1 nebo jantarov\u00e1<\/td>\n<\/tr>\n<tr style=\"height: 13.50pt\">\n<td style=\"height: 13.5pt;text-align: center\" height=\"18\">Barvy \u010depic<\/td>\n<td style=\"text-align: center\">\u010cern\u00e1, st\u0159\u00edbrn\u00e1, zlat\u00e1 (p\u0159izp\u016fsobiteln\u00e9)<\/td>\n<\/tr>\n<tr style=\"height: 13.50pt\">\n<td style=\"height: 13.5pt;text-align: center\" height=\"18\">Typy atomiz\u00e9r\u016f<\/td>\n<td style=\"text-align: center\">Sprej a roll-on (dvojit\u00e1 hlavice)<\/td>\n<\/tr>\n<tr style=\"height: 13.50pt\">\n<td style=\"height: 13.5pt;text-align: center\" height=\"18\">Nejlep\u0161\u00ed pro<\/td>\n<td style=\"text-align: center\">Parf\u00e9my, esenci\u00e1ln\u00ed oleje, t\u011blov\u00e9 spreje<\/td>\n<\/tr>\n<\/tbody>\n<\/table>\n<h2>P\u0159\u00edpad \u00fasp\u011bchu<\/h2>\n<p>Oslovila n\u00e1s \u0161pan\u011blsk\u00e1 zna\u010dka parf\u00e9m\u016f s \u017e\u00e1dost\u00ed o personalizaci t\u00e9to oboustrann\u00e9 n\u00e1pln\u011b do parf\u00e9mu, kter\u00e1 v podstat\u011b m\u00e1 jeden konec jemnou trysku na rozpra\u0161ov\u00e1n\u00ed a druh\u00fd konec kuli\u010dkov\u00fd hrot z nerezov\u00e9 oceli pro p\u0159esnou aplikaci. Zvolili si jantarov\u00fd gradientn\u00ed povrch a logo zna\u010dky si laserem vygrav\u00edrovali na kovov\u00fd uz\u00e1v\u011br, tak\u017ee jejich minimalistick\u00e1 a z\u00e1rove\u0148 luxusn\u00ed estetika se pro n\u011b skv\u011ble hodila.<\/p>\n<p>Tento mal\u00fd chytr\u00fd n\u00e1pad se setkal s velk\u00fdm ohlasem z\u00e1kazn\u00edk\u016f a v d\u016fsledku toho se prodej produkt\u016f cestovn\u00ed velikosti po uveden\u00ed na trh zv\u00fd\u0161il o 30 %.<\/p>\n<h2>P\u0159izp\u016fsobte si svou l\u00e1hev<\/h2>\n<ol>\n<li><strong>\u00daprava barvy lahve:<\/strong> Vyberte si z \u010dir\u00fdch, hn\u011bd\u00fdch, gradientn\u00edch nebo matn\u00fdch odst\u00edn\u016f, kter\u00e9 budou ladit s \u0159adou parf\u00e9m\u016f va\u0161\u00ed zna\u010dky nebo sez\u00f3nn\u00edm t\u00e9matem.<\/li>\n<li><strong>Materi\u00e1l a barva \u010depice:<\/strong> Vyzna\u010duje se r\u016fzn\u00fdmi kovov\u00fdmi vzhledy, jako je galvanicky pokoven\u00e9 zlato, st\u0159\u00edbro, \u010dern\u00e1 a r\u016f\u017eov\u00e9 zlato, co\u017e zvy\u0161uje celkovou \u00farove\u0148 produktu.<\/li>\n<li><strong>Kombinace rozpra\u0161ova\u010de a kulov\u00e9 trysky:<\/strong> Personalizovan\u00e1 tryska s jednou rozpra\u0161ovac\u00ed hlavou, konstrukce s dv\u011bma hlavicemi nebo odn\u00edmateln\u00e1 konstrukce pro snadn\u00e9 pln\u011bn\u00ed a multifunk\u010dn\u00ed pou\u017eit\u00ed.<\/li>\n<\/ol>","protected":false},"excerpt":{"rendered":"<p>Stylov\u00e9 lahvi\u010dky na parf\u00e9my s dvojit\u00fdm uz\u00e1v\u011brem vyroben\u00e9 z odoln\u00e9ho skla 2 v 1, ide\u00e1ln\u00ed pro uchov\u00e1n\u00ed dvou v\u016fn\u00ed v jedn\u00e9 kompaktn\u00ed a nepropustn\u00e9 n\u00e1dob\u011b.<\/p>","protected":false},"featured_media":7033,"comment_status":"open","ping_status":"closed","template":"","meta":{"_acf_changed":false,"site-sidebar-layout":"default","site-content-layout":"","ast-site-content-layout":"default","site-content-style":"default","site-sidebar-style":"default","ast-global-header-display":"","ast-banner-title-visibility":"","ast-main-header-display":"","ast-hfb-above-header-display":"","ast-hfb-below-header-display":"","ast-hfb-mobile-header-display":"","site-post-title":"","ast-breadcrumbs-content":"","ast-featured-img":"","footer-sml-layout":"","ast-disable-related-posts":"","theme-transparent-header-meta":"default","adv-header-id-meta":"","stick-header-meta":"","header-above-stick-meta":"","header-main-stick-meta":"","header-below-stick-meta":"","astra-migrate-meta-layouts":"set","ast-page-background-enabled":"default","ast-page-background-meta":{"desktop":{"background-color":"var(--ast-global-color-5)","background-image":"","background-repeat":"repeat","background-position":"center center","background-size":"auto","background-attachment":"scroll","background-type":"","background-media":"","overlay-type":"","overlay-color":"","overlay-opacity":"","overlay-gradient":""},"tablet":{"background-color":"","background-image":"","background-repeat":"repeat","background-position":"center center","background-size":"auto","background-attachment":"scroll","background-type":"","background-media":"","overlay-type":"","overlay-color":"","overlay-opacity":"","overlay-gradient":""},"mobile":{"background-color":"","background-image":"","background-repeat":"repeat","background-position":"center center","background-size":"auto","background-attachment":"scroll","background-type":"","background-media":"","overlay-type":"","overlay-color":"","overlay-opacity":"","overlay-gradient":""}},"ast-content-background-meta":{"desktop":{"background-color":"var(--ast-global-color-4)","background-image":"","background-repeat":"repeat","background-position":"center center","background-size":"auto","background-attachment":"scroll","background-type":"","background-media":"","overlay-type":"","overlay-color":"","overlay-opacity":"","overlay-gradient":""},"tablet":{"background-color":"var(--ast-global-color-4)","background-image":"","background-repeat":"repeat","background-position":"center center","background-size":"auto","background-attachment":"scroll","background-type":"","background-media":"","overlay-type":"","overlay-color":"","overlay-opacity":"","overlay-gradient":""},"mobile":{"background-color":"var(--ast-global-color-4)","background-image":"","background-repeat":"repeat","background-position":"center center","background-size":"auto","background-attachment":"scroll","background-type":"","background-media":"","overlay-type":"","overlay-color":"","overlay-opacity":"","overlay-gradient":""}}},"product_brand":[],"product_cat":[72,90,41],"product_tag":[],"class_list":{"0":"post-7031","1":"product","2":"type-product","3":"status-publish","4":"has-post-thumbnail","6":"product_cat-cosmetic-packaging","7":"product_cat-refillable-perfume-bottles","8":"product_cat-perfume-bottles","9":"desktop-align-left","10":"tablet-align-left","11":"mobile-align-left","13":"first","14":"instock","15":"shipping-taxable","16":"product-type-simple"},"acf":[],"jetpack_sharing_enabled":true,"_links":{"self":[{"href":"https:\/\/theperfumebottles.com\/cs\/wp-json\/wp\/v2\/product\/7031","targetHints":{"allow":["GET"]}}],"collection":[{"href":"https:\/\/theperfumebottles.com\/cs\/wp-json\/wp\/v2\/product"}],"about":[{"href":"https:\/\/theperfumebottles.com\/cs\/wp-json\/wp\/v2\/types\/product"}],"replies":[{"embeddable":true,"href":"https:\/\/theperfumebottles.com\/cs\/wp-json\/wp\/v2\/comments?post=7031"}],"wp:featuredmedia":[{"embeddable":true,"href":"https:\/\/theperfumebottles.com\/cs\/wp-json\/wp\/v2\/media\/7033"}],"wp:attachment":[{"href":"https:\/\/theperfumebottles.com\/cs\/wp-json\/wp\/v2\/media?parent=7031"}],"wp:term":[{"taxonomy":"product_brand","embeddable":true,"href":"https:\/\/theperfumebottles.com\/cs\/wp-json\/wp\/v2\/product_brand?post=7031"},{"taxonomy":"product_cat","embeddable":true,"href":"https:\/\/theperfumebottles.com\/cs\/wp-json\/wp\/v2\/product_cat?post=7031"},{"taxonomy":"product_tag","embeddable":true,"href":"https:\/\/theperfumebottles.com\/cs\/wp-json\/wp\/v2\/product_tag?post=7031"}],"curies":[{"name":"wp","href":"https:\/\/api.w.org\/{rel}","templated":true}]}}