{"id":7062,"date":"2025-11-20T11:41:58","date_gmt":"2025-11-20T03:41:58","guid":{"rendered":"https:\/\/theperfumebottles.com\/?post_type=product&#038;p=7062"},"modified":"2025-11-20T17:15:55","modified_gmt":"2025-11-20T09:15:55","slug":"2-in-1-spray-bottle-with-roller-ball-wholesale","status":"publish","type":"product","link":"https:\/\/theperfumebottles.com\/cs\/produkt\/2-in-1-spray-bottle-with-roller-ball-wholesale\/","title":{"rendered":"Velkoobchodn\u00ed rozpra\u0161ova\u010d 2 v 1 s kuli\u010dkou 10 ml"},"content":{"rendered":"<p>Lahvi\u010dka na parf\u00e9m, kterou si p\u0159ejete, mus\u00ed b\u00fdt nejen efektivn\u00ed, ale tak\u00e9 dob\u0159e vypadat. Na\u0161e mal\u00e9 sklen\u011bn\u00e9 roll-on lahvi\u010dky o objemu 10 ml jsou p\u0159esn\u011b to, co jste hledali \u2013 skute\u010dn\u00fd z\u00e1\u017eitek z lahvi\u010dky s rozpra\u0161ova\u010dem 2 v 1, kter\u00fd se hod\u00ed pro va\u0161i \u0159adu v\u016fn\u00ed. Tato sklen\u011bn\u00e1 lahvi\u010dka na parf\u00e9m bezpochyby rozz\u00e1\u0159\u00ed va\u0161i zna\u010dku a tomu neodol\u00e1te.<\/p>\n<h2>Kl\u00ed\u010dov\u00e9 specifikace<\/h2>\n<table style=\"border-collapse: collapse;width: 80%;margin-left: auto;margin-right: auto\" border=\"0\" width=\"144\" cellspacing=\"0\" cellpadding=\"0\">\n<tbody>\n<tr style=\"height: 13.50pt\">\n<td style=\"height: 13.5pt;width: 54pt;text-align: center\" width=\"72\" height=\"18\">Funkce<\/td>\n<td style=\"width: 54pt;text-align: center\" width=\"72\">Podrobnosti<\/td>\n<\/tr>\n<tr style=\"height: 13.50pt\">\n<td style=\"height: 13.5pt;text-align: center\" height=\"18\">Kapacita<\/td>\n<td style=\"text-align: center\">10ml<\/td>\n<\/tr>\n<tr style=\"height: 13.50pt\">\n<td style=\"height: 13.5pt;text-align: center\" height=\"18\">Rozm\u011bry<\/td>\n<td style=\"text-align: center\">1,6 * 10,0 cm<\/td>\n<\/tr>\n<tr style=\"height: 13.50pt\">\n<td style=\"height: 13.5pt;text-align: center\" height=\"18\">Barvy<\/td>\n<td style=\"text-align: center\">St\u0159\u00edbrn\u00e1, \u010dern\u00e1, zlat\u00e1 (p\u0159izp\u016fsobiteln\u00e9)<\/td>\n<\/tr>\n<tr style=\"height: 13.50pt\">\n<td style=\"height: 13.5pt;text-align: center\" height=\"18\">Rozpra\u0161ova\u010d<\/td>\n<td style=\"text-align: center\">St\u0159\u00edkac\u00ed a v\u00e1le\u010dkov\u00fd (dvojit\u00e1 hlava)<\/td>\n<\/tr>\n<tr style=\"height: 13.50pt\">\n<td style=\"height: 13.5pt;text-align: center\" height=\"18\">Nejlep\u0161\u00ed pro<\/td>\n<td style=\"text-align: center\">Parf\u00e9my, esenci\u00e1ln\u00ed oleje, vonn\u00e9 spreje<\/td>\n<\/tr>\n<\/tbody>\n<\/table>\n<h2>P\u0159\u00edpad \u00fasp\u011bchu<\/h2>\n<p>Oslovila n\u00e1s kanadsk\u00e1 spole\u010dnost zab\u00fdvaj\u00edc\u00ed se parf\u00e9my, kter\u00e1 cht\u011bla p\u0159enosn\u00e9 balen\u00ed, kter\u00e9 by umo\u017enilo uchov\u00e1vat jemnou parf\u00e9movou mlhu i sm\u011bs p\u0159\u00edrodn\u00edch olej\u016f. Na\u0161\u00edm \u0159e\u0161en\u00edm byla lahvi\u010dka s rozpra\u0161ova\u010dem 2 v 1 s elegantn\u00edm kovov\u00fdm exteri\u00e9rem a mal\u00fdm vestav\u011bn\u00fdm sklen\u011bn\u00fdm kuli\u010dkov\u00fdm aplik\u00e1torem. Po barevn\u00e9 \u00faprav\u011b lahvi\u010dky a vylep\u0161en\u00ed rozpra\u0161ovac\u00ed pumpi\u010dky pro jemn\u011bj\u0161\u00ed mlhu zna\u010dka p\u0159edstavila cestovn\u00ed kolekci, kter\u00e1 se brzy stala jejich nejprod\u00e1van\u011bj\u0161\u00edm d\u00e1rkem.<\/p>\n<p>Objem objedn\u00e1vek velk\u00e9ho mno\u017estv\u00ed vzrostl za pouh\u00e9 dva m\u011bs\u00edce o 40 %.<\/p>\n<h2>P\u0159izp\u016fsobte si svou 2v1 rozpra\u0161ova\u010d<\/h2>\n<ol>\n<li><strong>Nastaviteln\u00e1 barva galvanick\u00e9ho pokovov\u00e1n\u00ed:<\/strong> Vyberte si barvu galvanick\u00e9ho pokovov\u00e1n\u00ed, nap\u0159\u00edklad zlatou, st\u0159\u00edbrnou, r\u016f\u017eovo-zlatou, broncovou nebo jakoukoli jinou, abyste sv\u00e9 zna\u010dce dodali konzistentn\u011bj\u0161\u00ed vzhled.<\/li>\n<li><strong>R\u016fzn\u00e9 materi\u00e1ly pro kuli\u010dkov\u00e1 lo\u017eiska:<\/strong> Nab\u00eddn\u011bte r\u016fzn\u00e9 typy kuli\u010dkov\u00fdch lo\u017eisek, jako je sklo, nerezov\u00e1 ocel a keramika, aby odpov\u00eddaly textu\u0159e esenci\u00e1ln\u00edch olej\u016f nebo parf\u00e9m\u016f.<\/li>\n<li><strong>Branding a dekorativn\u00ed vzor:<\/strong> V\u00fdb\u011br z technik s\u00edtotisku, laserov\u00e9ho grav\u00edrov\u00e1n\u00ed, hork\u00e9 ra\u017eby a dal\u0161\u00edch, kter\u00e9 zv\u00fdrazn\u00ed va\u0161i zna\u010dku a zv\u00fd\u0161\u00ed jej\u00ed rozpoznatelnost.<\/li>\n<\/ol>","protected":false},"excerpt":{"rendered":"<p>V\u0161estrann\u00e1 lahvi\u010dka s rozpra\u0161ova\u010dem 2 v 1 s kuli\u010dkou, ide\u00e1ln\u00ed pro v\u016fn\u011b nebo oleje. Dod\u00e1v\u00e1 se p\u0159\u00edmo z tov\u00e1rny s mo\u017enost\u00ed zak\u00e1zkov\u00e9ho dod\u00e1n\u00ed. K dispozici k okam\u017eit\u00e9mu dod\u00e1n\u00ed.<\/p>","protected":false},"featured_media":7063,"comment_status":"open","ping_status":"closed","template":"","meta":{"_acf_changed":false,"site-sidebar-layout":"default","site-content-layout":"","ast-site-content-layout":"default","site-content-style":"default","site-sidebar-style":"default","ast-global-header-display":"","ast-banner-title-visibility":"","ast-main-header-display":"","ast-hfb-above-header-display":"","ast-hfb-below-header-display":"","ast-hfb-mobile-header-display":"","site-post-title":"","ast-breadcrumbs-content":"","ast-featured-img":"","footer-sml-layout":"","ast-disable-related-posts":"","theme-transparent-header-meta":"default","adv-header-id-meta":"","stick-header-meta":"","header-above-stick-meta":"","header-main-stick-meta":"","header-below-stick-meta":"","astra-migrate-meta-layouts":"set","ast-page-background-enabled":"default","ast-page-background-meta":{"desktop":{"background-color":"var(--ast-global-color-5)","background-image":"","background-repeat":"repeat","background-position":"center center","background-size":"auto","background-attachment":"scroll","background-type":"","background-media":"","overlay-type":"","overlay-color":"","overlay-opacity":"","overlay-gradient":""},"tablet":{"background-color":"","background-image":"","background-repeat":"repeat","background-position":"center center","background-size":"auto","background-attachment":"scroll","background-type":"","background-media":"","overlay-type":"","overlay-color":"","overlay-opacity":"","overlay-gradient":""},"mobile":{"background-color":"","background-image":"","background-repeat":"repeat","background-position":"center center","background-size":"auto","background-attachment":"scroll","background-type":"","background-media":"","overlay-type":"","overlay-color":"","overlay-opacity":"","overlay-gradient":""}},"ast-content-background-meta":{"desktop":{"background-color":"var(--ast-global-color-4)","background-image":"","background-repeat":"repeat","background-position":"center center","background-size":"auto","background-attachment":"scroll","background-type":"","background-media":"","overlay-type":"","overlay-color":"","overlay-opacity":"","overlay-gradient":""},"tablet":{"background-color":"var(--ast-global-color-4)","background-image":"","background-repeat":"repeat","background-position":"center center","background-size":"auto","background-attachment":"scroll","background-type":"","background-media":"","overlay-type":"","overlay-color":"","overlay-opacity":"","overlay-gradient":""},"mobile":{"background-color":"var(--ast-global-color-4)","background-image":"","background-repeat":"repeat","background-position":"center center","background-size":"auto","background-attachment":"scroll","background-type":"","background-media":"","overlay-type":"","overlay-color":"","overlay-opacity":"","overlay-gradient":""}}},"product_brand":[],"product_cat":[72,90,41],"product_tag":[],"class_list":{"0":"post-7062","1":"product","2":"type-product","3":"status-publish","4":"has-post-thumbnail","6":"product_cat-cosmetic-packaging","7":"product_cat-refillable-perfume-bottles","8":"product_cat-perfume-bottles","9":"desktop-align-left","10":"tablet-align-left","11":"mobile-align-left","13":"first","14":"instock","15":"shipping-taxable","16":"product-type-simple"},"acf":[],"jetpack_sharing_enabled":true,"_links":{"self":[{"href":"https:\/\/theperfumebottles.com\/cs\/wp-json\/wp\/v2\/product\/7062","targetHints":{"allow":["GET"]}}],"collection":[{"href":"https:\/\/theperfumebottles.com\/cs\/wp-json\/wp\/v2\/product"}],"about":[{"href":"https:\/\/theperfumebottles.com\/cs\/wp-json\/wp\/v2\/types\/product"}],"replies":[{"embeddable":true,"href":"https:\/\/theperfumebottles.com\/cs\/wp-json\/wp\/v2\/comments?post=7062"}],"wp:featuredmedia":[{"embeddable":true,"href":"https:\/\/theperfumebottles.com\/cs\/wp-json\/wp\/v2\/media\/7063"}],"wp:attachment":[{"href":"https:\/\/theperfumebottles.com\/cs\/wp-json\/wp\/v2\/media?parent=7062"}],"wp:term":[{"taxonomy":"product_brand","embeddable":true,"href":"https:\/\/theperfumebottles.com\/cs\/wp-json\/wp\/v2\/product_brand?post=7062"},{"taxonomy":"product_cat","embeddable":true,"href":"https:\/\/theperfumebottles.com\/cs\/wp-json\/wp\/v2\/product_cat?post=7062"},{"taxonomy":"product_tag","embeddable":true,"href":"https:\/\/theperfumebottles.com\/cs\/wp-json\/wp\/v2\/product_tag?post=7062"}],"curies":[{"name":"wp","href":"https:\/\/api.w.org\/{rel}","templated":true}]}}