{"id":3,"date":"2024-12-05T06:22:48","date_gmt":"2024-12-05T06:22:48","guid":{"rendered":"https:\/\/theperfumebottles.com\/?page_id=3"},"modified":"2025-10-31T10:10:35","modified_gmt":"2025-10-31T02:10:35","slug":"privacy-policy","status":"publish","type":"page","link":"https:\/\/theperfumebottles.com\/da\/privacy-policy\/","title":{"rendered":"Privatlivspolitik"},"content":{"rendered":"<div data-elementor-type=\"wp-page\" data-elementor-id=\"3\" class=\"elementor elementor-3\" data-elementor-settings=\"{&quot;ha_cmc_init_switcher&quot;:&quot;no&quot;}\" data-elementor-post-type=\"page\">\n\t\t\t\t<div class=\"elementor-element elementor-element-7292605e e-flex e-con-boxed e-con e-parent\" data-id=\"7292605e\" data-element_type=\"container\" data-e-type=\"container\" data-settings=\"{&quot;_ha_eqh_enable&quot;:false}\">\n\t\t\t\t\t<div class=\"e-con-inner\">\n\t\t\t\t<div class=\"elementor-element elementor-element-23aa057f elementor-widget elementor-widget-text-editor\" data-id=\"23aa057f\" data-element_type=\"widget\" data-e-type=\"widget\" data-widget_type=\"text-editor.default\">\n\t\t\t\t<div class=\"elementor-widget-container\">\n\t\t\t\t\t\t\t\t\t<p>Denne fortrolighedspolitik beskriver, hvordan dine personlige oplysninger indsamles, bruges og deles, n\u00e5r du bes\u00f8ger eller foretager et k\u00f8b fra theperfumebottles.com (\"webstedet\").<\/p>\n<p><span style=\"color: #002b5b;\"><strong>PERSONLIGE OPLYSNINGER, VI INDSAMLER<\/strong><\/span><\/p>\n<p>N\u00e5r du bes\u00f8ger webstedet, indsamler vi automatisk visse oplysninger om din enhed, herunder oplysninger om din webbrowser, IP-adresse, tidszone og nogle af de cookies, der er installeret p\u00e5 din enhed. N\u00e5r du surfer p\u00e5 webstedet, indsamler vi desuden oplysninger om de enkelte websider eller produkter, du ser, hvilke websteder eller s\u00f8getermer, der henviste dig til webstedet, og oplysninger om, hvordan du interagerer med webstedet. Vi henviser til disse automatisk indsamlede oplysninger som \"Enhedsoplysninger\".<\/p>\n<p>Vi indsamler enhedsoplysninger ved hj\u00e6lp af f\u00f8lgende teknologier:<br \/>- \"Cookies\" er datafiler, der placeres p\u00e5 din enhed eller computer, og som ofte indeholder en anonym, unik identifikator. Du kan f\u00e5 flere oplysninger om cookies, og hvordan du deaktiverer cookies, p\u00e5 http:\/\/www.allaboutcookies.org.<br \/>- \"Logfiler\" sporer handlinger, der finder sted p\u00e5 webstedet, og indsamler data, herunder din IP-adresse, browsertype, internetudbyder, henvisnings-\/udgangssider og dato-\/tidsstempler.<br \/>- \"Web beacons\", \"tags\" og \"pixels\" er elektroniske filer, der bruges til at registrere oplysninger om, hvordan du surfer p\u00e5 webstedet.<\/p>\n<p>N\u00e5r du foretager et k\u00f8b eller fors\u00f8ger at foretage et k\u00f8b via webstedet, indsamler vi desuden visse oplysninger fra dig, herunder dit navn, faktureringsadresse, leveringsadresse, betalingsoplysninger, e-mailadresse og telefonnummer. Vi henviser til disse oplysninger som \"ordreoplysninger\".<\/p>\n<p>N\u00e5r vi taler om \"personlige oplysninger\" i denne fortrolighedspolitik, taler vi b\u00e5de om enhedsoplysninger og ordreoplysninger.<\/p>\n<p><span style=\"color: #002b5b;\"><strong>HVORDAN BRUGER VI DINE PERSONLIGE OPLYSNINGER?<\/strong><\/span><\/p>\n<p>Vi bruger de ordreoplysninger, vi indsamler, generelt til at opfylde alle ordrer, der er afgivet via webstedet (herunder behandling af dine betalingsoplysninger, arrangering af forsendelse og levering af fakturaer og\/eller ordrebekr\u00e6ftelser til dig). Derudover bruger vi disse ordreoplysninger til at:<br \/>- Kommunikere med dig;<br \/>- Screene vores ordrer for potentiel risiko eller svindel; <br \/>- N\u00e5r det er i overensstemmelse med de pr\u00e6ferencer, du har delt med os, give dig oplysninger eller reklamer vedr\u00f8rende vores produkter eller tjenester.<\/p>\n<p>Vi bruger de enhedsoplysninger, vi indsamler, til at hj\u00e6lpe os med at screene for potentiel risiko og svindel (is\u00e6r din IP-adresse) og mere generelt til at forbedre og optimere vores websted (for eksempel ved at generere analyser om, hvordan vores kunder gennemser og interagerer med webstedet, og til at vurdere succesen af vores marketing- og reklamekampagner).<\/p>\n<p><span style=\"color: #002b5b;\"><strong>DELING AF DINE PERSONLIGE OPLYSNINGER<\/strong><\/span><\/p>\n<p>Vi deler dine personlige oplysninger med tredjeparter for at hj\u00e6lpe os med at bruge dine personlige oplysninger som beskrevet ovenfor. <br \/>Vi bruger Google Analytics til at hj\u00e6lpe os med at forst\u00e5, hvordan vores kunder bruger webstedet - du kan l\u00e6se mere om, hvordan Google bruger dine personlige oplysninger her: https:\/\/www.google.com\/intl\/en\/policies\/privacy\/. Du kan ogs\u00e5 frav\u00e6lge Google Analytics her: https:\/\/tools.google.com\/dlpage\/gaoptout\/.<\/p>\n<p>Endelig kan vi ogs\u00e5 dele dine personlige oplysninger for at overholde g\u00e6ldende love og regler, for at reagere p\u00e5 en st\u00e6vning, ransagningskendelse eller andre lovlige anmodninger om oplysninger, vi modtager, eller for p\u00e5 anden m\u00e5de at beskytte vores rettigheder.<\/p>\n<p><span style=\"color: #002b5b;\"><strong>SPOR IKKE<\/strong><\/span><\/p>\n<p>Bem\u00e6rk, at vi ikke \u00e6ndrer vores websteds dataindsamling og brugspraksis, n\u00e5r vi ser et Do Not Track-signal fra din browser.<\/p>\n<p><span style=\"color: #002b5b;\"><strong>DINE RETTIGHEDER<\/strong><\/span><\/p>\n<p>Detaljer<\/p>\n<p>Hvis du er bosiddende i Europa, bem\u00e6rker vi desuden, at vi behandler dine oplysninger for at opfylde kontrakter, vi m\u00e5tte have med dig (f.eks. hvis du foretager en bestilling via webstedet), eller p\u00e5 anden m\u00e5de for at forf\u00f8lge vores legitime forretningsinteresser, der er anf\u00f8rt ovenfor. Bem\u00e6rk desuden, at dine oplysninger vil blive overf\u00f8rt uden for Europa, herunder til Canada og USA.<\/p>\n<p><span style=\"color: #002b5b;\"><strong>BEVARELSE AF DATA<\/strong><\/span><\/p>\n<p>N\u00e5r du afgiver en ordre via webstedet, opbevarer vi dine ordreoplysninger i vores optegnelser, medmindre og indtil du beder os om at slette disse oplysninger.<\/p>\n<p><span style=\"color: #002b5b;\"><strong>\u00c6NDRINGER<\/strong><\/span><\/p>\n<p>Vi kan opdatere denne privatlivspolitik fra tid til anden for at afspejle f.eks. \u00e6ndringer i vores praksis eller af andre driftsm\u00e6ssige, juridiske eller lovgivningsm\u00e6ssige \u00e5rsager.<\/p>\n<p><span style=\"color: #002b5b;\"><strong>MINORER<\/strong><\/span><\/p>\n<p>Webstedet er ikke beregnet til personer under 18 \u00e5r.<\/p>\n<p><span style=\"color: #002b5b;\"><strong>KONTAKT OS<\/strong><\/span><\/p>\n<p>Hvis du vil have flere oplysninger om vores praksis for beskyttelse af personlige oplysninger, hvis du har sp\u00f8rgsm\u00e5l, eller hvis du vil klage, bedes du kontakte os.<\/p>\t\t\t\t\t\t\t\t<\/div>\n\t\t\t\t<\/div>\n\t\t\t\t\t<\/div>\n\t\t\t\t<\/div>\n\t\t\t\t<\/div>","protected":false},"excerpt":{"rendered":"<p>Denne privatlivspolitik beskriver, hvordan dine personlige oplysninger indsamles, bruges og deles, n\u00e5r du bes\u00f8ger eller foretager et k\u00f8b [...].<\/p>","protected":false},"author":1,"featured_media":0,"parent":0,"menu_order":111,"comment_status":"closed","ping_status":"closed","template":"","meta":{"_acf_changed":false,"site-sidebar-layout":"default","site-content-layout":"","ast-site-content-layout":"default","site-content-style":"default","site-sidebar-style":"default","ast-global-header-display":"","ast-banner-title-visibility":"","ast-main-header-display":"","ast-hfb-above-header-display":"","ast-hfb-below-header-display":"","ast-hfb-mobile-header-display":"","site-post-title":"","ast-breadcrumbs-content":"","ast-featured-img":"","footer-sml-layout":"","ast-disable-related-posts":"","theme-transparent-header-meta":"","adv-header-id-meta":"","stick-header-meta":"","header-above-stick-meta":"","header-main-stick-meta":"","header-below-stick-meta":"","astra-migrate-meta-layouts":"default","ast-page-background-enabled":"default","ast-page-background-meta":{"desktop":{"background-color":"var(--ast-global-color-5)","background-image":"","background-repeat":"repeat","background-position":"center center","background-size":"auto","background-attachment":"scroll","background-type":"","background-media":"","overlay-type":"","overlay-color":"","overlay-opacity":"","overlay-gradient":""},"tablet":{"background-color":"","background-image":"","background-repeat":"repeat","background-position":"center center","background-size":"auto","background-attachment":"scroll","background-type":"","background-media":"","overlay-type":"","overlay-color":"","overlay-opacity":"","overlay-gradient":""},"mobile":{"background-color":"","background-image":"","background-repeat":"repeat","background-position":"center center","background-size":"auto","background-attachment":"scroll","background-type":"","background-media":"","overlay-type":"","overlay-color":"","overlay-opacity":"","overlay-gradient":""}},"ast-content-background-meta":{"desktop":{"background-color":"var(--ast-global-color-4)","background-image":"","background-repeat":"repeat","background-position":"center center","background-size":"auto","background-attachment":"scroll","background-type":"","background-media":"","overlay-type":"","overlay-color":"","overlay-opacity":"","overlay-gradient":""},"tablet":{"background-color":"var(--ast-global-color-4)","background-image":"","background-repeat":"repeat","background-position":"center center","background-size":"auto","background-attachment":"scroll","background-type":"","background-media":"","overlay-type":"","overlay-color":"","overlay-opacity":"","overlay-gradient":""},"mobile":{"background-color":"var(--ast-global-color-4)","background-image":"","background-repeat":"repeat","background-position":"center center","background-size":"auto","background-attachment":"scroll","background-type":"","background-media":"","overlay-type":"","overlay-color":"","overlay-opacity":"","overlay-gradient":""}},"footnotes":""},"class_list":["post-3","page","type-page","status-publish","hentry"],"acf":[],"jetpack_sharing_enabled":true,"_links":{"self":[{"href":"https:\/\/theperfumebottles.com\/da\/wp-json\/wp\/v2\/pages\/3","targetHints":{"allow":["GET"]}}],"collection":[{"href":"https:\/\/theperfumebottles.com\/da\/wp-json\/wp\/v2\/pages"}],"about":[{"href":"https:\/\/theperfumebottles.com\/da\/wp-json\/wp\/v2\/types\/page"}],"author":[{"embeddable":true,"href":"https:\/\/theperfumebottles.com\/da\/wp-json\/wp\/v2\/users\/1"}],"replies":[{"embeddable":true,"href":"https:\/\/theperfumebottles.com\/da\/wp-json\/wp\/v2\/comments?post=3"}],"version-history":[{"count":5,"href":"https:\/\/theperfumebottles.com\/da\/wp-json\/wp\/v2\/pages\/3\/revisions"}],"predecessor-version":[{"id":2216,"href":"https:\/\/theperfumebottles.com\/da\/wp-json\/wp\/v2\/pages\/3\/revisions\/2216"}],"wp:attachment":[{"href":"https:\/\/theperfumebottles.com\/da\/wp-json\/wp\/v2\/media?parent=3"}],"curies":[{"name":"wp","href":"https:\/\/api.w.org\/{rel}","templated":true}]}}