{"id":1731,"date":"2025-02-06T04:04:27","date_gmt":"2025-02-06T04:04:27","guid":{"rendered":"https:\/\/theperfumebottles.com\/?post_type=product&#038;p=1731"},"modified":"2025-05-30T17:17:57","modified_gmt":"2025-05-30T09:17:57","slug":"10ml-mini-cologne-bottles-bulk","status":"publish","type":"product","link":"https:\/\/theperfumebottles.com\/da\/vare\/10ml-mini-cologne-bottles-bulk\/","title":{"rendered":"10 ml mini-cologneflasker til parfumem\u00e6rker"},"content":{"rendered":"<p>Den 10 ml mini-cologneflaske er lige s\u00e5 pr\u00e6cis som et schweizisk ur. Det tredobbelte specialfremstillede h\u00e5ndv\u00e6rk med frosting\/udsk\u00e6ring\/varmpr\u00e6gning g\u00f8r hver detalje til en beholder af brandets sj\u00e6l. Det l\u00e6kagesikre design og den b\u00e6rbare st\u00f8rrelse g\u00f8r det muligt for duftrejsepakken eller pr\u00f8vepakken at blomstre som en lydl\u00f8s kvalitetserkl\u00e6ring i din h\u00e5ndflade \u2013 fra batch-tests af fast fashion-m\u00e6rker til begr\u00e6nsede gave\u00e6sker med eksklusive joint-modeller, denne mini-flaske b\u00e6rer stor energi med sin uds\u00f8gte volumen. Den er ikke kun en olfaktorisk krog til at n\u00e5 nye kunder, men ogs\u00e5 et usynligt led til gentagne k\u00f8b, hvilket g\u00f8r hver dr\u00e5be duft til en trigger for brandhukommelse.<\/p>\n<table style=\"border-collapse: collapse;margin-left: auto;margin-right: auto;width: 90%;height: 596px\" border=\"0\" width=\"90%\" cellspacing=\"0\" cellpadding=\"0\">\n<tbody>\n<tr style=\"height: 13.50pt\">\n<td style=\"height: 13.50pt;width: 10%\" width=\"10%\" height=\"18\">Model<\/td>\n<td style=\"width: 30%\" width=\"30%\">PB-YX1801<\/td>\n<td style=\"width: 30%\" width=\"30%\">PB-YX1802<\/td>\n<td style=\"width: 30%\" width=\"30%\">PB-YX1803<\/td>\n<\/tr>\n<tr style=\"height: 13.50pt\">\n<td style=\"height: 13.50pt\" height=\"18\">Detaljer<\/td>\n<td><img fetchpriority=\"high\" decoding=\"async\" class=\"size-medium wp-image-2437 aligncenter\" src=\"https:\/\/theperfumebottles.com\/wp-content\/uploads\/2025\/02\/mini-cologne-bottles-details-yx1801-300x300.jpg\" alt=\"mini cologne-flasker detaljer\" width=\"300\" height=\"300\" srcset=\"https:\/\/theperfumebottles.com\/wp-content\/uploads\/2025\/02\/mini-cologne-bottles-details-yx1801-300x300.jpg 300w, https:\/\/theperfumebottles.com\/wp-content\/uploads\/2025\/02\/mini-cologne-bottles-details-yx1801-150x150.jpg 150w, https:\/\/theperfumebottles.com\/wp-content\/uploads\/2025\/02\/mini-cologne-bottles-details-yx1801-768x768.jpg 768w, https:\/\/theperfumebottles.com\/wp-content\/uploads\/2025\/02\/mini-cologne-bottles-details-yx1801-12x12.jpg 12w, https:\/\/theperfumebottles.com\/wp-content\/uploads\/2025\/02\/mini-cologne-bottles-details-yx1801-600x600.jpg 600w, https:\/\/theperfumebottles.com\/wp-content\/uploads\/2025\/02\/mini-cologne-bottles-details-yx1801-100x100.jpg 100w, https:\/\/theperfumebottles.com\/wp-content\/uploads\/2025\/02\/mini-cologne-bottles-details-yx1801.jpg 1000w\" sizes=\"(max-width: 300px) 100vw, 300px\" \/><\/td>\n<td class=\"et2\" colspan=\"2\"><img decoding=\"async\" class=\"size-medium wp-image-2439 aligncenter\" src=\"https:\/\/theperfumebottles.com\/wp-content\/uploads\/2025\/02\/sample-perfume-bottles-details-yx180302-300x300.jpg\" alt=\"detaljer om pr\u00f8veparfumeflasker\" width=\"300\" height=\"300\" srcset=\"https:\/\/theperfumebottles.com\/wp-content\/uploads\/2025\/02\/sample-perfume-bottles-details-yx180302-300x300.jpg 300w, https:\/\/theperfumebottles.com\/wp-content\/uploads\/2025\/02\/sample-perfume-bottles-details-yx180302-150x150.jpg 150w, https:\/\/theperfumebottles.com\/wp-content\/uploads\/2025\/02\/sample-perfume-bottles-details-yx180302-768x768.jpg 768w, https:\/\/theperfumebottles.com\/wp-content\/uploads\/2025\/02\/sample-perfume-bottles-details-yx180302-12x12.jpg 12w, https:\/\/theperfumebottles.com\/wp-content\/uploads\/2025\/02\/sample-perfume-bottles-details-yx180302-600x600.jpg 600w, https:\/\/theperfumebottles.com\/wp-content\/uploads\/2025\/02\/sample-perfume-bottles-details-yx180302-100x100.jpg 100w, https:\/\/theperfumebottles.com\/wp-content\/uploads\/2025\/02\/sample-perfume-bottles-details-yx180302.jpg 1000w\" sizes=\"(max-width: 300px) 100vw, 300px\" \/><\/td>\n<\/tr>\n<tr style=\"height: 13.50pt\">\n<td style=\"height: 13.50pt\" height=\"18\">Glashus<\/td>\n<td><img decoding=\"async\" class=\"size-medium wp-image-2443 aligncenter\" src=\"https:\/\/theperfumebottles.com\/wp-content\/uploads\/2025\/02\/mini-cologne-bottles-shape-yx01-300x300.jpg\" alt=\"\" width=\"300\" height=\"300\" srcset=\"https:\/\/theperfumebottles.com\/wp-content\/uploads\/2025\/02\/mini-cologne-bottles-shape-yx01-300x300.jpg 300w, https:\/\/theperfumebottles.com\/wp-content\/uploads\/2025\/02\/mini-cologne-bottles-shape-yx01-150x150.jpg 150w, https:\/\/theperfumebottles.com\/wp-content\/uploads\/2025\/02\/mini-cologne-bottles-shape-yx01-768x768.jpg 768w, https:\/\/theperfumebottles.com\/wp-content\/uploads\/2025\/02\/mini-cologne-bottles-shape-yx01-12x12.jpg 12w, https:\/\/theperfumebottles.com\/wp-content\/uploads\/2025\/02\/mini-cologne-bottles-shape-yx01-600x600.jpg 600w, https:\/\/theperfumebottles.com\/wp-content\/uploads\/2025\/02\/mini-cologne-bottles-shape-yx01-100x100.jpg 100w, https:\/\/theperfumebottles.com\/wp-content\/uploads\/2025\/02\/mini-cologne-bottles-shape-yx01.jpg 1000w\" sizes=\"(max-width: 300px) 100vw, 300px\" \/><\/td>\n<td><img loading=\"lazy\" decoding=\"async\" class=\"size-medium wp-image-2445 aligncenter\" src=\"https:\/\/theperfumebottles.com\/wp-content\/uploads\/2025\/02\/tiny-perfume-bottles-shape-yx1802-300x300.jpg\" alt=\"\" width=\"300\" height=\"300\" srcset=\"https:\/\/theperfumebottles.com\/wp-content\/uploads\/2025\/02\/tiny-perfume-bottles-shape-yx1802-300x300.jpg 300w, https:\/\/theperfumebottles.com\/wp-content\/uploads\/2025\/02\/tiny-perfume-bottles-shape-yx1802-150x150.jpg 150w, https:\/\/theperfumebottles.com\/wp-content\/uploads\/2025\/02\/tiny-perfume-bottles-shape-yx1802-768x768.jpg 768w, https:\/\/theperfumebottles.com\/wp-content\/uploads\/2025\/02\/tiny-perfume-bottles-shape-yx1802-12x12.jpg 12w, https:\/\/theperfumebottles.com\/wp-content\/uploads\/2025\/02\/tiny-perfume-bottles-shape-yx1802-600x600.jpg 600w, https:\/\/theperfumebottles.com\/wp-content\/uploads\/2025\/02\/tiny-perfume-bottles-shape-yx1802-100x100.jpg 100w, https:\/\/theperfumebottles.com\/wp-content\/uploads\/2025\/02\/tiny-perfume-bottles-shape-yx1802.jpg 1000w\" sizes=\"(max-width: 300px) 100vw, 300px\" \/><\/td>\n<td><img loading=\"lazy\" decoding=\"async\" class=\"wp-image-2444 size-medium aligncenter\" src=\"https:\/\/theperfumebottles.com\/wp-content\/uploads\/2025\/02\/sample-perfume-bottles-shape-yx1803-300x300.jpg\" alt=\"\" width=\"300\" height=\"300\" srcset=\"https:\/\/theperfumebottles.com\/wp-content\/uploads\/2025\/02\/sample-perfume-bottles-shape-yx1803-300x300.jpg 300w, https:\/\/theperfumebottles.com\/wp-content\/uploads\/2025\/02\/sample-perfume-bottles-shape-yx1803-150x150.jpg 150w, https:\/\/theperfumebottles.com\/wp-content\/uploads\/2025\/02\/sample-perfume-bottles-shape-yx1803-768x768.jpg 768w, https:\/\/theperfumebottles.com\/wp-content\/uploads\/2025\/02\/sample-perfume-bottles-shape-yx1803-12x12.jpg 12w, https:\/\/theperfumebottles.com\/wp-content\/uploads\/2025\/02\/sample-perfume-bottles-shape-yx1803-600x600.jpg 600w, https:\/\/theperfumebottles.com\/wp-content\/uploads\/2025\/02\/sample-perfume-bottles-shape-yx1803-100x100.jpg 100w, https:\/\/theperfumebottles.com\/wp-content\/uploads\/2025\/02\/sample-perfume-bottles-shape-yx1803.jpg 1000w\" sizes=\"(max-width: 300px) 100vw, 300px\" \/><\/td>\n<\/tr>\n<\/tbody>\n<\/table>\n<h2>Vigtige specifikationer for vores mini-cologneflasker<\/h2>\n<table style=\"border-collapse: collapse;margin-left: auto;margin-right: auto;width: 556.52pt\" border=\"0\" width=\"742\" cellspacing=\"0\" cellpadding=\"0\">\n<tbody>\n<tr style=\"height: 14.25pt\">\n<td class=\"et3\" style=\"height: 14.25pt;width: 139.50pt\" width=\"186\" height=\"19\">Modelnummer<\/td>\n<td class=\"et3\" style=\"width: 86.25pt\" width=\"115\">Kaliber<\/td>\n<td class=\"et3\" style=\"width: 82.50pt\" width=\"110\">Kapacitet<\/td>\n<td class=\"et3\" style=\"width: 90.75pt\" width=\"121\">Form<\/td>\n<td class=\"et3\" style=\"width: 157.50pt\" width=\"210\">Glasdimension (mm)<\/td>\n<\/tr>\n<tr style=\"height: 14.25pt\">\n<td class=\"et3\" style=\"height: 14.25pt;width: 139.50pt\" width=\"186\" height=\"19\">PB-YX1801<\/td>\n<td class=\"et4\">13 mm<\/td>\n<td class=\"et3\" style=\"width: 82.50pt\" width=\"110\">10 ml<\/td>\n<td class=\"et3\" style=\"width: 90.75pt\" width=\"121\">Cylindrisk<\/td>\n<td class=\"et3\" style=\"width: 157.50pt\" width=\"210\">23\u00d7 105<\/td>\n<\/tr>\n<tr style=\"height: 14.25pt\">\n<td class=\"et3\" style=\"height: 14.25pt;width: 139.50pt\" width=\"186\" height=\"19\">PB-YX1802<\/td>\n<td class=\"et4\">13 mm<\/td>\n<td class=\"et3\" style=\"width: 82.50pt\" width=\"110\">10 ml<\/td>\n<td class=\"et3\" style=\"width: 90.75pt\" width=\"121\">Kobuid<\/td>\n<td class=\"et4\">17\u00d7 17\u00d7 99<\/td>\n<\/tr>\n<tr style=\"height: 14.25pt\">\n<td class=\"et3\" style=\"height: 14.25pt;width: 139.50pt\" width=\"186\" height=\"19\">PB-YX1803<\/td>\n<td class=\"et4\">13 mm<\/td>\n<td class=\"et3\" style=\"width: 82.50pt\" width=\"110\">10 ml<\/td>\n<td class=\"et3\" style=\"width: 90.75pt\" width=\"121\">Kobuid<\/td>\n<td class=\"et4\">21\u00d7 21\u00d7 103<\/td>\n<\/tr>\n<\/tbody>\n<\/table>","protected":false},"excerpt":{"rendered":"<p>Vores mini cologne-flasker er fremstillet i h\u00f8j kvalitet, har mange tilpasningsmuligheder og er praktiske, hvilket g\u00f8r dem perfekte til ejere af parfume-brands og grossister, der \u00f8nsker stilfuld og funktionel emballage til deres duftlinjer.<\/p>","protected":false},"featured_media":2438,"comment_status":"open","ping_status":"closed","template":"","meta":{"_acf_changed":false,"site-sidebar-layout":"default","site-content-layout":"","ast-site-content-layout":"default","site-content-style":"default","site-sidebar-style":"default","ast-global-header-display":"","ast-banner-title-visibility":"","ast-main-header-display":"","ast-hfb-above-header-display":"","ast-hfb-below-header-display":"","ast-hfb-mobile-header-display":"","site-post-title":"","ast-breadcrumbs-content":"","ast-featured-img":"","footer-sml-layout":"","ast-disable-related-posts":"","theme-transparent-header-meta":"default","adv-header-id-meta":"","stick-header-meta":"","header-above-stick-meta":"","header-main-stick-meta":"","header-below-stick-meta":"","astra-migrate-meta-layouts":"set","ast-page-background-enabled":"default","ast-page-background-meta":{"desktop":{"background-color":"var(--ast-global-color-5)","background-image":"","background-repeat":"repeat","background-position":"center center","background-size":"auto","background-attachment":"scroll","background-type":"","background-media":"","overlay-type":"","overlay-color":"","overlay-opacity":"","overlay-gradient":""},"tablet":{"background-color":"","background-image":"","background-repeat":"repeat","background-position":"center center","background-size":"auto","background-attachment":"scroll","background-type":"","background-media":"","overlay-type":"","overlay-color":"","overlay-opacity":"","overlay-gradient":""},"mobile":{"background-color":"","background-image":"","background-repeat":"repeat","background-position":"center center","background-size":"auto","background-attachment":"scroll","background-type":"","background-media":"","overlay-type":"","overlay-color":"","overlay-opacity":"","overlay-gradient":""}},"ast-content-background-meta":{"desktop":{"background-color":"var(--ast-global-color-4)","background-image":"","background-repeat":"repeat","background-position":"center center","background-size":"auto","background-attachment":"scroll","background-type":"","background-media":"","overlay-type":"","overlay-color":"","overlay-opacity":"","overlay-gradient":""},"tablet":{"background-color":"var(--ast-global-color-4)","background-image":"","background-repeat":"repeat","background-position":"center center","background-size":"auto","background-attachment":"scroll","background-type":"","background-media":"","overlay-type":"","overlay-color":"","overlay-opacity":"","overlay-gradient":""},"mobile":{"background-color":"var(--ast-global-color-4)","background-image":"","background-repeat":"repeat","background-position":"center center","background-size":"auto","background-attachment":"scroll","background-type":"","background-media":"","overlay-type":"","overlay-color":"","overlay-opacity":"","overlay-gradient":""}}},"product_brand":[],"product_cat":[74,72,41],"product_tag":[],"class_list":{"0":"post-1731","1":"product","2":"type-product","3":"status-publish","4":"has-post-thumbnail","6":"product_cat-mini-perfume-bottles","7":"product_cat-cosmetic-packaging","8":"product_cat-perfume-bottles","9":"desktop-align-left","10":"tablet-align-left","11":"mobile-align-left","13":"first","14":"instock","15":"shipping-taxable","16":"product-type-simple"},"acf":[],"jetpack_sharing_enabled":true,"_links":{"self":[{"href":"https:\/\/theperfumebottles.com\/da\/wp-json\/wp\/v2\/product\/1731","targetHints":{"allow":["GET"]}}],"collection":[{"href":"https:\/\/theperfumebottles.com\/da\/wp-json\/wp\/v2\/product"}],"about":[{"href":"https:\/\/theperfumebottles.com\/da\/wp-json\/wp\/v2\/types\/product"}],"replies":[{"embeddable":true,"href":"https:\/\/theperfumebottles.com\/da\/wp-json\/wp\/v2\/comments?post=1731"}],"wp:featuredmedia":[{"embeddable":true,"href":"https:\/\/theperfumebottles.com\/da\/wp-json\/wp\/v2\/media\/2438"}],"wp:attachment":[{"href":"https:\/\/theperfumebottles.com\/da\/wp-json\/wp\/v2\/media?parent=1731"}],"wp:term":[{"taxonomy":"product_brand","embeddable":true,"href":"https:\/\/theperfumebottles.com\/da\/wp-json\/wp\/v2\/product_brand?post=1731"},{"taxonomy":"product_cat","embeddable":true,"href":"https:\/\/theperfumebottles.com\/da\/wp-json\/wp\/v2\/product_cat?post=1731"},{"taxonomy":"product_tag","embeddable":true,"href":"https:\/\/theperfumebottles.com\/da\/wp-json\/wp\/v2\/product_tag?post=1731"}],"curies":[{"name":"wp","href":"https:\/\/api.w.org\/{rel}","templated":true}]}}