{"id":1734,"date":"2025-02-06T07:16:21","date_gmt":"2025-02-06T07:16:21","guid":{"rendered":"https:\/\/theperfumebottles.com\/?post_type=product&#038;p=1734"},"modified":"2025-04-15T08:12:10","modified_gmt":"2025-04-15T08:12:10","slug":"30ml-pink-small-perfume-bottles-wholesale","status":"publish","type":"product","link":"https:\/\/theperfumebottles.com\/da\/vare\/30ml-pink-small-perfume-bottles-wholesale\/","title":{"rendered":"30ml lyser\u00f8de sm\u00e5 parfumeflasker engros"},"content":{"rendered":"<p>Vores sm\u00e5 parfumeflasker er designet til at l\u00f8fte din parfumeemballage med deres unikke og sofistikerede stil. Med en firkantet prismeform, afrundede hj\u00f8rner og en unik ringformet bund giver disse sm\u00e5 parfumeflasker b\u00e5de stil og stabilitet. Parfumeflaskerne har en gennemsigtig glaskrop med en bl\u00f8d pink kugleh\u00e6tte, der er ideel til avancerede parfumer, cologner eller dufte i rejsest\u00f8rrelse og tilf\u00f8jer et luksuri\u00f8st touch til enhver duftserie.<\/p>\n<h2><span style=\"font-size: 22px; font-family: 'times new roman', times, serif;\">Vigtige specifikationer for vores sm\u00e5 parfumeflasker<\/span><\/h2>\n<table style=\"border-collapse: collapse; margin-left: auto; margin-right: auto; width: 363.02pt;\" border=\"0\" width=\"484\" cellspacing=\"0\" cellpadding=\"0\">\n<tbody>\n<tr style=\"height: 20.00pt;\">\n<td class=\"et2\" style=\"height: 20.00pt; width: 161.25pt;\" width=\"215\" height=\"26\">Modelnummer<\/td>\n<td class=\"et2\" style=\"width: 201.75pt;\" width=\"269\">PB-YX09<\/td>\n<\/tr>\n<tr style=\"height: 20.00pt;\">\n<td class=\"et2\" style=\"height: 20.00pt; width: 161.25pt;\" width=\"215\" height=\"26\">Kapacitet<\/td>\n<td class=\"et2\" style=\"width: 201.75pt;\" width=\"269\">30 ml<\/td>\n<\/tr>\n<tr style=\"height: 20.00pt;\">\n<td class=\"et2\" style=\"height: 20.00pt; width: 161.25pt;\" width=\"215\" height=\"26\">Kaliber<\/td>\n<td class=\"et2\" style=\"width: 201.75pt;\" width=\"269\">15 mm<\/td>\n<\/tr>\n<tr style=\"height: 20.00pt;\">\n<td class=\"et2\" style=\"height: 20.00pt; width: 161.25pt;\" width=\"215\" height=\"26\">Glasdimension<\/td>\n<td>40*40*48 mm<\/td>\n<\/tr>\n<tr style=\"height: 20.00pt;\">\n<td class=\"et2\" style=\"height: 20.00pt; width: 161.25pt;\" width=\"215\" height=\"26\">Farve<\/td>\n<td class=\"et2\" style=\"width: 201.75pt;\" width=\"269\">Gennemsigtig med pink kugleh\u00e6tte<\/td>\n<\/tr>\n<tr style=\"height: 20.00pt;\">\n<td class=\"et2\" style=\"height: 20.00pt; width: 161.25pt;\" width=\"215\" height=\"26\">Materiale<\/td>\n<td class=\"et2\" style=\"width: 201.75pt;\" width=\"269\">Krystalglas af h\u00f8j kvalitet<\/td>\n<\/tr>\n<tr style=\"height: 20.00pt;\">\n<td class=\"et2\" style=\"height: 20.00pt; width: 161.25pt;\" width=\"215\" height=\"26\">Forseglingstype<\/td>\n<td class=\"et2\" style=\"width: 201.75pt;\" width=\"269\">Pumpespr\u00f8jte + kugleh\u00e6tte<\/td>\n<\/tr>\n<\/tbody>\n<\/table>\n<h3>Applikationer<\/h3>\n<p>Disse sm\u00e5 parfumeflasker er ideelle til luksusduftm\u00e6rker, boutique-butikker eller parfumesamlinger i rejsest\u00f8rrelse. Med en kapacitet p\u00e5 30 ml er de perfekte til at tilbyde pr\u00f8ver, gaver eller kompakte parfumeflasker til kunder, der er p\u00e5 farten. Uanset om du er m\u00e6rkeejer eller grossist, er disse flasker designet til at opfylde behovene for b\u00e5de detailhandel og salg direkte til forbrugeren.<\/p>\n<p>Er du klar til at l\u00f8fte din parfumeemballage? Kontakt os i dag for at afgive en ordre eller h\u00f8re om mulighederne for at tilpasse dit parfumem\u00e6rke.<\/p>","protected":false},"excerpt":{"rendered":"<p>Vores sm\u00e5 parfumeflasker er designet til at l\u00f8fte din parfumeemballage med deres unikke og sofistikerede stil.<\/p>","protected":false},"featured_media":2342,"comment_status":"open","ping_status":"closed","template":"","meta":{"_acf_changed":false,"site-sidebar-layout":"default","site-content-layout":"","ast-site-content-layout":"default","site-content-style":"default","site-sidebar-style":"default","ast-global-header-display":"","ast-banner-title-visibility":"","ast-main-header-display":"","ast-hfb-above-header-display":"","ast-hfb-below-header-display":"","ast-hfb-mobile-header-display":"","site-post-title":"","ast-breadcrumbs-content":"","ast-featured-img":"","footer-sml-layout":"","ast-disable-related-posts":"","theme-transparent-header-meta":"default","adv-header-id-meta":"","stick-header-meta":"","header-above-stick-meta":"","header-main-stick-meta":"","header-below-stick-meta":"","astra-migrate-meta-layouts":"set","ast-page-background-enabled":"default","ast-page-background-meta":{"desktop":{"background-color":"var(--ast-global-color-5)","background-image":"","background-repeat":"repeat","background-position":"center center","background-size":"auto","background-attachment":"scroll","background-type":"","background-media":"","overlay-type":"","overlay-color":"","overlay-opacity":"","overlay-gradient":""},"tablet":{"background-color":"","background-image":"","background-repeat":"repeat","background-position":"center center","background-size":"auto","background-attachment":"scroll","background-type":"","background-media":"","overlay-type":"","overlay-color":"","overlay-opacity":"","overlay-gradient":""},"mobile":{"background-color":"","background-image":"","background-repeat":"repeat","background-position":"center center","background-size":"auto","background-attachment":"scroll","background-type":"","background-media":"","overlay-type":"","overlay-color":"","overlay-opacity":"","overlay-gradient":""}},"ast-content-background-meta":{"desktop":{"background-color":"var(--ast-global-color-4)","background-image":"","background-repeat":"repeat","background-position":"center center","background-size":"auto","background-attachment":"scroll","background-type":"","background-media":"","overlay-type":"","overlay-color":"","overlay-opacity":"","overlay-gradient":""},"tablet":{"background-color":"var(--ast-global-color-4)","background-image":"","background-repeat":"repeat","background-position":"center center","background-size":"auto","background-attachment":"scroll","background-type":"","background-media":"","overlay-type":"","overlay-color":"","overlay-opacity":"","overlay-gradient":""},"mobile":{"background-color":"var(--ast-global-color-4)","background-image":"","background-repeat":"repeat","background-position":"center center","background-size":"auto","background-attachment":"scroll","background-type":"","background-media":"","overlay-type":"","overlay-color":"","overlay-opacity":"","overlay-gradient":""}}},"product_brand":[],"product_cat":[74,72,91,41],"product_tag":[77,76,78],"class_list":{"0":"post-1734","1":"product","2":"type-product","3":"status-publish","4":"has-post-thumbnail","6":"product_cat-mini-perfume-bottles","7":"product_cat-cosmetic-packaging","8":"product_cat-custom-perfume-bottles","9":"product_cat-perfume-bottles","10":"product_tag-pink-perfume-bottles","11":"product_tag-small-perfume-bottles","12":"product_tag-tiny-perfume-bottles","13":"desktop-align-left","14":"tablet-align-left","15":"mobile-align-left","17":"first","18":"instock","19":"shipping-taxable","20":"product-type-simple"},"acf":[],"jetpack_sharing_enabled":true,"_links":{"self":[{"href":"https:\/\/theperfumebottles.com\/da\/wp-json\/wp\/v2\/product\/1734","targetHints":{"allow":["GET"]}}],"collection":[{"href":"https:\/\/theperfumebottles.com\/da\/wp-json\/wp\/v2\/product"}],"about":[{"href":"https:\/\/theperfumebottles.com\/da\/wp-json\/wp\/v2\/types\/product"}],"replies":[{"embeddable":true,"href":"https:\/\/theperfumebottles.com\/da\/wp-json\/wp\/v2\/comments?post=1734"}],"wp:featuredmedia":[{"embeddable":true,"href":"https:\/\/theperfumebottles.com\/da\/wp-json\/wp\/v2\/media\/2342"}],"wp:attachment":[{"href":"https:\/\/theperfumebottles.com\/da\/wp-json\/wp\/v2\/media?parent=1734"}],"wp:term":[{"taxonomy":"product_brand","embeddable":true,"href":"https:\/\/theperfumebottles.com\/da\/wp-json\/wp\/v2\/product_brand?post=1734"},{"taxonomy":"product_cat","embeddable":true,"href":"https:\/\/theperfumebottles.com\/da\/wp-json\/wp\/v2\/product_cat?post=1734"},{"taxonomy":"product_tag","embeddable":true,"href":"https:\/\/theperfumebottles.com\/da\/wp-json\/wp\/v2\/product_tag?post=1734"}],"curies":[{"name":"wp","href":"https:\/\/api.w.org\/{rel}","templated":true}]}}