{"id":1842,"date":"2025-02-13T08:27:09","date_gmt":"2025-02-13T08:27:09","guid":{"rendered":"https:\/\/theperfumebottles.com\/?post_type=product&#038;p=1842"},"modified":"2025-05-29T15:36:33","modified_gmt":"2025-05-29T07:36:33","slug":"wholesale-30ml-glass-lotion-bottles","status":"publish","type":"product","link":"https:\/\/theperfumebottles.com\/da\/vare\/wholesale-30ml-glass-lotion-bottles\/","title":{"rendered":"Engros 30 ml glaslotionflasker"},"content":{"rendered":"<p>PB-RY30 lotionflaskerne (30 ml) blander moderne \u00e6stetik med praktisk design gennem deres slanke kurver og matte finish \u2013 den firkantede flaske er lige s\u00e5 p\u00e6n som arkitektoniske linjer, og det sorte pumpehoved er som en lydl\u00f8s palette, der pr\u00e6cist kan udt\u00f8mme v\u00e6ske med et let tryk og dermed sige farvel til besv\u00e6ret med dryp. Uanset om den er fyldt med fugtighedslotion eller koncentreret essens, kan den beskytte hver eneste dr\u00e5be aktive ingredienser med et problemfrit forseglingsdesign. For m\u00e6rker, der str\u00e6ber efter kvalitet, er det en elegant beholder til at skabe en minimalistisk hudplejeserie; for grossister er det et ideelt valg til at balancere pris og tekstur. I det \u00f8jeblik du skruer flaskens l\u00e5g af, ledsages den forfriskende duft af lyden af \u200b\u200bpumpehovedet, hvilket forvandler hudplejetiden til en blid selvpleje.<\/p>\n<h2>N\u00f8glespecifikationer for disse glaslotionflasker<\/h2>\n<table style=\"border-collapse: collapse;margin-left: auto;margin-right: auto;width: 330.02pt\" border=\"0\" width=\"440\" cellspacing=\"0\" cellpadding=\"0\">\n<tbody>\n<tr style=\"height: 13.50pt\">\n<td style=\"height: 13.50pt;width: 111.00pt\" width=\"148\" height=\"18\">Modelnummer<\/td>\n<td style=\"width: 219.00pt\" width=\"292\">PB-RY30<\/td>\n<\/tr>\n<tr style=\"height: 13.50pt\">\n<td style=\"height: 13.50pt\" height=\"18\">Forseglingstype<\/td>\n<td>Pumpespr\u00f8jte<\/td>\n<\/tr>\n<tr style=\"height: 13.50pt\">\n<td style=\"height: 13.50pt\" height=\"18\">Materiale<\/td>\n<td>Glas og PET<\/td>\n<\/tr>\n<tr style=\"height: 13.50pt\">\n<td style=\"height: 13.50pt\" height=\"18\">Brug<\/td>\n<td>Kosmetisk emballage<\/td>\n<\/tr>\n<tr style=\"height: 13.50pt\">\n<td style=\"height: 13.50pt\" height=\"18\">Farve<\/td>\n<td>Klart glas med sort\/hvid top<\/td>\n<\/tr>\n<tr style=\"height: 13.50pt\">\n<td style=\"height: 13.50pt\" height=\"18\">Form<\/td>\n<td>Firkant<\/td>\n<\/tr>\n<tr style=\"height: 13.50pt\">\n<td style=\"height: 13.50pt\" height=\"18\">Kapacitet<\/td>\n<td>30 ml<\/td>\n<\/tr>\n<tr style=\"height: 13.50pt\">\n<td style=\"height: 13.50pt\" height=\"18\">Betalingsbetingelser<\/td>\n<td>30% T\/T-depositum<\/td>\n<\/tr>\n<tr style=\"height: 13.50pt\">\n<td style=\"height: 13.50pt\" height=\"18\">Emballage<\/td>\n<td>Tr\u00e6paller og kartoner<\/td>\n<\/tr>\n<\/tbody>\n<\/table>\n<h2>Ideel til forskellige kosmetikprodukter<\/h2>\n<p>Denne 30 ml pumpeflaske er din intime partner til kosmetik \u2013 den gennemsigtige flaske er velegnet til en r\u00e6kke forskellige formler s\u00e5som lotions, essenser, \u00e6teriske olier osv. Den firkantede form og det glatte pumpehoved muligg\u00f8r pr\u00e6cis v\u00e6skeudledning hver gang du trykker. Den lille st\u00f8rrelse er velegnet til rejser og kan ogs\u00e5 bruges til pr\u00f8vesmag af nye produkter, s\u00e5 kunderne nemt kan opleve charmen ved dine produkter.<\/p>\n<h2>Bliv partner med os til dine behov for kosmetikemballage<\/h2>\n<p>Som partner med fokus p\u00e5 emballage tilbyder vi et komplet udvalg af l\u00f8sninger fra glaspumpeflasker til sprayflasker. Uanset om du har brug for at k\u00f8be i store m\u00e6ngder eller specialfremstille dem, vil vores professionelle team matche dig med den bedst egnede emballagel\u00f8sning. Kontakt os nu, og lad denne elegante lille flaske tilf\u00f8re praktiske og stilfulde l\u00f8sninger til dine produkter!<\/p>","protected":false},"excerpt":{"rendered":"<p>Vi pr\u00e6senterer vores f\u00f8rsteklasses glaslotionflasker, en elegant og alsidig 30 ml pumpeflaske designet til at im\u00f8dekomme kosmetikindustriens forskellige behov.<\/p>","protected":false},"featured_media":1845,"comment_status":"open","ping_status":"closed","template":"","meta":{"_acf_changed":false,"site-sidebar-layout":"default","site-content-layout":"","ast-site-content-layout":"default","site-content-style":"default","site-sidebar-style":"default","ast-global-header-display":"","ast-banner-title-visibility":"","ast-main-header-display":"","ast-hfb-above-header-display":"","ast-hfb-below-header-display":"","ast-hfb-mobile-header-display":"","site-post-title":"","ast-breadcrumbs-content":"","ast-featured-img":"","footer-sml-layout":"","ast-disable-related-posts":"","theme-transparent-header-meta":"default","adv-header-id-meta":"","stick-header-meta":"","header-above-stick-meta":"","header-main-stick-meta":"","header-below-stick-meta":"","astra-migrate-meta-layouts":"set","ast-page-background-enabled":"default","ast-page-background-meta":{"desktop":{"background-color":"var(--ast-global-color-5)","background-image":"","background-repeat":"repeat","background-position":"center center","background-size":"auto","background-attachment":"scroll","background-type":"","background-media":"","overlay-type":"","overlay-color":"","overlay-opacity":"","overlay-gradient":""},"tablet":{"background-color":"","background-image":"","background-repeat":"repeat","background-position":"center center","background-size":"auto","background-attachment":"scroll","background-type":"","background-media":"","overlay-type":"","overlay-color":"","overlay-opacity":"","overlay-gradient":""},"mobile":{"background-color":"","background-image":"","background-repeat":"repeat","background-position":"center center","background-size":"auto","background-attachment":"scroll","background-type":"","background-media":"","overlay-type":"","overlay-color":"","overlay-opacity":"","overlay-gradient":""}},"ast-content-background-meta":{"desktop":{"background-color":"var(--ast-global-color-4)","background-image":"","background-repeat":"repeat","background-position":"center center","background-size":"auto","background-attachment":"scroll","background-type":"","background-media":"","overlay-type":"","overlay-color":"","overlay-opacity":"","overlay-gradient":""},"tablet":{"background-color":"var(--ast-global-color-4)","background-image":"","background-repeat":"repeat","background-position":"center center","background-size":"auto","background-attachment":"scroll","background-type":"","background-media":"","overlay-type":"","overlay-color":"","overlay-opacity":"","overlay-gradient":""},"mobile":{"background-color":"var(--ast-global-color-4)","background-image":"","background-repeat":"repeat","background-position":"center center","background-size":"auto","background-attachment":"scroll","background-type":"","background-media":"","overlay-type":"","overlay-color":"","overlay-opacity":"","overlay-gradient":""}}},"product_brand":[],"product_cat":[62,72,71],"product_tag":[87,86],"class_list":{"0":"post-1842","1":"product","2":"type-product","3":"status-publish","4":"has-post-thumbnail","6":"product_cat-cosmetic-containers","7":"product_cat-cosmetic-packaging","8":"product_cat-glass-lotion-bottles","9":"product_tag-glass-bottles","10":"product_tag-lotion-bottles","11":"desktop-align-left","12":"tablet-align-left","13":"mobile-align-left","15":"first","16":"instock","17":"shipping-taxable","18":"product-type-simple"},"acf":[],"jetpack_sharing_enabled":true,"_links":{"self":[{"href":"https:\/\/theperfumebottles.com\/da\/wp-json\/wp\/v2\/product\/1842","targetHints":{"allow":["GET"]}}],"collection":[{"href":"https:\/\/theperfumebottles.com\/da\/wp-json\/wp\/v2\/product"}],"about":[{"href":"https:\/\/theperfumebottles.com\/da\/wp-json\/wp\/v2\/types\/product"}],"replies":[{"embeddable":true,"href":"https:\/\/theperfumebottles.com\/da\/wp-json\/wp\/v2\/comments?post=1842"}],"wp:featuredmedia":[{"embeddable":true,"href":"https:\/\/theperfumebottles.com\/da\/wp-json\/wp\/v2\/media\/1845"}],"wp:attachment":[{"href":"https:\/\/theperfumebottles.com\/da\/wp-json\/wp\/v2\/media?parent=1842"}],"wp:term":[{"taxonomy":"product_brand","embeddable":true,"href":"https:\/\/theperfumebottles.com\/da\/wp-json\/wp\/v2\/product_brand?post=1842"},{"taxonomy":"product_cat","embeddable":true,"href":"https:\/\/theperfumebottles.com\/da\/wp-json\/wp\/v2\/product_cat?post=1842"},{"taxonomy":"product_tag","embeddable":true,"href":"https:\/\/theperfumebottles.com\/da\/wp-json\/wp\/v2\/product_tag?post=1842"}],"curies":[{"name":"wp","href":"https:\/\/api.w.org\/{rel}","templated":true}]}}