{"id":1846,"date":"2025-02-13T09:27:43","date_gmt":"2025-02-13T09:27:43","guid":{"rendered":"https:\/\/theperfumebottles.com\/?post_type=product&#038;p=1846"},"modified":"2025-05-29T16:07:24","modified_gmt":"2025-05-29T08:07:24","slug":"roller-bottles-for-essential-oils","status":"publish","type":"product","link":"https:\/\/theperfumebottles.com\/da\/vare\/roller-bottles-for-essential-oils\/","title":{"rendered":"Uds\u00f8gte ottekantede glasrulleflasker til roll-on \u00e6teriske olier"},"content":{"rendered":"<p>Disse PB-OC312 glasrulleflasker skiller sig ud med deres ottekantede form, der er inspireret af arkitektoniske kanter, og kombinerer moderne geometri med funktionelt design til \u00e6teriske olier. Det gennemsigtige glas reflekterer delikat lys under lyset, hvilket g\u00f8r \u00f8jeblikket med at bruge rullen med \u00e6teriske olier, parfumer eller hudplejeessenser fuld af ritual. Uanset om den er fyldt med helende \u00e6teriske olier, skr\u00e6ddersyede parfumer eller blander eksklusive hudplejeformler, kan den beskytte hver eneste dr\u00e5be dyrebar v\u00e6ske med et s\u00f8ml\u00f8st forseglingsdesign. Som partner med fokus p\u00e5 kosmetikemballage leverer vi omkostningseffektive l\u00f8sninger til bulkforsyning, hvilket g\u00f8r denne stilfulde og praktiske glasflaske til en fantastisk \"tavs stjerne\" i din produktlinje.<\/p>\n<h2>N\u00f8glespecifikationer for disse rulleflasker<\/h2>\n<table style=\"border-collapse: collapse;margin-left: auto;margin-right: auto;width: 522.02pt\" border=\"0\" width=\"696\" cellspacing=\"0\" cellpadding=\"0\">\n<tbody>\n<tr style=\"height: 13.50pt\">\n<td style=\"height: 13.50pt;width: 111.00pt\" width=\"148\" height=\"18\">Modelnummer<\/td>\n<td style=\"width: 411.00pt\" width=\"548\">PB-OC312<\/td>\n<\/tr>\n<tr style=\"height: 13.50pt\">\n<td style=\"height: 13.50pt\" height=\"18\">Kapacitet<\/td>\n<td>3 ml, 6 ml, 9 ml, 12 ml. (kan tilpasses)<\/td>\n<\/tr>\n<tr style=\"height: 13.50pt\">\n<td style=\"height: 13.50pt\" height=\"18\">Farve<\/td>\n<td>Klar, pink (kan tilpasses)<\/td>\n<\/tr>\n<tr style=\"height: 13.50pt\">\n<td style=\"height: 13.50pt\" height=\"18\">Form<\/td>\n<td>Ottekantet<\/td>\n<\/tr>\n<tr style=\"height: 13.50pt\">\n<td style=\"height: 13.50pt\" height=\"18\">Materialer<\/td>\n<td>Glaskrop, anodiseret aluminiumsd\u00e6ksel, glaskugle, kuglebase af plast<\/td>\n<\/tr>\n<tr style=\"height: 13.50pt\">\n<td style=\"height: 13.50pt\" height=\"18\">Overfladebehandling<\/td>\n<td>Silketryk, matteret, m\u00e6rkat, farvespray, etiket osv.<\/td>\n<\/tr>\n<\/tbody>\n<\/table>\n<h2>Alsidig<\/h2>\n<p>Disse uds\u00f8gte glasflasker er velegnede til mange forskellige form\u00e5l, bl.a:<\/p>\n<ul>\n<li><strong>Ruller med \u00e6teriske olier:<\/strong> P\u00e5f\u00f8r direkte p\u00e5 huden, og den helende formel er lige ved h\u00e5nden.<\/li>\n<li><strong>Aromaterapeutiske forbindelser:<\/strong> Fra parfume til emballage, beskyt duftens renhed.<\/li>\n<li><strong>Parfume\/lipgloss:<\/strong> Roll-on pr\u00e6cis makeup, daglig pleje opgraderingsritual.<\/li>\n<\/ul>\n<p>Uanset om du har brug for en rulleflaske til \u00e6terisk olie eller andre kosmetikbeholdere, er vi din one-stop-l\u00f8sning - kontakt os nu, og lad den elegante flaske tilf\u00f8re dine produkter markedsappel!<\/p>","protected":false},"excerpt":{"rendered":"<p>Vores ottekantede glasrulleflasker er designet med b\u00e5de \u00e6stetik og funktionalitet for \u00f8je.<\/p>","protected":false},"featured_media":1849,"comment_status":"open","ping_status":"closed","template":"","meta":{"_acf_changed":false,"site-sidebar-layout":"default","site-content-layout":"","ast-site-content-layout":"default","site-content-style":"default","site-sidebar-style":"default","ast-global-header-display":"","ast-banner-title-visibility":"","ast-main-header-display":"","ast-hfb-above-header-display":"","ast-hfb-below-header-display":"","ast-hfb-mobile-header-display":"","site-post-title":"","ast-breadcrumbs-content":"","ast-featured-img":"","footer-sml-layout":"","ast-disable-related-posts":"","theme-transparent-header-meta":"default","adv-header-id-meta":"","stick-header-meta":"","header-above-stick-meta":"","header-main-stick-meta":"","header-below-stick-meta":"","astra-migrate-meta-layouts":"set","ast-page-background-enabled":"default","ast-page-background-meta":{"desktop":{"background-color":"var(--ast-global-color-5)","background-image":"","background-repeat":"repeat","background-position":"center center","background-size":"auto","background-attachment":"scroll","background-type":"","background-media":"","overlay-type":"","overlay-color":"","overlay-opacity":"","overlay-gradient":""},"tablet":{"background-color":"","background-image":"","background-repeat":"repeat","background-position":"center center","background-size":"auto","background-attachment":"scroll","background-type":"","background-media":"","overlay-type":"","overlay-color":"","overlay-opacity":"","overlay-gradient":""},"mobile":{"background-color":"","background-image":"","background-repeat":"repeat","background-position":"center center","background-size":"auto","background-attachment":"scroll","background-type":"","background-media":"","overlay-type":"","overlay-color":"","overlay-opacity":"","overlay-gradient":""}},"ast-content-background-meta":{"desktop":{"background-color":"var(--ast-global-color-4)","background-image":"","background-repeat":"repeat","background-position":"center center","background-size":"auto","background-attachment":"scroll","background-type":"","background-media":"","overlay-type":"","overlay-color":"","overlay-opacity":"","overlay-gradient":""},"tablet":{"background-color":"var(--ast-global-color-4)","background-image":"","background-repeat":"repeat","background-position":"center center","background-size":"auto","background-attachment":"scroll","background-type":"","background-media":"","overlay-type":"","overlay-color":"","overlay-opacity":"","overlay-gradient":""},"mobile":{"background-color":"var(--ast-global-color-4)","background-image":"","background-repeat":"repeat","background-position":"center center","background-size":"auto","background-attachment":"scroll","background-type":"","background-media":"","overlay-type":"","overlay-color":"","overlay-opacity":"","overlay-gradient":""}}},"product_brand":[],"product_cat":[60,72,62,57],"product_tag":[88],"class_list":{"0":"post-1846","1":"product","2":"type-product","3":"status-publish","4":"has-post-thumbnail","6":"product_cat-roller-bottles","7":"product_cat-cosmetic-packaging","8":"product_cat-cosmetic-containers","9":"product_cat-essential-oil-bottles","10":"product_tag-roller-bottles","11":"desktop-align-left","12":"tablet-align-left","13":"mobile-align-left","15":"first","16":"instock","17":"shipping-taxable","18":"product-type-simple"},"acf":[],"jetpack_sharing_enabled":true,"_links":{"self":[{"href":"https:\/\/theperfumebottles.com\/da\/wp-json\/wp\/v2\/product\/1846","targetHints":{"allow":["GET"]}}],"collection":[{"href":"https:\/\/theperfumebottles.com\/da\/wp-json\/wp\/v2\/product"}],"about":[{"href":"https:\/\/theperfumebottles.com\/da\/wp-json\/wp\/v2\/types\/product"}],"replies":[{"embeddable":true,"href":"https:\/\/theperfumebottles.com\/da\/wp-json\/wp\/v2\/comments?post=1846"}],"wp:featuredmedia":[{"embeddable":true,"href":"https:\/\/theperfumebottles.com\/da\/wp-json\/wp\/v2\/media\/1849"}],"wp:attachment":[{"href":"https:\/\/theperfumebottles.com\/da\/wp-json\/wp\/v2\/media?parent=1846"}],"wp:term":[{"taxonomy":"product_brand","embeddable":true,"href":"https:\/\/theperfumebottles.com\/da\/wp-json\/wp\/v2\/product_brand?post=1846"},{"taxonomy":"product_cat","embeddable":true,"href":"https:\/\/theperfumebottles.com\/da\/wp-json\/wp\/v2\/product_cat?post=1846"},{"taxonomy":"product_tag","embeddable":true,"href":"https:\/\/theperfumebottles.com\/da\/wp-json\/wp\/v2\/product_tag?post=1846"}],"curies":[{"name":"wp","href":"https:\/\/api.w.org\/{rel}","templated":true}]}}